{"id":342,"date":"2009-05-18T09:58:06","date_gmt":"2009-05-18T14:58:06","guid":{"rendered":"http:\/\/blog.espol.edu.ec\/ricardomedina\/?page_id=342"},"modified":"2010-08-11T09:13:19","modified_gmt":"2010-08-11T14:13:19","slug":"legislacion-aeronautica","status":"publish","type":"page","link":"https:\/\/blog.espol.edu.ec\/ricardomedina\/legislacion-aeronautica\/","title":{"rendered":"Legislaci\u00f3n Aeron\u00e1utica Ecuatoriana."},"content":{"rendered":"<p><span>En estas p\u00e1ginas incorporaremos\u00a0los documentos legales necesarios para una investigaci\u00f3n inmediata.<\/span><\/p>\n<p><span><a href=\"http:\/\/blog.espol.edu.ec\/ricardomedina\/files\/2009\/05\/codigoaeronautico.pdf\"><span style=\"color: #0000ff\">CODIGO AERONAUTICO<\/span><\/a><\/span><\/p>\n<p><span><a href=\"http:\/\/blog.espol.edu.ec\/ricardomedina\/files\/2009\/05\/leyaviacioncivil.pdf\"><span style=\"color: #0000ff\">LEY DE AVIACION CIVIL DEL ECUADOR<\/span><\/a><\/span><\/p>\n<p><span><a href=\"http:\/\/blog.espol.edu.ec\/ricardomedina\/files\/2009\/05\/ley-reformatoria.pdf\">LEY REFORMATORIA<\/a><\/span><\/p>\n<p><span><a href=\"http:\/\/blog.espol.edu.ec\/ricardomedina\/files\/2009\/05\/folleto_viajeros.pdf\">COMUNIDAD ANDINA _DERECHOS Y DEBERES DE LOS VIAJEROS<\/a><\/span><\/p>\n<p><a href=\"http:\/\/blog.espol.edu.ec\/ricardomedina\/files\/2009\/05\/aterrizando.jpg\"><img loading=\"lazy\" decoding=\"async\" class=\"alignright size-thumbnail wp-image-581\" src=\"http:\/\/blog.espol.edu.ec\/ricardomedina\/files\/2009\/05\/aterrizando-150x150.jpg\" alt=\"CB058483\" width=\"150\" height=\"150\" \/><\/a><a href=\"http:\/\/blog.espol.edu.ec\/ricardomedina\/files\/2009\/05\/j0406613.jpg\"><img loading=\"lazy\" decoding=\"async\" class=\"alignleft size-thumbnail wp-image-583\" src=\"http:\/\/blog.espol.edu.ec\/ricardomedina\/files\/2009\/05\/j0406613-150x150.jpg\" alt=\"CB004844\" width=\"150\" height=\"150\" \/><\/a><a href=\"http:\/\/blog.espol.edu.ec\/ricardomedina\/files\/2009\/05\/j0438586.jpg\"><img loading=\"lazy\" decoding=\"async\" class=\"aligncenter size-thumbnail wp-image-582\" src=\"http:\/\/blog.espol.edu.ec\/ricardomedina\/files\/2009\/05\/j0438586-150x150.jpg\" alt=\"j0438586\" width=\"150\" height=\"150\" \/><\/a><\/p>\n","protected":false},"excerpt":{"rendered":"<p>En estas p\u00e1ginas incorporaremos\u00a0los documentos legales necesarios para una investigaci\u00f3n inmediata. CODIGO AERONAUTICO LEY DE AVIACION CIVIL DEL ECUADOR LEY REFORMATORIA COMUNIDAD ANDINA _DERECHOS Y DEBERES DE LOS VIAJEROS<\/p>\n","protected":false},"author":1437,"featured_media":0,"parent":0,"menu_order":0,"comment_status":"open","ping_status":"open","template":"","meta":{"_monsterinsights_skip_tracking":false,"_monsterinsights_sitenote_active":false,"_monsterinsights_sitenote_note":"","_monsterinsights_sitenote_category":0,"footnotes":""},"class_list":["post-342","page","type-page","status-publish","hentry"],"_links":{"self":[{"href":"https:\/\/blog.espol.edu.ec\/ricardomedina\/wp-json\/wp\/v2\/pages\/342","targetHints":{"allow":["GET"]}}],"collection":[{"href":"https:\/\/blog.espol.edu.ec\/ricardomedina\/wp-json\/wp\/v2\/pages"}],"about":[{"href":"https:\/\/blog.espol.edu.ec\/ricardomedina\/wp-json\/wp\/v2\/types\/page"}],"author":[{"embeddable":true,"href":"https:\/\/blog.espol.edu.ec\/ricardomedina\/wp-json\/wp\/v2\/users\/1437"}],"replies":[{"embeddable":true,"href":"https:\/\/blog.espol.edu.ec\/ricardomedina\/wp-json\/wp\/v2\/comments?post=342"}],"version-history":[{"count":9,"href":"https:\/\/blog.espol.edu.ec\/ricardomedina\/wp-json\/wp\/v2\/pages\/342\/revisions"}],"predecessor-version":[{"id":353,"href":"https:\/\/blog.espol.edu.ec\/ricardomedina\/wp-json\/wp\/v2\/pages\/342\/revisions\/353"}],"wp:attachment":[{"href":"https:\/\/blog.espol.edu.ec\/ricardomedina\/wp-json\/wp\/v2\/media?parent=342"}],"curies":[{"name":"wp","href":"https:\/\/api.w.org\/{rel}","templated":true}]}}