{"id":98,"date":"2009-03-05T22:06:02","date_gmt":"2009-03-06T03:06:02","guid":{"rendered":"http:\/\/blog.espol.edu.ec\/ricardomedina\/?page_id=98"},"modified":"2011-05-10T15:40:38","modified_gmt":"2011-05-10T20:40:38","slug":"los-estudios-universitarios-en-turismo","status":"publish","type":"page","link":"https:\/\/blog.espol.edu.ec\/ricardomedina\/los-estudios-universitarios-en-turismo\/","title":{"rendered":"Estudios Universitarios en Turismo..."},"content":{"rendered":"<p style=\"text-align: justify\">Claro, son importantes porque todos participamos de ellos... son necesarios para nuestra vida profesional y para lograr la competitividad personal anhelada, pero en particular para entender mejor su problem\u00e1tica y lograr mejores conclusiones, siempre\u00a0en favor de nuestra colectividad.\u00a0Pero que nos ocurre, cuando nuestra actividad es intervenida por aquellos que solo aspiran lograr beneficios econ\u00f3micos de esta actividad, incluso el Estado,\u00a0estamos superados y sin respaldo.\u00a0Nuestra legislaci\u00f3n tur\u00edstica en sus reglamentos anteriores,\u00a0defend\u00eda el conocimiento universitario\u00a0y la experiencia\u00a0y le daba u ofrec\u00eda un espacio empresarial\u00a0obligado, al profesional o experto, en todas las actividades.<\/p>\n<p style=\"text-align: justify\">Lamentablemente ahora, ya\u00a0no es requisito tener a un capacitado o experto en su integraci\u00f3n, de all\u00ed parte que todos participen del desarrollo del turismo, eso que no es Pol\u00edtica de Estado, porque si lo fuera todos trabajar\u00edamos por \u00e9l e incluso si lo reconocieran como fuente de ingreso importante, debi\u00f3 aparecer en la vigente y flamante Constituci\u00f3n, pero estos intereses de la actividad\u00a0no son defendidos por nuestros elegidos.<\/p>\n<p style=\"text-align: justify\">Por supuesto si vemos tambi\u00e9n que en nuestra actividad, los\u00a0pa\u00edses vecinos y los dem\u00e1s\u00a0latinoamericanos aprovechan fuertemente y con \"rendimiento\u00a0sustentable\" (palabras repetidas en la actividad); estas estrategias profesionales que son bien puestas en pr\u00e1ctica \u00a0obteniendo o aprovechando \u00a0as\u00ed las fuentes o corrientes de turistas,que no van a pa\u00edses con inconvenientes de seguridad o conflictos como el nuestro.<\/p>\n<p style=\"text-align: justify\">Los funcionarios gubernamentales\u00a0se ufanan de indicar que en la nueva Constituci\u00f3n aparece el derecho al ocio... el derecho del descanso del trabajador y eso lo convierten en acci\u00f3n desarrolladora de turismo... est\u00e1n equivocados ya que si lo logramos en el pa\u00eds, ser\u00e1 porque nuestra econom\u00eda \u00a0lo permite y los\u00a0turistas escogen a nuestro pa\u00eds dentro de la gama mundial\u00a0de destinos y porque nuestros servicios tur\u00edsticos proporcionados son competitivos y de calidad. Adem\u00e1s no esperemos que solo nos visiten, el turismo debe ser de doble v\u00eda...tambi\u00e9n tenemos que ir.<\/p>\n<p style=\"text-align: justify\">Lo importante de esta divagaci\u00f3n, es que habr\u00e1 que luchar en las crisis y en todo momento, para mantener ese espacio de liderazgo profesional necesario\u00a0en el desarrollo tur\u00edstico de nuestro querido pa\u00eds\u00a0y no mantenernos\u00a0solo como turistas observadores. El trabajo debe empezar en nuestras Universidades y en los profesionales que surgen de ellas.<\/p>\n","protected":false},"excerpt":{"rendered":"<p>Claro, son importantes porque todos participamos de ellos... son necesarios para nuestra vida profesional y para lograr la competitividad personal anhelada, pero en particular para entender mejor su problem\u00e1tica y lograr mejores conclusiones, siempre\u00a0en favor de nuestra colectividad.\u00a0Pero que nos ocurre, cuando nuestra actividad es intervenida por aquellos que solo aspiran lograr beneficios econ\u00f3micos de [&hellip;]<\/p>\n","protected":false},"author":1437,"featured_media":0,"parent":0,"menu_order":6,"comment_status":"open","ping_status":"open","template":"","meta":{"_monsterinsights_skip_tracking":false,"_monsterinsights_sitenote_active":false,"_monsterinsights_sitenote_note":"","_monsterinsights_sitenote_category":0,"footnotes":""},"class_list":["post-98","page","type-page","status-publish","hentry"],"_links":{"self":[{"href":"https:\/\/blog.espol.edu.ec\/ricardomedina\/wp-json\/wp\/v2\/pages\/98","targetHints":{"allow":["GET"]}}],"collection":[{"href":"https:\/\/blog.espol.edu.ec\/ricardomedina\/wp-json\/wp\/v2\/pages"}],"about":[{"href":"https:\/\/blog.espol.edu.ec\/ricardomedina\/wp-json\/wp\/v2\/types\/page"}],"author":[{"embeddable":true,"href":"https:\/\/blog.espol.edu.ec\/ricardomedina\/wp-json\/wp\/v2\/users\/1437"}],"replies":[{"embeddable":true,"href":"https:\/\/blog.espol.edu.ec\/ricardomedina\/wp-json\/wp\/v2\/comments?post=98"}],"version-history":[{"count":20,"href":"https:\/\/blog.espol.edu.ec\/ricardomedina\/wp-json\/wp\/v2\/pages\/98\/revisions"}],"predecessor-version":[{"id":1861,"href":"https:\/\/blog.espol.edu.ec\/ricardomedina\/wp-json\/wp\/v2\/pages\/98\/revisions\/1861"}],"wp:attachment":[{"href":"https:\/\/blog.espol.edu.ec\/ricardomedina\/wp-json\/wp\/v2\/media?parent=98"}],"curies":[{"name":"wp","href":"https:\/\/api.w.org\/{rel}","templated":true}]}}