{"id":101,"date":"2015-06-29T20:52:03","date_gmt":"2015-06-29T20:52:03","guid":{"rendered":"http:\/\/blog.espol.edu.ec\/ricespinozas\/?page_id=101"},"modified":"2015-06-29T22:23:06","modified_gmt":"2015-06-29T22:23:06","slug":"funciones-del-internet","status":"publish","type":"page","link":"https:\/\/blog.espol.edu.ec\/ricespinozas\/funciones-del-internet\/","title":{"rendered":"Historia de la ciencia"},"content":{"rendered":"<p style=\"text-align: justify\"><span style=\"color: #000000\">Suele creerse que los cient\u00edficos pioneros en alguna discipina son h\u00e9roes solitarios, quiz\u00e1 incomprendidos por sus colegas. Esto es una verdad a medias, por lo general, estos cient\u00edficos plasman y sistematizan especulaciones e ideas circulantes dentro de la comunidad cient\u00edfica.<\/span><\/p>\n<p style=\"text-align: justify\"><span style=\"color: #000000\"><a style=\"color: #000000\" href=\"http:\/\/blog.espol.edu.ec\/ricespinozas\/files\/2015\/06\/humano.jpg\"><img loading=\"lazy\" decoding=\"async\" class=\" size-medium wp-image-126 aligncenter\" src=\"http:\/\/blog.espol.edu.ec\/ricespinozas\/files\/2015\/06\/humano-300x180.jpg\" alt=\"humano\" width=\"300\" height=\"180\" srcset=\"https:\/\/blog.espol.edu.ec\/ricespinozas\/files\/2015\/06\/humano-300x180.jpg 300w, https:\/\/blog.espol.edu.ec\/ricespinozas\/files\/2015\/06\/humano.jpg 467w\" sizes=\"auto, (max-width: 300px) 100vw, 300px\" \/><\/a><\/span><\/p>\n<p style=\"text-align: justify\"><span style=\"color: #000000\">En efecto, las revoluciones cient\u00edfcas suelen estar precedidas por un largo per\u00edodo de conflictos durante los cuales el paradigma tradicional es cuestionado porque diferentes incongruencias van haci\u00e9ndose evidentes. Cuando una nueva teor\u00eda irrumpe para resolver las inconsistencias, esta suele ser bienvenida por una parte importante de la comunidad cient\u00edfica.<\/span><\/p>\n<p style=\"text-align: justify\"><span style=\"color: #000000\">Esta p\u00e1gina de divulgaci\u00f3n aspira a resumir algunos hitos memorables de la historia de la ciencia, y rinde un modest\u00edsimo homenaje a todos los hombres que invirtieron e invierten su vida en explicar este maravilloso mundo.<\/span><\/p>\n<p style=\"text-align: justify\">\n<p>Referencia: http:\/\/historiadelaciencia.idoneos.com\/<\/p>\n","protected":false},"excerpt":{"rendered":"<p>Suele creerse que los cient\u00edficos pioneros en alguna discipina son h\u00e9roes solitarios, quiz\u00e1 incomprendidos por sus colegas. Esto es una verdad a medias, por lo general, estos cient\u00edficos plasman y sistematizan especulaciones e ideas circulantes dentro de la comunidad cient\u00edfica. En efecto, las revoluciones cient\u00edfcas suelen estar precedidas por un largo per\u00edodo de conflictos durante [&hellip;]<\/p>\n","protected":false},"author":9680,"featured_media":0,"parent":0,"menu_order":0,"comment_status":"open","ping_status":"open","template":"","meta":{"footnotes":""},"class_list":["post-101","page","type-page","status-publish","hentry"],"_links":{"self":[{"href":"https:\/\/blog.espol.edu.ec\/ricespinozas\/wp-json\/wp\/v2\/pages\/101","targetHints":{"allow":["GET"]}}],"collection":[{"href":"https:\/\/blog.espol.edu.ec\/ricespinozas\/wp-json\/wp\/v2\/pages"}],"about":[{"href":"https:\/\/blog.espol.edu.ec\/ricespinozas\/wp-json\/wp\/v2\/types\/page"}],"author":[{"embeddable":true,"href":"https:\/\/blog.espol.edu.ec\/ricespinozas\/wp-json\/wp\/v2\/users\/9680"}],"replies":[{"embeddable":true,"href":"https:\/\/blog.espol.edu.ec\/ricespinozas\/wp-json\/wp\/v2\/comments?post=101"}],"version-history":[{"count":5,"href":"https:\/\/blog.espol.edu.ec\/ricespinozas\/wp-json\/wp\/v2\/pages\/101\/revisions"}],"predecessor-version":[{"id":144,"href":"https:\/\/blog.espol.edu.ec\/ricespinozas\/wp-json\/wp\/v2\/pages\/101\/revisions\/144"}],"wp:attachment":[{"href":"https:\/\/blog.espol.edu.ec\/ricespinozas\/wp-json\/wp\/v2\/media?parent=101"}],"curies":[{"name":"wp","href":"https:\/\/api.w.org\/{rel}","templated":true}]}}