{"id":103,"date":"2015-06-29T20:52:29","date_gmt":"2015-06-29T20:52:29","guid":{"rendered":"http:\/\/blog.espol.edu.ec\/ricespinozas\/?page_id=103"},"modified":"2015-06-29T22:02:29","modified_gmt":"2015-06-29T22:02:29","slug":"computadoras-antiguasmodernas","status":"publish","type":"page","link":"https:\/\/blog.espol.edu.ec\/ricespinozas\/computadoras-antiguasmodernas\/","title":{"rendered":"Ciencia y Tecnolog\u00eda"},"content":{"rendered":"<hr \/>\n<p>&nbsp;<\/p>\n<p style=\"text-align: justify\"><span style=\"color: #000000\">La ciencia\u00a0y la tecnolog\u00eda est\u00e1n estrechamente relacionadas entre s\u00ed, y m\u00e1s si tomamos en consideraci\u00f3n que ambas juegan un papel relevante en nuestras vidas.<\/span><\/p>\n<p style=\"text-align: justify\"><span style=\"color: #000000\">Podemos sacar diferencias entre s\u00ed para denotar la importancia que tienen:<\/span><\/p>\n<h1><span style=\"color: #993300\">Ciencia<\/span><\/h1>\n<p style=\"text-align: justify\"><span style=\"color: #000000\">La ciencia tiene que ver con el <a style=\"color: #000000\" href=\"http:\/\/diferenciaentre.info\/diferencia-entre-ciencia-y-tecnologia\/#\" rel=\"nofollow\">desarrollo<\/a> de algunas hip\u00f3tesis que buscan dar explicaci\u00f3n a determinados fen\u00f3menos. Estas hip\u00f3tesis se someten a experimentaciones controladas y a continuaci\u00f3n se analizan las observaciones para llegar a ciertas conclusiones.<\/span><\/p>\n<p style=\"text-align: justify\"><span style=\"color: #000000\">La ciencia difiere de la <a style=\"color: #000000\" title=\"Programas y Aplicaciones\" href=\"http:\/\/diferenciaentre.info\/tecnologia\/programas-aplicaciones\/\">tecnolog\u00eda<\/a>\u00a0 en los procesos, efectos y resultados. Para sobresalir en los campos de la ciencia se <a style=\"color: #000000\" href=\"http:\/\/diferenciaentre.info\/diferencia-entre-ciencia-y-tecnologia\/#\" rel=\"nofollow\">necesitan<\/a> habilidades experimentales y l\u00f3gicas.<\/span><\/p>\n<p style=\"text-align: justify\"><a href=\"http:\/\/blog.espol.edu.ec\/ricespinozas\/files\/2015\/06\/cientifico.gif\"><img loading=\"lazy\" decoding=\"async\" class=\" size-medium wp-image-131 aligncenter\" src=\"http:\/\/blog.espol.edu.ec\/ricespinozas\/files\/2015\/06\/cientifico-220x300.gif\" alt=\"cientifico\" width=\"220\" height=\"300\" \/><\/a><\/p>\n<h1><span style=\"color: #993300\">Tecnolog\u00eda<\/span><\/h1>\n<p><span style=\"color: #000000\">La tecnolog\u00eda est\u00e1 relacionada con el dise\u00f1o y el desarrollo de soluciones para ciertos problemas, as\u00ed tambi\u00e9n con la creaci\u00f3n de ciertos productos que contribuyen a facilitar y mejorar la vida de las personas.<\/span><\/p>\n<p><span style=\"color: #000000\">Mientras que la ciencia se basa y trabaja con el m\u00e9todo cient\u00edfico, la tecnolog\u00eda se enfoca en el dise\u00f1o y producci\u00f3n.<\/span><\/p>\n<p><a href=\"http:\/\/blog.espol.edu.ec\/ricespinozas\/files\/2015\/06\/tecnolog\u00eda.jpg\"><img loading=\"lazy\" decoding=\"async\" class=\" size-medium wp-image-132 aligncenter\" src=\"http:\/\/blog.espol.edu.ec\/ricespinozas\/files\/2015\/06\/tecnolog\u00eda-300x220.jpg\" alt=\"tecnolog\u00eda\" width=\"300\" height=\"220\" srcset=\"https:\/\/blog.espol.edu.ec\/ricespinozas\/files\/2015\/06\/tecnolog\u00eda-300x220.jpg 300w, https:\/\/blog.espol.edu.ec\/ricespinozas\/files\/2015\/06\/tecnolog\u00eda-1024x750.jpg 1024w, https:\/\/blog.espol.edu.ec\/ricespinozas\/files\/2015\/06\/tecnolog\u00eda.jpg 1139w\" sizes=\"auto, (max-width: 300px) 100vw, 300px\" \/><\/a><\/p>\n<p>&nbsp;<\/p>\n<p>Referencias:\u00a0http:\/\/diferenciaentre.info\/diferencia-entre-ciencia-y-tecnologia\/<\/p>\n<p>&nbsp;<\/p>\n","protected":false},"excerpt":{"rendered":"<p>&nbsp; La ciencia\u00a0y la tecnolog\u00eda est\u00e1n estrechamente relacionadas entre s\u00ed, y m\u00e1s si tomamos en consideraci\u00f3n que ambas juegan un papel relevante en nuestras vidas. Podemos sacar diferencias entre s\u00ed para denotar la importancia que tienen: Ciencia La ciencia tiene que ver con el desarrollo de algunas hip\u00f3tesis que buscan dar explicaci\u00f3n a determinados fen\u00f3menos. [&hellip;]<\/p>\n","protected":false},"author":9680,"featured_media":0,"parent":0,"menu_order":0,"comment_status":"open","ping_status":"open","template":"","meta":{"footnotes":""},"class_list":["post-103","page","type-page","status-publish","hentry"],"_links":{"self":[{"href":"https:\/\/blog.espol.edu.ec\/ricespinozas\/wp-json\/wp\/v2\/pages\/103","targetHints":{"allow":["GET"]}}],"collection":[{"href":"https:\/\/blog.espol.edu.ec\/ricespinozas\/wp-json\/wp\/v2\/pages"}],"about":[{"href":"https:\/\/blog.espol.edu.ec\/ricespinozas\/wp-json\/wp\/v2\/types\/page"}],"author":[{"embeddable":true,"href":"https:\/\/blog.espol.edu.ec\/ricespinozas\/wp-json\/wp\/v2\/users\/9680"}],"replies":[{"embeddable":true,"href":"https:\/\/blog.espol.edu.ec\/ricespinozas\/wp-json\/wp\/v2\/comments?post=103"}],"version-history":[{"count":7,"href":"https:\/\/blog.espol.edu.ec\/ricespinozas\/wp-json\/wp\/v2\/pages\/103\/revisions"}],"predecessor-version":[{"id":134,"href":"https:\/\/blog.espol.edu.ec\/ricespinozas\/wp-json\/wp\/v2\/pages\/103\/revisions\/134"}],"wp:attachment":[{"href":"https:\/\/blog.espol.edu.ec\/ricespinozas\/wp-json\/wp\/v2\/media?parent=103"}],"curies":[{"name":"wp","href":"https:\/\/api.w.org\/{rel}","templated":true}]}}