{"id":105,"date":"2015-06-29T20:56:13","date_gmt":"2015-06-29T20:56:13","guid":{"rendered":"http:\/\/blog.espol.edu.ec\/ricespinozas\/?page_id=105"},"modified":"2015-06-29T22:19:35","modified_gmt":"2015-06-29T22:19:35","slug":"descubrimientos-cientificos","status":"publish","type":"page","link":"https:\/\/blog.espol.edu.ec\/ricespinozas\/descubrimientos-cientificos\/","title":{"rendered":"La noticia de la semana"},"content":{"rendered":"<hr \/>\n<h1 style=\"text-align: center\"><\/h1>\n<h1 style=\"text-align: center\"><span style=\"text-decoration: underline\"><span style=\"color: #800000;text-decoration: underline\">Explota un cohete de la NASA segundos despu\u00e9s de despegar de la base de Cabo Ca\u00f1averal<\/span><\/span><\/h1>\n<p style=\"text-align: center\"><iframe class='youtube-player youtuber' type='text\/html' width='425' height='355' src='http:\/\/www.youtube.com\/embed\/WB96nUcH7KE?rel=0&amp;fs=1' webkitAllowFullScreen mozallowfullscreen allowFullScreen frameborder='0'><\/iframe><\/p>\n<p>&nbsp;<\/p>\n<p>&nbsp;<\/p>\n<p style=\"text-align: justify\"><span style=\"color: #000000\">El cohete Falc\u00f3n deb\u00eda transportar la c\u00e1psula Drag\u00f3n en su s\u00e9ptima misi\u00f3n. A consecuencia de una falla, explot\u00f3 segundos despu\u00e9s en Cabo Ca\u00f1averal. La NASA ha confirmado que \"algo sali\u00f3 mal en el lanzamiento\". La nave pretend\u00eda transportar un cargamento con dos toneladas de provisiones a la Estaci\u00f3n Espacial Internacional.<\/span><\/p>\n<p style=\"text-align: justify\">Referencia:\u00a0http:\/\/www.20minutos.com\/noticia\/25078\/0\/explota-cohete\/cabo-canaveral-florida\/estacion-espacial-internacional\/<\/p>\n","protected":false},"excerpt":{"rendered":"<p>Explota un cohete de la NASA segundos despu\u00e9s de despegar de la base de Cabo Ca\u00f1averal &nbsp; &nbsp; El cohete Falc\u00f3n deb\u00eda transportar la c\u00e1psula Drag\u00f3n en su s\u00e9ptima misi\u00f3n. A consecuencia de una falla, explot\u00f3 segundos despu\u00e9s en Cabo Ca\u00f1averal. La NASA ha confirmado que \"algo sali\u00f3 mal en el lanzamiento\". La nave pretend\u00eda [&hellip;]<\/p>\n","protected":false},"author":9680,"featured_media":0,"parent":0,"menu_order":0,"comment_status":"open","ping_status":"open","template":"","meta":{"footnotes":""},"class_list":["post-105","page","type-page","status-publish","hentry"],"_links":{"self":[{"href":"https:\/\/blog.espol.edu.ec\/ricespinozas\/wp-json\/wp\/v2\/pages\/105","targetHints":{"allow":["GET"]}}],"collection":[{"href":"https:\/\/blog.espol.edu.ec\/ricespinozas\/wp-json\/wp\/v2\/pages"}],"about":[{"href":"https:\/\/blog.espol.edu.ec\/ricespinozas\/wp-json\/wp\/v2\/types\/page"}],"author":[{"embeddable":true,"href":"https:\/\/blog.espol.edu.ec\/ricespinozas\/wp-json\/wp\/v2\/users\/9680"}],"replies":[{"embeddable":true,"href":"https:\/\/blog.espol.edu.ec\/ricespinozas\/wp-json\/wp\/v2\/comments?post=105"}],"version-history":[{"count":8,"href":"https:\/\/blog.espol.edu.ec\/ricespinozas\/wp-json\/wp\/v2\/pages\/105\/revisions"}],"predecessor-version":[{"id":143,"href":"https:\/\/blog.espol.edu.ec\/ricespinozas\/wp-json\/wp\/v2\/pages\/105\/revisions\/143"}],"wp:attachment":[{"href":"https:\/\/blog.espol.edu.ec\/ricespinozas\/wp-json\/wp\/v2\/media?parent=105"}],"curies":[{"name":"wp","href":"https:\/\/api.w.org\/{rel}","templated":true}]}}