{"id":99,"date":"2015-06-29T20:51:28","date_gmt":"2015-06-29T20:51:28","guid":{"rendered":"http:\/\/blog.espol.edu.ec\/ricespinozas\/?page_id=99"},"modified":"2015-06-29T22:08:33","modified_gmt":"2015-06-29T22:08:33","slug":"inicio-3","status":"publish","type":"page","link":"https:\/\/blog.espol.edu.ec\/ricespinozas\/inicio-3\/","title":{"rendered":"Bienvenidos"},"content":{"rendered":"<hr \/>\n<p style=\"text-align: left\"><span style=\"color: #000000\">Esta p\u00e1gina fue creada con el fin de brindar informaci\u00f3n cient\u00edfica y tecnol\u00f3gica de forma que todos los usuarios del internet puedan saber un poco m\u00e1s de lo que sucede en el mundo.<\/span><\/p>\n<p style=\"text-align: left\"><span style=\"color: #000000\">No obstante, las publicaciones en esta p\u00e1gina son <em>recopilaciones informativas<\/em> de otras.<\/span><\/p>\n<p style=\"text-align: left\"><a href=\"http:\/\/blog.espol.edu.ec\/ricespinozas\/files\/2015\/06\/asusg51jx3d.jpg\"><img loading=\"lazy\" decoding=\"async\" class=\"  wp-image-118 aligncenter\" src=\"http:\/\/blog.espol.edu.ec\/ricespinozas\/files\/2015\/06\/asusg51jx3d-300x161.jpg\" alt=\"asusg51jx3d\" width=\"367\" height=\"197\" srcset=\"https:\/\/blog.espol.edu.ec\/ricespinozas\/files\/2015\/06\/asusg51jx3d-300x161.jpg 300w, https:\/\/blog.espol.edu.ec\/ricespinozas\/files\/2015\/06\/asusg51jx3d.jpg 450w\" sizes=\"auto, (max-width: 367px) 100vw, 367px\" \/><\/a><\/p>\n","protected":false},"excerpt":{"rendered":"<p>Esta p\u00e1gina fue creada con el fin de brindar informaci\u00f3n cient\u00edfica y tecnol\u00f3gica de forma que todos los usuarios del internet puedan saber un poco m\u00e1s de lo que sucede en el mundo. No obstante, las publicaciones en esta p\u00e1gina son recopilaciones informativas de otras.<\/p>\n","protected":false},"author":9680,"featured_media":0,"parent":0,"menu_order":0,"comment_status":"open","ping_status":"open","template":"","meta":{"footnotes":""},"class_list":["post-99","page","type-page","status-publish","hentry"],"_links":{"self":[{"href":"https:\/\/blog.espol.edu.ec\/ricespinozas\/wp-json\/wp\/v2\/pages\/99","targetHints":{"allow":["GET"]}}],"collection":[{"href":"https:\/\/blog.espol.edu.ec\/ricespinozas\/wp-json\/wp\/v2\/pages"}],"about":[{"href":"https:\/\/blog.espol.edu.ec\/ricespinozas\/wp-json\/wp\/v2\/types\/page"}],"author":[{"embeddable":true,"href":"https:\/\/blog.espol.edu.ec\/ricespinozas\/wp-json\/wp\/v2\/users\/9680"}],"replies":[{"embeddable":true,"href":"https:\/\/blog.espol.edu.ec\/ricespinozas\/wp-json\/wp\/v2\/comments?post=99"}],"version-history":[{"count":15,"href":"https:\/\/blog.espol.edu.ec\/ricespinozas\/wp-json\/wp\/v2\/pages\/99\/revisions"}],"predecessor-version":[{"id":136,"href":"https:\/\/blog.espol.edu.ec\/ricespinozas\/wp-json\/wp\/v2\/pages\/99\/revisions\/136"}],"wp:attachment":[{"href":"https:\/\/blog.espol.edu.ec\/ricespinozas\/wp-json\/wp\/v2\/media?parent=99"}],"curies":[{"name":"wp","href":"https:\/\/api.w.org\/{rel}","templated":true}]}}