{"id":1,"date":"2008-10-22T14:35:17","date_gmt":"2008-10-22T18:35:17","guid":{"rendered":""},"modified":"2012-02-10T10:52:56","modified_gmt":"2012-02-10T15:52:56","slug":"about","status":"publish","type":"page","link":"https:\/\/blog.espol.edu.ec\/rmcedeno\/about\/","title":{"rendered":"Sobre mi"},"content":{"rendered":"<p>Bueno si quieres saber quien es FreedomFighter aqui algunos datos\u00a0sobre mi<\/p>\n<p><strong>Nombre:<\/strong> Ricardo Cede\u00f1o Barcia<\/p>\n<p><strong>Cumpleanios:<\/strong>\u00a012 de Diciembre ( pilas con los regalitos\u00a0)<\/p>\n<p><strong>Estudios:<\/strong><\/p>\n<ul>\n<li>Primaria: Escuela San Agust\u00edn<\/li>\n<li>Secundaria: Colegio Javier (Promoci\u00f3n 33), FIMA<\/li>\n<li>Superior: ESPOL, Ing. En Computaci\u00f3n Esp. Sistemas Tecnol\u00f3gicos<\/li>\n<li>PostGrado: MSIG, Por comenzar la tesis.<\/li>\n<\/ul>\n<p><strong>Ocupaci\u00f3n:<\/strong>\u00a0 Trabajo como Profesor Contratado en la FIEC, dicto clases de Programas Utilitarios 1 y 2, Sistemas Operativos de Red, adem\u00e1s soy Instructor de la Academia Microsoft-Espol y de la Academia Cisco-Espol.<\/p>\n<p>Adem\u00e1s de forma particular, doy soporte a PCs y Portatiles, Creaci\u00f3n de Sitios Web para Tiendas Online, y otras actividades relacionadas con redes, servidores, instalaciones, etc.<\/p>\n<p><strong>Videojuegos Favoritos:<\/strong> Todos los Need For Speed, Quake III y 4, Colin McRae Rally, Unreal Tournament, Far Cry, F.E.A.R.,\u00a0Combat Arms, Crysis, GRID, Lineage II, TimeShift, Half Life 2, HL2:Episo one, HL2:EPidose two, Star Trek Legacy, StarCraft, Star Wars Republic Commando, Call of Duty 2, Rainbow Six Vegas 1 y 2, y muuuuchos m\u00e1s =)<\/p>\n<p><strong>Mi firma de Combat Arms<\/strong><\/p>\n<p><img decoding=\"async\" src=\"http:\/\/combatarmshq.com\/sig\/010\/F-Fighter.jpg\" alt=\"\" \/><\/p>\n<p><strong>Perfil de Xfire<\/strong><\/p>\n<p><a href=\"http:\/\/profile.xfire.com\/rt10runner\"><img loading=\"lazy\" decoding=\"async\" src=\"http:\/\/miniprofile.xfire.com\/bg\/sf\/type\/0\/rt10runner.png\" alt=\"\" width=\"440\" height=\"111\" \/><\/a><\/p>\n<p><strong>Grupos musicales favoritos:<\/strong>\u00a0Metallica, Iron Maiden, Epica,\u00a0HammerFall, Dream Evil, Sonata Artica, Rhapsody of Fire, DragonForce, After Forever, Nightwish,\u00a0Silent Force, Tarja Turunen, Iced Earth, Guns and Roses, Nirvana,\u00a0Steel Attack, At Vance, y dem\u00e1s grupos del buen\u00a0Heavy Metal, por cierto visiten la p\u00e1gina de un pana <a href=\"http:\/\/www.thestoreofmetal.com\" target=\"_blank\">The Store Of Metal\u00a0<\/a>.<\/p>\n<p><strong>Series de TV favoritas:\u00a0<\/strong> Star Trek, Star Trek TNG, Star Trek DS9, Star Trek Voyager, Battlestar Galactica, Los Simpsons,\u00a0Space Above &amp; Beyond, Terminator: The Sarah Connor Chronicles, Knight Rider 2008. (tengo la colecci\u00f3n de la mayoria de las series listadas)<\/p>\n<p><strong>Peliculas favoritas:<\/strong> A Beautiful Mind, Back To The Future Trilogy, Alien Quadrilogy, Ice Age, El Senior de los Anillos, Transporter 1 y 2, Chronicles of Riddick, Bruce Almighty, Final Destination Trilogy entre otras (colecciono peliculas en DivX\u00a0y tengo mas de 800)<\/p>\n<p><strong>Hobbies<\/strong>: Jugar en la PC, Escuchar Heavy, Leer cosas de misterio y de terror, Colecionar Wallpapers de autos, descargar Series, Peliculas, Juegos para Pc, traducci\u00f3n de subtitulos en <a href=\"http:\/\/www.argenteam.net\" target=\"_blank\">Argenteam.net<\/a>, Crear objetos en 3ds Max =)<\/p>\n","protected":false},"excerpt":{"rendered":"<p>Bueno si quieres saber quien es FreedomFighter aqui algunos datos\u00a0sobre mi Nombre: Ricardo Cede\u00f1o Barcia Cumpleanios:\u00a012 de Diciembre ( pilas con los regalitos\u00a0) Estudios: Primaria: Escuela San Agust\u00edn Secundaria: Colegio Javier (Promoci\u00f3n 33), FIMA Superior: ESPOL, Ing. En Computaci\u00f3n Esp. Sistemas Tecnol\u00f3gicos PostGrado: MSIG, Por comenzar la tesis. Ocupaci\u00f3n:\u00a0 Trabajo como Profesor Contratado en la [&hellip;]<\/p>\n","protected":false},"author":222,"featured_media":0,"parent":0,"menu_order":0,"comment_status":"open","ping_status":"open","template":"","meta":{"_monsterinsights_skip_tracking":false,"_monsterinsights_sitenote_active":false,"_monsterinsights_sitenote_note":"","_monsterinsights_sitenote_category":0,"footnotes":""},"class_list":["post-1","page","type-page","status-publish","hentry"],"_links":{"self":[{"href":"https:\/\/blog.espol.edu.ec\/rmcedeno\/wp-json\/wp\/v2\/pages\/1","targetHints":{"allow":["GET"]}}],"collection":[{"href":"https:\/\/blog.espol.edu.ec\/rmcedeno\/wp-json\/wp\/v2\/pages"}],"about":[{"href":"https:\/\/blog.espol.edu.ec\/rmcedeno\/wp-json\/wp\/v2\/types\/page"}],"author":[{"embeddable":true,"href":"https:\/\/blog.espol.edu.ec\/rmcedeno\/wp-json\/wp\/v2\/users\/222"}],"replies":[{"embeddable":true,"href":"https:\/\/blog.espol.edu.ec\/rmcedeno\/wp-json\/wp\/v2\/comments?post=1"}],"version-history":[{"count":13,"href":"https:\/\/blog.espol.edu.ec\/rmcedeno\/wp-json\/wp\/v2\/pages\/1\/revisions"}],"predecessor-version":[{"id":10,"href":"https:\/\/blog.espol.edu.ec\/rmcedeno\/wp-json\/wp\/v2\/pages\/1\/revisions\/10"}],"wp:attachment":[{"href":"https:\/\/blog.espol.edu.ec\/rmcedeno\/wp-json\/wp\/v2\/media?parent=1"}],"curies":[{"name":"wp","href":"https:\/\/api.w.org\/{rel}","templated":true}]}}