{"id":97,"date":"2008-11-23T18:01:34","date_gmt":"2008-11-23T23:01:34","guid":{"rendered":"http:\/\/blog.espol.edu.ec\/rmcedeno\/?page_id=97"},"modified":"2008-11-23T18:01:34","modified_gmt":"2008-11-23T23:01:34","slug":"wallpapers-o_o","status":"publish","type":"page","link":"https:\/\/blog.espol.edu.ec\/rmcedeno\/wallpapers-o_o\/","title":{"rendered":"Wallpapers o_O"},"content":{"rendered":"<p>Aqui les dejo algunos de los wallpapers que he ido coleccionando y que ahora los comparto con los visitantes del blog.<\/p>\n<p>Solo hagan clic sobre la imagen y ver\u00e1n la imagen en grande, todos est\u00e1n a 1680 x 1050 de resoluci\u00f3n, es perfecto para monitores widescreen \ud83d\ude42 que los disfruten. Ir\u00e9 poniendo otros mas adelante.<\/p>\n<h3>Wallpapers de Autos<\/h3>\n<p><a href=\"http:\/\/gs64.photobucket.com\/groups\/h171\/B9Q44UOYKW\/?action=view&amp;current=ph-10118.jpg\" target=\"_blank\"><img loading=\"lazy\" decoding=\"async\" style=\"border: 1px solid black;margin-left: 10px;margin-right: 10px\" src=\"http:\/\/gi64.photobucket.com\/groups\/h171\/B9Q44UOYKW\/th_ph-10118.jpg\" alt=\"\" width=\"159\" height=\"100\" \/><\/a><a href=\"http:\/\/gs64.photobucket.com\/groups\/h171\/B9Q44UOYKW\/?action=view&amp;current=ph-10121.jpg\" target=\"_blank\"><img loading=\"lazy\" decoding=\"async\" style=\"border: 1px solid black;margin-left: 10px;margin-right: 10px\" src=\"http:\/\/gi64.photobucket.com\/groups\/h171\/B9Q44UOYKW\/th_ph-10121.jpg\" alt=\"\" width=\"159\" height=\"100\" \/><\/a><a href=\"http:\/\/gs64.photobucket.com\/groups\/h171\/B9Q44UOYKW\/?action=view&amp;current=ph-10128.jpg\" target=\"_blank\"><img loading=\"lazy\" decoding=\"async\" style=\"border: 1px solid black;margin-left: 10px;margin-right: 10px\" src=\"http:\/\/gi64.photobucket.com\/groups\/h171\/B9Q44UOYKW\/th_ph-10128.jpg\" alt=\"\" width=\"159\" height=\"100\" \/><\/a><\/p>\n<p><a href=\"http:\/\/gs64.photobucket.com\/groups\/h171\/B9Q44UOYKW\/?action=view&amp;current=ph-10145.jpg\" target=\"_blank\"><img loading=\"lazy\" decoding=\"async\" style=\"border: 1px solid black;margin-left: 10px;margin-right: 10px\" src=\"http:\/\/gi64.photobucket.com\/groups\/h171\/B9Q44UOYKW\/th_ph-10142.jpg\" alt=\"\" width=\"159\" height=\"100\" \/><\/a><a href=\"http:\/\/gs64.photobucket.com\/groups\/h171\/B9Q44UOYKW\/?action=view&amp;current=ph-10145.jpg\" target=\"_blank\"><img loading=\"lazy\" decoding=\"async\" style=\"border: 1px solid black;margin-left: 10px;margin-right: 10px\" src=\"http:\/\/gi64.photobucket.com\/groups\/h171\/B9Q44UOYKW\/th_ph-10145.jpg\" alt=\"\" width=\"159\" height=\"100\" \/><\/a><a href=\"http:\/\/gs64.photobucket.com\/groups\/h171\/B9Q44UOYKW\/?action=view&amp;current=ph-10149.jpg\" target=\"_blank\"><img loading=\"lazy\" decoding=\"async\" style=\"border: 1px solid black;margin-left: 10px;margin-right: 10px\" src=\"http:\/\/gi64.photobucket.com\/groups\/h171\/B9Q44UOYKW\/th_ph-10149.jpg\" alt=\"\" width=\"160\" height=\"100\" \/><\/a><\/p>\n<p><a href=\"http:\/\/gs64.photobucket.com\/groups\/h171\/B9Q44UOYKW\/?action=view&amp;current=ph-10150.jpg\" target=\"_blank\"><img loading=\"lazy\" decoding=\"async\" style=\"border: 1px solid black;margin-left: 10px;margin-right: 10px\" src=\"http:\/\/gi64.photobucket.com\/groups\/h171\/B9Q44UOYKW\/th_ph-10150.jpg\" alt=\"\" width=\"159\" height=\"100\" \/><\/a><a href=\"http:\/\/gs64.photobucket.com\/groups\/h171\/B9Q44UOYKW\/?action=view&amp;current=ph-10005.jpg\" target=\"_blank\"><img loading=\"lazy\" decoding=\"async\" style=\"border: 1px solid black;margin-left: 10px;margin-right: 10px\" src=\"http:\/\/gi64.photobucket.com\/groups\/h171\/B9Q44UOYKW\/th_ph-10005.jpg\" alt=\"\" width=\"159\" height=\"100\" \/><\/a><a href=\"http:\/\/gs64.photobucket.com\/groups\/h171\/B9Q44UOYKW\/?action=view&amp;current=ph-10009.jpg\" target=\"_blank\"><img loading=\"lazy\" decoding=\"async\" style=\"border: 1px solid black;margin-left: 10px;margin-right: 10px\" src=\"http:\/\/gi64.photobucket.com\/groups\/h171\/B9Q44UOYKW\/th_ph-10009.jpg\" alt=\"\" width=\"159\" height=\"100\" \/><\/a><br \/>\n<a href=\"http:\/\/gs64.photobucket.com\/groups\/h171\/B9Q44UOYKW\/?action=view&amp;current=ph-10021.jpg\" target=\"_blank\"><br \/>\n<img loading=\"lazy\" decoding=\"async\" style=\"border: 1px solid black;margin-left: 10px;margin-right: 10px\" src=\"http:\/\/gi64.photobucket.com\/groups\/h171\/B9Q44UOYKW\/th_ph-10021.jpg\" alt=\"\" width=\"159\" height=\"100\" \/><\/a><a href=\"http:\/\/gs64.photobucket.com\/groups\/h171\/B9Q44UOYKW\/?action=view&amp;current=ph-10031.jpg\" target=\"_blank\"><img loading=\"lazy\" decoding=\"async\" style=\"border: 1px solid black;margin-left: 10px;margin-right: 10px\" src=\"http:\/\/gi64.photobucket.com\/groups\/h171\/B9Q44UOYKW\/th_ph-10031.jpg\" alt=\"\" width=\"159\" height=\"100\" \/><\/a><a href=\"http:\/\/gs64.photobucket.com\/groups\/h171\/B9Q44UOYKW\/?action=view&amp;current=ph-10034.jpg\" target=\"_blank\"><img loading=\"lazy\" decoding=\"async\" style=\"border: 1px solid black;margin-left: 10px;margin-right: 10px\" src=\"http:\/\/gi64.photobucket.com\/groups\/h171\/B9Q44UOYKW\/th_ph-10034.jpg\" alt=\"\" width=\"159\" height=\"100\" \/><\/a><br \/>\n<a href=\"http:\/\/gs64.photobucket.com\/groups\/h171\/B9Q44UOYKW\/?action=view&amp;current=ph-10040.jpg\" target=\"_blank\"><br \/>\n<img loading=\"lazy\" decoding=\"async\" style=\"border: 1px solid black;margin-left: 10px;margin-right: 10px\" src=\"http:\/\/gi64.photobucket.com\/groups\/h171\/B9Q44UOYKW\/th_ph-10040.jpg\" alt=\"\" width=\"159\" height=\"100\" \/><\/a><a href=\"http:\/\/gs64.photobucket.com\/groups\/h171\/B9Q44UOYKW\/?action=view&amp;current=ph-10044.jpg\" target=\"_blank\"><img loading=\"lazy\" decoding=\"async\" style=\"border: 1px solid black;margin-left: 10px;margin-right: 10px\" src=\"http:\/\/gi64.photobucket.com\/groups\/h171\/B9Q44UOYKW\/th_ph-10044.jpg\" alt=\"\" width=\"159\" height=\"100\" \/><\/a><a href=\"http:\/\/gs64.photobucket.com\/groups\/h171\/B9Q44UOYKW\/?action=view&amp;current=ph-10050.jpg\" target=\"_blank\"><img loading=\"lazy\" decoding=\"async\" style=\"border: 1px solid black;margin-left: 10px;margin-right: 10px\" src=\"http:\/\/gi64.photobucket.com\/groups\/h171\/B9Q44UOYKW\/th_ph-10050.jpg\" alt=\"\" width=\"159\" height=\"100\" \/><\/a><br \/>\n<a href=\"http:\/\/gs64.photobucket.com\/groups\/h171\/B9Q44UOYKW\/?action=view&amp;current=ph-10072.jpg\" target=\"_blank\"><br \/>\n<img loading=\"lazy\" decoding=\"async\" style=\"border: 1px solid black;margin-left: 10px;margin-right: 10px\" src=\"http:\/\/gi64.photobucket.com\/groups\/h171\/B9Q44UOYKW\/th_ph-10072.jpg\" alt=\"\" width=\"159\" height=\"100\" \/><\/a><a href=\"http:\/\/gs64.photobucket.com\/groups\/h171\/B9Q44UOYKW\/?action=view&amp;current=ph-10079.jpg\" target=\"_blank\"><img loading=\"lazy\" decoding=\"async\" style=\"border: 1px solid black;margin-left: 10px;margin-right: 10px\" src=\"http:\/\/gi64.photobucket.com\/groups\/h171\/B9Q44UOYKW\/th_ph-10079.jpg\" alt=\"\" width=\"159\" height=\"100\" \/><\/a><a href=\"http:\/\/gs64.photobucket.com\/groups\/h171\/B9Q44UOYKW\/?action=view&amp;current=ph-10085.jpg\" target=\"_blank\"><img loading=\"lazy\" decoding=\"async\" style=\"border: 1px solid black;margin-left: 10px;margin-right: 10px\" src=\"http:\/\/gi64.photobucket.com\/groups\/h171\/B9Q44UOYKW\/th_ph-10085.jpg\" alt=\"\" width=\"159\" height=\"100\" \/><\/a><br \/>\n<a href=\"http:\/\/gs64.photobucket.com\/groups\/h171\/B9Q44UOYKW\/?action=view&amp;current=ph-10091.jpg\" target=\"_blank\"><br \/>\n<img loading=\"lazy\" decoding=\"async\" style=\"border: 1px solid black;margin-left: 10px;margin-right: 10px\" src=\"http:\/\/gi64.photobucket.com\/groups\/h171\/B9Q44UOYKW\/th_ph-10091.jpg\" alt=\"\" width=\"159\" height=\"100\" \/><\/a><a href=\"http:\/\/gs64.photobucket.com\/groups\/h171\/B9Q44UOYKW\/?action=view&amp;current=ph-10106.jpg\" target=\"_blank\"><img loading=\"lazy\" decoding=\"async\" style=\"border: 1px solid black;margin-left: 10px;margin-right: 10px\" src=\"http:\/\/gi64.photobucket.com\/groups\/h171\/B9Q44UOYKW\/th_ph-10106.jpg\" alt=\"\" width=\"159\" height=\"100\" \/><\/a><a href=\"http:\/\/gs64.photobucket.com\/groups\/h171\/B9Q44UOYKW\/?action=view&amp;current=ph-10086.jpg\" target=\"_blank\"><img loading=\"lazy\" decoding=\"async\" style=\"border: 1px solid black;margin-left: 10px;margin-right: 10px\" src=\"http:\/\/gi64.photobucket.com\/groups\/h171\/B9Q44UOYKW\/th_ph-10086.jpg\" alt=\"\" width=\"159\" height=\"100\" \/><\/a><\/p>\n","protected":false},"excerpt":{"rendered":"<p>Aqui les dejo algunos de los wallpapers que he ido coleccionando y que ahora los comparto con los visitantes del blog. Solo hagan clic sobre la imagen y ver\u00e1n la imagen en grande, todos est\u00e1n a 1680 x 1050 de resoluci\u00f3n, es perfecto para monitores widescreen \ud83d\ude42 que los disfruten. Ir\u00e9 poniendo otros mas adelante. [&hellip;]<\/p>\n","protected":false},"author":222,"featured_media":0,"parent":0,"menu_order":0,"comment_status":"open","ping_status":"open","template":"","meta":{"_monsterinsights_skip_tracking":false,"_monsterinsights_sitenote_active":false,"_monsterinsights_sitenote_note":"","_monsterinsights_sitenote_category":0,"footnotes":""},"class_list":["post-97","page","type-page","status-publish","hentry"],"_links":{"self":[{"href":"https:\/\/blog.espol.edu.ec\/rmcedeno\/wp-json\/wp\/v2\/pages\/97","targetHints":{"allow":["GET"]}}],"collection":[{"href":"https:\/\/blog.espol.edu.ec\/rmcedeno\/wp-json\/wp\/v2\/pages"}],"about":[{"href":"https:\/\/blog.espol.edu.ec\/rmcedeno\/wp-json\/wp\/v2\/types\/page"}],"author":[{"embeddable":true,"href":"https:\/\/blog.espol.edu.ec\/rmcedeno\/wp-json\/wp\/v2\/users\/222"}],"replies":[{"embeddable":true,"href":"https:\/\/blog.espol.edu.ec\/rmcedeno\/wp-json\/wp\/v2\/comments?post=97"}],"version-history":[{"count":3,"href":"https:\/\/blog.espol.edu.ec\/rmcedeno\/wp-json\/wp\/v2\/pages\/97\/revisions"}],"predecessor-version":[{"id":100,"href":"https:\/\/blog.espol.edu.ec\/rmcedeno\/wp-json\/wp\/v2\/pages\/97\/revisions\/100"}],"wp:attachment":[{"href":"https:\/\/blog.espol.edu.ec\/rmcedeno\/wp-json\/wp\/v2\/media?parent=97"}],"curies":[{"name":"wp","href":"https:\/\/api.w.org\/{rel}","templated":true}]}}