{"id":26,"date":"2010-07-12T12:46:26","date_gmt":"2010-07-12T17:46:26","guid":{"rendered":"http:\/\/blog.espol.edu.ec\/rmmoncay\/?page_id=26"},"modified":"2010-07-12T12:46:26","modified_gmt":"2010-07-12T17:46:26","slug":"introduccion","status":"publish","type":"page","link":"https:\/\/blog.espol.edu.ec\/rmmoncay\/introduccion\/","title":{"rendered":"Introducci\u00f3n"},"content":{"rendered":"<p>Muchas personas afirman que tienen tantos <a id=\"autolink\" href=\"http:\/\/www.monografias.com\/trabajos15\/calidad-serv\/calidad-serv.shtml#PLANT\">problemas<\/a>que  no pueden salir adelante y lograr colocar sus vidas al nivel en el que desear\u00edan tenerla.  Es cierto que no todos cuentan con las mismas oportunidades, el mismo nivel de  <a id=\"autolink\" href=\"http:\/\/www.monografias.com\/trabajos16\/autoestima\/autoestima.shtml\">Autoestima<\/a>,  la misma preparaci\u00f3n intelectual ni la misma base <a href=\"http:\/\/ads.us.e-planning.net\/ei\/3\/29e9\/cfa010f10016a577?rnd=0.31229029393564295&amp;pb=b9684c1b5beedb26&amp;fi=ef3d09b2483fef74&amp;kw=econ%C3%B3mica\">econ\u00f3mica<\/a>.<\/p>\n<p>Sin embargo es factible persuadir que se tiende a engrandecer las  dificultades, a convertirlas en nuestros verdugos y a disminuir y subestimar  nuestra capacidad para resolverlas y avanzar creativamente.<\/p>\n<p>En esta <a id=\"autolink\" href=\"http:\/\/www.monografias.com\/trabajos11\/norma\/norma.shtml\">investigaci\u00f3n<\/a>se  estudiar\u00e1 un poco m\u00e1s el interior de lo que engloba la palabra \"AUTOESTIMA\" para  una mejor comprensi\u00f3n de su significado, ya que es un <a href=\"http:\/\/ads.us.e-planning.net\/ei\/3\/29e9\/cfa010f10016a577?rnd=0.10044849935008632&amp;pb=91968e5236f92fc5&amp;fi=ef3d09b2483fef74&amp;kw=tema\">tema<\/a> del que tanto se dice y tan poco se comprende. Para ello se citara su <a id=\"autolink\" href=\"http:\/\/www.monografias.com\/trabajos10\/teca\/teca.shtml\">concepto<\/a>desde  distintos tipos de vista, c\u00f3mo se forma, la vida con y sin ella, porqu\u00e9 se necesita,  algunos comportamientos dependiendo del nivel de Autoestima pose\u00eddo, c\u00f3mo incide  sobre las relaciones sociales y sobre <a id=\"autolink\" href=\"http:\/\/www.monografias.com\/trabajos\/fintrabajo\/fintrabajo.shtml\">el  trabajo<\/a>y su relaci\u00f3n con la <a id=\"autolink\" href=\"http:\/\/www.monografias.com\/trabajos35\/sociedad\/sociedad.shtml\">sociedad<\/a>.<\/p>\n<form id=\"vozme_form_d9261728fc9afa5d2c7328771628ac42\" method=\"post\" name=\"vozme_form_d9261728fc9afa5d2c7328771628ac42\" target=\"d9261728fc9afa5d2c7328771628ac42\" action=\"http:\/\/vozme.com\/text2voice.php\"><input name=\"text\" type=\"hidden\" value=\"Introducci\u00f3n. Muchas personas afirman que tienen tantos problemasque  no pueden salir adelante y lograr colocar sus vidas al nivel en el que desear\u00edan tenerla.  Es cierto que no todos cuentan con las mismas oportunidades, el mismo nivel de  Autoestima,  la misma preparaci\u00f3n intelectual ni la misma base econ\u00f3mica.\nSin embargo es factible persuadir que se tiende a engrandecer las  dificultades, a convertirlas en nuestros verdugos y a disminuir y subestimar  nuestra capacidad para resolverlas y avanzar creativamente.\nEn esta investigaci\u00f3nse  estudiar\u00e1 un poco m\u00e1s el interior de lo que engloba la palabra &quot;AUTOESTIMA&quot; para  una mejor comprensi\u00f3n de su significado, ya que es un tema del que tanto se dice y tan poco se comprende. Para ello se citara su conceptodesde  distintos tipos de vista, c\u00f3mo se forma, la vida con y sin ella, porqu\u00e9 se necesita,  algunos comportamientos dependiendo del nivel de Autoestima pose\u00eddo, c\u00f3mo incide  sobre las relaciones sociales y sobre el  trabajoy su relaci\u00f3n con la sociedad.\n\" \/><input name=\"lang\" type=\"hidden\" value=\"en\" \/><input name=\"gn\" type=\"hidden\" value=\"ml\" \/><input type=\"hidden\" id=\"interface\" name=\"interface\" value=\"full\" \/>\n\t\t\t<div style=\"margin-left:40%;\">\n\t\t\t\n\t\t\t\t<input style=\"float:left;\" type=\"image\" width=\"40\" height=\"40\" src=\"http:\/\/blog.espol.edu.ec\/rmmoncay\/wp-content\/plugins\/vozme\/img\/megaphone40x40w.gif\" alt=\"Hear this post\" onclick=\"window.open('', 'd9261728fc9afa5d2c7328771628ac42', 'width=600,height=370,scrollbars=yes,location=yes,menubar=yes,resizable=yes,status=yes,toolbar=yes');\">\n\t\t\t\t<div style=\"margin-left:48px; text-align:left;\"><a style=\"font-size:12px;\" href=\"javascript:void(0);\" onclick=\"window.open('', 'd9261728fc9afa5d2c7328771628ac42', 'width=600,height=370,scrollbars=yes,location=yes,menubar=yes,resizable=yes,status=yes,toolbar=yes'); document.getElementById('vozme_form_d9261728fc9afa5d2c7328771628ac42').submit();\">Hear<br\/>this post<\/a><\/div>\n\t\t\t<\/div><\/form>","protected":false},"excerpt":{"rendered":"<p>Muchas personas afirman que tienen tantos problemasque no pueden salir adelante y lograr colocar sus vidas al nivel en el que desear\u00edan tenerla. Es cierto que no todos cuentan con las mismas oportunidades, el mismo nivel de Autoestima, la misma preparaci\u00f3n intelectual ni la misma base econ\u00f3mica. Sin embargo es factible persuadir que se tiende [&hellip;]<\/p>\n","protected":false},"author":4561,"featured_media":0,"parent":0,"menu_order":0,"comment_status":"open","ping_status":"open","template":"","meta":{"footnotes":""},"class_list":["post-26","page","type-page","status-publish","hentry"],"_links":{"self":[{"href":"https:\/\/blog.espol.edu.ec\/rmmoncay\/wp-json\/wp\/v2\/pages\/26","targetHints":{"allow":["GET"]}}],"collection":[{"href":"https:\/\/blog.espol.edu.ec\/rmmoncay\/wp-json\/wp\/v2\/pages"}],"about":[{"href":"https:\/\/blog.espol.edu.ec\/rmmoncay\/wp-json\/wp\/v2\/types\/page"}],"author":[{"embeddable":true,"href":"https:\/\/blog.espol.edu.ec\/rmmoncay\/wp-json\/wp\/v2\/users\/4561"}],"replies":[{"embeddable":true,"href":"https:\/\/blog.espol.edu.ec\/rmmoncay\/wp-json\/wp\/v2\/comments?post=26"}],"version-history":[{"count":1,"href":"https:\/\/blog.espol.edu.ec\/rmmoncay\/wp-json\/wp\/v2\/pages\/26\/revisions"}],"predecessor-version":[{"id":27,"href":"https:\/\/blog.espol.edu.ec\/rmmoncay\/wp-json\/wp\/v2\/pages\/26\/revisions\/27"}],"wp:attachment":[{"href":"https:\/\/blog.espol.edu.ec\/rmmoncay\/wp-json\/wp\/v2\/media?parent=26"}],"curies":[{"name":"wp","href":"https:\/\/api.w.org\/{rel}","templated":true}]}}