{"id":39,"date":"2009-11-09T16:46:32","date_gmt":"2009-11-09T20:46:32","guid":{"rendered":"http:\/\/blog.espol.edu.ec\/rmtigrer\/?page_id=39"},"modified":"2009-11-23T16:09:53","modified_gmt":"2009-11-23T20:09:53","slug":"rutas","status":"publish","type":"page","link":"https:\/\/blog.espol.edu.ec\/rmtigrer\/rutas\/","title":{"rendered":"Rutas"},"content":{"rendered":"<h2 style=\"text-align: justify\"><img loading=\"lazy\" decoding=\"async\" class=\"aligncenter size-full wp-image-83\" src=\"http:\/\/blog.espol.edu.ec\/rmtigrer\/files\/2009\/11\/imagen2.jpg\" alt=\"imagen2\" width=\"800\" height=\"466\" srcset=\"https:\/\/blog.espol.edu.ec\/rmtigrer\/files\/2009\/11\/imagen2.jpg 800w, https:\/\/blog.espol.edu.ec\/rmtigrer\/files\/2009\/11\/imagen2-300x174.jpg 300w\" sizes=\"auto, (max-width: 800px) 100vw, 800px\" \/><\/h2>\n<p style=\"text-align: justify\"><span style=\"color: #000080\"><em>Ecuador ofrece una gran diversidad de rutas para los amantes del mountain bike. La diversidad geogr\u00e1fica que este pa\u00eds ofrece lo convierte en un destino ideal para los aventureros. En un viaje de pocos d\u00edas el visitante podr\u00e1 disfrutar de diferentes regiones con paisajes diferentes, climas diferentes, iniciando desde los paramos andinos, descendiendo a los bosques subtropicales tan solo en pocas horas de pedalear por caminos secundarios, en una sola jornada recorreremos diferencias de altura de hasta 3000m., con brechas de temperatura que oscilan entre 10 y 30 grados cent\u00edgrados. Una parte de esta ruta fue escogida por su diversidad y espectacular belleza, por la famosa competencia del Raid Gauloises, que se celebr\u00f3 en 1998 en el Ecuador.<\/em><\/span><\/p>\n<p style=\"text-align: justify\"><span style=\"color: #000080\"><em>La mayor\u00eda de los trayectos los realizaremos por caminos secundarios y de tercer orden, sin tr\u00e1fico para disfrutar completamente de la naturaleza y con el tiempo suficiente para deleitarse con las maravillas existentes, tomar fotograf\u00edas de los impresionantes paisajes! Elaboramos rutas para ciclistas de todos los gustos y exigencias. Cada ruta ser\u00e1 cuidadosamente dise\u00f1ada de acuerdo a la las preferencias del cliente. Parte del equipo de log\u00edstica ser\u00e1 un veh\u00edculo 4x4 que acompa\u00f1ar\u00e1 en todo el recorrido al grupo para eventuales evacuaciones en casos de emergencia. Tambi\u00e9n estar\u00e1n siempre acompa\u00f1ados de gu\u00edas expertos y mec\u00e1nicos as\u00ed como de un equipo de log\u00edstica que lo asistir\u00e1n en cualquier eventualidad.<\/em><\/span><\/p>\n<h2 style=\"text-align: justify\"><a class=\"aligncenter\" title=\"surtrek\" href=\"http:\/\/www.surtrek.org\/quienes_somos.html\" target=\"_self\"><span style=\"color: #000080\"><em><strong>Surtrek Tour Operator<\/strong><\/em><\/span><\/a><\/h2>\n<p style=\"text-align: justify\"><em><span style=\"color: #003366\"> Ofrece varias rutas que las hemos dise\u00f1ado cuidadosamente a lo largo de este pa\u00eds lleno de contrastes, donde el visitante podr\u00e1 experimentar una perfecta combinaci\u00f3n entre paisaje, cultura y aventura. Ofrecemos viajes desde un d\u00eda hasta tres semanas, viajes por la selva Amaz\u00f3nica, pasando por los picos nevados de los Andes hasta la costa del Pac\u00edfico.<\/span><\/em><\/p>\n<table style=\"text-align: justify;height: 141px\" border=\"0\" cellspacing=\"3\" cellpadding=\"2\" width=\"100%\">\n<tbody>\n<tr>\n<td colspan=\"2\" height=\"21\"><em><span style=\"color: #003366\"><strong>Resumen del Itinerario<\/strong><\/span><\/em><\/td>\n<\/tr>\n<tr>\n<td width=\"13%\" height=\"16\"><em><span style=\"color: #003366\">D\u00eda 01: <\/span><\/em><\/td>\n<td width=\"87%\"><em><span style=\"color: #003366\">Quito - Parque Nacional Cotopaxi<\/span><\/em><\/td>\n<\/tr>\n<tr>\n<td height=\"16\"><em><span style=\"color: #003366\">D\u00eda 02:<\/span><\/em><\/td>\n<td><em><span style=\"color: #003366\">Limpiopungo - El Boliche - Cuello de Luna<\/span><\/em><\/td>\n<\/tr>\n<tr>\n<td height=\"16\"><em><span style=\"color: #003366\">D\u00eda 03: <\/span><\/em><\/td>\n<td><em><span style=\"color: #003366\">Saquisili - Zumbahua - Quilotoa - Sigchos<\/span><\/em><\/td>\n<\/tr>\n<tr>\n<td height=\"16\"><em><span style=\"color: #003366\">D\u00eda 04: <\/span><\/em><\/td>\n<td><em><span style=\"color: #003366\">Ca\u00f1\u00f3n del R\u00edo Toachi<\/span><\/em><\/td>\n<\/tr>\n<tr>\n<td height=\"16\"><em><span style=\"color: #003366\">D\u00eda 05: <\/span><\/em><\/td>\n<td><em><span style=\"color: #003366\">Valle Hermoso - Los Bancos - Mindo<\/span><\/em><\/td>\n<\/tr>\n<tr>\n<td height=\"16\"><em><span style=\"color: #003366\">D\u00eda 06: <\/span><\/em><\/td>\n<td><em><span style=\"color: #003366\">Los Bancos - Guagua Pichincha - Quito<\/span><\/em><\/td>\n<\/tr>\n<\/tbody>\n<\/table>\n<p style=\"text-align: justify\"><em><span style=\"color: #003366\"><strong>Itinerario Detallado :<\/strong><\/span><\/em><\/p>\n<p style=\"text-align: justify\"><em><span style=\"color: #003366\"><span class=\"links_azul\">D\u00eda 01: Quito - Parque Nacional Cotopaxi<\/span><br \/>\nDesde Quito, nos dirigimos hacia el sur a trav\u00e9s de la Panamericana hasta Machachi, desde aqu\u00ed nos desviamos hacia el oriente al sitio denominado El Pedregal a 3.500 aproximadamente, desde donde iniciamos nuestra aventura en bicicleta, con direcci\u00f3n al Parque Nacional Cotopaxi. Almuerzo en la ruta y por la tarde arribaremos a las faldas del volc\u00e1n, donde instalaremos nuestro primer campamento a 3.800m. Si contamos con buen tiempo, desde el campamento podremos disfrutar de una vista espectacular del Cotopaxi, Rumi\u00f1ahui, Sincholagua, Pasochoa. Cena y hospedaje en carpas. <strong>-\/L\/C<\/strong><\/span><\/em><\/p>\n<p style=\"text-align: justify\"><em><span style=\"color: #003366\"><span class=\"links_azul\">D\u00eda 02: Limpiopungo - El Boliche - Cuello de Luna<\/span><br \/>\nDesde nuestro campamento nos dirigimos en auto hasta el parqueadero del Cotopaxi a 4.600m. para realizar downhill hasta Limpiopungo. Almuerzo en el campamento y continuamos hacia el sureste en direcci\u00f3n al Boliche, atravesando las plantaciones de Pinos Radiata del parque nacional. A lo largo del recorrido, podr\u00e1s divisar posiblemente al lobo de p\u00e1ramo, a varios \u00e1giles conejos salvajes, gavilanes, gaviotines que te acompa\u00f1ar\u00e1n en el camino, cara caras, venados y seguramente llamas. Finalmente en auto nos trasladaremos hasta el centro de aclimatizaci\u00f3n Cuello de Luna, donde pasaremos la noche en c\u00f3modas habitaciones con chimenea. <strong>D\/L\/C<\/strong><\/span><\/em><\/p>\n<p style=\"text-align: justify\"><em><span style=\"color: #003366\"><span class=\"links_azul\">D\u00eda 03: Saquisili - Zumbahua - Quilotoa - Sigchos<\/span><br \/>\nNuestra Jornada empieza muy temprano, desayunamos a las seis de la ma\u00f1ana y luego nos dirigimos al mercado ind\u00edgena de Saquisil\u00ed (funciona solo los Jueves), luego continuamos por la v\u00eda Pujil\u00ed- La Mana, hasta Zumbahua por los espectaculares paisajes de los Andes centrales, donde podremos apreciar a sus habitantes realizando sus actividades cotidianas en el apacible p\u00e1ramo. Desde Zumbahua a bordo de nuestros caballitos de acero continuamos por el espacio de una hora hasta la laguna del Quilotoa. Aqu\u00ed deleitaremos un sabroso almuerzo junto a la magnificente vista de la Laguna en contraste con los picos des\u00e9rticos y nevados de los Andes. Continuamos el descenso hacia el noreste por espacio de tres horas, pasando por Chuigchilan hasta Sigchos donde acamparemos. Cena y hospedaje. D\/L\/C<\/span><\/em><\/p>\n<p style=\"text-align: justify\"><em><span style=\"color: #003366\"><img loading=\"lazy\" decoding=\"async\" src=\"http:\/\/www.surtrek.org\/imagenes\/ecuador_tours\/andesbiking11.jpg\" alt=\"Ciclismo de Monta\u00f1a por los Paisajes Andinos\" hspace=\"5\" width=\"257\" height=\"164\" align=\"right\" \/><\/span><\/em><\/p>\n<p style=\"text-align: justify\"><em><span style=\"color: #003366\"><span class=\"links_azul\">D\u00eda 04: Ca\u00f1\u00f3n del R\u00edo Toachi<\/span><br \/>\nLevantamos nuestro campamento y nos dirigimos hacia el este, dejando atr\u00e1s las monta\u00f1as de los Andes en direcci\u00f3n a la costa, a lo largo del ca\u00f1\u00f3n del r\u00edo Toachi. El paisaje va cambiando paulatinamente y la temperatura tambi\u00e9n, pronto nos encontraremos en el bosque subtropical con vegetaci\u00f3n muy densa y con el calor sofocante del tr\u00f3pico. En solo unas cuantas horas habremos descendido cientos de metros hacia la costa hasta el bosque h\u00famedo tropical. Almuerzo en la ruta y por la tarde arribaremos hasta Santo domingo de los Colorados donde pasaremos la noche en un hotel con todas las comodidades. <strong>D\/L\/C<\/strong><\/span><\/em><\/p>\n<p style=\"text-align: justify\"><em><span style=\"color: #003366\"><span class=\"links_azul\">D\u00eda 05: Valle Hermoso - Los Bancos - Mindo<\/span><br \/>\nNuestra ruta el d\u00eda de hoy dura aproximadamente seis horas en bicicleta. Cubriremos aproximadamente 50 Km. desde la uni\u00f3n del Toachi hasta Valle Hermoso, pasando por Alluriquin, los Bancos y varios pueblitos que se localizan en el trayecto. Almuerzo en el camino y por la tarde arribaremos a Mindo, en donde pasaremos la noche en uno de los lodges de la localidad. Cena y hospedaje. <strong>D\/L\/C<\/strong><\/span><\/em><\/p>\n<p style=\"text-align: justify\"><em><span style=\"color: #003366\"><span class=\"links_azul\">D\u00eda 06: Los Bancos - Guagua Pichincha - Quito<\/span><br \/>\nPartimos desde Mindo en direcci\u00f3n a Quito por la v\u00eda alterna que pasa por Tandayapa - Nono - Calacali, recorriendo las laderas del Guagua Pichincha. La distancia que recorreremos en bicicletas ser\u00e1 de aproximadamente 50Km. en seis o siete horas. La mayor\u00eda de este recorrido es subida, pero usted no se preocupe que siempre tendremos un auto de asistencia y, si no es posible pedalear m\u00e1s podremos recogerlo en cualquier momento en el auto de abastecimiento. El \u00faltimo almuerzo lo disfrutaremos en medio de estos escenarios impresionantes y por la tarde terminar\u00e1 el viaje cuando hayamos llegado a Quito a su sitio de alojamiento. <strong>D\/L\/-<\/strong><\/span><\/em><\/p>\n<h2 style=\"text-align: justify\"><a class=\"aligncenter\" title=\"Ruta del sol\" href=\"http:\/\/www.welcomeecuador.com\/rutadelsol.php\" target=\"_self\"><span style=\"color: #000080\"><em><strong>Ruta del sol<\/strong><\/em><\/span><\/a><\/h2>\n<p style=\"text-align: justify\">\n<p style=\"text-align: justify\"><span style=\"color: #008080\"><em><strong><img loading=\"lazy\" decoding=\"async\" class=\"aligncenter size-large wp-image-96\" src=\"http:\/\/blog.espol.edu.ec\/rmtigrer\/files\/2009\/11\/ruta-del-sol-tourist-map-1024x685.jpg\" alt=\"ruta-del-sol-tourist-map\" width=\"1024\" height=\"685\" srcset=\"https:\/\/blog.espol.edu.ec\/rmtigrer\/files\/2009\/11\/ruta-del-sol-tourist-map-1024x685.jpg 1024w, https:\/\/blog.espol.edu.ec\/rmtigrer\/files\/2009\/11\/ruta-del-sol-tourist-map-300x200.jpg 300w, https:\/\/blog.espol.edu.ec\/rmtigrer\/files\/2009\/11\/ruta-del-sol-tourist-map.jpg 1953w\" sizes=\"auto, (max-width: 1024px) 100vw, 1024px\" \/><\/strong><\/em><\/span><\/p>\n<p style=\"text-align: justify\">\n<p style=\"text-align: justify\"><span style=\"color: #008080\"><em><strong>La ruta del sol ofrece una grnad diversidad de entretenimiento y una de las principales atracaciones son los deportes , tales como el ciclismo el cual destaca mucho ya que al recorrer la ruta del sol, hace diferentes paradas en las que puede conocer la cultura de los pueblos, entre otras cosas interesante, con la total seguridad.<br \/>\n<\/strong><\/em><\/span><\/p>\n<p style=\"text-align: justify\">\n<h2 style=\"text-align: justify\"><a class=\"aligncenter\" title=\"vuelta cotopaxi\" href=\"http:\/\/www.cotopaxi.cikla.net\/\" target=\"_blank\"><span style=\"color: #000080\"><em><strong>Vuelta al Cotopaxi<\/strong><\/em><\/span><\/a><\/h2>\n<p style=\"text-align: justify\"><img decoding=\"async\" src=\"\/Documents%20and%20Settings\/cltsmalc\/Escritorio\/imagen3.jpg\" alt=\"\" \/><img decoding=\"async\" src=\"\/Documents%20and%20Settings\/cltsmalc\/Escritorio\/imagen3.jpg\" alt=\"\" \/><img decoding=\"async\" src=\"\/Documents%20and%20Settings\/cltsmalc\/Escritorio\/imagen3.jpg\" alt=\"\" \/><img decoding=\"async\" src=\"\/Documents%20and%20Settings\/cltsmalc\/Escritorio\/imagen3.jpg\" alt=\"\" \/><img decoding=\"async\" src=\"\/Documents%20and%20Settings\/cltsmalc\/Escritorio\/imagen3.jpg\" alt=\"\" \/><\/p>\n<p style=\"text-align: center\"><img loading=\"lazy\" decoding=\"async\" class=\"aligncenter size-full wp-image-86\" src=\"http:\/\/blog.espol.edu.ec\/rmtigrer\/files\/2009\/11\/imagen3.jpg\" alt=\"imagen3\" width=\"621\" height=\"466\" srcset=\"https:\/\/blog.espol.edu.ec\/rmtigrer\/files\/2009\/11\/imagen3.jpg 621w, https:\/\/blog.espol.edu.ec\/rmtigrer\/files\/2009\/11\/imagen3-300x225.jpg 300w\" sizes=\"auto, (max-width: 621px) 100vw, 621px\" \/><\/p>\n<p style=\"text-align: justify\">Carrera en bicicleta de monta\u00f1a, en equipos de 2 integrantes que deben completar el recorrido juntos por caminos y senderos alrededor del Volc\u00e1n Cotopaxi en 2 etapas con un campamento general. El esp\u00edritu de la carrera es generar un espacio donde ciclistas compartan, trabajen en equipo y disfruten de una competencia exigente pero que al mismo tiempo les permita disfrutar y valorar los espacios naturales.<\/p>\n<p style=\"text-align: justify\">La carrera recorre caminos y senderos alrededor del Volc\u00e1n Cotopaxi en 2 etapas que generalmente oscilan entre los 60 y 70km y as\u00ed cierran el circuito. Todos los caminos que utiliza la carrera son caminos ya existentes por lo que el impacto de las bicicletas en la zona del p\u00e1ramo es m\u00ednimo.<br \/>\nEl nivel de dificultad t\u00e9cnica en la carrera es moderado sin embargo la exigencia la pone la altura en la que se pedalea que oscila entre los 3000 y 4100 metros sobre el nivel del mar.<\/p>\n<p style=\"text-align: justify\">La carrera recorre caminos privados y en zonas de conservaci\u00f3n por lo que ser\u00e1 revelada una semana antes de la misma para evitar molestias en esos sectores.<\/p>\n<p style=\"text-align: justify\">\n","protected":false},"excerpt":{"rendered":"<p>Ecuador ofrece una gran diversidad de rutas para los amantes del mountain bike. La diversidad geogr\u00e1fica que este pa\u00eds ofrece lo convierte en un destino ideal para los aventureros. En un viaje de pocos d\u00edas el visitante podr\u00e1 disfrutar de diferentes regiones con paisajes diferentes, climas diferentes, iniciando desde los paramos andinos, descendiendo a los [&hellip;]<\/p>\n","protected":false},"author":3021,"featured_media":0,"parent":0,"menu_order":0,"comment_status":"open","ping_status":"open","template":"","meta":{"footnotes":""},"class_list":["post-39","page","type-page","status-publish","hentry"],"_links":{"self":[{"href":"https:\/\/blog.espol.edu.ec\/rmtigrer\/wp-json\/wp\/v2\/pages\/39","targetHints":{"allow":["GET"]}}],"collection":[{"href":"https:\/\/blog.espol.edu.ec\/rmtigrer\/wp-json\/wp\/v2\/pages"}],"about":[{"href":"https:\/\/blog.espol.edu.ec\/rmtigrer\/wp-json\/wp\/v2\/types\/page"}],"author":[{"embeddable":true,"href":"https:\/\/blog.espol.edu.ec\/rmtigrer\/wp-json\/wp\/v2\/users\/3021"}],"replies":[{"embeddable":true,"href":"https:\/\/blog.espol.edu.ec\/rmtigrer\/wp-json\/wp\/v2\/comments?post=39"}],"version-history":[{"count":20,"href":"https:\/\/blog.espol.edu.ec\/rmtigrer\/wp-json\/wp\/v2\/pages\/39\/revisions"}],"predecessor-version":[{"id":50,"href":"https:\/\/blog.espol.edu.ec\/rmtigrer\/wp-json\/wp\/v2\/pages\/39\/revisions\/50"}],"wp:attachment":[{"href":"https:\/\/blog.espol.edu.ec\/rmtigrer\/wp-json\/wp\/v2\/media?parent=39"}],"curies":[{"name":"wp","href":"https:\/\/api.w.org\/{rel}","templated":true}]}}