{"id":127,"date":"2016-11-14T04:06:39","date_gmt":"2016-11-14T04:06:39","guid":{"rendered":"http:\/\/blog.espol.edu.ec\/rnavia\/?page_id=127"},"modified":"2016-11-15T04:03:08","modified_gmt":"2016-11-15T04:03:08","slug":"playa-bahia-de-caraquez","status":"publish","type":"page","link":"https:\/\/blog.espol.edu.ec\/rnavia\/playa-bahia-de-caraquez\/","title":{"rendered":"Playa Bah\u00eda de Car\u00e1quez"},"content":{"rendered":"[audio:http:\/\/blog.espol.edu.ec\/rnavia\/files\/2016\/11\/Charlie-Puth-We-Dont-Talk-Anymore-feat.-Selena-Gomez-Official-Video.mp3]\n<p>Tiene una extensi\u00f3n aproximada de 1400 metros de playa, que se divide en 2 tramos, 600 metros que corresponden al sector de playa frente del estuario sin olas y \u00a0800 metros hacia el Oc\u00e9ano Pac\u00edfico caracterizado por su fuerte oleaje.<\/p>\n<p>En la playa de Bah\u00eda de Caraquez se puede practicar un sin n\u00famero de deportes acu\u00e1ticos, entre ellos est\u00e1n: el surf,\u00a0practicar kayak, windsurfing y el famoso esqu\u00ed acu\u00e1tico. Como tambi\u00e9n podr\u00e1 alquilar botes, subirse a la banana o alquilar esferas que caminan sobre el agua. Este sector es realmente muy bueno e ideal para el turismo nacional y extranjero.<\/p>\n<p><img loading=\"lazy\" decoding=\"async\" class=\"alignleft\" src=\"http:\/\/3.bp.blogspot.com\/-2H-gn4-aro8\/UCshaRoft9I\/AAAAAAAADpE\/s2EyvYcFLFc\/s1600\/camping+bahia+de+caraquez.jpg\" width=\"320\" height=\"218\" \/><\/p>\n<p><img loading=\"lazy\" decoding=\"async\" class=\"alignright\" src=\"https:\/\/media-cdn.tripadvisor.com\/media\/photo-s\/08\/b7\/09\/57\/surfing-in-bahia-de-caraquez.jpg\" width=\"269\" height=\"180\" \/><\/p>\n<p><img loading=\"lazy\" decoding=\"async\" class=\"alignleft\" src=\"http:\/\/1.bp.blogspot.com\/-PkhnlYD1pHs\/UCsh004mhiI\/AAAAAAAADpU\/RgmGr1J8iSY\/s1600\/deportes+acuaticos+bahia+de+caraquez.jpg\" width=\"325\" height=\"204\" \/><\/p>\n<p><img loading=\"lazy\" decoding=\"async\" class=\"alignright\" src=\"http:\/\/static.panoramio.com\/photos\/original\/19101119.jpg\" width=\"267\" height=\"200\" \/><\/p>\n","protected":false},"excerpt":{"rendered":"<p>[audio:http:\/\/blog.espol.edu.ec\/rnavia\/files\/2016\/11\/Charlie-Puth-We-Dont-Talk-Anymore-feat.-Selena-Gomez-Official-Video.mp3] Tiene una extensi\u00f3n aproximada de 1400 metros de playa, que se divide en 2 tramos, 600 metros que corresponden al sector de playa frente del estuario sin olas y \u00a0800 metros hacia el Oc\u00e9ano Pac\u00edfico caracterizado por su fuerte &hellip; <a href=\"https:\/\/blog.espol.edu.ec\/rnavia\/playa-bahia-de-caraquez\/\">Sigue leyendo <span class=\"meta-nav\">&rarr;<\/span><\/a><\/p>\n","protected":false},"author":10704,"featured_media":0,"parent":0,"menu_order":0,"comment_status":"closed","ping_status":"closed","template":"","meta":{"footnotes":""},"class_list":["post-127","page","type-page","status-publish","hentry"],"_links":{"self":[{"href":"https:\/\/blog.espol.edu.ec\/rnavia\/wp-json\/wp\/v2\/pages\/127","targetHints":{"allow":["GET"]}}],"collection":[{"href":"https:\/\/blog.espol.edu.ec\/rnavia\/wp-json\/wp\/v2\/pages"}],"about":[{"href":"https:\/\/blog.espol.edu.ec\/rnavia\/wp-json\/wp\/v2\/types\/page"}],"author":[{"embeddable":true,"href":"https:\/\/blog.espol.edu.ec\/rnavia\/wp-json\/wp\/v2\/users\/10704"}],"replies":[{"embeddable":true,"href":"https:\/\/blog.espol.edu.ec\/rnavia\/wp-json\/wp\/v2\/comments?post=127"}],"version-history":[{"count":4,"href":"https:\/\/blog.espol.edu.ec\/rnavia\/wp-json\/wp\/v2\/pages\/127\/revisions"}],"predecessor-version":[{"id":181,"href":"https:\/\/blog.espol.edu.ec\/rnavia\/wp-json\/wp\/v2\/pages\/127\/revisions\/181"}],"wp:attachment":[{"href":"https:\/\/blog.espol.edu.ec\/rnavia\/wp-json\/wp\/v2\/media?parent=127"}],"curies":[{"name":"wp","href":"https:\/\/api.w.org\/{rel}","templated":true}]}}