{"id":19,"date":"2016-11-03T16:07:21","date_gmt":"2016-11-03T16:07:21","guid":{"rendered":"http:\/\/blog.espol.edu.ec\/rnavia\/?page_id=19"},"modified":"2016-11-14T04:11:45","modified_gmt":"2016-11-14T04:11:45","slug":"bahia-es-todo","status":"publish","type":"page","link":"https:\/\/blog.espol.edu.ec\/rnavia\/bahia-es-todo\/","title":{"rendered":"Inicios"},"content":{"rendered":"<p style=\"text-align: justify\">Bah\u00eda de Car\u00e1quez, fundada con el nombre original de <i>Ciudad de San Antonio de Morga Bah\u00eda de Car\u00e1quez<\/i> o simplemente conocida actualmente como Bah\u00eda, antes llamada Bah\u00eda de los Caras durante la etapa de la conquista espa\u00f1ola. Es una ciudad ecuatoriana\u00a0de la \u00a0regi\u00f3n geogr\u00e1fica costanera\u00a0perteneciente al cant\u00f3n Sucre, en la jurisdicci\u00f3n de la provincia de Manab\u00ed. Est\u00e1 situada en la desembocadura del r\u00edo Chone, y posee una reconocida infraestructura tur\u00edstica que la ubica como cabecera cantonal.<\/p>\n<p style=\"text-align: justify\"><img loading=\"lazy\" decoding=\"async\" class=\"aligncenter\" src=\"http:\/\/www.bayokcreation.com\/wp-content\/uploads\/2016\/04\/Bahia-de-Caraquez-2.jpg\" width=\"343\" height=\"229\" \/><\/p>\n<p style=\"text-align: justify\">La ciudad se encuentra a una hora al norte de la ciudad de Manta, y en la era precolombina fue sede de la antigua ciudad ind\u00edgena de Car\u00e1n. Cruzando la bah\u00eda se encuentra la poblaci\u00f3n de San Vicente. Esta traves\u00eda es muy pintoresca y se la puede realizar ya sea en una canoa de pasajeros, en una gabarra o en el puente que une a las dos poblaciones.<\/p>\n<p style=\"text-align: justify\">Desde la \u00e9poca prehisp\u00e1nica fue la antigua capital del Reino de los Caras, una entidad territorial ind\u00edgena que comprend\u00eda todo el Norte de la Provincia de Manab\u00ed (incluyendo la zona pantanosa oriental de Chone) y parte de la Provincia de Santo Domingo de los Ts\u00e1chilas. En los comienzos de la etapa colonial fue la ciudad-sede gubernamental y administrativa de la Tenencia de Car\u00e1quez. Fue la ruta principal de llegada de expedicionarios espa\u00f1oles para la conquista de los actuales territorios de la actual \u00a0Rep\u00fablica del Ecuador, principalmente de su paso por conquistar el Reina de Quito\u00a0y el \u00a0Imperio Inca.<\/p>\n<p style=\"text-align: justify\">Bah\u00eda es un lugar tur\u00edstico, muy acogedor. Es una de las playas m\u00e1s exclusivas del Ecuador. Mucha gente, especialmente de la ciudad capital, Quito, va a pasar vacaciones all\u00ed. Actualmente, Bah\u00eda de Car\u00e1quez, se ha convertido en un hermoso fondeadero de veleros internacionales que, buscando seguridad, tranquilidad y facilidades tur\u00edsticas, han encontrado en esta ciudad un punto ideal para el descanso. La bah\u00eda, por tener aguas tranquilas es ideal para la pr\u00e1ctica de todo deporte acu\u00e1tico. Tambi\u00e9n, es una ciudad que cuenta con hermosas playas muy cercanas como Canoa y La Bellaca, que son muy visitadas por los amantes del surfing. El clima de Bah\u00eda de Car\u00e1quez, es primaveral durante todo el a\u00f1o, su temperatura fluct\u00faa entre los 24 y 30\u00a0\u00b0C.<\/p>\n<p style=\"text-align: justify\"><img loading=\"lazy\" decoding=\"async\" class=\" wp-image-7 aligncenter\" src=\"http:\/\/blog.espol.edu.ec\/rnavia\/files\/2016\/11\/30-10-2015-bahia-de-caraquez-300x143.jpg\" alt=\"30-10-2015-bahia-de-caraquez\" width=\"340\" height=\"162\" srcset=\"https:\/\/blog.espol.edu.ec\/rnavia\/files\/2016\/11\/30-10-2015-bahia-de-caraquez-300x143.jpg 300w, https:\/\/blog.espol.edu.ec\/rnavia\/files\/2016\/11\/30-10-2015-bahia-de-caraquez.jpg 660w\" sizes=\"auto, (max-width: 340px) 100vw, 340px\" \/><\/p>\n","protected":false},"excerpt":{"rendered":"<p>Bah\u00eda de Car\u00e1quez, fundada con el nombre original de Ciudad de San Antonio de Morga Bah\u00eda de Car\u00e1quez o simplemente conocida actualmente como Bah\u00eda, antes llamada Bah\u00eda de los Caras durante la etapa de la conquista espa\u00f1ola. Es una ciudad &hellip; <a href=\"https:\/\/blog.espol.edu.ec\/rnavia\/bahia-es-todo\/\">Sigue leyendo <span class=\"meta-nav\">&rarr;<\/span><\/a><\/p>\n","protected":false},"author":10704,"featured_media":0,"parent":0,"menu_order":0,"comment_status":"closed","ping_status":"closed","template":"","meta":{"footnotes":""},"class_list":["post-19","page","type-page","status-publish","hentry"],"_links":{"self":[{"href":"https:\/\/blog.espol.edu.ec\/rnavia\/wp-json\/wp\/v2\/pages\/19","targetHints":{"allow":["GET"]}}],"collection":[{"href":"https:\/\/blog.espol.edu.ec\/rnavia\/wp-json\/wp\/v2\/pages"}],"about":[{"href":"https:\/\/blog.espol.edu.ec\/rnavia\/wp-json\/wp\/v2\/types\/page"}],"author":[{"embeddable":true,"href":"https:\/\/blog.espol.edu.ec\/rnavia\/wp-json\/wp\/v2\/users\/10704"}],"replies":[{"embeddable":true,"href":"https:\/\/blog.espol.edu.ec\/rnavia\/wp-json\/wp\/v2\/comments?post=19"}],"version-history":[{"count":6,"href":"https:\/\/blog.espol.edu.ec\/rnavia\/wp-json\/wp\/v2\/pages\/19\/revisions"}],"predecessor-version":[{"id":136,"href":"https:\/\/blog.espol.edu.ec\/rnavia\/wp-json\/wp\/v2\/pages\/19\/revisions\/136"}],"wp:attachment":[{"href":"https:\/\/blog.espol.edu.ec\/rnavia\/wp-json\/wp\/v2\/media?parent=19"}],"curies":[{"name":"wp","href":"https:\/\/api.w.org\/{rel}","templated":true}]}}