{"id":29,"date":"2016-11-08T21:25:14","date_gmt":"2016-11-08T21:25:14","guid":{"rendered":"http:\/\/blog.espol.edu.ec\/rnavia\/?page_id=29"},"modified":"2016-11-15T04:06:26","modified_gmt":"2016-11-15T04:06:26","slug":"hoteles","status":"publish","type":"page","link":"https:\/\/blog.espol.edu.ec\/rnavia\/hoteles\/","title":{"rendered":"Playa Punta Bellaca"},"content":{"rendered":"[audio:http:\/\/blog.espol.edu.ec\/rnavia\/files\/2016\/11\/calvin_harris_this_is_what_you_came_for_feat_rihanna_vmusice.net_.mp3]\n<p><strong>Playa Punta Bellaca<\/strong><\/p>\n<p style=\"text-align: justify\">Lugar ideal para pasarla en familia, para un d\u00eda de camping playero. Es una playa alternativa que se encuentra a 5 minutos de Bah\u00eda de Car\u00e1quez, perfecta para aquellas personas que prefieren el descanso y tranquilidad.\u00a0Un extraordinario paisaje acompa\u00f1a a los cerca de 4 kil\u00f3metros que forman el conjunto de playas adyacentes a Punta Bellaca que son La Mesita, Punta Gorda, La Gringa, y el Bejuco, se trata de una playa de excelentes cualidades paisaj\u00edsticas como balneario y tambi\u00e9n para la pr\u00e1ctica del surf. En este lugar se puede observar una gran variedad de especies como pel\u00edcanos, piqueros, fragatas, gaviotas, cangrejos, etc.<\/p>\n<p><img loading=\"lazy\" decoding=\"async\" class=\"aligncenter\" src=\"https:\/\/media-cdn.tripadvisor.com\/media\/photo-s\/08\/a7\/2d\/61\/playa-la-bellaca.jpg\" width=\"470\" height=\"264\" \/><\/p>\n<p><img loading=\"lazy\" decoding=\"async\" class=\"size-medium wp-image-126 aligncenter\" src=\"http:\/\/blog.espol.edu.ec\/rnavia\/files\/2016\/11\/pb-300x300.jpg\" alt=\"pb\" width=\"300\" height=\"300\" srcset=\"https:\/\/blog.espol.edu.ec\/rnavia\/files\/2016\/11\/pb-300x300.jpg 300w, https:\/\/blog.espol.edu.ec\/rnavia\/files\/2016\/11\/pb-150x150.jpg 150w, https:\/\/blog.espol.edu.ec\/rnavia\/files\/2016\/11\/pb.jpg 640w\" sizes=\"auto, (max-width: 300px) 100vw, 300px\" \/><\/p>\n<p><img decoding=\"async\" class=\"aligncenter\" src=\"http:\/\/www.bahiacity.com\/images\/fragatas.jpg\" \/><\/p>\n<p>&nbsp;<\/p>\n<p>&nbsp;<\/p>\n<p>&nbsp;<\/p>\n<p>&nbsp;<\/p>\n<p>&nbsp;<\/p>\n","protected":false},"excerpt":{"rendered":"<p>[audio:http:\/\/blog.espol.edu.ec\/rnavia\/files\/2016\/11\/calvin_harris_this_is_what_you_came_for_feat_rihanna_vmusice.net_.mp3] Playa Punta Bellaca Lugar ideal para pasarla en familia, para un d\u00eda de camping playero. Es una playa alternativa que se encuentra a 5 minutos de Bah\u00eda de Car\u00e1quez, perfecta para aquellas personas que prefieren el descanso y tranquilidad.\u00a0Un &hellip; <a href=\"https:\/\/blog.espol.edu.ec\/rnavia\/hoteles\/\">Sigue leyendo <span class=\"meta-nav\">&rarr;<\/span><\/a><\/p>\n","protected":false},"author":10704,"featured_media":0,"parent":0,"menu_order":0,"comment_status":"closed","ping_status":"closed","template":"","meta":{"footnotes":""},"class_list":["post-29","page","type-page","status-publish","hentry"],"_links":{"self":[{"href":"https:\/\/blog.espol.edu.ec\/rnavia\/wp-json\/wp\/v2\/pages\/29","targetHints":{"allow":["GET"]}}],"collection":[{"href":"https:\/\/blog.espol.edu.ec\/rnavia\/wp-json\/wp\/v2\/pages"}],"about":[{"href":"https:\/\/blog.espol.edu.ec\/rnavia\/wp-json\/wp\/v2\/types\/page"}],"author":[{"embeddable":true,"href":"https:\/\/blog.espol.edu.ec\/rnavia\/wp-json\/wp\/v2\/users\/10704"}],"replies":[{"embeddable":true,"href":"https:\/\/blog.espol.edu.ec\/rnavia\/wp-json\/wp\/v2\/comments?post=29"}],"version-history":[{"count":9,"href":"https:\/\/blog.espol.edu.ec\/rnavia\/wp-json\/wp\/v2\/pages\/29\/revisions"}],"predecessor-version":[{"id":185,"href":"https:\/\/blog.espol.edu.ec\/rnavia\/wp-json\/wp\/v2\/pages\/29\/revisions\/185"}],"wp:attachment":[{"href":"https:\/\/blog.espol.edu.ec\/rnavia\/wp-json\/wp\/v2\/media?parent=29"}],"curies":[{"name":"wp","href":"https:\/\/api.w.org\/{rel}","templated":true}]}}