{"id":44,"date":"2016-11-12T23:35:03","date_gmt":"2016-11-12T23:35:03","guid":{"rendered":"http:\/\/blog.espol.edu.ec\/rnavia\/?page_id=44"},"modified":"2016-11-15T01:30:09","modified_gmt":"2016-11-15T01:30:09","slug":"hoteles-2","status":"publish","type":"page","link":"https:\/\/blog.espol.edu.ec\/rnavia\/hoteles-2\/","title":{"rendered":"Los mejores hoteles"},"content":{"rendered":"[audio:http:\/\/blog.espol.edu.ec\/rnavia\/files\/2016\/11\/Closer.mp3]\n<p><strong>Casa Ceibo<\/strong><\/p>\n<p style=\"text-align: justify\">En la mitad de esta ruta, a pocos minutos de las mejores playas de Manab\u00ed, emerge Casa Ceibo Boutique Hotel &amp; Spa, brillando como una joya en medio de los manglares. Al pie del imponente r\u00edo Chone en la ciudad de Bah\u00eda de Car\u00e1quez, rodeado de la naturaleza m\u00e1s ex\u00f3tica de la zona y muy cerca de la Isla Coraz\u00f3n, que brinda a sus visitantes un espect\u00e1culo digno de ser observado en esta regi\u00f3n del pa\u00eds. Son m\u00e1s de 40 especies de p\u00e1jaros, se calcula que anidan mas de 25.000 aves en esta peque\u00f1a Isla.<\/p>\n<p style=\"text-align: justify\"><img loading=\"lazy\" decoding=\"async\" class=\"alignnone size-medium wp-image-45\" src=\"http:\/\/blog.espol.edu.ec\/rnavia\/files\/2016\/11\/casa-ceibo-bahia-de-caraquez-ecuador-3-300x199.jpg\" alt=\"casa-ceibo-bahia-de-caraquez-ecuador-3\" width=\"300\" height=\"199\" srcset=\"https:\/\/blog.espol.edu.ec\/rnavia\/files\/2016\/11\/casa-ceibo-bahia-de-caraquez-ecuador-3-300x199.jpg 300w, https:\/\/blog.espol.edu.ec\/rnavia\/files\/2016\/11\/casa-ceibo-bahia-de-caraquez-ecuador-3-768x510.jpg 768w, https:\/\/blog.espol.edu.ec\/rnavia\/files\/2016\/11\/casa-ceibo-bahia-de-caraquez-ecuador-3.jpg 800w\" sizes=\"auto, (max-width: 300px) 100vw, 300px\" \/>\u00a0<img loading=\"lazy\" decoding=\"async\" class=\"size-medium wp-image-48 alignright\" src=\"http:\/\/blog.espol.edu.ec\/rnavia\/files\/2016\/11\/casa-ceibo-bahia-de-caraquez-ecuador-39-300x201.jpg\" alt=\"casa-ceibo-bahia-de-caraquez-ecuador-39\" width=\"300\" height=\"201\" srcset=\"https:\/\/blog.espol.edu.ec\/rnavia\/files\/2016\/11\/casa-ceibo-bahia-de-caraquez-ecuador-39-300x201.jpg 300w, https:\/\/blog.espol.edu.ec\/rnavia\/files\/2016\/11\/casa-ceibo-bahia-de-caraquez-ecuador-39-768x515.jpg 768w, https:\/\/blog.espol.edu.ec\/rnavia\/files\/2016\/11\/casa-ceibo-bahia-de-caraquez-ecuador-39.jpg 800w\" sizes=\"auto, (max-width: 300px) 100vw, 300px\" \/><\/p>\n<p style=\"text-align: justify\"><img loading=\"lazy\" decoding=\"async\" class=\"alignnone size-medium wp-image-46\" src=\"http:\/\/blog.espol.edu.ec\/rnavia\/files\/2016\/11\/casa-ceibo-bahia-de-caraquez-ecuador-18-300x199.jpg\" alt=\"casa-ceibo-bahia-de-caraquez-ecuador-18\" width=\"300\" height=\"199\" srcset=\"https:\/\/blog.espol.edu.ec\/rnavia\/files\/2016\/11\/casa-ceibo-bahia-de-caraquez-ecuador-18-300x199.jpg 300w, https:\/\/blog.espol.edu.ec\/rnavia\/files\/2016\/11\/casa-ceibo-bahia-de-caraquez-ecuador-18-768x510.jpg 768w, https:\/\/blog.espol.edu.ec\/rnavia\/files\/2016\/11\/casa-ceibo-bahia-de-caraquez-ecuador-18.jpg 800w\" sizes=\"auto, (max-width: 300px) 100vw, 300px\" \/> <img loading=\"lazy\" decoding=\"async\" class=\"size-medium wp-image-47 alignright\" src=\"http:\/\/blog.espol.edu.ec\/rnavia\/files\/2016\/11\/casa-ceibo-bahia-de-caraquez-ecuador-27-300x199.jpg\" alt=\"casa-ceibo-bahia-de-caraquez-ecuador-27\" width=\"300\" height=\"199\" srcset=\"https:\/\/blog.espol.edu.ec\/rnavia\/files\/2016\/11\/casa-ceibo-bahia-de-caraquez-ecuador-27-300x199.jpg 300w, https:\/\/blog.espol.edu.ec\/rnavia\/files\/2016\/11\/casa-ceibo-bahia-de-caraquez-ecuador-27-768x510.jpg 768w, https:\/\/blog.espol.edu.ec\/rnavia\/files\/2016\/11\/casa-ceibo-bahia-de-caraquez-ecuador-27.jpg 800w\" sizes=\"auto, (max-width: 300px) 100vw, 300px\" \/><\/p>\n<p style=\"text-align: justify\"><strong>Buena Vista Place<\/strong><\/p>\n<p style=\"text-align: justify\">BUENAVISTA PLACE HOTEL est\u00e1 ubicada en Bah\u00eda de Car\u00e1quez, en la zona m\u00e1s exclusiva de la ciudad, en pleno Boulevard, rodeada del Mar y los mejores restaurantes de la Bah\u00eda.<\/p>\n<p style=\"text-align: justify\"><img loading=\"lazy\" decoding=\"async\" class=\"alignnone size-medium wp-image-52\" src=\"http:\/\/blog.espol.edu.ec\/rnavia\/files\/2016\/11\/buena-vista-300x201.jpg\" alt=\"buena-vista\" width=\"300\" height=\"201\" srcset=\"https:\/\/blog.espol.edu.ec\/rnavia\/files\/2016\/11\/buena-vista-300x201.jpg 300w, https:\/\/blog.espol.edu.ec\/rnavia\/files\/2016\/11\/buena-vista-768x516.jpg 768w, https:\/\/blog.espol.edu.ec\/rnavia\/files\/2016\/11\/buena-vista-1024x687.jpg 1024w, https:\/\/blog.espol.edu.ec\/rnavia\/files\/2016\/11\/buena-vista.jpg 1609w\" sizes=\"auto, (max-width: 300px) 100vw, 300px\" \/><img loading=\"lazy\" decoding=\"async\" class=\" wp-image-54 alignright\" src=\"http:\/\/blog.espol.edu.ec\/rnavia\/files\/2016\/11\/buena-vista-2-300x225.jpg\" alt=\"buena-vista-2\" width=\"269\" height=\"202\" srcset=\"https:\/\/blog.espol.edu.ec\/rnavia\/files\/2016\/11\/buena-vista-2-300x225.jpg 300w, https:\/\/blog.espol.edu.ec\/rnavia\/files\/2016\/11\/buena-vista-2-768x576.jpg 768w, https:\/\/blog.espol.edu.ec\/rnavia\/files\/2016\/11\/buena-vista-2-1024x768.jpg 1024w, https:\/\/blog.espol.edu.ec\/rnavia\/files\/2016\/11\/buena-vista-2.jpg 1440w\" sizes=\"auto, (max-width: 269px) 100vw, 269px\" \/><\/p>\n<p><img loading=\"lazy\" decoding=\"async\" class=\"size-medium wp-image-55 alignright\" src=\"http:\/\/blog.espol.edu.ec\/rnavia\/files\/2016\/11\/buena-vista-3-225x300.jpg\" alt=\"Jpeg\" width=\"225\" height=\"300\" srcset=\"https:\/\/blog.espol.edu.ec\/rnavia\/files\/2016\/11\/buena-vista-3-225x300.jpg 225w, https:\/\/blog.espol.edu.ec\/rnavia\/files\/2016\/11\/buena-vista-3-768x1024.jpg 768w, https:\/\/blog.espol.edu.ec\/rnavia\/files\/2016\/11\/buena-vista-3.jpg 810w\" sizes=\"auto, (max-width: 225px) 100vw, 225px\" \/><\/p>\n<p><img loading=\"lazy\" decoding=\"async\" class=\" wp-image-53\" src=\"http:\/\/blog.espol.edu.ec\/rnavia\/files\/2016\/11\/buena-vista-1-300x225.jpg\" alt=\"SAMSUNG CAMERA PICTURES\" width=\"296\" height=\"222\" srcset=\"https:\/\/blog.espol.edu.ec\/rnavia\/files\/2016\/11\/buena-vista-1-300x225.jpg 300w, https:\/\/blog.espol.edu.ec\/rnavia\/files\/2016\/11\/buena-vista-1-768x576.jpg 768w, https:\/\/blog.espol.edu.ec\/rnavia\/files\/2016\/11\/buena-vista-1-1024x768.jpg 1024w, https:\/\/blog.espol.edu.ec\/rnavia\/files\/2016\/11\/buena-vista-1.jpg 1440w\" sizes=\"auto, (max-width: 296px) 100vw, 296px\" \/><\/p>\n<p>&nbsp;<\/p>\n<p>&nbsp;<\/p>\n<p><strong>Saiananda<\/strong><\/p>\n<p style=\"text-align: justify\">Saiananda, significa Bienaventuranza de la Madre Divina en s\u00e1nscrito. Es un sitio maravilloso y m\u00e1gico, donde todo aquel que venga pueda experimentar paz, armon\u00eda, felicidad y contento; rodeado de una gran variedad de animales, aves, peces, flores, arboles, etc.<\/p>\n<p style=\"text-align: justify\"><img loading=\"lazy\" decoding=\"async\" class=\"alignnone size-medium wp-image-58\" src=\"http:\/\/blog.espol.edu.ec\/rnavia\/files\/2016\/11\/saiananda-3-300x200.jpg\" alt=\"saiananda-3\" width=\"300\" height=\"200\" srcset=\"https:\/\/blog.espol.edu.ec\/rnavia\/files\/2016\/11\/saiananda-3-300x200.jpg 300w, https:\/\/blog.espol.edu.ec\/rnavia\/files\/2016\/11\/saiananda-3-768x512.jpg 768w, https:\/\/blog.espol.edu.ec\/rnavia\/files\/2016\/11\/saiananda-3.jpg 960w\" sizes=\"auto, (max-width: 300px) 100vw, 300px\" \/> <img loading=\"lazy\" decoding=\"async\" class=\" wp-image-59 alignright\" src=\"http:\/\/blog.espol.edu.ec\/rnavia\/files\/2016\/11\/Saiananda-300x200.jpg\" alt=\"saiananda\" width=\"281\" height=\"187\" srcset=\"https:\/\/blog.espol.edu.ec\/rnavia\/files\/2016\/11\/Saiananda-300x200.jpg 300w, https:\/\/blog.espol.edu.ec\/rnavia\/files\/2016\/11\/Saiananda-768x513.jpg 768w, https:\/\/blog.espol.edu.ec\/rnavia\/files\/2016\/11\/Saiananda.jpg 960w\" sizes=\"auto, (max-width: 281px) 100vw, 281px\" \/> <img loading=\"lazy\" decoding=\"async\" class=\"size-medium wp-image-60 alignright\" src=\"http:\/\/blog.espol.edu.ec\/rnavia\/files\/2016\/11\/saiananda-1-300x225.jpg\" alt=\"saiananda-1\" width=\"300\" height=\"225\" srcset=\"https:\/\/blog.espol.edu.ec\/rnavia\/files\/2016\/11\/saiananda-1-300x225.jpg 300w, https:\/\/blog.espol.edu.ec\/rnavia\/files\/2016\/11\/saiananda-1-768x576.jpg 768w, https:\/\/blog.espol.edu.ec\/rnavia\/files\/2016\/11\/saiananda-1.jpg 960w\" sizes=\"auto, (max-width: 300px) 100vw, 300px\" \/> <img loading=\"lazy\" decoding=\"async\" class=\" wp-image-61 alignright\" src=\"http:\/\/blog.espol.edu.ec\/rnavia\/files\/2016\/11\/saiananda-2-300x214.jpg\" alt=\"saiananda-2\" width=\"285\" height=\"203\" srcset=\"https:\/\/blog.espol.edu.ec\/rnavia\/files\/2016\/11\/saiananda-2-300x214.jpg 300w, https:\/\/blog.espol.edu.ec\/rnavia\/files\/2016\/11\/saiananda-2-768x548.jpg 768w, https:\/\/blog.espol.edu.ec\/rnavia\/files\/2016\/11\/saiananda-2.jpg 960w\" sizes=\"auto, (max-width: 285px) 100vw, 285px\" \/><\/p>\n<p>&nbsp;<\/p>\n<p>&nbsp;<\/p>\n<p>&nbsp;<\/p>\n<p>&nbsp;<\/p>\n<p>&nbsp;<\/p>\n<p><strong>La Herradura<\/strong><\/p>\n<p>Hotel La Herradura, un lugar donde el presente recrea el pasado en cada rinc\u00f3n.\u00a0Esculturas, \u00f3leos , plumillas, balanzas, estufa, estribos, pailas y una orquesta de bronce de siglos atr\u00e1s, cobran vida de repente, para armonizar ambientes en constante transici\u00f3n de formas y colores.<\/p>\n<p><img loading=\"lazy\" decoding=\"async\" class=\"alignnone size-medium wp-image-63\" src=\"http:\/\/blog.espol.edu.ec\/rnavia\/files\/2016\/11\/la-herradura-3-300x251.jpg\" alt=\"la-herradura-3\" width=\"300\" height=\"251\" srcset=\"https:\/\/blog.espol.edu.ec\/rnavia\/files\/2016\/11\/la-herradura-3-300x251.jpg 300w, https:\/\/blog.espol.edu.ec\/rnavia\/files\/2016\/11\/la-herradura-3-768x644.jpg 768w, https:\/\/blog.espol.edu.ec\/rnavia\/files\/2016\/11\/la-herradura-3.jpg 940w\" sizes=\"auto, (max-width: 300px) 100vw, 300px\" \/> <img loading=\"lazy\" decoding=\"async\" class=\" wp-image-64 alignright\" src=\"http:\/\/blog.espol.edu.ec\/rnavia\/files\/2016\/11\/la-herradura-300x251.png\" alt=\"la-herradura\" width=\"287\" height=\"240\" srcset=\"https:\/\/blog.espol.edu.ec\/rnavia\/files\/2016\/11\/la-herradura-300x251.png 300w, https:\/\/blog.espol.edu.ec\/rnavia\/files\/2016\/11\/la-herradura-768x644.png 768w, https:\/\/blog.espol.edu.ec\/rnavia\/files\/2016\/11\/la-herradura.png 940w\" sizes=\"auto, (max-width: 287px) 100vw, 287px\" \/> <img loading=\"lazy\" decoding=\"async\" class=\"alignnone size-medium wp-image-65\" src=\"http:\/\/blog.espol.edu.ec\/rnavia\/files\/2016\/11\/la-herradura-1-300x251.jpg\" alt=\"la-herradura-1\" width=\"300\" height=\"251\" srcset=\"https:\/\/blog.espol.edu.ec\/rnavia\/files\/2016\/11\/la-herradura-1-300x251.jpg 300w, https:\/\/blog.espol.edu.ec\/rnavia\/files\/2016\/11\/la-herradura-1-768x644.jpg 768w, https:\/\/blog.espol.edu.ec\/rnavia\/files\/2016\/11\/la-herradura-1.jpg 940w\" sizes=\"auto, (max-width: 300px) 100vw, 300px\" \/> <img loading=\"lazy\" decoding=\"async\" class=\"size-medium wp-image-66 alignright\" src=\"http:\/\/blog.espol.edu.ec\/rnavia\/files\/2016\/11\/la-herradura-2-300x251.png\" alt=\"la-herradura-2\" width=\"300\" height=\"251\" srcset=\"https:\/\/blog.espol.edu.ec\/rnavia\/files\/2016\/11\/la-herradura-2-300x251.png 300w, https:\/\/blog.espol.edu.ec\/rnavia\/files\/2016\/11\/la-herradura-2-768x644.png 768w, https:\/\/blog.espol.edu.ec\/rnavia\/files\/2016\/11\/la-herradura-2.png 940w\" sizes=\"auto, (max-width: 300px) 100vw, 300px\" \/><\/p>\n<p>Estos son algunos de los hoteles conocidos en Bah\u00eda de Car\u00e1quez, aunque no son los \u00fanicos, a\u00fan existen otros como Bah\u00eda B&amp;B, Bah\u00eda Hotel y tambi\u00e9n est\u00e1n los hostales Casa Hey Sol, Hoster\u00eda el Sol, Hostal Mar\u00eda Jose, Hostal Spondylus, Hostal Isabella, Casa Hospedaje.<\/p>\n","protected":false},"excerpt":{"rendered":"<p>[audio:http:\/\/blog.espol.edu.ec\/rnavia\/files\/2016\/11\/Closer.mp3] Casa Ceibo En la mitad de esta ruta, a pocos minutos de las mejores playas de Manab\u00ed, emerge Casa Ceibo Boutique Hotel &amp; Spa, brillando como una joya en medio de los manglares. Al pie del imponente r\u00edo Chone &hellip; <a href=\"https:\/\/blog.espol.edu.ec\/rnavia\/hoteles-2\/\">Sigue leyendo <span class=\"meta-nav\">&rarr;<\/span><\/a><\/p>\n","protected":false},"author":10704,"featured_media":0,"parent":0,"menu_order":0,"comment_status":"closed","ping_status":"closed","template":"","meta":{"footnotes":""},"class_list":["post-44","page","type-page","status-publish","hentry"],"_links":{"self":[{"href":"https:\/\/blog.espol.edu.ec\/rnavia\/wp-json\/wp\/v2\/pages\/44","targetHints":{"allow":["GET"]}}],"collection":[{"href":"https:\/\/blog.espol.edu.ec\/rnavia\/wp-json\/wp\/v2\/pages"}],"about":[{"href":"https:\/\/blog.espol.edu.ec\/rnavia\/wp-json\/wp\/v2\/types\/page"}],"author":[{"embeddable":true,"href":"https:\/\/blog.espol.edu.ec\/rnavia\/wp-json\/wp\/v2\/users\/10704"}],"replies":[{"embeddable":true,"href":"https:\/\/blog.espol.edu.ec\/rnavia\/wp-json\/wp\/v2\/comments?post=44"}],"version-history":[{"count":13,"href":"https:\/\/blog.espol.edu.ec\/rnavia\/wp-json\/wp\/v2\/pages\/44\/revisions"}],"predecessor-version":[{"id":156,"href":"https:\/\/blog.espol.edu.ec\/rnavia\/wp-json\/wp\/v2\/pages\/44\/revisions\/156"}],"wp:attachment":[{"href":"https:\/\/blog.espol.edu.ec\/rnavia\/wp-json\/wp\/v2\/media?parent=44"}],"curies":[{"name":"wp","href":"https:\/\/api.w.org\/{rel}","templated":true}]}}