{"id":51,"date":"2016-10-23T22:22:19","date_gmt":"2016-10-23T22:22:19","guid":{"rendered":"http:\/\/blog.espol.edu.ec\/robertoacosta\/?page_id=51"},"modified":"2016-10-23T22:22:19","modified_gmt":"2016-10-23T22:22:19","slug":"que-es-la-cultura-trash","status":"publish","type":"page","link":"https:\/\/blog.espol.edu.ec\/robertoacosta\/que-es-la-cultura-trash\/","title":{"rendered":"\u00bfQu\u00e9 es la Cultura Trash?"},"content":{"rendered":"<h1 style=\"text-align: center\"><strong><em>CULTURA TRASH<\/em><\/strong><\/h1>\n<p style=\"text-align: justify\"><img loading=\"lazy\" decoding=\"async\" class=\"size-medium wp-image-18 aligncenter\" src=\"http:\/\/blog.espol.edu.ec\/robertoacosta\/files\/2016\/10\/logorama-550x310-300x169.jpg\" alt=\"logorama-550x310\" width=\"300\" height=\"169\" srcset=\"https:\/\/blog.espol.edu.ec\/robertoacosta\/files\/2016\/10\/logorama-550x310-300x169.jpg 300w, https:\/\/blog.espol.edu.ec\/robertoacosta\/files\/2016\/10\/logorama-550x310.jpg 550w\" sizes=\"auto, (max-width: 300px) 100vw, 300px\" \/>El t\u00e9rmino Cultura Basura o Cultura Trash se refiere, en primera instancia, a algunos aspectos de la cultura moderna o popular etiquetando los subproductos de la modernidad como \"basura\"\u00a0basados en antiguos cl\u00e1sicos. As\u00ed mismo est\u00e1 asociada con la televisi\u00f3n, la comida r\u00e1pida, los medios de comunicaci\u00f3n, la m\u00fasica popular, la cultura adolescente, pel\u00edculas, programas de entrevistas, prensa rosa, c\u00f3mics, dibujos animados, los medios sociales y otros medios de comunicaci\u00f3n.<\/p>\n<p style=\"text-align: justify\"><span class=\"goog-text-highlight\">La cultura-pop\u00a0que rodea nuestra vida cotidiana tiene una amplia\u00a0similitud con algunas de las grandes obras culturales\u00a0del pasado, en especial de la literatura. <\/span>En la televisi\u00f3n, pel\u00edculas, revistas y anuncios\u00a0estamos expuestos a muchas de las mismas historias como aquellos cr\u00edticos que estudian los grandes libros de la literatura occidental, sino que simplemente les ha animado a mirar esas historias de manera diferente.<\/p>\n<p style=\"text-align: justify\">Lejos de querer hacer juicios de valor, lo que actualmente se entiende como cultura \u201ctrash\u201d oscila entre la elegancia y la sofisticaci\u00f3n, y el desali\u00f1o y la suciedad. Es un estilo espectacularizador y exhibicionista, que busca atraer miradas. Une elementos de diversas tribus urbanas contempor\u00e1neas, como el hip-hop, el rap que se mezclan con fen\u00f3menos sociales como los videojuegos y la televisi\u00f3n.<\/p>\n<p style=\"text-align: justify\">Muchos programas, pel\u00edculas, m\u00fasica y otras formas de arte son a menudo relacionadas con la Cultura Trash\u00a0tildados de\u00a0tener poco valor educativo y\u00a0art\u00edstico. Sin embargo, muchos sostienen que estos\u00a0programas que entran en dicha\u00a0categor\u00eda son arriesgados para la crianza y desarrollo de sus hijos.\u00a0Algunos tambi\u00e9n dicen que estos programas tienen un valor de entretenimiento que\u00a0a veces involuntariamente seguimos.<\/p>\n<p style=\"text-align: justify\">En si la Cultura Trash son todos aquellos elementos de la cultura popular que a nosotros nos encanta consumir a diario, pero que no representan algun beneficio \"educativo\", y esto mis amigos, no significa que sea malo, algunos solo lo llaman entretenimiento.<\/p>\n","protected":false},"excerpt":{"rendered":"<p>CULTURA TRASH El t\u00e9rmino Cultura Basura o Cultura Trash se refiere, en primera instancia, a algunos aspectos de la cultura moderna o popular etiquetando los subproductos de la modernidad como \"basura\"\u00a0basados en antiguos cl\u00e1sicos. As\u00ed mismo est\u00e1 asociada con la televisi\u00f3n, la comida r\u00e1pida, los medios de comunicaci\u00f3n, la m\u00fasica popular, la cultura adolescente, pel\u00edculas, [&hellip;]<\/p>\n","protected":false},"author":10575,"featured_media":0,"parent":0,"menu_order":0,"comment_status":"closed","ping_status":"closed","template":"","meta":{"footnotes":""},"class_list":["post-51","page","type-page","status-publish","hentry"],"_links":{"self":[{"href":"https:\/\/blog.espol.edu.ec\/robertoacosta\/wp-json\/wp\/v2\/pages\/51","targetHints":{"allow":["GET"]}}],"collection":[{"href":"https:\/\/blog.espol.edu.ec\/robertoacosta\/wp-json\/wp\/v2\/pages"}],"about":[{"href":"https:\/\/blog.espol.edu.ec\/robertoacosta\/wp-json\/wp\/v2\/types\/page"}],"author":[{"embeddable":true,"href":"https:\/\/blog.espol.edu.ec\/robertoacosta\/wp-json\/wp\/v2\/users\/10575"}],"replies":[{"embeddable":true,"href":"https:\/\/blog.espol.edu.ec\/robertoacosta\/wp-json\/wp\/v2\/comments?post=51"}],"version-history":[{"count":2,"href":"https:\/\/blog.espol.edu.ec\/robertoacosta\/wp-json\/wp\/v2\/pages\/51\/revisions"}],"predecessor-version":[{"id":53,"href":"https:\/\/blog.espol.edu.ec\/robertoacosta\/wp-json\/wp\/v2\/pages\/51\/revisions\/53"}],"wp:attachment":[{"href":"https:\/\/blog.espol.edu.ec\/robertoacosta\/wp-json\/wp\/v2\/media?parent=51"}],"curies":[{"name":"wp","href":"https:\/\/api.w.org\/{rel}","templated":true}]}}