{"id":69,"date":"2016-10-25T02:15:50","date_gmt":"2016-10-25T02:15:50","guid":{"rendered":"http:\/\/blog.espol.edu.ec\/robertoacosta\/?page_id=69"},"modified":"2016-10-25T02:15:50","modified_gmt":"2016-10-25T02:15:50","slug":"los-virales-challenges","status":"publish","type":"page","link":"https:\/\/blog.espol.edu.ec\/robertoacosta\/los-virales-challenges\/","title":{"rendered":"Los virales \"Challenges\""},"content":{"rendered":"<p style=\"text-align: justify\">Desde los mas simples y sencillos hasta los raros y divertidos, los famosos Challenge han invadido las redes creando una tendencia en ellas. Y es que muchos de nosotros alguna vez escuchamos, vimos o quisimos replicar alg\u00fan Challenge que est\u00e9 de moda. Esta tendencia se ha convertido sin lugar a duda en una tendencia <a href=\"http:\/\/blog.espol.edu.ec\/robertoacosta\/que-es-la-cultura-trash\/\" target=\"_blank\">Trash<\/a>, y es que no solo significan nula educaci\u00f3n, si no que algunas veces los autores de estos videos salen heridos lo que causa que las personas que los vemos , los dem\u00e1s presentes en el video y m\u00e1s a\u00fan, el que graba, rompa en un llanto de risa. Y es as\u00ed que la cultura Trash se manifiesta de nuevo, en las tendencias de la cultura popular a manera de entretenimiento la mayor\u00eda de veces juvenil, pero que igual le saca una risa a personas de todas las edades.<\/p>\n<p style=\"text-align: justify\"><iframe loading=\"lazy\" src=\"https:\/\/www.youtube.com\/embed\/tVCsGUIofxI\" width=\"560\" height=\"315\" frameborder=\"0\" allowfullscreen=\"allowfullscreen\"><\/iframe><\/p>\n<p style=\"text-align: justify\">Aqu\u00ed un ejemplo de estos graciosos Challenge. \u00a0Si desconoces que son los Challenge o si quieres reirte un rato, haz clic <a href=\"https:\/\/www.youtube.com\/watch?v=oilEDqi2XfM\" target=\"_blank\">AQUI<\/a>.\u00a0Esto ha sido todo queridos visitantes, espero que lo hayan disfrutado y seguiremos con mucho m\u00e1s, \u00a0m\u00e1s adelante y recuerden que todos, en alg\u00fan momento de nuestras vida, tenemos algo de TRASH!<\/p>\n<p>&nbsp;<\/p>\n","protected":false},"excerpt":{"rendered":"<p>Desde los mas simples y sencillos hasta los raros y divertidos, los famosos Challenge han invadido las redes creando una tendencia en ellas. Y es que muchos de nosotros alguna vez escuchamos, vimos o quisimos replicar alg\u00fan Challenge que est\u00e9 de moda. Esta tendencia se ha convertido sin lugar a duda en una tendencia Trash, [&hellip;]<\/p>\n","protected":false},"author":10575,"featured_media":0,"parent":0,"menu_order":0,"comment_status":"closed","ping_status":"closed","template":"","meta":{"footnotes":""},"class_list":["post-69","page","type-page","status-publish","hentry"],"_links":{"self":[{"href":"https:\/\/blog.espol.edu.ec\/robertoacosta\/wp-json\/wp\/v2\/pages\/69","targetHints":{"allow":["GET"]}}],"collection":[{"href":"https:\/\/blog.espol.edu.ec\/robertoacosta\/wp-json\/wp\/v2\/pages"}],"about":[{"href":"https:\/\/blog.espol.edu.ec\/robertoacosta\/wp-json\/wp\/v2\/types\/page"}],"author":[{"embeddable":true,"href":"https:\/\/blog.espol.edu.ec\/robertoacosta\/wp-json\/wp\/v2\/users\/10575"}],"replies":[{"embeddable":true,"href":"https:\/\/blog.espol.edu.ec\/robertoacosta\/wp-json\/wp\/v2\/comments?post=69"}],"version-history":[{"count":1,"href":"https:\/\/blog.espol.edu.ec\/robertoacosta\/wp-json\/wp\/v2\/pages\/69\/revisions"}],"predecessor-version":[{"id":70,"href":"https:\/\/blog.espol.edu.ec\/robertoacosta\/wp-json\/wp\/v2\/pages\/69\/revisions\/70"}],"wp:attachment":[{"href":"https:\/\/blog.espol.edu.ec\/robertoacosta\/wp-json\/wp\/v2\/media?parent=69"}],"curies":[{"name":"wp","href":"https:\/\/api.w.org\/{rel}","templated":true}]}}