{"id":2,"date":"2013-04-28T18:55:49","date_gmt":"2013-04-28T18:55:49","guid":{"rendered":"http:\/\/blog.espol.edu.ec\/robota\/?page_id=2"},"modified":"2013-10-27T03:34:23","modified_gmt":"2013-10-27T03:34:23","slug":"about","status":"publish","type":"page","link":"https:\/\/blog.espol.edu.ec\/robota\/about\/","title":{"rendered":"Acerca de ROBOTA"},"content":{"rendered":"<p>Robota fue creado en el 2007 por estudiantes de Ingenier\u00eda Mec\u00e1nica de ESPOL.<\/p>\n<p>Actualmente cuenta con estudiantes de diferentes carreras:<\/p>\n<ul>\n<li>Ingenier\u00eda Mec\u00e1nica.<\/li>\n<li>Ingenier\u00eda en Electr\u00f3nica y Telecomunicaciones.<\/li>\n<li>Ingenier\u00eda en Telem\u00e1tica.<\/li>\n<li>Ingenier\u00eda en Electricidad Especializaciones: Potencia y Automatizaci\u00f3n Industrial.<\/li>\n<li>Ingenier\u00eda en Ciencias Computacionales.<\/li>\n<\/ul>\n<div><span style=\"font-size: medium\"><span style=\"line-height: 21.81818199157715px\"><a href=\"http:\/\/blog.espol.edu.ec\/robota\/files\/2013\/04\/316572_4629017960095_590873296_n.jpg\"><img loading=\"lazy\" decoding=\"async\" class=\"aligncenter size-full wp-image-12\" alt=\"Premiaci\u00f3n\" src=\"http:\/\/blog.espol.edu.ec\/robota\/files\/2013\/04\/316572_4629017960095_590873296_n.jpg\" width=\"867\" height=\"504\" srcset=\"https:\/\/blog.espol.edu.ec\/robota\/files\/2013\/04\/316572_4629017960095_590873296_n.jpg 867w, https:\/\/blog.espol.edu.ec\/robota\/files\/2013\/04\/316572_4629017960095_590873296_n-300x174.jpg 300w\" sizes=\"auto, (max-width: 867px) 100vw, 867px\" \/><\/a><\/span><\/span><\/div>\n<div><\/div>\n<div><\/div>\n<p>El lugar de trabajo de ROBOTA se encuentra en la Facultad de Ingenier\u00eda Mec\u00e1nica y Ciencias de la Producci\u00f3n (FIMCP).<\/p>\n<blockquote class=\"twitter-tweet\" lang=\"es\"><p>Ubicaci\u00f3n del club <a title=\"http:\/\/twitter.com\/CLUB_ROBOTA\/status\/322852306582388736\/photo\/1\" href=\"http:\/\/t.co\/VU7fLXLPam\">twitter.com\/CLUB_ROBOTA\/st\u2026<\/a><\/p>\n<p>\u2014 ROBOTA (@CLUB_ROBOTA) <a href=\"https:\/\/twitter.com\/CLUB_ROBOTA\/status\/322852306582388736\">12 de abril de 2013<\/a><\/p>\n<p><span style=\"font-size: 16px\">\u00a0<\/span><\/p><\/blockquote>\n","protected":false},"excerpt":{"rendered":"<p>Robota fue creado en el 2007 por estudiantes de Ingenier\u00eda Mec\u00e1nica de ESPOL. Actualmente cuenta con estudiantes de diferentes carreras: Ingenier\u00eda Mec\u00e1nica. Ingenier\u00eda en Electr\u00f3nica y Telecomunicaciones. Ingenier\u00eda en Telem\u00e1tica. Ingenier\u00eda en Electricidad Especializaciones: Potencia y Automatizaci\u00f3n Industrial. Ingenier\u00eda en &hellip; <a href=\"https:\/\/blog.espol.edu.ec\/robota\/about\/\">Sigue leyendo <span class=\"meta-nav\">&rarr;<\/span><\/a><\/p>\n","protected":false},"author":3805,"featured_media":0,"parent":0,"menu_order":0,"comment_status":"open","ping_status":"open","template":"","meta":{"footnotes":""},"class_list":["post-2","page","type-page","status-publish","hentry"],"_links":{"self":[{"href":"https:\/\/blog.espol.edu.ec\/robota\/wp-json\/wp\/v2\/pages\/2","targetHints":{"allow":["GET"]}}],"collection":[{"href":"https:\/\/blog.espol.edu.ec\/robota\/wp-json\/wp\/v2\/pages"}],"about":[{"href":"https:\/\/blog.espol.edu.ec\/robota\/wp-json\/wp\/v2\/types\/page"}],"author":[{"embeddable":true,"href":"https:\/\/blog.espol.edu.ec\/robota\/wp-json\/wp\/v2\/users\/3805"}],"replies":[{"embeddable":true,"href":"https:\/\/blog.espol.edu.ec\/robota\/wp-json\/wp\/v2\/comments?post=2"}],"version-history":[{"count":7,"href":"https:\/\/blog.espol.edu.ec\/robota\/wp-json\/wp\/v2\/pages\/2\/revisions"}],"predecessor-version":[{"id":18,"href":"https:\/\/blog.espol.edu.ec\/robota\/wp-json\/wp\/v2\/pages\/2\/revisions\/18"}],"wp:attachment":[{"href":"https:\/\/blog.espol.edu.ec\/robota\/wp-json\/wp\/v2\/media?parent=2"}],"curies":[{"name":"wp","href":"https:\/\/api.w.org\/{rel}","templated":true}]}}