{"id":28,"date":"2009-12-14T18:59:34","date_gmt":"2009-12-14T22:59:34","guid":{"rendered":"http:\/\/blog.espol.edu.ec\/rolansor\/?page_id=28"},"modified":"2009-12-14T19:07:25","modified_gmt":"2009-12-14T23:07:25","slug":"se-acabo-el-tiempo-la-fecha-limite-es-copenhague","status":"publish","type":"page","link":"https:\/\/blog.espol.edu.ec\/rolansor\/noticias-copenhague-2009\/se-acabo-el-tiempo-la-fecha-limite-es-copenhague\/","title":{"rendered":"Se acab\u00f3 el tiempo, la fecha l\u00edmite es Copenhague"},"content":{"rendered":"<div id=\"news\">\n<div class=\"article\">\n<div class=\"imageleft\"><img decoding=\"async\" src=\"http:\/\/es.cop15.dk\/files\/images\/Blogs\/Climate%20Thinkers\/connie_hedegaard_238px.jpg\" alt=\"\" \/><\/div>\n<p><!--__title_override__Se acab\u00f3 el tiempo, la fecha l\u00edmite es Copenhague__--><\/p>\n<h1><!--title:begin--><!--title:end--><\/h1>\n<div class=\"article_meta\">Por Connie Hedegaard, Ministra para la Conferencia del Clima de las Naciones Unidas en Copenhague 2009. <em>07\/12\/2009 12:15<\/em><\/div>\n<p>Hay momentos en la historia en los que el mundo puede escoger ir por caminos diferentes. La Conferencia COP 15 sobre el Cambio Clim\u00e1tico en Copenhague es uno de esos momentos decisivos. Podemos optar ir por el camino hacia una prosperidad verde y un futuro m\u00e1s sostenible. O podemos escoger el camino del estancamiento y no hacer nada acerca del cambio clim\u00e1tico dejando una cuenta enorme para que la paguen nuestros hijos y nuestros nietos. En realidad la elecci\u00f3n no es tan dif\u00edcil.<\/p>\n<p>El objetivo del Gobierno dan\u00e9s es claro e inequ\u00edvoco. Estamos trabajando para conseguir un acuerdo ambicioso y global que reduzca las emisiones de gases de efecto invernadero y aporte adaptaci\u00f3n, tecnolog\u00eda y financiamiento. Adem\u00e1s, Copenhague deber\u00eda incluir una fecha l\u00edmite para la firma de un acuerdo jur\u00eddicamente vinculante. Y deber\u00eda poner al mundo en un camino hacia la limitaci\u00f3n del aumento de las temperaturas en el siglo XXI a dos grados Celsius.<\/p>\n<p>El mundo est\u00e1 observando. Durante este \u00a0\u00faltimo a\u00f1o hemos visto una movilizaci\u00f3n popular sin precedentes. Estudiantes y catedr\u00e1ticos, l\u00edderes sindicales y directores generales, pol\u00edticos y organizaciones de base, cient\u00edficos y l\u00edderes espirituales. Gente de todas las partes del mundo, de todas las profesiones y condiciones sociales ha levantado su voz pidiendo que act\u00faemos ya. Uno de los principales canales del Gobierno dan\u00e9s, en sus esfuerzos por llegar al p\u00fablico, ha sido la p\u00e1gina web COP15.dk que ha generado una cantidad de discusiones sin precedente, noticias y una clara elecci\u00f3n en cuanto a d\u00f3nde obtener las \u00faltimas noticias sobre el cambio clim\u00e1tico y el proceso pol\u00edtico.<\/p>\n<p>Para el Gobierno dan\u00e9s ha sido una prioridad esencial el asegurar que se oiga la voz de la gente. Durante todo el pasado a\u00f1o hemos intentado implicar al p\u00fablico global. Y continuaremos haci\u00e9ndolo hasta el \u00faltimo minuto. \u00bfPor qu\u00e9? Porque creemos que la cuesti\u00f3n del clima es demasiado importante para dejarla s\u00f3lo a los pol\u00edticos y a los negociadores especializados. Y porque creemos que la presi\u00f3n p\u00fablica es necesaria para hacer comprender a los l\u00edderes que deben aportar medidas concretas y que deben hacerlo ahora. En otras palabras, hemos tratado, deliberadamente, de subir t\u00e1nto el precio de no llegar a un resultado concreto, que ning\u00fan gobierno puede afrontar el pagarlo.<\/p>\n<p>No ser\u00e1 f\u00e1cil llegar a un acuerdo ambicioso en Copenhague. En un escenario en el que 193 Partes necesitan ponerse de acuerdo, la lista de cosas que pueden ir mal no tiene fin. Sin embargo pienso que todav\u00eda es posible.<\/p>\n<p>En las \u00faltimas semanas, los pa\u00edses han ido dando un paso adelante casi d\u00eda a d\u00eda. Noruega reducir\u00e1 sus emisiones en un 40% en 2020. Corea del Sur reducir\u00e1 en un 30% de lo previsible en la situaci\u00f3n actual. Rusia ha aumentado su compromiso y ahora reducir\u00e1 hasta un 25%. Y tambi\u00e9n est\u00e1n Brasil, Jap\u00f3n, Indonesia y M\u00e9xico.<\/p>\n<p>El Presidente Obama ha anunciado los objetivos de EE UU, no s\u00f3lo para 2020, sino m\u00e1s notablemente para 2025 y 2030. Un 4% por debajo de 1990 quiz\u00e1 no sea lo que el mundo ha estado esperando, pero EE UU parece saber que el precio por llegar tarde es que el camino de las reducciones depu\u00e9s de 2020 ser\u00e1 mucho m\u00e1s empinado, con un 18% por debajo de los niveles de 1990 en 2025 y un 32% en 2030..<\/p>\n<p>Es tambi\u00e9n algo nuevo y esperanzador que China haya dado un paso adelante a nivel internacional. Debemos analizar m\u00e1s cuidadosamente en lo que se traduce el anuncio chino cuando se llegue al porcentaje de reducci\u00f3n de lo previsible en la situaci\u00f3n actual.<\/p>\n<p>A mi modo de ver ello muestra que la fecha l\u00edmite funciona. Los l\u00edderes mundiales se est\u00e1n dando cuenta de que el precio pol\u00edtico de no llegar a resultados concretos es demasiado alto. Se est\u00e1n dando cuenta de que para los pobres granjeros de Mali, que est\u00e1n sufriendo sequ\u00edas y lluvias repentinas, y para los habitantes de las islas del pac\u00edfico, cuyos hogares est\u00e1n desapareciendo bajo las olas, no hay ninguna explicaci\u00f3n plausible para el fracaso.<\/p>\n<p>En 2007 el mundo decidi\u00f3 hacer de Copenhague 2009 la fecha l\u00edmite. Las cuestiones que quedan ahora son pol\u00edticas. \u00bf Cumplir\u00e1n los ministros y los l\u00edderes mundiales sus promesas? \u00bfSe decidir\u00e1n por la acci\u00f3n y no por el estancamiento?<\/p>\n<p>Y yo les digo: \u00a1Se acab\u00f3 el tiempo! Hemos tenido suficientes llamadas de aviso. Y hemos ido parando el bot\u00f3n de repetici\u00f3n de estas llamadas demasiadas veces. Podemos hacer de Copenhague el momento decisivo que el mundo est\u00e1 esperando.<\/p>\n<p>\u00a1Hag\u00e1moslo!<\/p><\/div>\n<\/div>\n","protected":false},"excerpt":{"rendered":"<p>Por Connie Hedegaard, Ministra para la Conferencia del Clima de las Naciones Unidas en Copenhague 2009. 07\/12\/2009 12:15 Hay momentos en la historia en los que el mundo puede escoger ir por caminos diferentes. La Conferencia COP 15 sobre el Cambio Clim\u00e1tico en Copenhague es uno de esos momentos decisivos. Podemos optar ir por el [&hellip;]<\/p>\n","protected":false},"author":1645,"featured_media":0,"parent":26,"menu_order":0,"comment_status":"open","ping_status":"open","template":"","meta":{"footnotes":""},"class_list":["post-28","page","type-page","status-publish","hentry"],"_links":{"self":[{"href":"https:\/\/blog.espol.edu.ec\/rolansor\/wp-json\/wp\/v2\/pages\/28","targetHints":{"allow":["GET"]}}],"collection":[{"href":"https:\/\/blog.espol.edu.ec\/rolansor\/wp-json\/wp\/v2\/pages"}],"about":[{"href":"https:\/\/blog.espol.edu.ec\/rolansor\/wp-json\/wp\/v2\/types\/page"}],"author":[{"embeddable":true,"href":"https:\/\/blog.espol.edu.ec\/rolansor\/wp-json\/wp\/v2\/users\/1645"}],"replies":[{"embeddable":true,"href":"https:\/\/blog.espol.edu.ec\/rolansor\/wp-json\/wp\/v2\/comments?post=28"}],"version-history":[{"count":3,"href":"https:\/\/blog.espol.edu.ec\/rolansor\/wp-json\/wp\/v2\/pages\/28\/revisions"}],"predecessor-version":[{"id":49,"href":"https:\/\/blog.espol.edu.ec\/rolansor\/wp-json\/wp\/v2\/pages\/28\/revisions\/49"}],"up":[{"embeddable":true,"href":"https:\/\/blog.espol.edu.ec\/rolansor\/wp-json\/wp\/v2\/pages\/26"}],"wp:attachment":[{"href":"https:\/\/blog.espol.edu.ec\/rolansor\/wp-json\/wp\/v2\/media?parent=28"}],"curies":[{"name":"wp","href":"https:\/\/api.w.org\/{rel}","templated":true}]}}