{"id":35,"date":"2009-12-14T19:02:36","date_gmt":"2009-12-14T23:02:36","guid":{"rendered":"http:\/\/blog.espol.edu.ec\/rolansor\/?page_id=35"},"modified":"2009-12-14T19:06:53","modified_gmt":"2009-12-14T23:06:53","slug":"dinero-verde","status":"publish","type":"page","link":"https:\/\/blog.espol.edu.ec\/rolansor\/noticias-copenhague-2009\/dinero-verde\/","title":{"rendered":"Dinero Verde"},"content":{"rendered":"<p>NUEVA YORK \u2013 Hay pocas dudas de que el verde ser\u00e1 el color metaf\u00f3rico de preferencia de los l\u00edderes mundiales cuando se re\u00fanan en la Cumbre del G-20 en Pittsburgh. La atenci\u00f3n se centrar\u00e1 en convertir los \"brotes verdes\" de la recuperaci\u00f3n en un \"crecimiento verde\" sostenible, impulsando \"econom\u00edas verdes\" que vayan en la direcci\u00f3n del objetivo de proteger el clima mundial.<\/p>\n<div class=\"article_meta\">Jomo K. Sundaram es subsecretario general para desarrollo econ\u00f3mico en el Departamento de Asuntos Econ\u00f3micos y Sociales de las Naciones Unidas. <em>06\/10\/2009 12:40<\/em><\/div>\n<p>Los gobiernos de los pa\u00edses ricos est\u00e1n comenzando a enunciar en palabras lo que esto significar\u00e1 en t\u00e9rminos de pol\u00edtica, cambios de estilo de vida e inversiones necesarias para desarrollar fuentes de energ\u00eda limpias. Sin embargo, para tener \u00e9xito,\"un nuevo trato verde\" tendr\u00e1 que enfrentar algunos retos enormes en el mundo en desarrollo, donde los efectos del calentamiento global se sentir\u00e1n primero y m\u00e1s fuerte, y donde el r\u00e1pido crecimiento requiere una expansi\u00f3n masiva de energ\u00edas de bajo coste.<\/p>\n<p>Globalmente, m\u00e1s de 30 millones de toneladas de equivalentes del petr\u00f3leo se consumen en forma de energ\u00eda primaria cada d\u00eda, equivalente a 55 kilowatts- hora por d\u00eda por persona, mientras los pa\u00edses ricos consumen en promedio m\u00e1s del doble de esa cifra. Para muchos pa\u00edses en desarrollo la cifra es muy inferior a los 20 kwh; China est\u00e1 a\u00fan muy por debajo del promedio mundial, e incluso la mayor\u00eda de los mercados emergentes consumen menos de un tercio del promedio de varias econom\u00edas avanzadas.<\/p>\n<p>Los indicadores econ\u00f3micos tras las iniciativas para cerrar estas brechas energ\u00e9ticas son relativamente simples. Hasta un umbral de cerca de 100 kwh per c\u00e1pita, el consumo de energ\u00eda y los indicadores de desarrollo humano van de la mano. A los precios actuales, ser\u00edan necesarios entre 10 y 20 d\u00f3lares por persona por d\u00eda para alcanzar ese umbral.<\/p>\n<p>Esto pone la seguridad energ\u00e9tica fuera del alcance no s\u00f3lo de los m\u00e1s pobres, sino tambi\u00e9n de la mayor\u00eda de las personas en las econom\u00edas emergentes. Gastar $10 por d\u00eda en energ\u00eda, por ejemplo, agotar\u00eda los ingresos per c\u00e1pita de pa\u00edses como Angola, Ecuador y Macedonia. Por tanto, en el mundo en desarrollo se necesitan con urgencia grandes inversiones en servicios energ\u00e9ticos.<\/p>\n<p>Con el fin de dar m\u00e1s energ\u00eda para cumplir las metas del desarrollo sin acelerar el calentamiento global, debe haber un cambio a una nueva infraestructura energ\u00e9tica que se construya alrededor de recursos renovables (de los cuales probablemente los m\u00e1s significativos sean la energ\u00eda solar, la energ\u00eda e\u00f3lica y los biocombustibles), carb\u00f3n m\u00e1s limpio y captura y almacenamiento de carbono.<\/p>\n<p>El problema es que \u00e9stas son en la actualidad opciones mucho m\u00e1s costosas que las de sus alternativas con altas emisiones de carbono. A las autoridades de los pa\u00edses en desarrollo les preocupa que, si se las obliga a seguir este rumbo, los servicios energ\u00e9ticos modernos terminen fuera de alcance de los pa\u00edses, las familias y las comunidades pobres.<\/p>\n<p>Las soluciones de mercado al reto del cambio clim\u00e1tico presentan el muy serio riesgo de socavar los objetivos del desarrollo, precisamente porque apuntan a elevar el precio de los servicios energ\u00e9ticos con el fin de hacer las fuentes de energ\u00eda renovables m\u00e1s atractivas a los inversionistas privados. De hecho, los elementos proteccionistas que se encuentran engarzados en estas propuestas las convierten decididamente en contrarias al desarrollo.<\/p>\n<p>En consecuencia, lo que se necesita es una inversi\u00f3n p\u00fablica masiva en suministro de energ\u00edas m\u00e1s limpias, combinada en el corto plazo con subsidios adecuados para compensar los altos precios iniciales. Si se centra en las opciones tecnol\u00f3gicas m\u00e1s prometedoras (digamos, energ\u00eda solar y e\u00f3lica), una estrategia as\u00ed permitir\u00eda una reducci\u00f3n temprana de los costos por unidad a trav\u00e9s de innovaci\u00f3n, capacitaci\u00f3n y econom\u00edas de escala, dar\u00eda al sector privado se\u00f1ales claras, cre\u00edbles y atractivas, y estimular\u00eda la eficiencia en el uso de la energ\u00eda.<\/p>\n<p>El gran obst\u00e1culo es el acceso a fuentes de financiamiento previsibles y asequibles. Apoyar este gran impulso hacia las energ\u00edas limpias en el mundo en desarrollo depende en gran medida de los gobiernos de los pa\u00edses ricos, ya que su prosperidad econ\u00f3mica impulsada por las energ\u00edas emisoras de carbono ha sido lo que nos ha puesto al borde de la cat\u00e1strofe clim\u00e1tica. Hasta ahora, los pa\u00edses ricos no han estado a la altura del reto; a pesar de los compromisos firmados en Kyoto, Bali y otros encuentros, los recursos comprometidos para la mitigaci\u00f3n del cambio clim\u00e1tico (para no hablar de adaptaci\u00f3n) en los pa\u00edses en desarrollo han sido escasos y han estado mal enfocados.<\/p>\n<p>La escala del apoyo necesario es comparable con el Plan Marshall, que comprometi\u00f3 un 1% del PGB de los Estados Unidos por a\u00f1o para ayudar a reconstruir Europa tras la Segunda Guerra Mundial. Sin embargo, como ocurri\u00f3 con el plan original, los beneficios de largo plazo de un compromiso as\u00ed ser\u00e1n enormes.<\/p>\n<p>Sin embargo, esta vez la carga no recaer\u00e1 en un solo pa\u00eds, y ya hay disponible una mayor variedad de fuentes de financiamiento tradicionales e innovadoras para los programas de inversi\u00f3n necesarios en energ\u00eda renovable y uso eficiente de la energ\u00eda. A\u00fan as\u00ed, para aumentar la escala del apoyo multilateral ser\u00e1 necesaria una gran reformulaci\u00f3n de las finanzas internacionales.<\/p>\n<p>En abril pasado, los l\u00edderes del G-20 aceptaron que invertir en una infraestructura que emita bajos niveles de carbono, en particular en cuanto a servicios energ\u00e9ticos, es clave para alcanzar un futuro en que la econom\u00eda y el medio ambiente sean verdaderamente sostenibles. En Pittsburgh, con la urgencia que nos da la cuenta regresiva para adoptar un tratado que suceda al protocolo de Kyoto este diciembre en Copenhague, el G-20 tendr\u00e1 una oportunidad real de demostrar que el color del dinero comprometido con las metas clim\u00e1ticas y de desarrollo es verdaderamente el verde.<\/p>\n","protected":false},"excerpt":{"rendered":"<p>NUEVA YORK \u2013 Hay pocas dudas de que el verde ser\u00e1 el color metaf\u00f3rico de preferencia de los l\u00edderes mundiales cuando se re\u00fanan en la Cumbre del G-20 en Pittsburgh. La atenci\u00f3n se centrar\u00e1 en convertir los \"brotes verdes\" de la recuperaci\u00f3n en un \"crecimiento verde\" sostenible, impulsando \"econom\u00edas verdes\" que vayan en la direcci\u00f3n [&hellip;]<\/p>\n","protected":false},"author":1645,"featured_media":0,"parent":26,"menu_order":0,"comment_status":"open","ping_status":"open","template":"","meta":{"footnotes":""},"class_list":["post-35","page","type-page","status-publish","hentry"],"_links":{"self":[{"href":"https:\/\/blog.espol.edu.ec\/rolansor\/wp-json\/wp\/v2\/pages\/35","targetHints":{"allow":["GET"]}}],"collection":[{"href":"https:\/\/blog.espol.edu.ec\/rolansor\/wp-json\/wp\/v2\/pages"}],"about":[{"href":"https:\/\/blog.espol.edu.ec\/rolansor\/wp-json\/wp\/v2\/types\/page"}],"author":[{"embeddable":true,"href":"https:\/\/blog.espol.edu.ec\/rolansor\/wp-json\/wp\/v2\/users\/1645"}],"replies":[{"embeddable":true,"href":"https:\/\/blog.espol.edu.ec\/rolansor\/wp-json\/wp\/v2\/comments?post=35"}],"version-history":[{"count":4,"href":"https:\/\/blog.espol.edu.ec\/rolansor\/wp-json\/wp\/v2\/pages\/35\/revisions"}],"predecessor-version":[{"id":38,"href":"https:\/\/blog.espol.edu.ec\/rolansor\/wp-json\/wp\/v2\/pages\/35\/revisions\/38"}],"up":[{"embeddable":true,"href":"https:\/\/blog.espol.edu.ec\/rolansor\/wp-json\/wp\/v2\/pages\/26"}],"wp:attachment":[{"href":"https:\/\/blog.espol.edu.ec\/rolansor\/wp-json\/wp\/v2\/media?parent=35"}],"curies":[{"name":"wp","href":"https:\/\/api.w.org\/{rel}","templated":true}]}}