{"id":39,"date":"2009-12-14T19:05:02","date_gmt":"2009-12-14T23:05:02","guid":{"rendered":"http:\/\/blog.espol.edu.ec\/rolansor\/?page_id=39"},"modified":"2009-12-14T19:06:44","modified_gmt":"2009-12-14T23:06:44","slug":"china-toma-medidas-sobre-el-cambio-climatico","status":"publish","type":"page","link":"https:\/\/blog.espol.edu.ec\/rolansor\/noticias-copenhague-2009\/china-toma-medidas-sobre-el-cambio-climatico\/","title":{"rendered":"China toma medidas sobre el cambio clim\u00e1tico."},"content":{"rendered":"<p>El cambio clim\u00e1tico es un desaf\u00edo serio para la humanidad y el desarrollo sostenible, que exige tanto respuestas proactivas como un esfuerzo concertado por parte de la comunidad internacional.<\/p>\n<div class=\"article_meta\">Zhenhua Xie <em>26\/05\/2009 14:55<\/em><\/div>\n<p>Para China es muy importante hacer frente al cambio clim\u00e1tico. En 2007, estableci\u00f3 el Grupo Nacional L\u00edder sobre Cambio Clim\u00e1tico (NLGCC, tal su sigla en ingl\u00e9s), encabezado por el premier Wen Jiabao. Ese mismo a\u00f1o, China emiti\u00f3 su Programa Nacional sobre Cambio Clim\u00e1tico , el primero generado por un pa\u00eds en desarrollo.<\/p>\n<p>En su Programa Nacional sobre Cambio Clim\u00e1tico , China plante\u00f3 el objetivo de reducir su consumo energ\u00e9tico por unidad del PBI en 20% aproximadamente del nivel de 2005 para 2010 y, en su Plan de Mediano y Largo Plazo para el Desarrollo de Energ\u00eda Renovable , China tambi\u00e9n plantea el objetivo de aumentar la proporci\u00f3n de energ\u00eda renovable en la mezcla energ\u00e9tica primaria a 10% para 2010, y a 15% para 2020.<\/p>\n<p>Para alcanzar estos objetivos, China adopt\u00f3 una serie de pol\u00edticas y medidas efectivas, que le permitieron lograr un progreso destacable. En primer lugar, China pudo reducir su consumo energ\u00e9tico por unidad del PBI en 1,79%, 4,04% y 4,59% respectivamente para 2006, 2007 y 2008, lo que sugiere claramente la perspectiva de alcanzar el objetivo del 20% para 2010.<\/p>\n<p>En segundo lugar, entre 2006 y 2008, China cerr\u00f3 unidades peque\u00f1as de generaci\u00f3n el\u00e9ctrica termal con una capacidad total instalada de 34,21 GW, redujo progresivamente 60,59 millones de toneladas de capacidad de fabricaci\u00f3n de acero atrasada, 43,47 millones de toneladas de capacidad de fundici\u00f3n de hierro y 140 millones de toneladas de capacidad de producci\u00f3n de cemento. Todas estas medidas redujeron la contaminaci\u00f3n considerablemente.<\/p>\n<p>En tercer lugar, entre 2000 y 2008, China aument\u00f3 su capacidad de generaci\u00f3n de energ\u00eda e\u00f3lica de 340 MW a 10GW, de energ\u00eda hidr\u00e1ulica de 79,35GW a 163GW y de energ\u00eda nuclear de 2,1GW a 9,1G.W. Tambi\u00e9n ha hecho grandes esfuerzos para reducir las emisiones de gases de tipo invernadero, agr\u00edcolas y rurales. De hecho, para fines de 2007, m\u00e1s de 26,5 millones de hogares rurales utilizaban digestores de biog\u00e1s hogare\u00f1os, evitando as\u00ed 44 millones de toneladas de emisiones de CO2.<\/p>\n<p>En cuarto lugar, China aument\u00f3 sus reservorios de carbono al promover la reforestaci\u00f3n. La tasa de cobertura forestal de China aument\u00f3 del 12% a principios de los a\u00f1os 1980 al 18,21% hoy.<\/p>\n<p>Para este a\u00f1o, China completar\u00e1 la formulaci\u00f3n de programas provinciales para el cambio clim\u00e1tico en todo el pa\u00eds, promoviendo la implementaci\u00f3n efectiva del Programa Nacional sobre Cambio Clim\u00e1tico .<\/p>\n<p>Asimismo, en el paquete de est\u00edmulo econ\u00f3mico de China, se asignaron 210.000 millones de yuanes a proyectos de conservaci\u00f3n energ\u00e9tica, reducci\u00f3n de agentes contaminantes y protecci\u00f3n del ecosistema, 370.000 millones de yuanes al ajuste estructural econ\u00f3mico y a la renovaci\u00f3n tecnol\u00f3gica, y 400.000 millones de yuanes a nuevas viviendas eficientes en el consumo de energ\u00eda, ya que utilizar\u00e1n materiales que no son nocivos para el medio ambiente. Adem\u00e1s, se utilizar\u00e1n 370.000 millones de yuanes para mejorar los est\u00e1ndares de vida rurales de una manera ambientalmente s\u00f3lida y sostenible.<\/p>\n<p>China est\u00e1 haciendo enormes esfuerzos para combatir el cambio clim\u00e1tico a pesar del hecho de que sigue siendo un pa\u00eds en desarrollo de bajos ingresos con un PBI per capita de apenas 3.000 d\u00f3lares aproximadamente. Por cierto, seg\u00fan los patrones de las Naciones Unidas, China todav\u00eda tiene 150 millones de personas que viven en la pobreza. China no tiene otra opci\u00f3n que favorecer el desarrollo sustentable para poder satisfacer las necesidades b\u00e1sicas de su pueblo y erradicar la pobreza. En este proceso, se garantiza al mundo que China har\u00e1 todos los esfuerzos para hacer frente al cambio clim\u00e1tico.<\/p>\n<p>La comunidad internacional tiene grandes expectativas de que se alcance un resultado positivo en Copenhague. Seg\u00fan la visi\u00f3n de China, la clave para el \u00e9xito en Copenhague reside en llevar a cabo la implementaci\u00f3n plena, efectiva y sostenida de la Convenci\u00f3n y su Protocolo de Kyoto (PK). Los pa\u00edses desarrollados que participan en el PK, colectivamente, deben reducir sus emisiones de gases de tipo invernadero en por lo menos 25-40% por debajo de su nivel de 1990 para 2020.<\/p>\n<p>En el caso de los pa\u00edses desarrollados que no integran el PK, deber\u00edan asumir compromisos comparables con objetivos cuantificados de reducci\u00f3n de las emisiones. Los pa\u00edses desarrollados tambi\u00e9n deber\u00edan cumplir con sus obligaciones planteadas por la Convenci\u00f3n de proporcionar respaldo financiero y transferencia de tecnolog\u00eda de modo de permitir que los pa\u00edses en desarrollo hagan frente de manera efectiva al cambio clim\u00e1tico.<\/p>\n<p>Por otra parte, deber\u00edan establecerse mecanismos apropiados y acuerdos institucionales para la adaptaci\u00f3n, el respaldo financiero y la transferencia de tecnolog\u00eda. Los pa\u00edses en desarrollo, en el contexto de un desarrollo sostenible y con un respaldo mensurable, declarable y verificable en t\u00e9rminos de financiamiento, tecnolog\u00eda e incremento de la capacidad, deber\u00edan emprender acciones de mitigaci\u00f3n apropiadas a nivel nacional.<\/p>\n<p>La crisis financiera global, sin lugar a duda, ha exacerbado el desaf\u00edo del cambio clim\u00e1tico. Pero como el cambio clim\u00e1tico es un desaf\u00edo m\u00e1s serio y de mucho mayor alcance, el mundo no debe vacilar en su determinaci\u00f3n y compromiso de resolverlo. De hecho, la crisis financiera internacional, si se la resuelve correctamente, tambi\u00e9n debe transformarse en una oportunidad para alcanzar una soluci\u00f3n positiva tanto para la protecci\u00f3n del clima como para el desarrollo econ\u00f3mico.<\/p>\n<p>Con un profundo sentido de la responsabilidad por su propio pueblo y por toda la raza humana, China continuar\u00e1 implementando pol\u00edticas y medidas proactivas para hacer frente al cambio clim\u00e1tico, as\u00ed como realizando esfuerzos incesantes para la protecci\u00f3n del sistema de la Tierra.<\/p>\n<p><em>Xie Zhenhua es representante especial sobre cambio clim\u00e1tico del presidente Hu Jintao y vicepresidente de la Comisi\u00f3n Nacional de Desarrollo y Reforma de China.<\/em><\/p>\n","protected":false},"excerpt":{"rendered":"<p>El cambio clim\u00e1tico es un desaf\u00edo serio para la humanidad y el desarrollo sostenible, que exige tanto respuestas proactivas como un esfuerzo concertado por parte de la comunidad internacional. Zhenhua Xie 26\/05\/2009 14:55 Para China es muy importante hacer frente al cambio clim\u00e1tico. En 2007, estableci\u00f3 el Grupo Nacional L\u00edder sobre Cambio Clim\u00e1tico (NLGCC, tal [&hellip;]<\/p>\n","protected":false},"author":1645,"featured_media":0,"parent":26,"menu_order":0,"comment_status":"open","ping_status":"open","template":"","meta":{"footnotes":""},"class_list":["post-39","page","type-page","status-publish","hentry"],"_links":{"self":[{"href":"https:\/\/blog.espol.edu.ec\/rolansor\/wp-json\/wp\/v2\/pages\/39","targetHints":{"allow":["GET"]}}],"collection":[{"href":"https:\/\/blog.espol.edu.ec\/rolansor\/wp-json\/wp\/v2\/pages"}],"about":[{"href":"https:\/\/blog.espol.edu.ec\/rolansor\/wp-json\/wp\/v2\/types\/page"}],"author":[{"embeddable":true,"href":"https:\/\/blog.espol.edu.ec\/rolansor\/wp-json\/wp\/v2\/users\/1645"}],"replies":[{"embeddable":true,"href":"https:\/\/blog.espol.edu.ec\/rolansor\/wp-json\/wp\/v2\/comments?post=39"}],"version-history":[{"count":3,"href":"https:\/\/blog.espol.edu.ec\/rolansor\/wp-json\/wp\/v2\/pages\/39\/revisions"}],"predecessor-version":[{"id":44,"href":"https:\/\/blog.espol.edu.ec\/rolansor\/wp-json\/wp\/v2\/pages\/39\/revisions\/44"}],"up":[{"embeddable":true,"href":"https:\/\/blog.espol.edu.ec\/rolansor\/wp-json\/wp\/v2\/pages\/26"}],"wp:attachment":[{"href":"https:\/\/blog.espol.edu.ec\/rolansor\/wp-json\/wp\/v2\/media?parent=39"}],"curies":[{"name":"wp","href":"https:\/\/api.w.org\/{rel}","templated":true}]}}