{"id":42,"date":"2009-12-14T19:06:03","date_gmt":"2009-12-14T23:06:03","guid":{"rendered":"http:\/\/blog.espol.edu.ec\/rolansor\/?page_id=42"},"modified":"2009-12-14T19:07:00","modified_gmt":"2009-12-14T23:07:00","slug":"el-reto-de-copenhague","status":"publish","type":"page","link":"https:\/\/blog.espol.edu.ec\/rolansor\/noticias-copenhague-2009\/el-reto-de-copenhague\/","title":{"rendered":"El reto de Copenhague."},"content":{"rendered":"<p>El mundo afronta el a\u00f1o 2009 consciente de la importancia de alcanzar un acuerdo global sobre el marco que gobernar\u00e1 la lucha internacional contra el cambio clim\u00e1tico.<\/p>\n<div class=\"article_meta\">Jos\u00e9 Luis Rodr\u00edguez Zapatero, Presidente del Gobierno de Espa\u00f1a <em>28\/05\/2009 14:00<\/em><\/div>\n<p>Esto fue reconocido ya en el a\u00f1o 2007 con la adopci\u00f3n del Plan de Acci\u00f3n de Bali con el que la comunidad internacional se compromet\u00eda de forma un\u00e1nime a luchar conjuntamente contra el cambio clim\u00e1tico. Ese esp\u00edritu gui\u00f3 tambi\u00e9n el an\u00e1lisis y estudio de las primeras propuestas al respecto en el a\u00f1o 2008. Este a\u00f1o 2009, es el a\u00f1o en el que tendr\u00e1n lugar las verdaderas negociaciones, con la 15\u00aa Conferencia de las Partes de la Convenci\u00f3n Marco de Naciones Unidas para Cambio Clim\u00e1tico en Diciembre, en Copenhague, como hito final donde se decidir\u00e1 el \u00e9xito del proceso.<\/p>\n<p>El Cambio Clim\u00e1tico es la amenaza m\u00e1s importante jam\u00e1s conocida para la biodiversidad en la Tierra, sus recursos naturales, la agricultura y el acceso a los alimentos, la erradicaci\u00f3n de la pobreza y la disponibilidad de agua. La humanidad necesita alcanzar un gran acuerdo basado en la equidad, la integridad medioambiental y la apertura a todos los diferentes medios de los que disponemos para alcanzar el objetivo: detener el calentamiento global y asegurar las capacidades necesarias para resistir los escenarios clim\u00e1ticos m\u00e1s probables en el futuro cercano.<\/p>\n<p>Teniendo en cuenta estos tres principios, se espera que las naciones y gobiernos hagan el mejor uso posible de las diferentes herramientas que tenemos. Entre los principales retos se encuentran detener la deforestaci\u00f3n, cooperar en materia de acceso a agua y alimentos, proteger la tierra de la degradaci\u00f3n y deforestaci\u00f3n, elaborar pol\u00edticas de cobertura de riesgos y de protecci\u00f3n de las sociedades y pueblos m\u00e1s vulnerables, y construir una confianza com\u00fan en nuestras capacidades para hacerlo. El Cambio Clim\u00e1tico afecta ya a diferentes regiones, amenazando el acceso a agua potable y a la energ\u00eda a precios razonables, poniendo en peligro por tanto la consecuci\u00f3n de los Objetivos de Desarrollo del Milenio.<\/p>\n<p>Pero tambi\u00e9n hay elementos atractivos unidos a las herramientas que necesitamos implementar: es un gran incentivo a la innovaci\u00f3n, a reducir la generaci\u00f3n de residuos, a invertir en nuevas formas de energ\u00eda y producci\u00f3n industrial limpias, a reformar un modelo econ\u00f3mico que no puede durar mucho\u2026.Esta es la raz\u00f3n por la que este gran problema medioambiental se ha convertido en un elemento catalizador de las transformaciones de nuestros modelos de producci\u00f3n y consumo, en particular de los patrones energ\u00e9ticos vigentes desde la revoluci\u00f3n industrial.<\/p>\n<p>El Cambio Clim\u00e1tico requiere una acci\u00f3n urgente que no puede ser retrasada por la actual situaci\u00f3n econ\u00f3mica. Es necesario alcanzar un acuerdo global y exhaustivo en Copenhague sobre el r\u00e9gimen clim\u00e1tico global para el periodo post-2012, basado en la ciencia, y que invierta en mitigaci\u00f3n, adaptaci\u00f3n, transferencia tecnol\u00f3gica y en un nuevo y mucho m\u00e1s consistente modelo de financiaci\u00f3n para el desarrollo, y todo ello enmarcado en una visi\u00f3n compartida sobre c\u00f3mo conseguir una transici\u00f3n a un patr\u00f3n de desarrollo bajo en carbono, y respetuoso con el medio ambiente. El acuerdo es un buen elemento para impulsar las inversiones del sector privado en el futuro y sobre todo, es un hito en la acci\u00f3n necesaria para salvar el valor m\u00e1s relevante para el ser humano: mantener el mundo en las condiciones que han permitido a nuestra especie vivir y crecer en este planeta. Copenhague no es la soluci\u00f3n pero es una condici\u00f3n previa donde necesitamos tener \u00e9xito.<\/p>\n<p>Ser\u00e1 vital ponerse de acuerdo en la distribuci\u00f3n de los esfuerzos para mitigar la concentraci\u00f3n de gases de efecto invernadero en la atm\u00f3sfera hasta valores seguros, y tambi\u00e9n asegurar los flujos de recursos adicionales y predecibles que faciliten el establecimiento de medidas en pa\u00edses en desarrollo, no solo para reducir emisiones sino tambi\u00e9n para adaptarse a los impactos del Cambio Clim\u00e1tico.<\/p>\n<p>Las instituciones y fondos existentes deber\u00e1n ser reforzados, maximizando su coordinaci\u00f3n y el uso eficiente de los recursos, y ayudando a la especializaci\u00f3n institucional y a la introducci\u00f3n transversal de los criterios de resistencia al escenario clim\u00e1tico m\u00e1s probable y de la soluci\u00f3n menos intensiva en carbono dentro de los canales normales de financiaci\u00f3n del desarrollo. La cooperaci\u00f3n en la observaci\u00f3n del clima y sus impactos y las pol\u00edticas de adaptaci\u00f3n ser\u00e1n cruciales. Deber\u00e1 ponerse especial \u00e9nfasis en la ingenier\u00eda en materia energ\u00e9tica y del agua, para garantizar el acceso a las mismas en un escenario clim\u00e1tico distinto en todo el mundo. Finalmente, el apoyo internacional a las pol\u00edticas nacionales para evitar la deforestaci\u00f3n parece ser uno de los elementos m\u00e1s significativos para preservar nuestro clima y nuestra biodiversidad.<\/p>\n<p>Ser\u00e1 indispensable reforzar la coherencia de los marcos regulatorios nacionales para incentivar los cambios necesarios en el tan corto periodo en el que deben tener lugar. Los mercados de carbono y los mecanismos basados en proyectos jugar\u00e1n un papel clave. No menos importante ser\u00e1 el uso que se haga de otros elementos que tratar\u00e1n de facilitar estos objetivos como por ejemplo la cooperaci\u00f3n para reforzar la capacidad de integraci\u00f3n de nuevas tecnolog\u00edas, donde el papel de la nueva Agencia Internacional de energ\u00edas Renovables, IRENA, puede ser de gran ayuda. Y finalmente, no podemos olvidar la necesidad de impulsar las pol\u00edticas de I+D+i, promocionando tambi\u00e9n en este campo la cooperaci\u00f3n internacional, particularmente en los campos de observaci\u00f3n y monitorizaci\u00f3n, reforzando los sistemas de informaci\u00f3n para que la contabilidad del carbono sea consistente y de confianza.<\/p>\n<p>El reto es muy complejo, pero resolverlo es una responsabilidad ineludible de todos nosotros. Como dijo Albert Einstein, \u201cNo podremos resolver los problemas que tenemos hoy pensando de la misma manera que pens\u00e1bamos cuando los provocamos\u201d. Por lo tanto, necesitaremos grandes dosis de audacia y esfuerzos, para poder combinar todos los elementos implicados en las cantidades adecuadas que nos permitan alcanzar el \u00e9xito.<\/p>\n","protected":false},"excerpt":{"rendered":"<p>El mundo afronta el a\u00f1o 2009 consciente de la importancia de alcanzar un acuerdo global sobre el marco que gobernar\u00e1 la lucha internacional contra el cambio clim\u00e1tico. Jos\u00e9 Luis Rodr\u00edguez Zapatero, Presidente del Gobierno de Espa\u00f1a 28\/05\/2009 14:00 Esto fue reconocido ya en el a\u00f1o 2007 con la adopci\u00f3n del Plan de Acci\u00f3n de Bali [&hellip;]<\/p>\n","protected":false},"author":1645,"featured_media":0,"parent":26,"menu_order":0,"comment_status":"open","ping_status":"open","template":"","meta":{"footnotes":""},"class_list":["post-42","page","type-page","status-publish","hentry"],"_links":{"self":[{"href":"https:\/\/blog.espol.edu.ec\/rolansor\/wp-json\/wp\/v2\/pages\/42","targetHints":{"allow":["GET"]}}],"collection":[{"href":"https:\/\/blog.espol.edu.ec\/rolansor\/wp-json\/wp\/v2\/pages"}],"about":[{"href":"https:\/\/blog.espol.edu.ec\/rolansor\/wp-json\/wp\/v2\/types\/page"}],"author":[{"embeddable":true,"href":"https:\/\/blog.espol.edu.ec\/rolansor\/wp-json\/wp\/v2\/users\/1645"}],"replies":[{"embeddable":true,"href":"https:\/\/blog.espol.edu.ec\/rolansor\/wp-json\/wp\/v2\/comments?post=42"}],"version-history":[{"count":2,"href":"https:\/\/blog.espol.edu.ec\/rolansor\/wp-json\/wp\/v2\/pages\/42\/revisions"}],"predecessor-version":[{"id":46,"href":"https:\/\/blog.espol.edu.ec\/rolansor\/wp-json\/wp\/v2\/pages\/42\/revisions\/46"}],"up":[{"embeddable":true,"href":"https:\/\/blog.espol.edu.ec\/rolansor\/wp-json\/wp\/v2\/pages\/26"}],"wp:attachment":[{"href":"https:\/\/blog.espol.edu.ec\/rolansor\/wp-json\/wp\/v2\/media?parent=42"}],"curies":[{"name":"wp","href":"https:\/\/api.w.org\/{rel}","templated":true}]}}