{"id":50,"date":"2009-12-14T19:08:17","date_gmt":"2009-12-14T23:08:17","guid":{"rendered":"http:\/\/blog.espol.edu.ec\/rolansor\/?page_id=50"},"modified":"2009-12-14T19:08:17","modified_gmt":"2009-12-14T23:08:17","slug":"la-verdad-sobre-el-cambio-climatico","status":"publish","type":"page","link":"https:\/\/blog.espol.edu.ec\/rolansor\/noticias-copenhague-2009\/la-verdad-sobre-el-cambio-climatico\/","title":{"rendered":"La verdad sobre el cambio clim\u00e1tico"},"content":{"rendered":"<h2>Mucha gente pregunta cu\u00e1n seguros estamos sobre la ciencia del cambio clim\u00e1tico. El an\u00e1lisis m\u00e1s definitivo de la evidencia cient\u00edfica ha de encontrarse en el trabajo del Panel Intergubernamental sobre el Cambio Clim\u00e1tico (IPCC, tal su sigla en ingl\u00e9s) y su \u00faltimo informe de relevancia publicado en 2007. Yo tuve el privilegio de presidir o copresidir las evaluaciones cient\u00edficas del Panel entre 1988 y 2002.<\/h2>\n<div class=\"article_meta\">John Theodore Houghton <em>30\/04\/2009 14:20<\/em><\/div>\n<p>Muchos cientos de cient\u00edficos de diferentes pa\u00edses participaron como colaboradores y revisores de estos informes, que probablemente sean las evaluaciones internacionales m\u00e1s integrales y minuciosas sobre cualquier tema cient\u00edfico que alguna vez se hayan llevado a cabo. En junio de 1995, justo antes de la cumbre del G-8 en Escocia, las Academias de Ciencia de las 11 econom\u00edas m\u00e1s grandes del mundo (el G-8 m\u00e1s India, China y Brasil) emitieron un comunicado respaldando las conclusiones del IPCC e instando a los gobiernos mundiales a emprender una acci\u00f3n urgente para abordar el cambio clim\u00e1tico. Los principales cient\u00edficos del mundo no podr\u00edan haberse expresado de manera m\u00e1s contundente.<\/p>\n<p>Desafortunadamente, fuertes intereses personales han invertido millones de d\u00f3lares en difundir desinformaci\u00f3n sobre el cambio clim\u00e1tico. Primero, intentaron negar la existencia de cualquier evidencia cient\u00edfica sobre el calentamiento global. M\u00e1s recientemente, en gran parte han aceptado la realidad del cambio clim\u00e1tico antropog\u00e9nico (fabricado\u00a0 por el hombre), pero sostienen que sus impactos no ser\u00e1n grandes, que podemos \"esperar a ver\" y que, en cualquier caso, siempre podemos solucionar el problema si resulta ser sustancial.<\/p>\n<p>La evidencia cient\u00edfica no respalda estos argumentos. Se necesita una acci\u00f3n urgente tanto para adaptarse al cambio clim\u00e1tico que es inevitable como para reducir las emisiones de gases de tipo invernadero, especialmente CO2, para impedir un mayor deterioro en la medida de lo posible.<\/p>\n<p>En la Cumbre de la Tierra en R\u00edo de Janeiro en 1992, las naciones del mundo adhirieron a la Convenci\u00f3n Marco sobre el Cambio Clim\u00e1tico (CMNUCC), cuyo objetivo es \"estabilizar la concentraci\u00f3n de gases de tipo invernadero en la atm\u00f3sfera a un nivel que no cause una peligrosa interferencia con el sistema clim\u00e1tico\u2026, que permita que los ecosistemas se adapten naturalmente al cambio clim\u00e1tico, que asegure que la producci\u00f3n de alimentos no resulte amenazada, y que le permita al desarrollo econ\u00f3mico proceder de manera sustentable\". Llegado el caso, este tipo de estabilizaci\u00f3n incluso frenar\u00eda un mayor cambio clim\u00e1tico.<\/p>\n<p>Hoy se admite que un da\u00f1o generalizado debido, por ejemplo, a un aumento del nivel del mar y a olas de calor, inundaciones y sequ\u00edas m\u00e1s frecuentes e intensas ocurrir\u00e1 incluso aunque se trate de peque\u00f1os aumentos de la temperatura promedio global. Por lo tanto, es necesario que se hagan grandes esfuerzos para mantener el incremento de la temperatura global promedio por debajo de los 2\u00b0C en relaci\u00f3n a su nivel preindustrial.<\/p>\n<p>Si queremos tener una buena posibilidad de alcanzar este objetivo, no debe permitirse que la concentraci\u00f3n de CO2 supere las 450 partes por mill\u00f3n (hoy est\u00e1 cerca de 390 ppm). Esto implica que antes de 2050 las emisiones globales de CO2 deben reducirse a menos del 50% del nivel de 1990 (actualmente est\u00e1n 15% por sobre ese nivel), y que las emisiones promedio en los pa\u00edses desarrollados tienen que reducirse en por lo menos el 80% del nivel de 1990. El Reino Unido ya se ha comprometido a un objetivo vinculante de reducci\u00f3n de las emisiones en esos valores, y el presidente Barack Obama ya ha manifestado su intenci\u00f3n de que Estados Unidos tambi\u00e9n se proponga ese objetivo.<\/p>\n<p>Un requerimiento claro es que se interrumpa la deforestaci\u00f3n tropical, responsable del 20% de las emisiones de gases de tipo invernadero, en la pr\u00f3xima d\u00e9cada o dos. Con respecto a las emisiones resultantes de la quema de combustibles f\u00f3siles, la Agencia Internacional de Energ\u00eda (AIE) en sus \"Perspectivas de Tecnolog\u00eda Energ\u00e9tica\" describi\u00f3 en detalle las tecnolog\u00edas y acciones que son necesarias en los diferentes pa\u00edses y sectores para alcanzar estos objetivos.<\/p>\n<p>En el corto plazo, la AIE se\u00f1ala que ser\u00e1 necesaria una acci\u00f3n muy fuerte y determinada para asegurar que las emisiones globales de CO2 dejen de aumentar (el incremento actual es m\u00e1s del 3% por a\u00f1o), alcancen un pico aproximadamente en 2015 y luego declinen sostenidamente hacia el objetivo de 2050. La AIE tambi\u00e9n se\u00f1ala que los objetivos se pueden alcanzar sin un perjuicio econ\u00f3mico inaceptable. De hecho, la AIE enumera muchos beneficios que pueden materializarse si se siguen sus recomendaciones.<\/p>\n<p>Lo que se requiere ahora es reconocer que el cambio clim\u00e1tico antropog\u00e9nico afectar\u00e1 seriamente a nuestros hijos y nietos, a los ecosistemas mundiales y a las comunidades m\u00e1s pobres del mundo, y que la gravedad del impacto puede aliviarse sustancialmente si se emprende una acci\u00f3n hoy mismo.<\/p>\n<p><em>John Theodore Houghton, ex profesor de f\u00edsica atmosf\u00e9rica en la Universidad de Oxford, y fundador del Centro Hadely para la Predicci\u00f3n y la Investigaci\u00f3n Clim\u00e1tica, copresidi\u00f3 el grupo de trabajo de evaluaci\u00f3n cient\u00edfica del IPCC y fue editor responsable de sus primeros tres informes.<\/em><\/p>\n","protected":false},"excerpt":{"rendered":"<p>Mucha gente pregunta cu\u00e1n seguros estamos sobre la ciencia del cambio clim\u00e1tico. El an\u00e1lisis m\u00e1s definitivo de la evidencia cient\u00edfica ha de encontrarse en el trabajo del Panel Intergubernamental sobre el Cambio Clim\u00e1tico (IPCC, tal su sigla en ingl\u00e9s) y su \u00faltimo informe de relevancia publicado en 2007. Yo tuve el privilegio de presidir o [&hellip;]<\/p>\n","protected":false},"author":1645,"featured_media":0,"parent":26,"menu_order":0,"comment_status":"open","ping_status":"open","template":"","meta":{"footnotes":""},"class_list":["post-50","page","type-page","status-publish","hentry"],"_links":{"self":[{"href":"https:\/\/blog.espol.edu.ec\/rolansor\/wp-json\/wp\/v2\/pages\/50","targetHints":{"allow":["GET"]}}],"collection":[{"href":"https:\/\/blog.espol.edu.ec\/rolansor\/wp-json\/wp\/v2\/pages"}],"about":[{"href":"https:\/\/blog.espol.edu.ec\/rolansor\/wp-json\/wp\/v2\/types\/page"}],"author":[{"embeddable":true,"href":"https:\/\/blog.espol.edu.ec\/rolansor\/wp-json\/wp\/v2\/users\/1645"}],"replies":[{"embeddable":true,"href":"https:\/\/blog.espol.edu.ec\/rolansor\/wp-json\/wp\/v2\/comments?post=50"}],"version-history":[{"count":2,"href":"https:\/\/blog.espol.edu.ec\/rolansor\/wp-json\/wp\/v2\/pages\/50\/revisions"}],"predecessor-version":[{"id":52,"href":"https:\/\/blog.espol.edu.ec\/rolansor\/wp-json\/wp\/v2\/pages\/50\/revisions\/52"}],"up":[{"embeddable":true,"href":"https:\/\/blog.espol.edu.ec\/rolansor\/wp-json\/wp\/v2\/pages\/26"}],"wp:attachment":[{"href":"https:\/\/blog.espol.edu.ec\/rolansor\/wp-json\/wp\/v2\/media?parent=50"}],"curies":[{"name":"wp","href":"https:\/\/api.w.org\/{rel}","templated":true}]}}