{"id":103,"date":"2019-04-03T04:10:04","date_gmt":"2019-04-03T04:10:04","guid":{"rendered":"http:\/\/blog.espol.edu.ec\/romigalle\/?page_id=103"},"modified":"2020-03-26T17:45:00","modified_gmt":"2020-03-26T17:45:00","slug":"basic_physics","status":"publish","type":"page","link":"https:\/\/blog.espol.edu.ec\/romigalle\/library\/basic_physics\/","title":{"rendered":"Basic physics"},"content":{"rendered":"<p><strong>CINEM\u00c1TICA<\/strong><\/p>\n<p>La cinem\u00e1tica estudia el movimiento que existe en los cuerpos o part\u00edculas de manera independiente de las causas que lo generan.<\/p>\n<p><strong>Movimiento Rectil\u00edneo Uniforme (MRU)<\/strong><\/p>\n<p><u>Condiciones:<\/u><\/p>\n<ul>\n<li>La trayectoria descrita por la part\u00edcula es una l\u00ednea recta.<\/li>\n<li>La velocidad de la part\u00edcula es constante.<\/li>\n<\/ul>\n<p><u>Ecuaciones:<\/u><\/p>\n<p><em>Desplazamiento<\/em><\/p>\n<p>dx = df - do<\/p>\n<p><em>Variaci\u00f3n del tiempo<\/em><\/p>\n<p>dt = tf - to<\/p>\n<p><em>Velocidad<\/em><\/p>\n<p>v = dx \/ dt<\/p>\n","protected":false},"excerpt":{"rendered":"<p>CINEM\u00c1TICA La cinem\u00e1tica estudia el movimiento que existe en los cuerpos o part\u00edculas de manera independiente de las causas que lo generan. Movimiento Rectil\u00edneo Uniforme (MRU) Condiciones: La trayectoria descrita por la part\u00edcula es una l\u00ednea recta. La velocidad de la part\u00edcula es constante. Ecuaciones: Desplazamiento dx = df - do Variaci\u00f3n del tiempo dt &hellip; <\/p>\n<p><a class=\"more-link btn\" href=\"https:\/\/blog.espol.edu.ec\/romigalle\/library\/basic_physics\/\">Seguir leyendo<\/a><\/p>\n","protected":false},"author":8481,"featured_media":0,"parent":134,"menu_order":0,"comment_status":"closed","ping_status":"closed","template":"","meta":{"footnotes":""},"class_list":["post-103","page","type-page","status-publish","hentry","nodate","item-wrap"],"_links":{"self":[{"href":"https:\/\/blog.espol.edu.ec\/romigalle\/wp-json\/wp\/v2\/pages\/103","targetHints":{"allow":["GET"]}}],"collection":[{"href":"https:\/\/blog.espol.edu.ec\/romigalle\/wp-json\/wp\/v2\/pages"}],"about":[{"href":"https:\/\/blog.espol.edu.ec\/romigalle\/wp-json\/wp\/v2\/types\/page"}],"author":[{"embeddable":true,"href":"https:\/\/blog.espol.edu.ec\/romigalle\/wp-json\/wp\/v2\/users\/8481"}],"replies":[{"embeddable":true,"href":"https:\/\/blog.espol.edu.ec\/romigalle\/wp-json\/wp\/v2\/comments?post=103"}],"version-history":[{"count":3,"href":"https:\/\/blog.espol.edu.ec\/romigalle\/wp-json\/wp\/v2\/pages\/103\/revisions"}],"predecessor-version":[{"id":151,"href":"https:\/\/blog.espol.edu.ec\/romigalle\/wp-json\/wp\/v2\/pages\/103\/revisions\/151"}],"up":[{"embeddable":true,"href":"https:\/\/blog.espol.edu.ec\/romigalle\/wp-json\/wp\/v2\/pages\/134"}],"wp:attachment":[{"href":"https:\/\/blog.espol.edu.ec\/romigalle\/wp-json\/wp\/v2\/media?parent=103"}],"curies":[{"name":"wp","href":"https:\/\/api.w.org\/{rel}","templated":true}]}}