{"id":122,"date":"2012-11-03T08:51:27","date_gmt":"2012-11-03T08:51:27","guid":{"rendered":"http:\/\/blog.espol.edu.ec\/ronaldosml\/?page_id=122"},"modified":"2012-11-05T02:40:02","modified_gmt":"2012-11-05T02:40:02","slug":"lars-ulrich","status":"publish","type":"page","link":"https:\/\/blog.espol.edu.ec\/ronaldosml\/bateristas\/lars-ulrich\/","title":{"rendered":"Lars Ulrich"},"content":{"rendered":"<p>Es un\u00a0<a title=\"M\u00fasico\" href=\"http:\/\/es.wikipedia.org\/wiki\/M%C3%BAsico\">m\u00fasico<\/a>\u00a0<a title=\"Dinamarca\" href=\"http:\/\/es.wikipedia.org\/wiki\/Dinamarca\">dan\u00e9s<\/a>\u00a0conocido principalmente por ser el baterista, compositor, cofundador y col\u00edder (junto a\u00a0<a title=\"James Hetfield\" href=\"http:\/\/es.wikipedia.org\/wiki\/James_Hetfield\">James Hetfield<\/a>) de la banda de\u00a0<a title=\"Thrash metal\" href=\"http:\/\/es.wikipedia.org\/wiki\/Thrash_metal\">thrash metal<\/a>\u00a0<a title=\"Metallica\" href=\"http:\/\/es.wikipedia.org\/wiki\/Metallica\">Metallica<\/a>.<\/p>\n<p>Nacido el 26 de diciembre de\u00a0<a title=\"1963\" href=\"http:\/\/es.wikipedia.org\/wiki\/1963\">1963<\/a>\u00a0en Gentofte (<a title=\"Dinamarca\" href=\"http:\/\/es.wikipedia.org\/wiki\/Dinamarca\">Dinamarca<\/a>), en el seno de una familia de clase media-alta. Siendo un prodigio de tenis en su juventud, Ulrich se traslad\u00f3 a\u00a0<a title=\"Los \u00c1ngeles\" href=\"http:\/\/es.wikipedia.org\/wiki\/Los_%C3%81ngeles\">Los \u00c1ngeles<\/a>,\u00a0<a title=\"California\" href=\"http:\/\/es.wikipedia.org\/wiki\/California\">California<\/a>, a la edad de diecis\u00e9is a\u00f1os para seguir con su educaci\u00f3n, pero en vez de seguir jugando al\u00a0<a title=\"Tenis\" href=\"http:\/\/es.wikipedia.org\/wiki\/Tenis\">tenis<\/a>, decidi\u00f3 dedicarse a la bater\u00eda. Despu\u00e9s de publicar un anuncio en un peri\u00f3dico local de Los Angeles llamado\u00a0<em><a title=\"The Recycler (a\u00fan no redactado)\" href=\"http:\/\/es.wikipedia.org\/w\/index.php?title=The_Recycler&amp;action=edit&amp;redlink=1\">The Recycler<\/a><\/em>, conoci\u00f3 a\u00a0<a title=\"James Hetfield\" href=\"http:\/\/es.wikipedia.org\/wiki\/James_Hetfield\">James Hetfield<\/a>.<\/p>\n<p style=\"text-align: center\"><a href=\"metallica.com\"><img loading=\"lazy\" decoding=\"async\" class=\"aligncenter\" src=\"http:\/\/blogjcre.files.wordpress.com\/2011\/06\/metallica-lars-ulrich03.jpg\" alt=\"\" width=\"350\" height=\"233\" \/><\/a><\/p>\n<p style=\"text-align: left\">Su forma de tocar es muy variada, y va desde los ritmos sencillos de rock del disco\u00a0<em><a title=\"Metallica (The Black Album)\" href=\"http:\/\/es.wikipedia.org\/wiki\/Metallica_(The_Black_Album)\">The Black Album<\/a><\/em>, hasta las complejas y r\u00e1pidas partes en muchos de los temas de los discos m\u00e1s pesados de Metallica, como\u00a0<em><a title=\"Master of Puppets\" href=\"http:\/\/es.wikipedia.org\/wiki\/Master_of_Puppets\">Master of Puppets<\/a><\/em>,\u00a0<em><a title=\"Ride the Lightning\" href=\"http:\/\/es.wikipedia.org\/wiki\/Ride_the_Lightning\">Ride the Lightning<\/a><\/em>\u00a0o\u00a0<em><a title=\"...And Justice for All (\u00e1lbum)\" href=\"http:\/\/es.wikipedia.org\/wiki\/...And_Justice_for_All_(%C3%A1lbum)\">...And Justice for All<\/a><\/em>.<\/p>\n<p><iframe loading=\"lazy\" src=\"http:\/\/www.youtube.com\/embed\/8avgd-i9QGU\" frameborder=\"0\" width=\"420\" height=\"315\"><\/iframe><\/p>\n<p><iframe loading=\"lazy\" src=\"http:\/\/www.youtube.com\/embed\/Z_qLd2uj21w\" frameborder=\"0\" width=\"420\" height=\"315\"><\/iframe><\/p>\n","protected":false},"excerpt":{"rendered":"<p>Es un\u00a0m\u00fasico\u00a0dan\u00e9s\u00a0conocido principalmente por ser el baterista, compositor, cofundador y col\u00edder (junto a\u00a0James Hetfield) de la banda de\u00a0thrash metal\u00a0Metallica. Nacido el 26 de diciembre de\u00a01963\u00a0en Gentofte (Dinamarca), en el seno de una familia de clase media-alta. Siendo un prodigio de tenis en su juventud, Ulrich se traslad\u00f3 a\u00a0Los \u00c1ngeles,\u00a0California, a la edad de diecis\u00e9is a\u00f1os [&hellip;]<\/p>\n","protected":false},"author":8209,"featured_media":0,"parent":77,"menu_order":4,"comment_status":"open","ping_status":"open","template":"page_fullwidth.php","meta":{"footnotes":""},"class_list":["post-122","page","type-page","status-publish","hentry"],"_links":{"self":[{"href":"https:\/\/blog.espol.edu.ec\/ronaldosml\/wp-json\/wp\/v2\/pages\/122","targetHints":{"allow":["GET"]}}],"collection":[{"href":"https:\/\/blog.espol.edu.ec\/ronaldosml\/wp-json\/wp\/v2\/pages"}],"about":[{"href":"https:\/\/blog.espol.edu.ec\/ronaldosml\/wp-json\/wp\/v2\/types\/page"}],"author":[{"embeddable":true,"href":"https:\/\/blog.espol.edu.ec\/ronaldosml\/wp-json\/wp\/v2\/users\/8209"}],"replies":[{"embeddable":true,"href":"https:\/\/blog.espol.edu.ec\/ronaldosml\/wp-json\/wp\/v2\/comments?post=122"}],"version-history":[{"count":7,"href":"https:\/\/blog.espol.edu.ec\/ronaldosml\/wp-json\/wp\/v2\/pages\/122\/revisions"}],"predecessor-version":[{"id":160,"href":"https:\/\/blog.espol.edu.ec\/ronaldosml\/wp-json\/wp\/v2\/pages\/122\/revisions\/160"}],"up":[{"embeddable":true,"href":"https:\/\/blog.espol.edu.ec\/ronaldosml\/wp-json\/wp\/v2\/pages\/77"}],"wp:attachment":[{"href":"https:\/\/blog.espol.edu.ec\/ronaldosml\/wp-json\/wp\/v2\/media?parent=122"}],"curies":[{"name":"wp","href":"https:\/\/api.w.org\/{rel}","templated":true}]}}