{"id":153,"date":"2012-11-05T02:25:38","date_gmt":"2012-11-05T02:25:38","guid":{"rendered":"http:\/\/blog.espol.edu.ec\/ronaldosml\/?page_id=153"},"modified":"2012-11-05T02:26:45","modified_gmt":"2012-11-05T02:26:45","slug":"clasesitas","status":"publish","type":"page","link":"https:\/\/blog.espol.edu.ec\/ronaldosml\/bateria\/clasesitas\/","title":{"rendered":"clasesitas!"},"content":{"rendered":"<p>Como agarrar las baquetas:<\/p>\n<p><iframe loading=\"lazy\" src=\"http:\/\/www.youtube.com\/embed\/UzgijxnCix4\" frameborder=\"0\" width=\"420\" height=\"315\"><\/iframe><\/p>\n<p>mas informacion:\u00a0<a href=\"http:\/\/www.youtube.com\/user\/silosetelocuento\" rel=\"author\">silosetelocuento<\/a><\/p>\n<p>Rudimentos b\u00e1sicos<\/p>\n<p><iframe loading=\"lazy\" src=\"http:\/\/www.youtube.com\/embed\/maeKmAfxJK4\" frameborder=\"0\" width=\"560\" height=\"315\"><\/iframe><\/p>\n<p>M\u00e1s informaci\u00f3n:\u00a0<a href=\"http:\/\/www.youtube.com\/user\/comotocarbateria\" rel=\"author\">Moro Tovar<\/a>, \u00a0\u00a0<a title=\"http:\/\/www.morotovar.com\" href=\"http:\/\/www.youtube.com\/redirect?q=http%3A%2F%2Fwww.morotovar.com%2F&amp;session_token=ukER48lQenacNp8ZULGu53aoQSF8MTM1MjE3MzY4M0AxMzUyMDg3Mjgz\" rel=\"nofollow\" target=\"_blank\">http:\/\/www.morotovar.com<\/a><\/p>\n<p>En los links que les deje hay clases completas de bateria, espero les guste!!<\/p>\n","protected":false},"excerpt":{"rendered":"<p>Como agarrar las baquetas: mas informacion:\u00a0silosetelocuento Rudimentos b\u00e1sicos M\u00e1s informaci\u00f3n:\u00a0Moro Tovar, \u00a0\u00a0http:\/\/www.morotovar.com En los links que les deje hay clases completas de bateria, espero les guste!!<\/p>\n","protected":false},"author":8209,"featured_media":0,"parent":35,"menu_order":3,"comment_status":"open","ping_status":"open","template":"page_fullwidth.php","meta":{"footnotes":""},"class_list":["post-153","page","type-page","status-publish","hentry"],"_links":{"self":[{"href":"https:\/\/blog.espol.edu.ec\/ronaldosml\/wp-json\/wp\/v2\/pages\/153","targetHints":{"allow":["GET"]}}],"collection":[{"href":"https:\/\/blog.espol.edu.ec\/ronaldosml\/wp-json\/wp\/v2\/pages"}],"about":[{"href":"https:\/\/blog.espol.edu.ec\/ronaldosml\/wp-json\/wp\/v2\/types\/page"}],"author":[{"embeddable":true,"href":"https:\/\/blog.espol.edu.ec\/ronaldosml\/wp-json\/wp\/v2\/users\/8209"}],"replies":[{"embeddable":true,"href":"https:\/\/blog.espol.edu.ec\/ronaldosml\/wp-json\/wp\/v2\/comments?post=153"}],"version-history":[{"count":3,"href":"https:\/\/blog.espol.edu.ec\/ronaldosml\/wp-json\/wp\/v2\/pages\/153\/revisions"}],"predecessor-version":[{"id":156,"href":"https:\/\/blog.espol.edu.ec\/ronaldosml\/wp-json\/wp\/v2\/pages\/153\/revisions\/156"}],"up":[{"embeddable":true,"href":"https:\/\/blog.espol.edu.ec\/ronaldosml\/wp-json\/wp\/v2\/pages\/35"}],"wp:attachment":[{"href":"https:\/\/blog.espol.edu.ec\/ronaldosml\/wp-json\/wp\/v2\/media?parent=153"}],"curies":[{"name":"wp","href":"https:\/\/api.w.org\/{rel}","templated":true}]}}