{"id":178,"date":"2012-11-07T04:53:17","date_gmt":"2012-11-07T04:53:17","guid":{"rendered":"http:\/\/blog.espol.edu.ec\/ronaldosml\/?page_id=178"},"modified":"2012-11-07T04:54:31","modified_gmt":"2012-11-07T04:54:31","slug":"chad-smith","status":"publish","type":"page","link":"https:\/\/blog.espol.edu.ec\/ronaldosml\/bateristas\/chad-smith\/","title":{"rendered":"Chad Smith"},"content":{"rendered":"<p>Chad Gaylord Smith1 (25 de octubre de 1961, Richfield, Saint Paul, Minnesota), conocido como Chad Smith, es el baterista de la banda californiana Red Hot Chili Peppers, como as\u00ed tambi\u00e9n lo es de la banda Chickenfoot y de la agrupaci\u00f3n instrumental Chad Smith's Bombastic Meatbats.<\/p>\n<p style=\"text-align: center\"><a href=\"http:\/\/www.drummerworld.com\/drummers\/Chad_Smith.html\"><img loading=\"lazy\" decoding=\"async\" class=\"aligncenter\" src=\"http:\/\/2.bp.blogspot.com\/_FdEdvFQfwAU\/SaTO4NgD__I\/AAAAAAAAKUM\/Fu93b2eDo_s\/s320\/chad+smith\" alt=\"\" width=\"250\" height=\"259\" \/><\/a><\/p>\n<p>Comenz\u00f3 a tocar la bater\u00eda desde los 7 a\u00f1os, durante su\u00a0adolescencia\u00a0tuvo varios\u00a0trabajos\u00a0pero ninguno parec\u00eda satisfacerle ya que su \u00fanico inter\u00e9s era practicar y perfeccionar su\u00a0habilidad\u00a0de tocar. Se gradu\u00f3 de la\u00a0secundaria\u00a0\"Bloomfield Hill's Lasher\" en el a\u00f1o\u00a01980\u00a0y a partir de ah\u00ed comenz\u00f3 a tocar con varias bandas. Adem\u00e1s concurri\u00f3 a la \"Andover High School\" y \"Lahser High School\",\u00a0gradu\u00e1ndose\u00a0de esta \u00faltima en el a\u00f1o 1980. Estando todav\u00eda en la\u00a0escuela, se fue de su\u00a0casa\u00a0por un\u00a0tiempo. Cuando regres\u00f3, su\u00a0madre\u00a0lo envi\u00f3 a un\u00a0colegio\u00a0de internos. Trabajo en una serie de\u00a0empleos\u00a0mientras tocaba en varias bandas.<\/p>\n<p>M\u00e1s adelante, a sus 20 a\u00f1os, se mud\u00f3 a\u00a0California, donde viv\u00eda su\u00a0hermano\u00a0Brad, y termin\u00f3 en\u00a0Los \u00c1ngeles, donde se uni\u00f3 a los\u00a0<a title=\"Red Hot Chili Peppers\" href=\"http:\/\/es.wikipedia.org\/wiki\/Red_Hot_Chili_Peppers\">Red Hot Chili Peppers<\/a>.<span style=\"font-size: 11px\">\u00a0<\/span>Despu\u00e9s de tocar en la banda de Toby Redd, Chad gan\u00f3 una muy buena\u00a0reputaci\u00f3n\u00a0como baterista. Fue el \u00faltimo en audicionar para los\u00a0<a title=\"Red Hot Chili Peppers\" href=\"http:\/\/es.wikipedia.org\/wiki\/Red_Hot_Chili_Peppers\">Red Hot Chili Peppers<\/a>\u00a0con la reputaci\u00f3n de \"comer bater\u00eda para el desayuno\".<\/p>\n<p>Adem\u00e1s de ser reconocido por sus habilidades, Chad entr\u00f3 al\u00a0Libro Guinness de los r\u00e9cords\u00a0por tocar la bater\u00eda m\u00e1s grande del mundo (308 piezas).<\/p>\n<p>&nbsp;<\/p>\n<p>&nbsp;<\/p>\n<p>&nbsp;<iframe loading=\"lazy\" width=\"420\" height=\"315\" src=\"http:\/\/www.youtube.com\/embed\/52Dwkp8JlzA\" frameborder=\"0\" allowfullscreen><\/iframe><\/p>\n<p><iframe loading=\"lazy\" width=\"560\" height=\"315\" src=\"http:\/\/www.youtube.com\/embed\/rnOa9LtDemg\" frameborder=\"0\" allowfullscreen><\/iframe><\/p>\n<p><iframe loading=\"lazy\" width=\"560\" height=\"315\" src=\"http:\/\/www.youtube.com\/embed\/xVbkcI-TCFc\" frameborder=\"0\" allowfullscreen><\/iframe><\/p>\n","protected":false},"excerpt":{"rendered":"<p>Chad Gaylord Smith1 (25 de octubre de 1961, Richfield, Saint Paul, Minnesota), conocido como Chad Smith, es el baterista de la banda californiana Red Hot Chili Peppers, como as\u00ed tambi\u00e9n lo es de la banda Chickenfoot y de la agrupaci\u00f3n instrumental Chad Smith's Bombastic Meatbats. Comenz\u00f3 a tocar la bater\u00eda desde los 7 a\u00f1os, durante [&hellip;]<\/p>\n","protected":false},"author":8209,"featured_media":0,"parent":77,"menu_order":5,"comment_status":"open","ping_status":"open","template":"page_fullwidth.php","meta":{"footnotes":""},"class_list":["post-178","page","type-page","status-publish","hentry"],"_links":{"self":[{"href":"https:\/\/blog.espol.edu.ec\/ronaldosml\/wp-json\/wp\/v2\/pages\/178","targetHints":{"allow":["GET"]}}],"collection":[{"href":"https:\/\/blog.espol.edu.ec\/ronaldosml\/wp-json\/wp\/v2\/pages"}],"about":[{"href":"https:\/\/blog.espol.edu.ec\/ronaldosml\/wp-json\/wp\/v2\/types\/page"}],"author":[{"embeddable":true,"href":"https:\/\/blog.espol.edu.ec\/ronaldosml\/wp-json\/wp\/v2\/users\/8209"}],"replies":[{"embeddable":true,"href":"https:\/\/blog.espol.edu.ec\/ronaldosml\/wp-json\/wp\/v2\/comments?post=178"}],"version-history":[{"count":2,"href":"https:\/\/blog.espol.edu.ec\/ronaldosml\/wp-json\/wp\/v2\/pages\/178\/revisions"}],"predecessor-version":[{"id":180,"href":"https:\/\/blog.espol.edu.ec\/ronaldosml\/wp-json\/wp\/v2\/pages\/178\/revisions\/180"}],"up":[{"embeddable":true,"href":"https:\/\/blog.espol.edu.ec\/ronaldosml\/wp-json\/wp\/v2\/pages\/77"}],"wp:attachment":[{"href":"https:\/\/blog.espol.edu.ec\/ronaldosml\/wp-json\/wp\/v2\/media?parent=178"}],"curies":[{"name":"wp","href":"https:\/\/api.w.org\/{rel}","templated":true}]}}