{"id":183,"date":"2012-11-07T05:10:03","date_gmt":"2012-11-07T05:10:03","guid":{"rendered":"http:\/\/blog.espol.edu.ec\/ronaldosml\/?page_id=183"},"modified":"2012-11-08T03:54:00","modified_gmt":"2012-11-08T03:54:00","slug":"mike-portnoy","status":"publish","type":"page","link":"https:\/\/blog.espol.edu.ec\/ronaldosml\/bateristas\/mike-portnoy\/","title":{"rendered":"Mike Portnoy"},"content":{"rendered":"<p><strong>Michael \"Mike\" Portnoy<\/strong>\u00a0(n.\u00a020 de abril\u00a0de\u00a01967) es un baterista y compositor musical estadounidense. Creci\u00f3 en\u00a0Long Island,\u00a0Nassau,\u00a0Nueva York, donde su inter\u00e9s por la m\u00fasica comenz\u00f3 a temprana edad. Es principalmente conocido por su trabajo en la banda de\u00a0<a title=\"Metal progresivo\" href=\"http:\/\/es.wikipedia.org\/wiki\/Metal_progresivo\">metal progresivo<\/a>\u00a0<a title=\"Dream Theater\" href=\"http:\/\/es.wikipedia.org\/wiki\/Dream_Theater\">Dream Theater<\/a>\u00a0trabajando como compositor, baterista y director de los DVD de\u00a0Dream Theater. Famoso por su talento en la bater\u00eda, Portnoy ha ganado 23 premios de la revista\u00a0<a title=\"Modern Drummer Magazine (a\u00fan no redactado)\" href=\"http:\/\/es.wikipedia.org\/w\/index.php?title=Modern_Drummer_Magazine&amp;action=edit&amp;redlink=1\">Modern Drummer Magazine<\/a>. Ha coproducido junto a\u00a0<a title=\"John Petrucci\" href=\"http:\/\/es.wikipedia.org\/wiki\/John_Petrucci\">John Petrucci<\/a>\u00a0los \u00faltimos seis \u00e1lbumes de Dream Theater, comenzando por\u00a0<em><a title=\"Metropolis Pt. 2: Scenes from a Memory\" href=\"http:\/\/es.wikipedia.org\/wiki\/Metropolis_Pt._2:_Scenes_from_a_Memory\">Metropolis Pt. 2: Scenes from a Memory<\/a><\/em>. En el a\u00f1o 2010 se reuni\u00f3 con\u00a0<a title=\"Avenged Sevenfold\" href=\"http:\/\/es.wikipedia.org\/wiki\/Avenged_Sevenfold\">Avenged Sevenfold<\/a>\u00a0para grabar junto con la banda su nuevo disco,\u00a0<em><a title=\"Nightmare (\u00e1lbum)\" href=\"http:\/\/es.wikipedia.org\/wiki\/Nightmare_(%C3%A1lbum)\">Nightmare<\/a><\/em>, en el cual grab\u00f3 las pistas de\u00a0bater\u00eda. No est\u00e1 de m\u00e1s destacar que ha desarrollado una gran habilidad para cantar, lo cual lo demuestra en los discos de Dream Theater donde hace coros, segunda voz, y hasta ha sido la voz principal en la primer estrofa del tema Take the Time, y el final de la canci\u00f3n A Nightmare to Remember.<\/p>\n<p>En septiembre de 2010 anunci\u00f3 que dejaba Dream Theater. Actualmente aprovecha su tiempo dictando cursos de bater\u00eda para sus fans mientras trabaja en cinco proyectos con distintas personalidades de amplia trayectoria musical.<\/p>\n<p><a href=\"mikeportnoy.com\"><img loading=\"lazy\" decoding=\"async\" class=\"aligncenter\" src=\"http:\/\/upload.wikimedia.org\/wikipedia\/commons\/thumb\/e\/e0\/Portnoy_2326965635_8e992fd904_o.jpg\/250px-Portnoy_2326965635_8e992fd904_o.jpg\" alt=\"\" width=\"250\" height=\"181\" \/><\/a><\/p>\n<p>Es reconocido por usar kits gigantescos tanto as\u00ed que son llamados monstruos: Siamese Monster, en la gira de Train of Thought, Albino Monster en la gira de Octavarium, Mirage Monster en la gira de Systematic Chaos y la m\u00e1s reciente Black &amp; Silver Monster de la gira del \u00e1lbum Black Clouds &amp; Silver Linings y tampoco se puede dejar a un lado la majestuosa y legendaria Purple Monster (usada durante la gira del \u00e1lbum \"Scenes from a memory\").<\/p>\n<p><iframe loading=\"lazy\" width=\"480\" height=\"360\" src=\"http:\/\/www.youtube.com\/embed\/fmbayHHUPcA\" frameborder=\"0\" allowfullscreen><\/iframe><\/p>\n<p><iframe loading=\"lazy\" width=\"640\" height=\"360\" src=\"http:\/\/www.youtube.com\/embed\/WxuYIiGqXWk\" frameborder=\"0\" allowfullscreen><\/iframe><\/p>\n","protected":false},"excerpt":{"rendered":"<p>Michael \"Mike\" Portnoy\u00a0(n.\u00a020 de abril\u00a0de\u00a01967) es un baterista y compositor musical estadounidense. Creci\u00f3 en\u00a0Long Island,\u00a0Nassau,\u00a0Nueva York, donde su inter\u00e9s por la m\u00fasica comenz\u00f3 a temprana edad. Es principalmente conocido por su trabajo en la banda de\u00a0metal progresivo\u00a0Dream Theater\u00a0trabajando como compositor, baterista y director de los DVD de\u00a0Dream Theater. Famoso por su talento en la bater\u00eda, [&hellip;]<\/p>\n","protected":false},"author":8209,"featured_media":0,"parent":77,"menu_order":6,"comment_status":"open","ping_status":"open","template":"page_fullwidth.php","meta":{"footnotes":""},"class_list":["post-183","page","type-page","status-publish","hentry"],"_links":{"self":[{"href":"https:\/\/blog.espol.edu.ec\/ronaldosml\/wp-json\/wp\/v2\/pages\/183","targetHints":{"allow":["GET"]}}],"collection":[{"href":"https:\/\/blog.espol.edu.ec\/ronaldosml\/wp-json\/wp\/v2\/pages"}],"about":[{"href":"https:\/\/blog.espol.edu.ec\/ronaldosml\/wp-json\/wp\/v2\/types\/page"}],"author":[{"embeddable":true,"href":"https:\/\/blog.espol.edu.ec\/ronaldosml\/wp-json\/wp\/v2\/users\/8209"}],"replies":[{"embeddable":true,"href":"https:\/\/blog.espol.edu.ec\/ronaldosml\/wp-json\/wp\/v2\/comments?post=183"}],"version-history":[{"count":4,"href":"https:\/\/blog.espol.edu.ec\/ronaldosml\/wp-json\/wp\/v2\/pages\/183\/revisions"}],"predecessor-version":[{"id":185,"href":"https:\/\/blog.espol.edu.ec\/ronaldosml\/wp-json\/wp\/v2\/pages\/183\/revisions\/185"}],"up":[{"embeddable":true,"href":"https:\/\/blog.espol.edu.ec\/ronaldosml\/wp-json\/wp\/v2\/pages\/77"}],"wp:attachment":[{"href":"https:\/\/blog.espol.edu.ec\/ronaldosml\/wp-json\/wp\/v2\/media?parent=183"}],"curies":[{"name":"wp","href":"https:\/\/api.w.org\/{rel}","templated":true}]}}