{"id":35,"date":"2012-10-27T17:19:07","date_gmt":"2012-10-27T17:19:07","guid":{"rendered":"http:\/\/blog.espol.edu.ec\/ronaldosml\/?page_id=35"},"modified":"2012-11-03T09:31:06","modified_gmt":"2012-11-03T09:31:06","slug":"bateria","status":"publish","type":"page","link":"https:\/\/blog.espol.edu.ec\/ronaldosml\/bateria\/","title":{"rendered":"BATERIA!!! :)"},"content":{"rendered":"<p style=\"text-align: left\">La bater\u00eda es un instrumento musical de percusi\u00f3n que consiste en la uni\u00f3n de otros varios instrumentos como los platos y los tambores, entre otros. Es un instrumento que destaca en los etilos de m\u00fasica rock, pop y jazz, consider\u00e1ndose, junto al bajo, como la base de la m\u00fasica popular moderna.<\/p>\n<p style=\"text-align: center\"><a href=\"http:\/\/www.dwdrums.com\/\" target=\"_blank\"><img loading=\"lazy\" decoding=\"async\" class=\"aligncenter\" src=\"http:\/\/t0.gstatic.com\/images?q=tbn:ANd9GcTrqLUFm5ftQsVSiZ7Rgo51IbcD2K6rMZ6u3NGv_TynYDI-Mss6oA9e4Il-vQ\" alt=\"dw!\" width=\"290\" height=\"174\" \/><\/a><\/p>\n<p style=\"text-align: left\"><strong>Historia:<\/strong><\/p>\n<p>Los instrumentos de percusion\u00a0son considerados los m\u00e1s antiguos de los instrumentos musicales junto a los de viento. El origen de la bater\u00eda radica en la uni\u00f3n, en 1890, de unos cuantos instrumentos: los tambores y los timbales, que surgen de Africa\u00a0y China, los platillos, que derivan de Turquia\u00a0y tambi\u00e9n de China, y el bombo, de Europa.<\/p>\n<p>En el siglo XIX los m\u00fasicos romanticos\u00a0comenzaron a utilizar grupos (\u00abbater\u00edas\u00bb) cada vez m\u00e1s grandes, que fueron utilizados a principios del siglo XX, en el cakewalk\u00a0y otros estilos estadounidenses precursores del jazz. Antes de que todos los instrumentos fueran unidos y mientras su uni\u00f3n no era popular, eran tocados por varias personas (entre 2 y 4), cada una de las cuales se encargaba de alguno de los instrumentos de percusi\u00f3n. Pero las p\u00e9rdidas durante la Primera guerra mundial\u00a0afectaron a la alta burgues\u00eda, que sol\u00eda contar con peque\u00f1as orquestas privadas, y se vieron obligados a reducir el n\u00famero de m\u00fasicos, y en muchos casos \u00e9stos, sobre todo los percusionistas, aprendieron a tocar varios instrumentos a la vez. Con la invenci\u00f3n del pedal de bombo (primero, de madera; despu\u00e9s, de acero), en\u00a0<a title=\"1910\" href=\"http:\/\/es.wikipedia.org\/wiki\/1910\">1910<\/a>, por parte de\u00a0<a title=\"Ludwig (percusi\u00f3n)\" href=\"http:\/\/es.wikipedia.org\/wiki\/Ludwig_(percusi%C3%B3n)\">Wilhelm F. Ludwig<\/a>, se permiti\u00f3 que casi toda la percusi\u00f3n pudiera ser tocada por un solo m\u00fasico.<\/p>\n<p><strong>Composicion de una bateria:<\/strong><\/p>\n<p>La bater\u00eda est\u00e1 compuesta por un conjunto de\u00a0<a title=\"Tambor\" href=\"http:\/\/es.wikipedia.org\/wiki\/Tambor\">tambores<\/a>, com\u00fanmente de madera, cubiertos por dos\u00a0<a title=\"Parche de tambor\" href=\"http:\/\/es.wikipedia.org\/wiki\/Parche_de_tambor\">parches<\/a>, uno de golpeo (en la parte superior) y otro resonante (en la parte inferior). Estos tambores pueden variar su di\u00e1metro, afectando al\u00a0<a title=\"Tono (ac\u00fastica)\" href=\"http:\/\/es.wikipedia.org\/wiki\/Tono_(ac%C3%BAstica)\">tono<\/a>, y la profundidad, variando la sensibilidad sobre el parche de resonancia. Adem\u00e1s la bater\u00eda tambi\u00e9n es acompa\u00f1ada por los imprescindibles\u00a0<a title=\"Plato\" href=\"http:\/\/es.wikipedia.org\/wiki\/Plato\">platos<\/a>, y otros accesorios (tales como\u00a0<a title=\"Cencerro\" href=\"http:\/\/es.wikipedia.org\/wiki\/Cencerro\">cencerro<\/a>,<a title=\"Pandereta\" href=\"http:\/\/es.wikipedia.org\/wiki\/Pandereta\">panderetas<\/a>,\u00a0<a title=\"Caja china\" href=\"http:\/\/es.wikipedia.org\/wiki\/Caja_china\">bloques de madera<\/a>, entre otros). La bater\u00eda se puede\u00a0<a title=\"Afinaci\u00f3n\" href=\"http:\/\/es.wikipedia.org\/wiki\/Afinaci%C3%B3n\">afinar<\/a>\u00a0con una llave de afinaci\u00f3n y un sistema de capachos o lugs y pernos de afinaci\u00f3n que tensan el parche Mientras m\u00e1s tenso el parche, m\u00e1s agudo el sonido, y viceversa.<\/p>\n<p><strong>Piezas:<\/strong><\/p>\n<ul>\n<li><a title=\"Bombo de bater\u00eda\" href=\"http:\/\/es.wikipedia.org\/wiki\/Bombo_de_bater%C3%ADa\">Bombo<\/a>: usualmente tiene un di\u00e1metro desde 18<a title=\"Pulgada\" href=\"http:\/\/es.wikipedia.org\/wiki\/Pulgada\">\u201d<\/a>\u00a0hasta 26\u201d, y una profundidad de entre 14\u201d y 22\u201d aunque tambi\u00e9n se los encuentra desde las 16 pulgadas hasta las 28 pulgadas de di\u00e1metro. El m\u00e1s usado es el de 22\u00d718\u201d. El bombo generalmente se maneja con el pie a trav\u00e9s de un pedal con una maza. Tambi\u00e9n se puede manejar con un doble pedal, usando los dos pies que, com\u00fanmente se conectan por medio de un sistema cardanico que activa la segunda maza, aunque existen diversos sistemas, incluso algunos de activaci\u00f3n con el talon y la punta de los pies. El bombo posee la voz m\u00e1s grave y potente de todo el conjunto y, por ello, cumple una funci\u00f3n de cimentaci\u00f3n b\u00e1sica en la interpretaci\u00f3n.<\/li>\n<\/ul>\n<div><img loading=\"lazy\" decoding=\"async\" class=\"aligncenter\" src=\"http:\/\/www.rockandclassics.com\/fotos\/27420111901286294A.jpg\" alt=\"\" width=\"172\" height=\"152\" \/><\/div>\n<ul>\n<li><a title=\"Caja (instrumento musical)\" href=\"http:\/\/es.wikipedia.org\/wiki\/Caja_(instrumento_musical)\">Caja<\/a>, tarola o redoblante: suele tener un di\u00e1metro de 14\u201d, pero los hay desde 10\u201d a 17\u201d. La profundidad est\u00e1ndar es 5,5\u201d, pudiendo variar desde 3,5\u201d (piccolo) hasta 8,0\u201d. A diferencia de los otros tambores, la caja posee una\u00a0<a title=\"Bordonera (a\u00fan no redactado)\" href=\"http:\/\/es.wikipedia.org\/w\/index.php?title=Bordonera&amp;action=edit&amp;redlink=1\">bordonera<\/a>\u00a0o conjunto de alambres que, colocada en contacto con el parche de resonancia, produce su vibraci\u00f3n por simpat\u00eda y el caracter\u00edstico sonido a zumbido de la caja. Su funci\u00f3n es marcar los compases, lo que no impide que se use libremente logrando cambios en la marcha y\/o contratiempos<\/li>\n<\/ul>\n<div><img loading=\"lazy\" decoding=\"async\" class=\"aligncenter\" src=\"http:\/\/www.torresmusic.es\/img\/p\/786-824-large.jpg\" alt=\"\" width=\"131\" height=\"131\" \/><\/div>\n<ul>\n<li><a title=\"Tom-Tom\" href=\"http:\/\/es.wikipedia.org\/wiki\/Tom-Tom\">Tom toms<\/a>\u00a0o\u00a0<a title=\"Tom-Tom\" href=\"http:\/\/es.wikipedia.org\/wiki\/Tom-Tom\">toms<\/a>: desde 6\u201d hasta 15\u201d de di\u00e1metro. Generalmente van montados sobre el bombo, pero si se usan m\u00e1s de dos, llevan soportes adicionales muchas veces los toms van sobre los pedestales de los platillos.<\/li>\n<li>Tom base o\u00a0<a title=\"Tom de piso\" href=\"http:\/\/es.wikipedia.org\/wiki\/Tom_de_piso\">tom de piso<\/a>\u00a0(goliat): desde 14\u201d hasta 20\u201d pulgadas de di\u00e1metro. Generalmente poseen patas individuales, pero si se usan m\u00e1s de dos, llevan soportes adicionales muchas veces los toms van sobre los pedestales de los platillos.<\/li>\n<li>Tom base o\u00a0<a title=\"Tom de piso\" href=\"http:\/\/es.wikipedia.org\/wiki\/Tom_de_piso\">tom de piso<\/a>\u00a0(goliat): desde 14\u201d hasta 20\u201d pulgadas de di\u00e1metro. Generalmente poseen patas individuales, pero algunas veces permiten ser anclados a un pedestal de platillo.<\/li>\n<\/ul>\n<div><img loading=\"lazy\" decoding=\"async\" class=\"aligncenter\" src=\"http:\/\/www.themusicespionage.co.uk\/wp-content\/uploads\/2011\/11\/Drums.jpg\" alt=\"\" width=\"177\" height=\"133\" \/><\/div>\n<div><\/div>\n<h3>Platillos:<\/h3>\n<ul>\n<li><em>Crash<\/em>\u00a0o\u00a0<em>Remate<\/em>: platillo mediano de 12\u201d a 20\u201d. Se utiliza para dar \u00e9nfasis en los pasajes musicales y para algunos ritmos.<\/li>\n<li><em>Ride<\/em>\u00a0o\u00a0<em>Ritmo<\/em>: platillo grande cuyo di\u00e1metro var\u00eda entre 17\u201d y 24\u201d, aunque hay marcas a modo de curiosidad que los fabricaron de 26\" e incluso hasta de 32\u201d. Los m\u00e1s comunes son los de 20\u201d 21\" y 22\u201d. Muchas veces se usan para llevar el ritmo en sustituci\u00f3n del hi-hat.<\/li>\n<li><em>Splash:<\/em>\u00a0platillo peque\u00f1o que var\u00eda de 5\u201d hasta 13\u201d pulgadas. Se usan para efectos especiales, com\u00fanmente en pasajes de poca intensidad sonora.<\/li>\n<li><em>China:<\/em>\u00a0se fabrican desde 10\u201d hasta 22\u201d. Tambi\u00e9n existe el china-splash, de 8\u201d a 12\u201d pulgadas. Se usan para efectos. Su dise\u00f1o es caracter\u00edstico pues son colocados del rev\u00e9s. Tiene una cierta similitud de sonido con el crash.<\/li>\n<li><em>Crash ride:<\/em>\u00a0platillo mediano-grande de 18\u201d-20\u201d. Hay gente que los usa como Crash y como Ride, y gente que los usa solo como Crash, debido a su mayor potencia.<\/li>\n<li><em>Hi-hats<\/em>,\u00a0<em>Chaston<\/em>,\u00a0<em>Charles<\/em>, o\u00a0<em>Contratiempos<\/em>: sistema que consta de 2 platillos instalados en un soporte con pedal que permite que uno caiga sobre el otro haci\u00e9ndolos sonar. Se fabrican de entre 10\u201d y 15\u201d, aunque se han llegado a fabricar incluso de 16\". El m\u00e1s com\u00fan es el de 14\u201d y el de 15\" pulgadas. Puede ser normal o\u00a0<em>edge<\/em>\u00a0(borde); este \u00faltimo consiste en que el plato que va abajo\u00a0<em>(bottom)<\/em>\u00a0tiene un borde corrugado que da un sonido mejor para ciertos g\u00e9neros. Los Hit hats se puede tocar cerrado y abierto, usando el pedal.<\/li>\n<li>Tambi\u00e9n existen platillos de efectos como los cup chime, los bell, los chopper,spiral trash, china-splash, etc. con sonidos verdaderamente \u00fanicos y caracter\u00edsticos.<\/li>\n<li>Tambi\u00e9n hay algunas bater\u00edas que incluyen en su set de platillos un\u00a0<a title=\"Gong\" href=\"http:\/\/es.wikipedia.org\/wiki\/Gong\">gong<\/a>\u00a0(muchas veces de decoraci\u00f3n). Estos suelen fabricarse desde los diminutos gongs de 6\" a los de 60\", aunque tambi\u00e9n se fabrican gigantescos gongs de 80\".<\/li>\n<\/ul>\n<p>Las configuraciones de tambores y platillos se hacen a gusto del baterista. Por tal motivo var\u00edan los tama\u00f1os y formas e incluso marcas, ya que cada una de ellas brindan un sonido \u00fanico y f\u00e1cilmente caracter\u00edstico.<\/p>\n<p style=\"text-align: center\"><a href=\"http:\/\/sabian.com\/en\/\"><img loading=\"lazy\" decoding=\"async\" class=\"aligncenter\" src=\"http:\/\/images02.olx.com.pe\/ui\/10\/69\/62\/1294261959_153936762_1-Quiero-Comprar-JGO-de-Platillos-para-Bateria-los-mas-baratos-sea-de-Segunda-Mano-Urb-Santa-Isable-serca-Al-Mall-Aventura-Plaza.jpg\" alt=\"\" width=\"240\" height=\"142\" \/><\/a><\/p>\n<h3>Baquetas<\/h3>\n<p>La bater\u00eda se toca con\u00a0<a title=\"Baqueta\" href=\"http:\/\/es.wikipedia.org\/wiki\/Baqueta\">baquetas<\/a>\u00a0o con\u00a0<a title=\"Escobilla (percusi\u00f3n)\" href=\"http:\/\/es.wikipedia.org\/wiki\/Escobilla_(percusi%C3%B3n)\">escobillas<\/a>. Las baquetas var\u00edan seg\u00fan el material (madera, fibra o aluminio\u00a0<em>[ahead]<\/em>), grosor, longitud, tipo y material de punta (de madera o de nylon, en forma de nuez u ovalada) y peso para tocar con mayor o menor rapidez, con mayor o menor intensidad, o con diferentes tonos en el caso de usar baquetas de punta de felpa, seg\u00fan las caracter\u00edsticas de cada baterista.<\/p>\n<p style=\"text-align: center\"><a href=\"http:\/\/bigbangdist.com\/ahead_sticks.htm\" target=\"_blank\"><img loading=\"lazy\" decoding=\"async\" class=\"aligncenter\" src=\"http:\/\/i236.photobucket.com\/albums\/ff257\/heiligedamon\/bateria\/baquetas1.jpg\" alt=\"\" width=\"227\" height=\"193\" \/><\/a><\/p>\n","protected":false},"excerpt":{"rendered":"<p>La bater\u00eda es un instrumento musical de percusi\u00f3n que consiste en la uni\u00f3n de otros varios instrumentos como los platos y los tambores, entre otros. Es un instrumento que destaca en los etilos de m\u00fasica rock, pop y jazz, consider\u00e1ndose, junto al bajo, como la base de la m\u00fasica popular moderna. Historia: Los instrumentos de [&hellip;]<\/p>\n","protected":false},"author":8209,"featured_media":0,"parent":0,"menu_order":0,"comment_status":"open","ping_status":"open","template":"page_fullwidth.php","meta":{"footnotes":""},"class_list":["post-35","page","type-page","status-publish","hentry"],"_links":{"self":[{"href":"https:\/\/blog.espol.edu.ec\/ronaldosml\/wp-json\/wp\/v2\/pages\/35","targetHints":{"allow":["GET"]}}],"collection":[{"href":"https:\/\/blog.espol.edu.ec\/ronaldosml\/wp-json\/wp\/v2\/pages"}],"about":[{"href":"https:\/\/blog.espol.edu.ec\/ronaldosml\/wp-json\/wp\/v2\/types\/page"}],"author":[{"embeddable":true,"href":"https:\/\/blog.espol.edu.ec\/ronaldosml\/wp-json\/wp\/v2\/users\/8209"}],"replies":[{"embeddable":true,"href":"https:\/\/blog.espol.edu.ec\/ronaldosml\/wp-json\/wp\/v2\/comments?post=35"}],"version-history":[{"count":17,"href":"https:\/\/blog.espol.edu.ec\/ronaldosml\/wp-json\/wp\/v2\/pages\/35\/revisions"}],"predecessor-version":[{"id":41,"href":"https:\/\/blog.espol.edu.ec\/ronaldosml\/wp-json\/wp\/v2\/pages\/35\/revisions\/41"}],"wp:attachment":[{"href":"https:\/\/blog.espol.edu.ec\/ronaldosml\/wp-json\/wp\/v2\/media?parent=35"}],"curies":[{"name":"wp","href":"https:\/\/api.w.org\/{rel}","templated":true}]}}