{"id":77,"date":"2012-11-03T06:23:13","date_gmt":"2012-11-03T06:23:13","guid":{"rendered":"http:\/\/blog.espol.edu.ec\/ronaldosml\/?page_id=77"},"modified":"2012-11-03T07:38:43","modified_gmt":"2012-11-03T07:38:43","slug":"bateristas","status":"publish","type":"page","link":"https:\/\/blog.espol.edu.ec\/ronaldosml\/bateristas\/","title":{"rendered":"Bateristas!"},"content":{"rendered":"<p style=\"text-align: center\">JOEY JORDISON<\/p>\n<p>Naci\u00f3 en Des Moines, Iowa. En el colegio tocaba la bater\u00eda y tambi\u00e9n participaba en una banda de Jazz. Su afici\u00f3n por el metal comenz\u00f3 a los 6 a\u00f1os, cuando asisti\u00f3 a un concierto de Ozzy Osbourne y \u00e9ste le arranc\u00f3 la cabeza con la boca a un murcielago.<\/p>\n<p>Recibi\u00f3 su primera\u00a0<a title=\"Bater\u00eda (instrumento musical)\" href=\"http:\/\/es.wikipedia.org\/wiki\/Bater%C3%ADa_(instrumento_musical)\">bater\u00eda<\/a>\u00a0a la edad de 8 a\u00f1os. Actu\u00f3 en varias bandas hasta su incorporaci\u00f3n a The Pale Ones en el verano de 1995, banda que posteriormente cambiar\u00eda su nombre por el de\u00a0<a title=\"Slipknot (banda)\" href=\"http:\/\/es.wikipedia.org\/wiki\/Slipknot_(banda)\">Slipknot<\/a>.<\/p>\n<p style=\"text-align: center\"><img loading=\"lazy\" decoding=\"async\" class=\"aligncenter\" src=\"http:\/\/sp6.fotolog.com\/photo\/38\/63\/100\/pasion_drums\/1234806382410_f.jpg\" alt=\"\" width=\"344\" height=\"238\" \/><\/p>\n<p>Con Slipknot, Jordison ha realizado cuatro\u00a0<a title=\"\u00c1lbumes de estudio\" href=\"http:\/\/es.wikipedia.org\/wiki\/%C3%81lbumes_de_estudio\">\u00e1lbumes de estudio<\/a>, y producido el \u00e1lbum en vivo\u00a0<a title=\"9.0: Live\" href=\"http:\/\/es.wikipedia.org\/wiki\/9.0:_Live\">9.0: Live<\/a>\u00a0. Tambi\u00e9n es guitarrista en la banda\u00a0<a title=\"Murderdolls\" href=\"http:\/\/es.wikipedia.org\/wiki\/Murderdolls\">Murderdolls<\/a>, que \u00e9l ayud\u00f3 a establecer durante una gira con Slipknot. Originalmente llamado The Rejects, se ha presentado en sus dos \u00e1lbumes. Jordison ha trabajado con otros grupos de\u00a0<a title=\"Heavy metal\" href=\"http:\/\/es.wikipedia.org\/wiki\/Heavy_metal\">Heavy metal<\/a>\u00a0como\u00a0<a title=\"Rob Zombie\" href=\"http:\/\/es.wikipedia.org\/wiki\/Rob_Zombie\">Rob Zombie<\/a>,\u00a0<a title=\"Metallica\" href=\"http:\/\/es.wikipedia.org\/wiki\/Metallica\">Metallica<\/a>\u00a0y\u00a0<a title=\"Ministry (banda)\" href=\"http:\/\/es.wikipedia.org\/wiki\/Ministry_(banda)\">Ministry<\/a>. Aunque la mayor\u00eda de sus actuaciones con estas bandas han sido en vivo, tambi\u00e9n ha colaborado en algunos \u00e1lbumes, como\u00a0<a title=\"Casa de los Secretos (\u00e1lbum) (a\u00fan no redactado)\" href=\"http:\/\/es.wikipedia.org\/w\/index.php?title=Casa_de_los_Secretos_(%C3%A1lbum)&amp;action=edit&amp;redlink=1\">Casa de los Secretos<\/a>\u00a0y la re-edici\u00f3n de\u00a0<a title=\"Hellbilly Deluxe 2 (a\u00fan no redactado)\" href=\"http:\/\/es.wikipedia.org\/w\/index.php?title=Hellbilly_Deluxe_2&amp;action=edit&amp;redlink=1\">Hellbilly Deluxe 2<\/a>\u00a0que cuenta con pistas grabadas por \u00e9l. Jordison utiliza varias marcas de bater\u00eda incluyendo\u00a0<a title=\"Bater\u00eda Pearl (a\u00fan no redactado)\" href=\"http:\/\/es.wikipedia.org\/w\/index.php?title=Bater%C3%ADa_Pearl&amp;action=edit&amp;redlink=1\">Pearl<\/a>. Y es ganador de un premio\u00a0<a title=\"Grammy\" href=\"http:\/\/es.wikipedia.org\/wiki\/Grammy\">Grammy<\/a>\u00a0con\u00a0<a title=\"Slipknot\" href=\"http:\/\/es.wikipedia.org\/wiki\/Slipknot\">Slipknot<\/a>.<\/p>\n<p style=\"text-align: center\">Videos:<\/p>\n<p style=\"text-align: left\">The heretic anthem<\/p>\n<p><iframe loading=\"lazy\" src=\"http:\/\/www.youtube.com\/embed\/Mj8t4-REWs8\" frameborder=\"0\" width=\"560\" height=\"315\"><\/iframe><\/p>\n<p>People = Shit<\/p>\n<p><iframe loading=\"lazy\" src=\"http:\/\/www.youtube.com\/embed\/JoRM96FNltk\" frameborder=\"0\" width=\"420\" height=\"315\"><\/iframe><\/p>\n<p>&nbsp;<\/p>\n","protected":false},"excerpt":{"rendered":"<p>JOEY JORDISON Naci\u00f3 en Des Moines, Iowa. En el colegio tocaba la bater\u00eda y tambi\u00e9n participaba en una banda de Jazz. Su afici\u00f3n por el metal comenz\u00f3 a los 6 a\u00f1os, cuando asisti\u00f3 a un concierto de Ozzy Osbourne y \u00e9ste le arranc\u00f3 la cabeza con la boca a un murcielago. Recibi\u00f3 su primera\u00a0bater\u00eda\u00a0a la [&hellip;]<\/p>\n","protected":false},"author":8209,"featured_media":0,"parent":0,"menu_order":0,"comment_status":"open","ping_status":"open","template":"","meta":{"footnotes":""},"class_list":["post-77","page","type-page","status-publish","hentry"],"_links":{"self":[{"href":"https:\/\/blog.espol.edu.ec\/ronaldosml\/wp-json\/wp\/v2\/pages\/77","targetHints":{"allow":["GET"]}}],"collection":[{"href":"https:\/\/blog.espol.edu.ec\/ronaldosml\/wp-json\/wp\/v2\/pages"}],"about":[{"href":"https:\/\/blog.espol.edu.ec\/ronaldosml\/wp-json\/wp\/v2\/types\/page"}],"author":[{"embeddable":true,"href":"https:\/\/blog.espol.edu.ec\/ronaldosml\/wp-json\/wp\/v2\/users\/8209"}],"replies":[{"embeddable":true,"href":"https:\/\/blog.espol.edu.ec\/ronaldosml\/wp-json\/wp\/v2\/comments?post=77"}],"version-history":[{"count":5,"href":"https:\/\/blog.espol.edu.ec\/ronaldosml\/wp-json\/wp\/v2\/pages\/77\/revisions"}],"predecessor-version":[{"id":79,"href":"https:\/\/blog.espol.edu.ec\/ronaldosml\/wp-json\/wp\/v2\/pages\/77\/revisions\/79"}],"wp:attachment":[{"href":"https:\/\/blog.espol.edu.ec\/ronaldosml\/wp-json\/wp\/v2\/media?parent=77"}],"curies":[{"name":"wp","href":"https:\/\/api.w.org\/{rel}","templated":true}]}}