{"id":1,"date":"2008-10-21T11:24:02","date_gmt":"2008-10-21T15:24:02","guid":{"rendered":""},"modified":"2009-11-16T12:39:18","modified_gmt":"2009-11-16T17:39:18","slug":"about","status":"publish","type":"page","link":"https:\/\/blog.espol.edu.ec\/ronnyandrade\/about\/","title":{"rendered":"About..."},"content":{"rendered":"<p><strong>Nombre: <\/strong>Ronny Xavier Andrade Parra<\/p>\n<p><strong>Alias: <\/strong>javi2401, y mas recientemente, Ron<\/p>\n<p><strong>Contacto: <\/strong>javi2401@gmail.com<\/p>\n<p><strong>EDUCACI\u00d3N:<\/strong><\/p>\n<p><strong>Escuela: <\/strong>Escuela Fiscal Mixta N\u00b0101 \"Francisco de Orellana\"<br \/>\n<strong>Colegio: <\/strong>Colegio Particular Mixto \"Cayetano Tarruell\"<br \/>\n<strong>Superior: <\/strong>ESPOL y Universidad Casa Grande<\/p>\n<p><strong>Idiomas: <\/strong>COPEI, Universidad Casa Grande (Ingl\u00e9s)<\/p>\n<p><strong>INTERESES:<\/strong><\/p>\n<p>Me encanta leer, me parece que te brinda oportunidades de conocer nuevos e interesantes mundos, tambi\u00e9n me gusta estar al d\u00eda en lo que a tecnolog\u00eda se refiere, y \u00faltimamente me he comenzado a centrar en las Web Applications. Me gusta mucho salir con mis amigos, y escuchar m\u00fasica. Me encanta ense\u00f1ar; lo que sea, pero si es programaci\u00f3n, mucho mejor. A decir verdad, quiero en un futuro ser profesor de la ESPOL...<\/p>\n<p><strong>Enlaces <\/strong>Visita mi perfil de Hi5, pronto har\u00e8 funcionar un enlace a Facebook, sigueme en Twitter o mira las diapositivas que he subido en SlideShare...<\/p>\n<p><a href=\"http:\/\/javi2401.hi5.com\" target=\"_blank\"><img loading=\"lazy\" decoding=\"async\" class=\"alignnone size-full wp-image-85\" src=\"http:\/\/blog.espol.edu.ec\/makubex\/files\/2008\/10\/hi51.png\" alt=\"\" width=\"74\" height=\"56\" \/><\/a><\/p>\n<p><a href=\"http:\/\/www.facebook.com\/javi2401\" target=\"_blank\"><img loading=\"lazy\" decoding=\"async\" class=\"alignnone size-medium wp-image-219\" src=\"http:\/\/blog.espol.edu.ec\/makubex\/files\/2008\/12\/images.jpg\" alt=\"\" width=\"55\" height=\"55\" \/><\/a><\/p>\n<p><a href=\"http:\/\/twitter.com\/javi2401\" target=\"_blank\"><img loading=\"lazy\" decoding=\"async\" class=\"alignnone size-full wp-image-469\" src=\"http:\/\/blog.espol.edu.ec\/makubex\/files\/2009\/02\/twitter_logo_125x29.png\" alt=\"\" width=\"119\" height=\"29\" \/><\/a><\/p>\n<p><a href=\"http:\/\/www.slideshare.net\/javi2401\/slideshows\" target=\"_blank\"><img loading=\"lazy\" decoding=\"async\" class=\"alignnone size-full wp-image-469\" src=\"http:\/\/blog.espol.edu.ec\/ronnyandrade\/files\/2009\/03\/slideshare_logo.jpg\" alt=\"\" width=\"74\" height=\"56\" \/><\/a><\/p>\n","protected":false},"excerpt":{"rendered":"<p>Nombre: Ronny Xavier Andrade Parra Alias: javi2401, y mas recientemente, Ron Contacto: javi2401@gmail.com EDUCACI\u00d3N: Escuela: Escuela Fiscal Mixta N\u00b0101 \"Francisco de Orellana\" Colegio: Colegio Particular Mixto \"Cayetano Tarruell\" Superior: ESPOL y Universidad Casa Grande Idiomas: COPEI, Universidad Casa Grande (Ingl\u00e9s) INTERESES: Me encanta leer, me parece que te brinda oportunidades de conocer nuevos e interesantes [&hellip;]<\/p>\n","protected":false},"author":178,"featured_media":0,"parent":0,"menu_order":0,"comment_status":"open","ping_status":"open","template":"","meta":{"footnotes":""},"class_list":["post-1","page","type-page","status-publish","hentry"],"_links":{"self":[{"href":"https:\/\/blog.espol.edu.ec\/ronnyandrade\/wp-json\/wp\/v2\/pages\/1","targetHints":{"allow":["GET"]}}],"collection":[{"href":"https:\/\/blog.espol.edu.ec\/ronnyandrade\/wp-json\/wp\/v2\/pages"}],"about":[{"href":"https:\/\/blog.espol.edu.ec\/ronnyandrade\/wp-json\/wp\/v2\/types\/page"}],"author":[{"embeddable":true,"href":"https:\/\/blog.espol.edu.ec\/ronnyandrade\/wp-json\/wp\/v2\/users\/178"}],"replies":[{"embeddable":true,"href":"https:\/\/blog.espol.edu.ec\/ronnyandrade\/wp-json\/wp\/v2\/comments?post=1"}],"version-history":[{"count":12,"href":"https:\/\/blog.espol.edu.ec\/ronnyandrade\/wp-json\/wp\/v2\/pages\/1\/revisions"}],"predecessor-version":[{"id":22,"href":"https:\/\/blog.espol.edu.ec\/ronnyandrade\/wp-json\/wp\/v2\/pages\/1\/revisions\/22"}],"wp:attachment":[{"href":"https:\/\/blog.espol.edu.ec\/ronnyandrade\/wp-json\/wp\/v2\/media?parent=1"}],"curies":[{"name":"wp","href":"https:\/\/api.w.org\/{rel}","templated":true}]}}