{"id":100,"date":"2012-01-18T00:55:45","date_gmt":"2012-01-18T00:55:45","guid":{"rendered":"http:\/\/blog.espol.edu.ec\/ronnyrg\/?page_id=100"},"modified":"2012-01-18T00:55:45","modified_gmt":"2012-01-18T00:55:45","slug":"beneficios","status":"publish","type":"page","link":"https:\/\/blog.espol.edu.ec\/ronnyrg\/beneficios\/","title":{"rendered":"Beneficios."},"content":{"rendered":"<p>Para la naturaleza el proyecto representa un doble beneficio, porque adem\u00e1s de la eliminaci\u00f3n de la emisi\u00f3n de contaminantes al ser quemada, al reemplazar la arena por la cascarilla en la elaboraci\u00f3n del bloque tambi\u00e9n se frena la extracci\u00f3n de este material de los r\u00edos.<br \/>\nEcon\u00f3mico, liviano respecto del bloque com\u00fan y de car\u00e1cter ign\u00edfugo (no se quema f\u00e1cilmente) hacen del material asequible, incluso menos peligroso frente a terremotos o incendios.<br \/>\nAdem\u00e1s de bloques, la cascarilla de arroz tambi\u00e9n se utiliza en la fabricaci\u00f3n de paneles que pueden ser utilizados como paredes o  para dividir ambientes. La resistencia est\u00e1 comprobada para soportar incluso casas de dos plantas.<br \/>\n<a href=\"http:\/\/blog.espol.edu.ec\/ronnyrg\/files\/2012\/01\/hormigon-celular-materiales-de-contruccion-ecologicos-y-sustentables.jpg\"><img loading=\"lazy\" decoding=\"async\" src=\"http:\/\/blog.espol.edu.ec\/ronnyrg\/files\/2012\/01\/hormigon-celular-materiales-de-contruccion-ecologicos-y-sustentables-300x240.jpg\" alt=\"\" width=\"300\" height=\"240\" class=\"aligncenter size-medium wp-image-101\" srcset=\"https:\/\/blog.espol.edu.ec\/ronnyrg\/files\/2012\/01\/hormigon-celular-materiales-de-contruccion-ecologicos-y-sustentables-300x240.jpg 300w, https:\/\/blog.espol.edu.ec\/ronnyrg\/files\/2012\/01\/hormigon-celular-materiales-de-contruccion-ecologicos-y-sustentables.jpg 500w\" sizes=\"auto, (max-width: 300px) 100vw, 300px\" \/><\/a><\/p>\n","protected":false},"excerpt":{"rendered":"<p>Para la naturaleza el proyecto representa un doble beneficio, porque adem\u00e1s de la eliminaci\u00f3n de la emisi\u00f3n de contaminantes al ser quemada, al reemplazar la arena por la cascarilla en la elaboraci\u00f3n del bloque tambi\u00e9n se frena la extracci\u00f3n de este material de los r\u00edos. Econ\u00f3mico, liviano respecto del bloque com\u00fan y de car\u00e1cter ign\u00edfugo [&hellip;]<\/p>\n","protected":false},"author":6935,"featured_media":0,"parent":0,"menu_order":0,"comment_status":"open","ping_status":"open","template":"","meta":{"footnotes":""},"class_list":["post-100","page","type-page","status-publish","hentry"],"_links":{"self":[{"href":"https:\/\/blog.espol.edu.ec\/ronnyrg\/wp-json\/wp\/v2\/pages\/100","targetHints":{"allow":["GET"]}}],"collection":[{"href":"https:\/\/blog.espol.edu.ec\/ronnyrg\/wp-json\/wp\/v2\/pages"}],"about":[{"href":"https:\/\/blog.espol.edu.ec\/ronnyrg\/wp-json\/wp\/v2\/types\/page"}],"author":[{"embeddable":true,"href":"https:\/\/blog.espol.edu.ec\/ronnyrg\/wp-json\/wp\/v2\/users\/6935"}],"replies":[{"embeddable":true,"href":"https:\/\/blog.espol.edu.ec\/ronnyrg\/wp-json\/wp\/v2\/comments?post=100"}],"version-history":[{"count":1,"href":"https:\/\/blog.espol.edu.ec\/ronnyrg\/wp-json\/wp\/v2\/pages\/100\/revisions"}],"predecessor-version":[{"id":102,"href":"https:\/\/blog.espol.edu.ec\/ronnyrg\/wp-json\/wp\/v2\/pages\/100\/revisions\/102"}],"wp:attachment":[{"href":"https:\/\/blog.espol.edu.ec\/ronnyrg\/wp-json\/wp\/v2\/media?parent=100"}],"curies":[{"name":"wp","href":"https:\/\/api.w.org\/{rel}","templated":true}]}}