{"id":103,"date":"2012-01-18T01:01:42","date_gmt":"2012-01-18T01:01:42","guid":{"rendered":"http:\/\/blog.espol.edu.ec\/ronnyrg\/?page_id=103"},"modified":"2012-01-18T01:06:25","modified_gmt":"2012-01-18T01:06:25","slug":"introduccion","status":"publish","type":"page","link":"https:\/\/blog.espol.edu.ec\/ronnyrg\/introduccion\/","title":{"rendered":"INTRODUCCION."},"content":{"rendered":"<p><a href=\"http:\/\/blog.espol.edu.ec\/ronnyrg\/files\/2012\/01\/DSC029142.jpg\"><img loading=\"lazy\" decoding=\"async\" src=\"http:\/\/blog.espol.edu.ec\/ronnyrg\/files\/2012\/01\/DSC029142-300x197.jpg\" alt=\"\" width=\"300\" height=\"197\" class=\"aligncenter size-medium wp-image-114\" srcset=\"https:\/\/blog.espol.edu.ec\/ronnyrg\/files\/2012\/01\/DSC029142-300x197.jpg 300w, https:\/\/blog.espol.edu.ec\/ronnyrg\/files\/2012\/01\/DSC029142.jpg 640w\" sizes=\"auto, (max-width: 300px) 100vw, 300px\" \/><\/a><br \/>\nLa producci\u00f3n de desechos industriales est\u00e1 ampliamente extendida en todo<br \/>\nel pa\u00eds y se distribuye de acuerdo a la localizaci\u00f3n de las industrias de base.<br \/>\nLa acumulaci\u00f3n y no empleo de estos desperdicios org\u00e1nicos e inorg\u00e1nicos<br \/>\nredunda en detrimento de la econom\u00eda y altera el ecosistema zonal.<br \/>\nAlgunos de estos materiales, m\u00ednimamente tratados, pueden ser aptos para la<br \/>\nIndustria de la Construcci\u00f3n. Tal es el caso de la cascarilla de arroz, que abunda en<br \/>\nlas provincias del Nordeste, como desecho del procesamiento del grano.<br \/>\nEn este trabajo se desarrollan minihormigones de cemento Portland con<br \/>\ncascarilla de arroz como agregado granular, con el fin de obtener materiales<br \/>\nconglomerados livianos, de buena trabajabilidad,y resistencia mec\u00e1nica variable en<br \/>\nfunci\u00f3n de la composici\u00f3n del esqueleto granular.<br \/>\nEn una primer etapa, se utiliza cascarilla de arroz en estado natural. Este<br \/>\nagregado de origen org\u00e1nico se complementa con part\u00edculas redondeadas de arena<br \/>\nsil\u00edcea de modo de obtener microesqueletos granulares compactos y de m\u00ednima \u00e1rea<br \/>\nsuperficial, que conforman la fase dispersa o carga del material conglomerado.<br \/>\nEsta se complementa con una subfase formada por un sistema de burbujas<br \/>\nde aire intencionalmente incorporado que act\u00faa como un agregado fino adicional<br \/>\nfacilitando la movilidad de las part\u00edculas granulares en su matriz o fase externa.<br \/>\nLa fase externa est\u00e1 constituida por la pasta conglomerante de cemento<br \/>\nPortland y agua. Existe adem\u00e1s otra subfase representada por una formulaci\u00f3n<br \/>\ncompuesta de aditivos qu\u00edmicos de acci\u00f3n m\u00faltiple: fluidificante, incorporadora de<br \/>\naire intergranular, reguladora del proceso de frag\u00fce y mineralizadora de las<br \/>\npart\u00edculas org\u00e1nicas<br \/>\nEn una segunda etapa se utiliza cascarilla de arroz tratada previamente con<br \/>\nagua de cal.<br \/>\nA partir de un mortero standard de cemento Portland con arena sil\u00edcea natural<br \/>\ncomo agregado granular, se desarrollan distintos minihormigones sustituyendo<br \/>\nporcentajes crecientes de arena por cascarilla de arroz  tratada, manteniendo<br \/>\ninvariable la proporci\u00f3n de pasta conglomerante.<br \/>\n<a href=\"http:\/\/blog.espol.edu.ec\/ronnyrg\/files\/2012\/01\/Foto-1.jpg\"><img loading=\"lazy\" decoding=\"async\" src=\"http:\/\/blog.espol.edu.ec\/ronnyrg\/files\/2012\/01\/Foto-1-300x211.jpg\" alt=\"\" width=\"300\" height=\"211\" class=\"aligncenter size-medium wp-image-104\" srcset=\"https:\/\/blog.espol.edu.ec\/ronnyrg\/files\/2012\/01\/Foto-1-300x211.jpg 300w, https:\/\/blog.espol.edu.ec\/ronnyrg\/files\/2012\/01\/Foto-1.jpg 425w\" sizes=\"auto, (max-width: 300px) 100vw, 300px\" \/><\/a><\/p>\n","protected":false},"excerpt":{"rendered":"<p>La producci\u00f3n de desechos industriales est\u00e1 ampliamente extendida en todo el pa\u00eds y se distribuye de acuerdo a la localizaci\u00f3n de las industrias de base. La acumulaci\u00f3n y no empleo de estos desperdicios org\u00e1nicos e inorg\u00e1nicos redunda en detrimento de la econom\u00eda y altera el ecosistema zonal. Algunos de estos materiales, m\u00ednimamente tratados, pueden ser [&hellip;]<\/p>\n","protected":false},"author":6935,"featured_media":0,"parent":0,"menu_order":0,"comment_status":"open","ping_status":"open","template":"","meta":{"footnotes":""},"class_list":["post-103","page","type-page","status-publish","hentry"],"_links":{"self":[{"href":"https:\/\/blog.espol.edu.ec\/ronnyrg\/wp-json\/wp\/v2\/pages\/103","targetHints":{"allow":["GET"]}}],"collection":[{"href":"https:\/\/blog.espol.edu.ec\/ronnyrg\/wp-json\/wp\/v2\/pages"}],"about":[{"href":"https:\/\/blog.espol.edu.ec\/ronnyrg\/wp-json\/wp\/v2\/types\/page"}],"author":[{"embeddable":true,"href":"https:\/\/blog.espol.edu.ec\/ronnyrg\/wp-json\/wp\/v2\/users\/6935"}],"replies":[{"embeddable":true,"href":"https:\/\/blog.espol.edu.ec\/ronnyrg\/wp-json\/wp\/v2\/comments?post=103"}],"version-history":[{"count":3,"href":"https:\/\/blog.espol.edu.ec\/ronnyrg\/wp-json\/wp\/v2\/pages\/103\/revisions"}],"predecessor-version":[{"id":115,"href":"https:\/\/blog.espol.edu.ec\/ronnyrg\/wp-json\/wp\/v2\/pages\/103\/revisions\/115"}],"wp:attachment":[{"href":"https:\/\/blog.espol.edu.ec\/ronnyrg\/wp-json\/wp\/v2\/media?parent=103"}],"curies":[{"name":"wp","href":"https:\/\/api.w.org\/{rel}","templated":true}]}}