{"id":108,"date":"2012-01-18T01:03:38","date_gmt":"2012-01-18T01:03:38","guid":{"rendered":"http:\/\/blog.espol.edu.ec\/ronnyrg\/?page_id=108"},"modified":"2012-01-18T01:03:38","modified_gmt":"2012-01-18T01:03:38","slug":"ecological-concrete","status":"publish","type":"page","link":"https:\/\/blog.espol.edu.ec\/ronnyrg\/ecological-concrete\/","title":{"rendered":"ECOLOGICAL CONCRETE"},"content":{"rendered":"<p>En este trabajo se consideran espec\u00edficamente los materiales conglomerados (morteros y mini hormigones) de cemento Portland con cascarilla de arroz en estado natural o con tratamiento previo como agregado granular compuesto con part\u00edculas sil\u00edceas. Se han dise\u00f1ado distintas dosificaciones y determinado las propiedades reol\u00f3gicas en estado fresco y mec\u00e1nicas en estado endurecido, de las mezclas resultantes. El empleo de cascarilla de arroz (material de desecho com\u00fan en la zona) como componente granular, y una Tecnolog\u00eda que no requiere mano de obra especializada o equipos sofisticados de compactaci\u00f3n y colocaci\u00f3n, permitir\u00e1 acercar esta propuesta a los usuarios de menores recursos, y la utilizaci\u00f3n de estos materiales en la construcci\u00f3n de viviendas de bajo costo<\/p>\n<p><a href=\"http:\/\/blog.espol.edu.ec\/ronnyrg\/files\/2012\/01\/hemcrete.jpg\"><img loading=\"lazy\" decoding=\"async\" src=\"http:\/\/blog.espol.edu.ec\/ronnyrg\/files\/2012\/01\/hemcrete-300x199.jpg\" alt=\"\" width=\"300\" height=\"199\" class=\"aligncenter size-medium wp-image-74\" srcset=\"https:\/\/blog.espol.edu.ec\/ronnyrg\/files\/2012\/01\/hemcrete-300x199.jpg 300w, https:\/\/blog.espol.edu.ec\/ronnyrg\/files\/2012\/01\/hemcrete.jpg 537w\" sizes=\"auto, (max-width: 300px) 100vw, 300px\" \/><\/a><\/p>\n","protected":false},"excerpt":{"rendered":"<p>En este trabajo se consideran espec\u00edficamente los materiales conglomerados (morteros y mini hormigones) de cemento Portland con cascarilla de arroz en estado natural o con tratamiento previo como agregado granular compuesto con part\u00edculas sil\u00edceas. Se han dise\u00f1ado distintas dosificaciones y determinado las propiedades reol\u00f3gicas en estado fresco y mec\u00e1nicas en estado endurecido, de las mezclas [&hellip;]<\/p>\n","protected":false},"author":6935,"featured_media":0,"parent":0,"menu_order":0,"comment_status":"open","ping_status":"open","template":"","meta":{"footnotes":""},"class_list":["post-108","page","type-page","status-publish","hentry"],"_links":{"self":[{"href":"https:\/\/blog.espol.edu.ec\/ronnyrg\/wp-json\/wp\/v2\/pages\/108","targetHints":{"allow":["GET"]}}],"collection":[{"href":"https:\/\/blog.espol.edu.ec\/ronnyrg\/wp-json\/wp\/v2\/pages"}],"about":[{"href":"https:\/\/blog.espol.edu.ec\/ronnyrg\/wp-json\/wp\/v2\/types\/page"}],"author":[{"embeddable":true,"href":"https:\/\/blog.espol.edu.ec\/ronnyrg\/wp-json\/wp\/v2\/users\/6935"}],"replies":[{"embeddable":true,"href":"https:\/\/blog.espol.edu.ec\/ronnyrg\/wp-json\/wp\/v2\/comments?post=108"}],"version-history":[{"count":1,"href":"https:\/\/blog.espol.edu.ec\/ronnyrg\/wp-json\/wp\/v2\/pages\/108\/revisions"}],"predecessor-version":[{"id":109,"href":"https:\/\/blog.espol.edu.ec\/ronnyrg\/wp-json\/wp\/v2\/pages\/108\/revisions\/109"}],"wp:attachment":[{"href":"https:\/\/blog.espol.edu.ec\/ronnyrg\/wp-json\/wp\/v2\/media?parent=108"}],"curies":[{"name":"wp","href":"https:\/\/api.w.org\/{rel}","templated":true}]}}