{"id":135,"date":"2009-08-10T12:05:07","date_gmt":"2009-08-10T16:05:07","guid":{"rendered":"http:\/\/blog.espol.edu.ec\/ronrarod\/?page_id=135"},"modified":"2009-08-12T16:13:09","modified_gmt":"2009-08-12T20:13:09","slug":"literatura-2","status":"publish","type":"page","link":"https:\/\/blog.espol.edu.ec\/ronrarod\/literatura-2\/","title":{"rendered":"Literatura"},"content":{"rendered":"<p align=\"center\"><strong>PANORAMA DE LA LITERATURA ECUATORIANA.<\/strong><\/p>\n<p align=\"center\"><strong>LOS AUTORES Y SUS OBRAS PRINCIPALES.<\/strong><\/p>\n<p><strong>LA L\u00cdRICA PRECOLONIAL.<\/strong><\/p>\n<p>Los cantores primitivos se llaman: Aravicos y Amautas.<\/p>\n<p>Jacinto Collahuazo.- (indio) Escribi\u00f3 el poema:<\/p>\n<p>\"Atahualpa Hua\u00f1i\"<\/p>\n<p>\"Historia de las guerras civiles entre Atahualpa y su hermano Hu\u00e1scar\".<\/p>\n<p><strong>LITERATURA DEL DESCUBRIMIENTO Y LA CONQUISTA<\/strong>.<\/p>\n<p><strong>PRINCIPALES CRONISTAS:<\/strong><\/p>\n<p>Pedro Cieza de Le\u00f3n, con su obra: \"Cr\u00f3nica General de Indias\".<\/p>\n<p>Fray Marcos de Niza su obra: \"Cr\u00f3nica General de Indias\".<\/p>\n<p>Miguel de Ortiguera, su obra: \"Expediciones para el descubrimiento del Mara\u00f1\u00f3n\".<\/p>\n<p><strong>PRINCIPALES UNIVERSIDADES<\/strong> (funcionaron en la ciudad de Quito):<\/p>\n<p>Universidad de:<\/p>\n<p>\"San Fulgencio\" regentada por los Padres Agustinos.<\/p>\n<p>\"San Gregorio\"  regentada por los Padres Jesuitas.<\/p>\n<p>\"Santo Tomas de Aquino\" regentada por los Padres Dominicanos.<\/p>\n<p>Adem\u00e1s funciono la Escuela de \"San Andr\u00e9s\" regentada por los Padres Franciscanos.<\/p>\n<p>M\u00e1s tarde se creo el colegio \"San Luis de Gonzaga\" administrada por los Padres Lazaristas.<\/p>\n<p><strong>PRINCIPALES PINTORES Y ESCULTORES DE LA COLONIA<\/strong>.<\/p>\n<p>Toda la imaginer\u00eda y la pintura fueron hechas por los nativos, como son: Nicol\u00e1s Goribar, Pampite, Caspicara (cara de piedra) y Diego de Legarda.<\/p>\n<p><strong>ESRITORES DE LA ETAPA COLONIAL<\/strong>.<\/p>\n<p>Juan Bautista Aguirre.-Su obra: \"poes\u00edas entre ellas \"Carta a Lizardo\".<\/p>\n<p>Jos\u00e9 Joaqu\u00edn de Olmedo (1780-1847).- Su obra \"La Victoria de Jun\u00edn y Ayacucho\", \"Oda a Mi\u00f1arica\", o \"Canto al General Juan Jos\u00e9 Flores\", \"Himno y canci\u00f3n al 9 de octubre\", \"El alfabeto para un ni\u00f1o\".<\/p>\n<p><strong>EL ROMANTICISMO.-<\/strong><\/p>\n<p>Numa Pompillo Llona (1832-1907) poemario: \"Clamores de occidente.<\/p>\n<p>Julio Zaldumbide (1833-1887) escribi\u00f3 \"Poemas\".<\/p>\n<p>Dolores Veintimilla de Galindo (1830-1857), Escribi\u00f3 poemas.<\/p>\n<p>Remigio Crespo Toral (1860-1939) Poemas: \"Leyenda de Hern\u00e1n\" , \"Sol de la monta\u00f1a\", Idilios de muerte\".<\/p>\n<p>Jacinta Amelia Narv\u00e1ez Panchana (1860-1893) escribi\u00f3 \"Ramilletes de flores de la inspirada poetiza\":<\/p>\n<p><strong>EL MODERNISMO.<\/strong><\/p>\n<p>Arturo Borja (1892-1812) su obra \"La Flauta de Onix\".<\/p>\n<p>Ernesto Noboa y Caama\u00f1o (1889-1927) su obra \"Romanza de las Horas\".<\/p>\n<p>Humberto Fierro (1890-1829).- Su obra \"Laud del Valle\", \"la Velada Palatina\".<\/p>\n<p>Medardo \u00c1ngel Silva (1898-1919).- Su obra \"El \u00e1rbol del bien y del mal\", \"Mar\u00eda Jes\u00fas\"(es una novelita) y \"trompetas de Oro\".<\/p>\n<p>Jos\u00e9 Mar\u00eda Egas (manabita).<\/p>\n<p>Otros modernistas son: Alfonzo Moreno Mora, Clodoveo Jaramillo y Julio Isaac Espinoza\"<\/p>\n<p><strong>LA L\u00cdRICA CONTEMPORANEA. <\/strong><\/p>\n<p>Miguel Angol Le\u00f3n (1900-1942).- Su obra: \"Labios Son\u00e1mbulos\". Su principal obra es el poema: \"Eleg\u00eda de la raza\".<\/p>\n<p>Carlos  Suarez Veintimilla.- Sus obras: \"Caminos del coraz\u00f3n inquieto\", \"La Guirnalda del Silencio\", \"Alondras\",\" Cantos a la virgen\".<\/p>\n<p>Jorge Carrera Andrade (1903-1979).- poemas: \"El gallo de la catedral\", \"La guirnalda del silencio\", \"Cr\u00f3nicas de indias \".<\/p>\n<p>Cesar D\u00e1vila Andrade (1918-1967).- poemas: \"Oda al arquitecto\",\" Bolet\u00edn y eleg\u00edas de las mitas\"<\/p>\n<p>Jorge Enrique Adoum.- obras: poemas \"LLaves del reino\", \"Ecuador amargo\", \"Dios trajo la sombra\",\" Entre Marx y una mujer desnuda\"<\/p>\n<p><strong> <\/strong><\/p>\n<p><strong> <\/strong><\/p>\n<p><strong>LA PROSA CONTEMPORANEA.<\/strong><\/p>\n<p>Fray Gaspar de Villarroel (1987-1665).- su obra: \"Comentarios\", \"El gobierno eclesi\u00e1stico, pacifico y uni\u00f3n de dos cuchillos\"<\/p>\n<p>Francisco Eugenio De Santa Cruz y Espejo (1747-1795).- obras: \"Reflexiones sobra la viruela \", \"Premisas de la cultura de Quito\",\" Cartas Riobambenses\",  \"Discurso sobre la sociedad patri\u00f3tica\", \"Defensa de los curas de Riobamba\", \"El nuevo Luciano\", etc.<\/p>\n<p>Manuel De J. Calle.- (18866-1918) obras: \"Figuras Y Siluetas\", \"Leyendas hist\u00f3ricas\", \"Leyendas del tiempo heroico\",\" Carlota\".<\/p>\n<p>Juan Montalvo Fiallos (1832-1889) sus obras:\"las catilinarias\", \"Los siete tratados\",\"El Espectador\",\"el Cosmopolitan\",\"El regenerador\",\"la geometr\u00eda moral\", \"Los cap\u00edtulos que se olvidaron al Cervantes\", etc.<\/p>\n<p>Federico Gonz\u00e1lez Suarez (1844-1817).- \"La prehistoria y arqueolog\u00eda\".\"Historia general del Ecuador\",\"Memorias intimas\".<\/p>\n<p>Gonzalo Zaldumbide (1833-1966).-obra: \"\u00c9gloga tr\u00e1gica\".<\/p>\n<p>Benjam\u00edn Carri\u00f3n (1897-1980).-obras: \"Los creadores de la Nueva Am\u00e9rica\", \"\u00bfPor qu\u00e9 Jes\u00fas no vuelve?\" , \" Mapa de Am\u00e9rica\" , \"Santa Gabriela Mistral\" , \" San miguel Unamuno\" ,\"Garc\u00eda Moreno el santo del pat\u00edbulo\".<\/p>\n<p><strong> <\/strong><\/p>\n<p><strong>EL RELATO ECUATORIANO.<\/strong><\/p>\n<p>Juan Le\u00f3n Mera (1832-1894).- obras: \"Ojeada hist\u00f3rico-critica sobre la poes\u00eda ecuatoriana\" , \"Antolog\u00eda\", \"Cumanda\", \" Mes de mayo consagrado a la madre de Dios\".<\/p>\n<p>Luis A. Mart\u00ednez (1869-1909).- \"Catecismo de la agricultura\", \"Disparates y caricaturas\" , \" A la costa\"<\/p>\n<p>Fernando Ch\u00e1vez.- obra:\"Plata y bronce\"<\/p>\n<p>Jorge Icaza (1906-1981).-\"Huasipungo \", \"El chulla romero y flores\", \"Los Huayrapamushcas\", etc.<\/p>\n<p><strong>LA GENERACION DE 1930<\/strong><\/p>\n<p>En 1930 aparece un libro: \"Los que se van\"  se llamo tambi\u00e9n \"Campo de Guayaquil\" o de \"Un solo pu\u00f1o\" compuesto por los siguientes narradores: Joaqu\u00edn Gallegos Lara, Jos\u00e9 de la Cuadra, Demetrio Aguilera Malta, Enrique Gil Gilbert y Alfredo pareja Diezcanseco.<\/p>\n<p>Jos\u00e9 de la Cuadra (1903-1941).- obras: \"Los sangurimas\", \"Horno\".<\/p>\n<p>Joaqu\u00edn Gallegos Lara.- Obras: \"Las cruces sobre el agua\", \"Biograf\u00eda del pueblo indio\", \"Los huandos\".<\/p>\n<p>Demetrio Aguilera Malta.- obras: \"Don Goyo\",\" La isla virgen\", \"El tigre\",\" Siete lunas y siete serpientes\".<\/p>\n<p>Enrique  Gil Gilbert.- obras: \"El malo\", \"El negro Santander\", \"Los relatos de Emmanuel\", \"Nuestro pan\"<\/p>\n<p>Alfredo Pareja Diezcanseco.- obras: \"La Beldaca\", \"Baldomera \", etc.<\/p>\n<p><strong> <\/strong><\/p>\n<p><strong>AUTORES CONTEMPORANEOS<\/strong><\/p>\n<p>Pedro Jorge Vera.- obras: \"Por la plata baila el perro\",\" Los animales puros\", \"La semilla est\u00e9ril\", \"Luto eterno\",\" Un ata\u00fad abandonado\".<\/p>\n<p>\u00c1ngel Felic\u00edsimo Rojas.- obras: \"El \u00c9xodo de Yangana\", \"Curipamba\", \"Un idilio bobo\".<\/p>\n<p>Pablo Palacio.- obras:\" La vida del ahorcado\", \"Un hombre muerto a punta pies\",\" Devora\".<\/p>\n<p>Humberto Salvador.- obras: \"En la cuidad he perdido un cuento\"<\/p>\n<p>Miguel Donoso Pareja.- obras: \"Ra\u00edces del hombre\",\" Los invencibles\",\" Mutaciones del hombre\", \"Primera canci\u00f3n del exiliado\".<\/p>\n<p>Otras obras son: \"La hora del lobo\",\" Nunca m\u00e1s el mar\", \"Todo lo que se inventa es cierto \", \"Identidad nacional\"<\/p>\n<p><strong> <\/strong><\/p>\n<p><strong>ESCRITORES DEL A\u00d1O 70 HASTA NUESTROS DIAS.<\/strong><\/p>\n<p>Eliecer C\u00e1rdenas Espinoza.- obras: \"Polvo y ceniza\", \"Juego de m\u00e1rtires\", \"Del silencio profundo\".<\/p>\n<p>Iv\u00e1n Eguez.- obras: \"La Linares\", \"El poder del Gran Se\u00f1or\".<\/p>\n<p>Ra\u00fal P\u00e9rez Torres.- obras: \"En la noche y en la niebla\", \"Musiquero joven, musiquero viejo\",\" Micaela y otros cuentos\",\"Teor\u00eda del desencanto\"<\/p>\n<p>Carlos Bejar Portilla.- obras: \"Sim\u00f3n el mago\", \"Tribus s\u00ed\".<\/p>\n<p>Jorge Velazco Mackenzie.- obras\" De vuelta al para\u00edso\", \"Como gato en tempestad\", \"Raimundo y la creaci\u00f3n del mundo\", \"El rinc\u00f3n de los justos\", \"Tambores para una canci\u00f3n perdida\"<\/p>\n<p>Alfonso Barrera Valverde.- obras:\" Dos muertes en una vida\", \"Heredaras un mar que no conoces y leguas que no sabes\", \"El pa\u00eds de Manuelito\"<\/p>\n<p>Monse\u00f1or Le\u00f3nidas Proa\u00f1o.- obra:   \"Rupito\"<\/p>\n<p><strong> <\/strong><\/p>\n<p><strong>EL TEATRO ECUATORIANO<\/strong><\/p>\n<p>Principales representantes:<\/p>\n<p>Francisco Tobar Garc\u00eda.- obras: \"La trilog\u00eda del mar\", \"Cuando el mar no exista\", \"En los ojos vacios de la gente\", \"Balada para un imb\u00e9cil\".<\/p>\n<p>Jos\u00e9 Mart\u00ednez Queirolo.- obras: \"El baratillo de la sinceridad\", \"La dama meona\", \"Goteras\".<\/p>\n","protected":false},"excerpt":{"rendered":"<p>PANORAMA DE LA LITERATURA ECUATORIANA. LOS AUTORES Y SUS OBRAS PRINCIPALES. LA L\u00cdRICA PRECOLONIAL. Los cantores primitivos se llaman: Aravicos y Amautas. Jacinto Collahuazo.- (indio) Escribi\u00f3 el poema: \"Atahualpa Hua\u00f1i\" \"Historia de las guerras civiles entre Atahualpa y su hermano Hu\u00e1scar\". LITERATURA DEL DESCUBRIMIENTO Y LA CONQUISTA. PRINCIPALES CRONISTAS: Pedro Cieza de Le\u00f3n, con su [&hellip;]<\/p>\n","protected":false},"author":1827,"featured_media":0,"parent":0,"menu_order":0,"comment_status":"open","ping_status":"open","template":"","meta":{"footnotes":""},"class_list":["post-135","page","type-page","status-publish","hentry"],"_links":{"self":[{"href":"https:\/\/blog.espol.edu.ec\/ronrarod\/wp-json\/wp\/v2\/pages\/135","targetHints":{"allow":["GET"]}}],"collection":[{"href":"https:\/\/blog.espol.edu.ec\/ronrarod\/wp-json\/wp\/v2\/pages"}],"about":[{"href":"https:\/\/blog.espol.edu.ec\/ronrarod\/wp-json\/wp\/v2\/types\/page"}],"author":[{"embeddable":true,"href":"https:\/\/blog.espol.edu.ec\/ronrarod\/wp-json\/wp\/v2\/users\/1827"}],"replies":[{"embeddable":true,"href":"https:\/\/blog.espol.edu.ec\/ronrarod\/wp-json\/wp\/v2\/comments?post=135"}],"version-history":[{"count":6,"href":"https:\/\/blog.espol.edu.ec\/ronrarod\/wp-json\/wp\/v2\/pages\/135\/revisions"}],"predecessor-version":[{"id":137,"href":"https:\/\/blog.espol.edu.ec\/ronrarod\/wp-json\/wp\/v2\/pages\/135\/revisions\/137"}],"wp:attachment":[{"href":"https:\/\/blog.espol.edu.ec\/ronrarod\/wp-json\/wp\/v2\/media?parent=135"}],"curies":[{"name":"wp","href":"https:\/\/api.w.org\/{rel}","templated":true}]}}