{"id":89,"date":"2009-06-10T17:35:47","date_gmt":"2009-06-10T21:35:47","guid":{"rendered":"http:\/\/blog.espol.edu.ec\/ronrarod\/?page_id=89"},"modified":"2009-08-11T16:18:20","modified_gmt":"2009-08-11T20:18:20","slug":"sobre-mi","status":"publish","type":"page","link":"https:\/\/blog.espol.edu.ec\/ronrarod\/sobre-mi\/","title":{"rendered":"Sobre mi"},"content":{"rendered":"<p><span style=\"color: #339966\"><em>Hola, bienvenido a mi blog.<\/em><\/span><\/p>\n<p><span style=\"color: #339966\"><em>Nombre: Ronald Ramiro<br \/>\n<\/em><\/span><\/p>\n<p><span style=\"color: #339966\"><em>Apellidos: Rodr\u00edguez Apolinario<\/em>.<\/span><\/p>\n<p><span style=\"color: #339966\">Correos :<\/span><\/p>\n<ul>\n<li><span style=\"color: #339966\">ronrarod@espol.edu.ec<\/span><\/li>\n<li><span style=\"color: #339966\">ronito2008@hotmail.es<\/span><\/li>\n<\/ul>\n<p><span style=\"color: #339966\">Realice mis estudios primarios y secundarios  en la Pen\u00ednsula de Santa Elena, en la Escuela Fiscal<\/span><\/p>\n<p><span style=\"color: #339966\">\"22 De Enero\" y en el Colegio Fiscal T\u00e9cnico \" Santa Elena\" respectivamente. Me gradue con el T\u00edtulo de Contador Bachiller en Ciencias de Comercio y Administraci\u00f3n<\/span><\/p>\n<p><span style=\"color: #339966\">Ahora estoy estudiando en la Escuela Superior Polit\u00e9cnica del Litoral (ESPOL), Campus Gustavo Galindo, universidad situada en la Ciudad de Guayaquil. Estoy en el primer semestre de la Carrera Ingenieria en Auditoria y Contaduria P\u00fablica Autorizada.<\/span><\/p>\n<p><span style=\"color: #339966\">Mi pasatiempo es ver televisi\u00f3n, escuchar m\u00fasica y jugar F\u00fatbol.<\/span><\/p>\n<p><span style=\"color: #339966\">Yo no soy de Guayaquil, soy de la Pan\u00ednsula de Santa Elena pero decid\u00ed realizar mis estudios universitarios en LA ESPOL porque es una o la mejor universidad del pais, porque no cualquier persona pertenece a aquella, porque para estar aqui hay que esforzarse mucho, dar lo mejor de uno. Por eso entrar a la ESPOL fue un reto, ahora tengo otros retos como no descuidar mis estudios para  no reprobar ninguna materia y poder incorporarme como un buen profesional en la carrera que sigo; Para despues obtener un t\u00edtulo de cuarto nivel.<\/span><\/p>\n<p><span style=\"color: #339966\">Esto es todo lo que puedo decir en honor a la verdad.<\/span><\/p>\n<h1><span style=\"color: #339966\"><span style=\"color: #000000\"><strong>Fotos<\/strong><\/span><\/span><\/h1>\n<p><span style=\"color: #339966\"><span style=\"color: #000000\"><strong><\/strong><\/span><\/span><\/p>\n<p><span style=\"color: #339966\"><span style=\"color: #000000\"><strong><a href=\"http:\/\/blog.espol.edu.ec\/ronrarod\/files\/2009\/06\/muchachos1.jpg\"><img loading=\"lazy\" decoding=\"async\" class=\"alignleft size-medium wp-image-163\" src=\"http:\/\/blog.espol.edu.ec\/ronrarod\/files\/2009\/06\/muchachos1-300x225.jpg\" alt=\"muchachos1\" width=\"300\" height=\"225\" srcset=\"https:\/\/blog.espol.edu.ec\/ronrarod\/files\/2009\/06\/muchachos1-300x225.jpg 300w, https:\/\/blog.espol.edu.ec\/ronrarod\/files\/2009\/06\/muchachos1.jpg 640w\" sizes=\"auto, (max-width: 300px) 100vw, 300px\" \/><\/a><\/strong><\/span><\/span><\/p>\n<p><a href=\"http:\/\/blog.espol.edu.ec\/ronrarod\/files\/2009\/06\/picture387.jpg\"><img loading=\"lazy\" decoding=\"async\" class=\"alignleft size-medium wp-image-47\" src=\"http:\/\/blog.espol.edu.ec\/ronrarod\/files\/2009\/06\/picture387-300x225.jpg\" alt=\"picture387\" width=\"300\" height=\"225\" srcset=\"https:\/\/blog.espol.edu.ec\/ronrarod\/files\/2009\/06\/picture387-300x225.jpg 300w, https:\/\/blog.espol.edu.ec\/ronrarod\/files\/2009\/06\/picture387-1024x768.jpg 1024w, https:\/\/blog.espol.edu.ec\/ronrarod\/files\/2009\/06\/picture387.jpg 1152w\" sizes=\"auto, (max-width: 300px) 100vw, 300px\" \/><\/a><\/p>\n","protected":false},"excerpt":{"rendered":"<p>Hola, bienvenido a mi blog. Nombre: Ronald Ramiro Apellidos: Rodr\u00edguez Apolinario. Correos : ronrarod@espol.edu.ec ronito2008@hotmail.es Realice mis estudios primarios y secundarios en la Pen\u00ednsula de Santa Elena, en la Escuela Fiscal \"22 De Enero\" y en el Colegio Fiscal T\u00e9cnico \" Santa Elena\" respectivamente. Me gradue con el T\u00edtulo de Contador Bachiller en Ciencias de [&hellip;]<\/p>\n","protected":false},"author":1827,"featured_media":0,"parent":0,"menu_order":1,"comment_status":"open","ping_status":"open","template":"","meta":{"footnotes":""},"class_list":["post-89","page","type-page","status-publish","hentry"],"_links":{"self":[{"href":"https:\/\/blog.espol.edu.ec\/ronrarod\/wp-json\/wp\/v2\/pages\/89","targetHints":{"allow":["GET"]}}],"collection":[{"href":"https:\/\/blog.espol.edu.ec\/ronrarod\/wp-json\/wp\/v2\/pages"}],"about":[{"href":"https:\/\/blog.espol.edu.ec\/ronrarod\/wp-json\/wp\/v2\/types\/page"}],"author":[{"embeddable":true,"href":"https:\/\/blog.espol.edu.ec\/ronrarod\/wp-json\/wp\/v2\/users\/1827"}],"replies":[{"embeddable":true,"href":"https:\/\/blog.espol.edu.ec\/ronrarod\/wp-json\/wp\/v2\/comments?post=89"}],"version-history":[{"count":16,"href":"https:\/\/blog.espol.edu.ec\/ronrarod\/wp-json\/wp\/v2\/pages\/89\/revisions"}],"predecessor-version":[{"id":102,"href":"https:\/\/blog.espol.edu.ec\/ronrarod\/wp-json\/wp\/v2\/pages\/89\/revisions\/102"}],"wp:attachment":[{"href":"https:\/\/blog.espol.edu.ec\/ronrarod\/wp-json\/wp\/v2\/media?parent=89"}],"curies":[{"name":"wp","href":"https:\/\/api.w.org\/{rel}","templated":true}]}}