{"id":97,"date":"2014-06-08T16:32:29","date_gmt":"2014-06-08T21:32:29","guid":{"rendered":"http:\/\/blog.espol.edu.ec\/roreyes\/?page_id=97"},"modified":"2014-06-08T16:52:19","modified_gmt":"2014-06-08T21:52:19","slug":"mundo-mac","status":"publish","type":"page","link":"https:\/\/blog.espol.edu.ec\/roreyes\/mundo-mac\/","title":{"rendered":"Mundo MAC"},"content":{"rendered":"<h1>Nuevo iPhone 6<\/h1>\n<p>El nuevo iPhone 6 de Apple, la s\u00e9ptima (u octava) versi\u00f3n del tel\u00e9fono de la empresa de la manzana y evoluci\u00f3n del actual iPhone 5, ser\u00e1 presentado por Tim Cook, seg\u00fan los rumores, durante los pr\u00f3ximos meses de 2014 e incluir\u00e1 el nuevo iOS 8, que ser\u00e1 presentado en la WWDC14.<\/p>\n<p><img decoding=\"async\" src=\"http:\/\/ipadstatic.com\/2013\/05\/concepto-iPhone-6-1.jpg\" alt=\"iPhone 6\" \/><\/p>\n<p><strong>\u00bfQu\u00e9 precios podr\u00eda tener el pr\u00f3ximo iPhone 6?<\/strong><\/p>\n<p>Como ya hemos comentado, Apple siempre suele seguir una pol\u00edtica muy estricta a la hora de poner el precio a sus productos. Hasta el momento, todos los modelos excepto el iPhone 5, hab\u00edan mantenido el mismo precio cada vez que se lanzaba un nuevo modelo.<\/p>\n<p>Con el iPhone 5 eso cambi\u00f3, seguramente debido a la subida del IVA en Espa\u00f1a, unido a unos mayores costes a la hora de producir el dispositivo, el nuevo smartphone de Apple escal\u00f3 hasta un precio de 669\u20ac el modelo m\u00e1s econ\u00f3mico.<\/p>\n<p>Teniendo en cuenta que dif\u00edcilmente Apple vaya a volver a rebajar el precio (a excepci\u00f3n de una cat\u00e1strofe en las ventas del iPhone 5S), los posibles precios para el iPhone 6 podr\u00edan ser estos.<\/p>\n<ul>\n<li>iPhone 6 16GB: 669\u20ac.<\/li>\n<li>iPhone 6 32GB: 769\u20ac.<\/li>\n<li>iPhone 6 64GB: 869\u20ac.<\/li>\n<\/ul>\n<p><img decoding=\"async\" src=\"http:\/\/ipadstatic.com\/2013\/06\/concepto-iPhone-6-14.jpg\" alt=\"1x1.trans\" \/><\/p>\n<hr \/>\n<p>&nbsp;<\/p>\n<hr \/>\n<p>&nbsp;<\/p>\n<blockquote><p><strong>Posibles fechas de Lanzamiento del pr\u00f3ximo iPhone 6 de Apple<\/strong><\/p><\/blockquote>\n<p>Para intentar vislumbrar cu\u00e1l ser\u00e1 la fecha de lanzamiento del iPhone 6, debemos centrarnos primero en la estrategia que Apple piensa llevar a cabo este a\u00f1o. Como hemos podido ver hasta el momento, los de Cupertino todav\u00eda no han lanzado ning\u00fan producto en lo que va de a\u00f1o y nos plantamos en la mitad del mismo con el contador a cero. \u00bfCu\u00e1les podr\u00edan ser los nuevos planes de Apple? Ya lo dej\u00f3 entrever Tim Cook con sus palabras: concentrar todos los lanzamientos en los meses de septiembre-octubre.<\/p>\n<p>As\u00ed es, seg\u00fan parece, a Apple le fue muy bien el a\u00f1o pasado al aplicar esta estratega, era la primera que hac\u00edan algo similar, y parece que sus intenciones son volver a repetir jugada. De este modo, tal y como se prev\u00e9 con el iPhone 5S, el iPhone 6 ver\u00eda la luz en los meses de setiembre-octubre del 2014.<\/p>\n<p><img decoding=\"async\" src=\"http:\/\/ipadstatic.com\/2013\/06\/concepto-iPhone-6-13.jpg\" alt=\"1x1.trans\" \/><\/p>\n","protected":false},"excerpt":{"rendered":"<p>Nuevo iPhone 6 El nuevo iPhone 6 de Apple, la s\u00e9ptima (u octava) versi\u00f3n del tel\u00e9fono de la empresa de la manzana y evoluci\u00f3n del actual iPhone 5, ser\u00e1 presentado por Tim Cook, seg\u00fan los rumores, durante los pr\u00f3ximos meses de 2014 e incluir\u00e1 el nuevo iOS 8, que ser\u00e1 presentado en la WWDC14. \u00bfQu\u00e9 [&hellip;]<\/p>\n","protected":false},"author":9087,"featured_media":0,"parent":0,"menu_order":0,"comment_status":"open","ping_status":"open","template":"","meta":{"footnotes":""},"class_list":["post-97","page","type-page","status-publish","hentry"],"_links":{"self":[{"href":"https:\/\/blog.espol.edu.ec\/roreyes\/wp-json\/wp\/v2\/pages\/97","targetHints":{"allow":["GET"]}}],"collection":[{"href":"https:\/\/blog.espol.edu.ec\/roreyes\/wp-json\/wp\/v2\/pages"}],"about":[{"href":"https:\/\/blog.espol.edu.ec\/roreyes\/wp-json\/wp\/v2\/types\/page"}],"author":[{"embeddable":true,"href":"https:\/\/blog.espol.edu.ec\/roreyes\/wp-json\/wp\/v2\/users\/9087"}],"replies":[{"embeddable":true,"href":"https:\/\/blog.espol.edu.ec\/roreyes\/wp-json\/wp\/v2\/comments?post=97"}],"version-history":[{"count":4,"href":"https:\/\/blog.espol.edu.ec\/roreyes\/wp-json\/wp\/v2\/pages\/97\/revisions"}],"predecessor-version":[{"id":103,"href":"https:\/\/blog.espol.edu.ec\/roreyes\/wp-json\/wp\/v2\/pages\/97\/revisions\/103"}],"wp:attachment":[{"href":"https:\/\/blog.espol.edu.ec\/roreyes\/wp-json\/wp\/v2\/media?parent=97"}],"curies":[{"name":"wp","href":"https:\/\/api.w.org\/{rel}","templated":true}]}}