{"id":113,"date":"2009-11-19T17:23:27","date_gmt":"2009-11-19T22:23:27","guid":{"rendered":"http:\/\/blog.espol.edu.ec\/rosgedes\/?page_id=113"},"modified":"2009-11-20T12:40:44","modified_gmt":"2009-11-20T17:40:44","slug":"my-ciudad","status":"publish","type":"page","link":"https:\/\/blog.espol.edu.ec\/rosgedes\/my-ciudad\/","title":{"rendered":"MY CIUDAD"},"content":{"rendered":"<p style=\"text-align: center\">\n<p style=\"text-align: center\">\n<blockquote>\n<h1 style=\"text-align: center\"><span style=\"color: #003399\"><span style=\"text-decoration: underline\"><strong>Puente del Velero<\/strong><\/span><\/span><\/h1>\n<h3 style=\"text-align: center\">Puente <a href=\"http:\/\/www.skyscrapercity.com\/showthread.php?t=467029\">\"<strong>El Velero<\/strong><\/a><strong>\"<\/strong>. En el a\u00f1o 1998, se inaugur\u00f3 el Puente sobre el Estero Salado ... lleg\u00f3 a representar un hito en la est\u00e9tica urbana de Guayaquil, destac\u00e1ndose como \u201cEl Puente m\u00e1s bonito del pa\u00eds\u201d.<\/h3>\n<\/blockquote>\n<p style=\"text-align: center\"><img loading=\"lazy\" decoding=\"async\" class=\"aligncenter size-full wp-image-122\" src=\"http:\/\/blog.espol.edu.ec\/rosgedes\/files\/2009\/11\/1335156.jpg\" alt=\"1335156\" width=\"640\" height=\"416\" srcset=\"https:\/\/blog.espol.edu.ec\/rosgedes\/files\/2009\/11\/1335156.jpg 640w, https:\/\/blog.espol.edu.ec\/rosgedes\/files\/2009\/11\/1335156-300x195.jpg 300w\" sizes=\"auto, (max-width: 640px) 100vw, 640px\" \/><\/p>\n<blockquote>\n<h1 style=\"text-align: center\"><\/h1>\n<h1 style=\"text-align: center\"><span style=\"color: #cc3366\"><span style=\"text-decoration: underline\"><strong>El Malecon del Salado<\/strong><\/span><\/span><\/h1>\n<h3><a href=\"http:\/\/www.ecuador.us\/travel\/ecuador\/turismo_ecuador\/malecon_del_salado_guayaquil\/\"><strong>El Malec\u00f3n del Estero Salado<\/strong><\/a> forma un gran circuito tur\u00edstico con el Malec\u00f3n 2000, gracias a la regenerada y emblem\u00e1tica avenida 9 de Octubre se conectan formando un corredor que es visita obligada de turistas que deseen conocer los malecones del r\u00edo y del estero.<\/h3>\n<\/blockquote>\n<p style=\"text-align: center\"><img loading=\"lazy\" decoding=\"async\" class=\"aligncenter size-full wp-image-123\" src=\"http:\/\/blog.espol.edu.ec\/rosgedes\/files\/2009\/11\/dsc02827vc2.jpg\" alt=\"dsc02827vc2\" width=\"640\" height=\"480\" srcset=\"https:\/\/blog.espol.edu.ec\/rosgedes\/files\/2009\/11\/dsc02827vc2.jpg 640w, https:\/\/blog.espol.edu.ec\/rosgedes\/files\/2009\/11\/dsc02827vc2-300x225.jpg 300w\" sizes=\"auto, (max-width: 640px) 100vw, 640px\" \/><\/p>\n<p style=\"text-align: center\"><a href=\"http:\/\/www.ecuador.us\/travel\/ecuador\/turismo_ecuador\/malecon_del_salado_guayaquil\/\"><strong><\/strong><\/a><\/p>\n<p style=\"text-align: center\">\n<h1 style=\"text-align: center\"><\/h1>\n<h1 style=\"text-align: center\"><span style=\"text-decoration: underline\"><strong>Aeropuerto \"<span style=\"color: #ff00ff\">Jose Joaquin de Olmedo<\/span>\"<\/strong><\/span><\/h1>\n<h3 style=\"text-align: center\">ES EL UNICO AREPOPUETO DE GUAYAQUIL POR LO CUAL, ES\u00a0 EL QUE LE DA LA CALIDA BIENVENIDA A LOS EXTANJEROS ASI QUE DEBEMOS CUIDARLO ES NUESTRA REPRESENTACION<img loading=\"lazy\" decoding=\"async\" class=\"aligncenter size-full wp-image-125\" src=\"http:\/\/blog.espol.edu.ec\/rosgedes\/files\/2009\/11\/jjo.jpg\" alt=\"jjo\" width=\"691\" height=\"518\" srcset=\"https:\/\/blog.espol.edu.ec\/rosgedes\/files\/2009\/11\/jjo.jpg 1200w, https:\/\/blog.espol.edu.ec\/rosgedes\/files\/2009\/11\/jjo-300x225.jpg 300w, https:\/\/blog.espol.edu.ec\/rosgedes\/files\/2009\/11\/jjo-1024x768.jpg 1024w\" sizes=\"auto, (max-width: 691px) 100vw, 691px\" \/><\/h3>\n<h3 style=\"text-align: center\"><\/h3>\n<h1 style=\"text-align: center\"><span style=\"text-decoration: underline\">Centro Comercial\"<span style=\"color: #ff6600\"><strong>Mall del Sol\"<\/strong><\/span><\/span><\/h1>\n<h3 style=\"text-align: center\">Unos de los centro comerciales mas concurridos sin duda es el<a href=\"http:\/\/especiales.eluniverso.com\/especiales\/guayaquil\/centros_comerciales.asp\"><em><strong> mall lel sol<\/strong><\/em><\/a>, bueno es al que yo mas concurro Guayaquil se caracteriza por esto tener algunos centros Comerciales este se inaugur\u00f3 en 1997. Se destaca por sus tiendas, el patio de comidas y las nueve salas de cine de la cadena Cinemark con capacidad para 1.453 personas en total.<\/h3>\n<p style=\"text-align: center\"><img loading=\"lazy\" decoding=\"async\" class=\"aligncenter size-full wp-image-128\" src=\"http:\/\/blog.espol.edu.ec\/rosgedes\/files\/2009\/11\/llpllplpop1.jpg\" alt=\"llpllplpop1\" width=\"819\" height=\"544\" srcset=\"https:\/\/blog.espol.edu.ec\/rosgedes\/files\/2009\/11\/llpllplpop1.jpg 1024w, https:\/\/blog.espol.edu.ec\/rosgedes\/files\/2009\/11\/llpllplpop1-300x199.jpg 300w\" sizes=\"auto, (max-width: 819px) 100vw, 819px\" \/><\/p>\n<h1 style=\"text-align: center\"><\/h1>\n<h1 style=\"text-align: center\"><span style=\"color: #8328d6\"><span style=\"text-decoration: underline\"><strong>Playas<\/strong><\/span><\/span><\/h1>\n<h3 style=\"text-align: center\">Uno de los destino turisticos d nuestra cuidad es sin duda playas, donde vas a encontrar\u00a0 mar, sol y arena, es lugar muy visitado ya que es la unica playa de Guayaquil es un lugar que como te podras dar cuenta tiene un paisaje algo especial y por supuesto no podemos dejar atras el malecon, y si tu eres de las personas que te gusta la rumba, pues este es el lugar perfecto para farrear.<\/h3>\n<p style=\"text-align: center\"><img loading=\"lazy\" decoding=\"async\" class=\"aligncenter size-full wp-image-129\" src=\"http:\/\/blog.espol.edu.ec\/rosgedes\/files\/2009\/11\/dsc05108-copy1.jpg\" alt=\"dsc05108-copy1\" width=\"768\" height=\"1024\" srcset=\"https:\/\/blog.espol.edu.ec\/rosgedes\/files\/2009\/11\/dsc05108-copy1.jpg 768w, https:\/\/blog.espol.edu.ec\/rosgedes\/files\/2009\/11\/dsc05108-copy1-225x300.jpg 225w\" sizes=\"auto, (max-width: 768px) 100vw, 768px\" \/><\/p>\n","protected":false},"excerpt":{"rendered":"<p>Puente del Velero Puente \"El Velero\". En el a\u00f1o 1998, se inaugur\u00f3 el Puente sobre el Estero Salado ... lleg\u00f3 a representar un hito en la est\u00e9tica urbana de Guayaquil, destac\u00e1ndose como \u201cEl Puente m\u00e1s bonito del pa\u00eds\u201d. El Malecon del Salado El Malec\u00f3n del Estero Salado forma un gran circuito tur\u00edstico con el Malec\u00f3n [&hellip;]<\/p>\n","protected":false},"author":3203,"featured_media":0,"parent":0,"menu_order":0,"comment_status":"open","ping_status":"open","template":"","meta":{"_monsterinsights_skip_tracking":false,"_monsterinsights_sitenote_active":false,"_monsterinsights_sitenote_note":"","_monsterinsights_sitenote_category":0,"footnotes":""},"class_list":["post-113","page","type-page","status-publish","hentry"],"_links":{"self":[{"href":"https:\/\/blog.espol.edu.ec\/rosgedes\/wp-json\/wp\/v2\/pages\/113","targetHints":{"allow":["GET"]}}],"collection":[{"href":"https:\/\/blog.espol.edu.ec\/rosgedes\/wp-json\/wp\/v2\/pages"}],"about":[{"href":"https:\/\/blog.espol.edu.ec\/rosgedes\/wp-json\/wp\/v2\/types\/page"}],"author":[{"embeddable":true,"href":"https:\/\/blog.espol.edu.ec\/rosgedes\/wp-json\/wp\/v2\/users\/3203"}],"replies":[{"embeddable":true,"href":"https:\/\/blog.espol.edu.ec\/rosgedes\/wp-json\/wp\/v2\/comments?post=113"}],"version-history":[{"count":6,"href":"https:\/\/blog.espol.edu.ec\/rosgedes\/wp-json\/wp\/v2\/pages\/113\/revisions"}],"predecessor-version":[{"id":116,"href":"https:\/\/blog.espol.edu.ec\/rosgedes\/wp-json\/wp\/v2\/pages\/113\/revisions\/116"}],"wp:attachment":[{"href":"https:\/\/blog.espol.edu.ec\/rosgedes\/wp-json\/wp\/v2\/media?parent=113"}],"curies":[{"name":"wp","href":"https:\/\/api.w.org\/{rel}","templated":true}]}}