{"id":134,"date":"2009-11-20T13:38:27","date_gmt":"2009-11-20T18:38:27","guid":{"rendered":"http:\/\/blog.espol.edu.ec\/rosgedes\/?page_id=134"},"modified":"2009-11-22T18:14:37","modified_gmt":"2009-11-22T23:14:37","slug":"emelec","status":"publish","type":"page","link":"https:\/\/blog.espol.edu.ec\/rosgedes\/emelec\/","title":{"rendered":"Emelec"},"content":{"rendered":"<h1 style=\"text-align: center\"><span style=\"color: #0000ff\"><span style=\"text-decoration: underline\">THE BEST TEAM<\/span><\/span><\/h1>\n<p style=\"text-align: center\"><span style=\"color: #0000ff\"><span style=\"text-decoration: underline\"><img loading=\"lazy\" decoding=\"async\" class=\"aligncenter size-full wp-image-136\" src=\"http:\/\/blog.espol.edu.ec\/rosgedes\/files\/2009\/11\/emelec112.jpg\" alt=\"emelec112\" width=\"624\" height=\"480\" srcset=\"https:\/\/blog.espol.edu.ec\/rosgedes\/files\/2009\/11\/emelec112.jpg 780w, https:\/\/blog.espol.edu.ec\/rosgedes\/files\/2009\/11\/emelec112-300x230.jpg 300w\" sizes=\"auto, (max-width: 624px) 100vw, 624px\" \/><\/span><\/span><\/p>\n<h3 style=\"text-align: center\"><span style=\"color: #0000ff\"><span style=\"color: #000000\">EL EQUIPO DE MI AMORES COMO SE HABRAN PODIDO DAR CUENTA ES SIN DUDA MI QUERIDO Y AMADO EMELEC OSEA SIN OFENDER EL REY DE REYES, PARA MI ES EL MEJOR .\u00a0 TAMBIE CONOCIDO COMO EL BALLET AZUL ES UN EQUIPO MUY POPULAR\u00a0 EN NUESTRA CIUDAD DESPUES DE GUAYAQUIL.<\/span><\/span><\/h3>\n<h1 style=\"text-align: center\"><span style=\"text-decoration: underline\"><span style=\"color: #0000ff\"><span style=\"color: #000000\"><span style=\"color: #0000ff\">SU HISTORIA<\/span><br \/>\n<\/span><\/span><\/span><\/h1>\n<h1 style=\"text-align: center\"><span style=\"text-decoration: underline\"><img loading=\"lazy\" decoding=\"async\" class=\"aligncenter size-full wp-image-135\" src=\"http:\/\/blog.espol.edu.ec\/rosgedes\/files\/2009\/11\/2007_02_13_emelec-velez08.jpg\" alt=\"2007_02_13_emelec-velez08\" width=\"640\" height=\"426\" srcset=\"https:\/\/blog.espol.edu.ec\/rosgedes\/files\/2009\/11\/2007_02_13_emelec-velez08.jpg 640w, https:\/\/blog.espol.edu.ec\/rosgedes\/files\/2009\/11\/2007_02_13_emelec-velez08-300x199.jpg 300w\" sizes=\"auto, (max-width: 640px) 100vw, 640px\" \/><\/span><\/h1>\n<h3 style=\"text-align: center\">El nacimiento oficial del club, se debe a un hombre visionario que con el paso de los a\u00f1os se convirti\u00f3 en inmortal en la historia del Club, el legendario deportista y dirigente, George Lewis Capwell. integrante de la Superintendencia de la Empresa El\u00e9ctrica de Ecuador, EMELEC. El hombre. un norteamericano de figura imponente y car\u00e1cter firme era deportista por afici\u00f3n y convicci\u00f3n, practicante de nataci\u00f3n, b\u00e1squet, hand-ball y b\u00e9isbol quer\u00eda que los trabajadores de la empresa en que laboraba formasen un club deportivo.<\/h3>\n<h3 style=\"text-align: center\">Esa historia del Emelec de 1925 de ef\u00edmera vida, sirvi\u00f3 de inspiraci\u00f3n para el Emelec de hoy. As\u00ed. cuatro a\u00f1os despu\u00e9s (en 1929), retomando la idea y considerando la formaci\u00f3n informal de ese club tambi\u00e9n constituido por trabajadores de la Empresa El\u00e9ctrica. Capwell forj\u00f3 desde las entra\u00f1as de tierra de la electricidad un club que ten\u00eda la energ\u00eda necesaria para dar luz e iluminar los corazones de una hinchada que siente el torrente de la pasi\u00f3n. circuita pasiones y alumbra sus vivencias con un intenso y apasionado color azul.<\/h3>\n<h1 style=\"text-align: center\"><span style=\"text-decoration: underline\"><span style=\"color: #0000ff\">La Mascota Azul<\/span><\/span><\/h1>\n<h3 style=\"text-align: center\"><img loading=\"lazy\" decoding=\"async\" class=\"aligncenter size-full wp-image-137\" src=\"http:\/\/blog.espol.edu.ec\/rosgedes\/files\/2009\/11\/16454.jpg\" alt=\"16454\" width=\"360\" height=\"280\" srcset=\"https:\/\/blog.espol.edu.ec\/rosgedes\/files\/2009\/11\/16454.jpg 360w, https:\/\/blog.espol.edu.ec\/rosgedes\/files\/2009\/11\/16454-300x233.jpg 300w\" sizes=\"auto, (max-width: 360px) 100vw, 360px\" \/>ESTA ES LA MASCOTA QUE NOS REPRESENTA COMO EQUIPO SI O NO QUE ESTA CHIDO, PARA LOS QUE DICEN SER ELECTRICOS Y NO CONOCEN LA MASCOTA DEL EQUIPO PUES DEJENME DECIRLE QUE NO SON ELECTRICOS.<\/h3>\n<h2 style=\"text-align: center\"><span style=\"color: #0000ff\">Nuetro querido Estadio<\/span><\/h2>\n<h1 style=\"text-align: center\"><span style=\"color: #0000ff\">\"George Lewis Capwell\"<\/span><\/h1>\n<p><span style=\"color: #0000ff\"><br \/>\n<\/span><\/p>\n<p><span style=\"color: #0000ff\"><img loading=\"lazy\" decoding=\"async\" class=\"aligncenter size-full wp-image-138\" src=\"http:\/\/blog.espol.edu.ec\/rosgedes\/files\/2009\/11\/566565565.jpg\" alt=\"566565565\" width=\"800\" height=\"342\" srcset=\"https:\/\/blog.espol.edu.ec\/rosgedes\/files\/2009\/11\/566565565.jpg 800w, https:\/\/blog.espol.edu.ec\/rosgedes\/files\/2009\/11\/566565565-300x128.jpg 300w\" sizes=\"auto, (max-width: 800px) 100vw, 800px\" \/><br \/>\n<\/span><\/p>\n<h3 style=\"text-align: center\"><a title=\"Estadio George Lewis Capwell\" rel=\"gb_image[]\" href=\"http:\/\/www.emelec.com.ec\/archivos\/imagenes\/estadio_capwell_emelec.jpg\"><\/a>El Estadio Capwell nace de la iniciativa de don George Lewis Capwell. En diciembre de 1940, la Municipalidad de Guayaquil aprueba el alquiler de cuatro manzanas para la construcci\u00f3n del Estadio del Club Sport Emelec. El 8 de Septiembre de 1942, el cabildo porte\u00f1o resuelve la donaci\u00f3n de tales manzanas y el 15 de Octubre de ese mismo a\u00f1o, el Congreso Nacional del Ecuador aprueba el decreto autorizando a la Municipalidad de Guayaquil la donaci\u00f3n, consolidado el dominio sobre los terrenos. El 24 de Julio de 1943, se coloca la primera piedra de lo que ser\u00eda el Estadio Capwell.<\/h3>\n<p><img loading=\"lazy\" decoding=\"async\" class=\"aligncenter size-full wp-image-139\" src=\"http:\/\/blog.espol.edu.ec\/rosgedes\/files\/2009\/11\/tribuna-generalc.jpg\" alt=\"tribuna-generalc\" width=\"800\" height=\"600\" srcset=\"https:\/\/blog.espol.edu.ec\/rosgedes\/files\/2009\/11\/tribuna-generalc.jpg 800w, https:\/\/blog.espol.edu.ec\/rosgedes\/files\/2009\/11\/tribuna-generalc-300x225.jpg 300w\" sizes=\"auto, (max-width: 800px) 100vw, 800px\" \/><\/p>\n<h1><span style=\"color: #0000ff\">Campeon en el 2002<\/span><\/h1>\n<h1><img loading=\"lazy\" decoding=\"async\" class=\"aligncenter size-full wp-image-140\" src=\"http:\/\/blog.espol.edu.ec\/rosgedes\/files\/2009\/11\/bicampeon.jpg\" alt=\"bicampeon\" width=\"450\" height=\"270\" srcset=\"https:\/\/blog.espol.edu.ec\/rosgedes\/files\/2009\/11\/bicampeon.jpg 450w, https:\/\/blog.espol.edu.ec\/rosgedes\/files\/2009\/11\/bicampeon-300x180.jpg 300w\" sizes=\"auto, (max-width: 450px) 100vw, 450px\" \/><\/h1>\n<h3 style=\"text-align: center\">Emelec lleg\u00f3 a la \u00faltima fecha de la Liguilla en tercer lugar, a un punto de <a title=\"Barcelona Sporting Club\" href=\"http:\/\/es.wikipedia.org\/wiki\/Barcelona_Sporting_Club\">Barcelona<\/a> y <a title=\"Club Deportivo El Nacional\" href=\"http:\/\/es.wikipedia.org\/wiki\/Club_Deportivo_El_Nacional\">El Nacional<\/a>, quienes eran los m\u00e1s opcionados para llevarse el t\u00edtulo. El trofeo fue llevado a <a title=\"Quito\" href=\"http:\/\/es.wikipedia.org\/wiki\/Quito\">Quito<\/a>, donde jugaban los m\u00e1s opcionados.<\/h3>\n<h3 style=\"text-align: center\">Emelec empataba con <a title=\"Sociedad Deportiva Aucas\" href=\"http:\/\/es.wikipedia.org\/wiki\/Sociedad_Deportiva_Aucas\">Aucas<\/a> 1-1 y el campe\u00f3n era Barcelona, debido a que iba empatando con <a class=\"mw-redirect\" title=\"Liga Deportiva Universitaria\" href=\"http:\/\/es.wikipedia.org\/wiki\/Liga_Deportiva_Universitaria\">Liga de Quito<\/a> 0-0. A falta de 2 minutos para el final del partido, Augusto Poroso, con una <a title=\"Chilena (f\u00fatbol)\" href=\"http:\/\/es.wikipedia.org\/wiki\/Chilena_%28f%C3%BAtbol%29\">chilena<\/a> pon\u00eda el 2-1 a favor de Emelec para consagrarse campeones. Se tuvo que esperar alrededor de 10 minutos para que terminara el partido Liga-Barcelona y asegurar el campeonato. En el otro partido, El Nacional cay\u00f3 1-4 ante Deportivo Quito.<\/h3>\n<h3 style=\"text-align: center\">Emelec en la Liguilla jug\u00f3 10 partidos, gan\u00f3 6, empat\u00f3 1 y perdi\u00f3 3. Anot\u00f3 15 goles y recibi\u00f3 14 para un gol diferencia de +1. Sum\u00f3 20 puntos (1 de bonificaci\u00f3n por el 3er lugar en la Primera Etapa), uno m\u00e1s que Barcelona.<\/h3>\n","protected":false},"excerpt":{"rendered":"<p>THE BEST TEAM EL EQUIPO DE MI AMORES COMO SE HABRAN PODIDO DAR CUENTA ES SIN DUDA MI QUERIDO Y AMADO EMELEC OSEA SIN OFENDER EL REY DE REYES, PARA MI ES EL MEJOR .\u00a0 TAMBIE CONOCIDO COMO EL BALLET AZUL ES UN EQUIPO MUY POPULAR\u00a0 EN NUESTRA CIUDAD DESPUES DE GUAYAQUIL. SU HISTORIA El [&hellip;]<\/p>\n","protected":false},"author":3203,"featured_media":0,"parent":0,"menu_order":0,"comment_status":"open","ping_status":"open","template":"","meta":{"_monsterinsights_skip_tracking":false,"_monsterinsights_sitenote_active":false,"_monsterinsights_sitenote_note":"","_monsterinsights_sitenote_category":0,"footnotes":""},"class_list":["post-134","page","type-page","status-publish","hentry"],"_links":{"self":[{"href":"https:\/\/blog.espol.edu.ec\/rosgedes\/wp-json\/wp\/v2\/pages\/134","targetHints":{"allow":["GET"]}}],"collection":[{"href":"https:\/\/blog.espol.edu.ec\/rosgedes\/wp-json\/wp\/v2\/pages"}],"about":[{"href":"https:\/\/blog.espol.edu.ec\/rosgedes\/wp-json\/wp\/v2\/types\/page"}],"author":[{"embeddable":true,"href":"https:\/\/blog.espol.edu.ec\/rosgedes\/wp-json\/wp\/v2\/users\/3203"}],"replies":[{"embeddable":true,"href":"https:\/\/blog.espol.edu.ec\/rosgedes\/wp-json\/wp\/v2\/comments?post=134"}],"version-history":[{"count":4,"href":"https:\/\/blog.espol.edu.ec\/rosgedes\/wp-json\/wp\/v2\/pages\/134\/revisions"}],"predecessor-version":[{"id":143,"href":"https:\/\/blog.espol.edu.ec\/rosgedes\/wp-json\/wp\/v2\/pages\/134\/revisions\/143"}],"wp:attachment":[{"href":"https:\/\/blog.espol.edu.ec\/rosgedes\/wp-json\/wp\/v2\/media?parent=134"}],"curies":[{"name":"wp","href":"https:\/\/api.w.org\/{rel}","templated":true}]}}