{"id":145,"date":"2009-11-22T18:32:05","date_gmt":"2009-11-22T23:32:05","guid":{"rendered":"http:\/\/blog.espol.edu.ec\/rosgedes\/?page_id=145"},"modified":"2009-11-23T09:42:27","modified_gmt":"2009-11-23T14:42:27","slug":"picture-emo","status":"publish","type":"page","link":"https:\/\/blog.espol.edu.ec\/rosgedes\/picture-emo\/","title":{"rendered":"Picture Emo"},"content":{"rendered":"<p style=\"text-align: center\">\n<p style=\"text-align: center\"><img loading=\"lazy\" decoding=\"async\" class=\"aligncenter size-full wp-image-150\" src=\"http:\/\/blog.espol.edu.ec\/rosgedes\/files\/2009\/11\/emc3b81.jpg\" alt=\"emc3b81\" width=\"450\" height=\"318\" srcset=\"https:\/\/blog.espol.edu.ec\/rosgedes\/files\/2009\/11\/emc3b81.jpg 500w, https:\/\/blog.espol.edu.ec\/rosgedes\/files\/2009\/11\/emc3b81-300x211.jpg 300w\" sizes=\"auto, (max-width: 450px) 100vw, 450px\" \/><\/p>\n<h2 style=\"text-align: center\"><span style=\"color: #000000\">El emo es un g\u00e9nero musical derivado del hardcore punk nacido a finales de los a\u00f1os 80 y que se diferencia de \u00e9ste por su sonido m\u00e1s lento y mel\u00f3dico. Tambi\u00e9n est\u00e1 considerado una corriente del rock alternativo.<br \/>\nEl t\u00e9rmino emo es un ap\u00f3cope de emotional hardcore o emo-core y hace referencia a las letras de los grupos del g\u00e9nero, caracterizadas por abordar variadas emociones y estados de \u00e1nimo, buscando asimismo generar estas mismas emociones en el oyente. Para lograr una mayor expresividad utilizan en su m\u00fasica cambios de ritmo y crescendos, combinando en una misma canci\u00f3n estallidos de furia heredados del hardcore, con sonidos m\u00e1s apacibles.<\/span><\/h2>\n<p style=\"text-align: center\"><img loading=\"lazy\" decoding=\"async\" class=\"aligncenter size-full wp-image-151\" src=\"http:\/\/blog.espol.edu.ec\/rosgedes\/files\/2009\/11\/23319054_edveinvybjhtxxv.jpg\" alt=\"23319054_edveinvybjhtxxv\" width=\"450\" height=\"301\" srcset=\"https:\/\/blog.espol.edu.ec\/rosgedes\/files\/2009\/11\/23319054_edveinvybjhtxxv.jpg 500w, https:\/\/blog.espol.edu.ec\/rosgedes\/files\/2009\/11\/23319054_edveinvybjhtxxv-300x200.jpg 300w\" sizes=\"auto, (max-width: 450px) 100vw, 450px\" \/><\/p>\n<p style=\"text-align: center\"><img loading=\"lazy\" decoding=\"async\" class=\"aligncenter size-full wp-image-154\" src=\"http:\/\/blog.espol.edu.ec\/rosgedes\/files\/2009\/11\/copia-de-187994-200606220612031.jpg\" alt=\"copia-de-187994-200606220612031\" width=\"552\" height=\"415\" srcset=\"https:\/\/blog.espol.edu.ec\/rosgedes\/files\/2009\/11\/copia-de-187994-200606220612031.jpg 1024w, https:\/\/blog.espol.edu.ec\/rosgedes\/files\/2009\/11\/copia-de-187994-200606220612031-300x225.jpg 300w\" sizes=\"auto, (max-width: 552px) 100vw, 552px\" \/><\/p>\n<h2 style=\"text-align: center\">\u00bf<span style=\"color: #000000\">Como es un Emo?<\/span><\/h2>\n<h2 style=\"text-align: center\"><span style=\"color: #3366ff\"><span style=\"color: #000000\">Pues parece ser que hay bastantes tribus dentro de los Emo, pues est\u00e1n los EmoPunks, los <\/span><a href=\"http:\/\/es.wikipedia.org\/wiki\/Screamo\"><span style=\"color: #000000\">Screamo<\/span><\/a><span style=\"color: #000000\"> y dem\u00e1s variaciones, y claro, busqu\u00e9 una descripci\u00f3n clara de como son pero lo que mas hay son cr\u00edticas como esta Anatom\u00eda de un Emo \u2026<\/span><\/span><\/h2>\n<h2 style=\"text-align: center\"><a rel=\"lightbox\" href=\"http:\/\/ciberprensa.com\/wp-content\/uploads\/2008\/09\/anatomia-de-un-emo2.jpg\"><span style=\"color: #000000\"><img loading=\"lazy\" decoding=\"async\" class=\"aligncenter size-full wp-image-2910\" src=\"http:\/\/ciberprensa.com\/wp-content\/uploads\/2008\/09\/anatomia-de-un-emo2.jpg\" alt=\"\" width=\"500\" height=\"333\" \/><\/span><\/a><\/h2>\n<h2 style=\"text-align: center\"><span style=\"color: #000000\">Est\u00e1 claro que no son gente que hace muchos amigos, de hecho est\u00e1n incluso los AntiEmo, una tribu derivada aunque sin una filosof\u00eda concreta, mas all\u00e1 del odio a todos los que sean, parezcan o se declaren como Emo.<\/span><\/h2>\n<h2 style=\"text-align: center\"><span style=\"color: #000000\">Tambi\u00e9n hay v\u00eddeos en YouTube de Emos donde, con mas o menos mala sangre, se trata de explicar lo que es un Emo. Aqu\u00ed tienes alguno \u2026<\/span><\/h2>\n<h2 style=\"text-align: center\"><span style=\"color: #000000\"><img loading=\"lazy\" decoding=\"async\" class=\"aligncenter size-full wp-image-156\" src=\"http:\/\/blog.espol.edu.ec\/rosgedes\/files\/2009\/11\/ypw8mnrdsgbm.jpg\" alt=\"ypw8mnrdsgbm\" width=\"351\" height=\"500\" srcset=\"https:\/\/blog.espol.edu.ec\/rosgedes\/files\/2009\/11\/ypw8mnrdsgbm.jpg 351w, https:\/\/blog.espol.edu.ec\/rosgedes\/files\/2009\/11\/ypw8mnrdsgbm-210x300.jpg 210w\" sizes=\"auto, (max-width: 351px) 100vw, 351px\" \/><\/span><\/h2>\n","protected":false},"excerpt":{"rendered":"<p>El emo es un g\u00e9nero musical derivado del hardcore punk nacido a finales de los a\u00f1os 80 y que se diferencia de \u00e9ste por su sonido m\u00e1s lento y mel\u00f3dico. Tambi\u00e9n est\u00e1 considerado una corriente del rock alternativo. El t\u00e9rmino emo es un ap\u00f3cope de emotional hardcore o emo-core y hace referencia a las letras [&hellip;]<\/p>\n","protected":false},"author":3203,"featured_media":0,"parent":0,"menu_order":0,"comment_status":"open","ping_status":"open","template":"","meta":{"_monsterinsights_skip_tracking":false,"_monsterinsights_sitenote_active":false,"_monsterinsights_sitenote_note":"","_monsterinsights_sitenote_category":0,"footnotes":""},"class_list":["post-145","page","type-page","status-publish","hentry"],"_links":{"self":[{"href":"https:\/\/blog.espol.edu.ec\/rosgedes\/wp-json\/wp\/v2\/pages\/145","targetHints":{"allow":["GET"]}}],"collection":[{"href":"https:\/\/blog.espol.edu.ec\/rosgedes\/wp-json\/wp\/v2\/pages"}],"about":[{"href":"https:\/\/blog.espol.edu.ec\/rosgedes\/wp-json\/wp\/v2\/types\/page"}],"author":[{"embeddable":true,"href":"https:\/\/blog.espol.edu.ec\/rosgedes\/wp-json\/wp\/v2\/users\/3203"}],"replies":[{"embeddable":true,"href":"https:\/\/blog.espol.edu.ec\/rosgedes\/wp-json\/wp\/v2\/comments?post=145"}],"version-history":[{"count":5,"href":"https:\/\/blog.espol.edu.ec\/rosgedes\/wp-json\/wp\/v2\/pages\/145\/revisions"}],"predecessor-version":[{"id":152,"href":"https:\/\/blog.espol.edu.ec\/rosgedes\/wp-json\/wp\/v2\/pages\/145\/revisions\/152"}],"wp:attachment":[{"href":"https:\/\/blog.espol.edu.ec\/rosgedes\/wp-json\/wp\/v2\/media?parent=145"}],"curies":[{"name":"wp","href":"https:\/\/api.w.org\/{rel}","templated":true}]}}