{"id":174,"date":"2009-11-23T13:07:55","date_gmt":"2009-11-23T18:07:55","guid":{"rendered":"http:\/\/blog.espol.edu.ec\/rosgedes\/?page_id=174"},"modified":"2009-11-23T13:07:55","modified_gmt":"2009-11-23T18:07:55","slug":"museo-de-jj","status":"publish","type":"page","link":"https:\/\/blog.espol.edu.ec\/rosgedes\/museo-de-jj\/","title":{"rendered":"museo de j.j"},"content":{"rendered":"<h1 style=\"text-align: center\"><span style=\"color: #ff6600\">Julio Jaramillo<\/span><\/h1>\n<h1 style=\"text-align: center\"><img loading=\"lazy\" decoding=\"async\" class=\"aligncenter size-full wp-image-175\" src=\"http:\/\/blog.espol.edu.ec\/rosgedes\/files\/2009\/11\/dsc015361.jpg\" alt=\"dsc015361\" width=\"806\" height=\"454\" srcset=\"https:\/\/blog.espol.edu.ec\/rosgedes\/files\/2009\/11\/dsc015361.jpg 1920w, https:\/\/blog.espol.edu.ec\/rosgedes\/files\/2009\/11\/dsc015361-300x168.jpg 300w, https:\/\/blog.espol.edu.ec\/rosgedes\/files\/2009\/11\/dsc015361-1024x576.jpg 1024w\" sizes=\"auto, (max-width: 806px) 100vw, 806px\" \/><\/h1>\n<h1 style=\"text-align: center\"><span style=\"color: #993366\"><span style=\"font-size: 12px\">Julio Jaramillo, a quien se lo conoce como 'Mr. Juramento', naci\u00f3 el 1 de octubre de 1935 en un peque\u00f1o departamento en G\u00f3mez Rend\u00f3n y Villavicencio en la ciudad de Guayaquil. Sus padres, pichinchanos de la poblaci\u00f3n de Machachi, hab\u00edan emigrado a Guayas, en busca de mejores oportunidades.<\/span><\/span><\/h1>\n<h1 style=\"text-align: center\"><span style=\"color: #993366\"><span style=\"font-size: 12px\">All\u00ed trabajaba en una zapater\u00eda cuando inici\u00f3 su vida bohemia<\/span><\/span><\/h1>\n<h1 style=\"text-align: center\"><span style=\"color: #993366\"><strong><span style=\"font-size: 12px\"><span style=\"font-size: 12px\">Fue un hombre lleno de debilidades y virtudes como cualquier ser humano, que tuvo el don de cantarle al amor como ning\u00fan otro lo hizo en Ecuador, y quiz\u00e1 en Latinoam\u00e9rica. Muy aclamado en Venezuela, M\u00e9xico y Colombia.<\/p>\n<p>Procre\u00f3 42 hijos, de los cuales 39 fueron reconocidos (seg\u00fan su hijo mayor Julio Jaramillo Sanchez) lo cual no es mucho si se tiene en cuenta que su padre, Pantale\u00f3n Jaramillo, trajo 40 hijos al mundo. S\u00f3lo Julio, Pepe y una ni\u00f1a que falleci\u00f3 a los 5 a\u00f1os fueron hijos de su matrimonio con Apolonia Laurido, descendiente de jamaiquinos. Dos d\u00edas despu\u00e9s de la muerte de la ni\u00f1a, el padre, que era sastre y marmolero, decidi\u00f3 hacerle la cruz a la peque\u00f1a con tan mala suerte que al desmoldarla le cay\u00f3 encima y lo mat\u00f3.<\/p>\n<p><\/span><\/span><\/strong><\/span><\/h1>\n<h1 style=\"text-align: center\"><span style=\"color: #993366\"><strong><span style=\"font-size: 12px\"><span style=\"font-size: 12px\">Cuando Pepe, el hermano de Julio cumpli\u00f3 15 a\u00f1os se gan\u00f3 un concurso radial cuyo premio era una presentaci\u00f3n en un centro nocturno y este hecho fue el inicio de su carrera art\u00edstica; pese a ello Pepe fue disciplinado, termin\u00f3 sus estudios y m\u00e1s tarde en Colombia sigui\u00f3 una carrera de filosof\u00eda y letras, se convirti\u00f3 en educador y olvid\u00f3 el canto. No sucedi\u00f3 lo mismo con Julio que quiso emular a su hermano, pese a que \u00e9ste lo desestimulaba.<\/p>\n<p>Con el auge del banano ecuatoriano los m\u00fasicos se volvieron pr\u00f3speros y esa bonanza coincidi\u00f3 con el comienzo de la carrera de Julio. A los 18 a\u00f1os alquil\u00f3 una pieza para vivir con una chica llamada Irene. Con ella tuvo a su primer hijo que muri\u00f3 a los ocho meses. En esa \u00e9poca \u00e9l trabajaba en una zapater\u00eda, mientras segu\u00eda insistiendo por volverse cantante, sin resultado positivo.<\/p>\n<p><\/span><\/span><\/strong><\/span><\/h1>\n<p style=\"text-align: center\"><span style=\"color: #993366\"><strong><span style=\"font-size: 12px\"><span style=\"font-size: 12px\"><img loading=\"lazy\" decoding=\"async\" class=\"aligncenter size-full wp-image-176\" src=\"http:\/\/blog.espol.edu.ec\/rosgedes\/files\/2009\/11\/exitos-by-julio-jaramillo_lwfqc1qpm1ix_full.jpg\" alt=\"exitos-by-julio-jaramillo_lwfqc1qpm1ix_full\" width=\"800\" height=\"800\" srcset=\"https:\/\/blog.espol.edu.ec\/rosgedes\/files\/2009\/11\/exitos-by-julio-jaramillo_lwfqc1qpm1ix_full.jpg 800w, https:\/\/blog.espol.edu.ec\/rosgedes\/files\/2009\/11\/exitos-by-julio-jaramillo_lwfqc1qpm1ix_full-150x150.jpg 150w, https:\/\/blog.espol.edu.ec\/rosgedes\/files\/2009\/11\/exitos-by-julio-jaramillo_lwfqc1qpm1ix_full-300x300.jpg 300w\" sizes=\"auto, (max-width: 800px) 100vw, 800px\" \/><\/span><\/span><\/strong><\/span><\/p>\n<h1 style=\"text-align: center\"><span style=\"color: #993366\"><strong><span style=\"font-size: 12px\"><span style=\"font-size: 12px\">yo con un grupo visitamos el museo de la musica popular mas conocido como el museo de julio jaramillo este es museo es muy importante por que nos representa como cultura , ya que julio jaramillo9 es un guyaquile\u00f1o. <\/span><\/span><\/strong><\/span><\/h1>\n<h1 style=\"text-align: center\"><span style=\"color: #993366\"><strong><span style=\"font-size: 12px\"><span style=\"font-size: 12px\">nosotros tenemos la obligacion de visitar el museo para que la tradicion no se pierda aqui les pongo unas fotos para que veas lo bellos que es el lugar.<\/span><\/span><\/strong><\/span><\/h1>\n<p style=\"text-align: center\"><strong><span style=\"font-size: 12px\"><span style=\"font-size: 12px\"><span style=\"color: #993366\"><img loading=\"lazy\" decoding=\"async\" class=\"aligncenter size-full wp-image-177\" src=\"http:\/\/blog.espol.edu.ec\/rosgedes\/files\/2009\/11\/dsc01545.jpg\" alt=\"dsc01545\" width=\"806\" height=\"454\" srcset=\"https:\/\/blog.espol.edu.ec\/rosgedes\/files\/2009\/11\/dsc01545.jpg 1920w, https:\/\/blog.espol.edu.ec\/rosgedes\/files\/2009\/11\/dsc01545-300x168.jpg 300w, https:\/\/blog.espol.edu.ec\/rosgedes\/files\/2009\/11\/dsc01545-1024x576.jpg 1024w\" sizes=\"auto, (max-width: 806px) 100vw, 806px\" \/><\/span><br \/>\n<\/span><\/span><\/strong><\/p>\n<p style=\"text-align: center\"><strong><span style=\"font-size: 12px\"><span style=\"font-size: 12px\"><br \/>\n<\/span><\/span><\/strong><\/p>\n","protected":false},"excerpt":{"rendered":"<p>Julio Jaramillo Julio Jaramillo, a quien se lo conoce como 'Mr. Juramento', naci\u00f3 el 1 de octubre de 1935 en un peque\u00f1o departamento en G\u00f3mez Rend\u00f3n y Villavicencio en la ciudad de Guayaquil. Sus padres, pichinchanos de la poblaci\u00f3n de Machachi, hab\u00edan emigrado a Guayas, en busca de mejores oportunidades. All\u00ed trabajaba en una zapater\u00eda [&hellip;]<\/p>\n","protected":false},"author":3203,"featured_media":0,"parent":0,"menu_order":0,"comment_status":"open","ping_status":"open","template":"","meta":{"_monsterinsights_skip_tracking":false,"_monsterinsights_sitenote_active":false,"_monsterinsights_sitenote_note":"","_monsterinsights_sitenote_category":0,"footnotes":""},"class_list":["post-174","page","type-page","status-publish","hentry"],"_links":{"self":[{"href":"https:\/\/blog.espol.edu.ec\/rosgedes\/wp-json\/wp\/v2\/pages\/174","targetHints":{"allow":["GET"]}}],"collection":[{"href":"https:\/\/blog.espol.edu.ec\/rosgedes\/wp-json\/wp\/v2\/pages"}],"about":[{"href":"https:\/\/blog.espol.edu.ec\/rosgedes\/wp-json\/wp\/v2\/types\/page"}],"author":[{"embeddable":true,"href":"https:\/\/blog.espol.edu.ec\/rosgedes\/wp-json\/wp\/v2\/users\/3203"}],"replies":[{"embeddable":true,"href":"https:\/\/blog.espol.edu.ec\/rosgedes\/wp-json\/wp\/v2\/comments?post=174"}],"version-history":[{"count":3,"href":"https:\/\/blog.espol.edu.ec\/rosgedes\/wp-json\/wp\/v2\/pages\/174\/revisions"}],"predecessor-version":[{"id":180,"href":"https:\/\/blog.espol.edu.ec\/rosgedes\/wp-json\/wp\/v2\/pages\/174\/revisions\/180"}],"wp:attachment":[{"href":"https:\/\/blog.espol.edu.ec\/rosgedes\/wp-json\/wp\/v2\/media?parent=174"}],"curies":[{"name":"wp","href":"https:\/\/api.w.org\/{rel}","templated":true}]}}