{"id":57,"date":"2011-06-08T02:04:25","date_gmt":"2011-06-08T02:04:25","guid":{"rendered":"http:\/\/blog.espol.edu.ec\/roxepati\/?page_id=57"},"modified":"2011-06-08T03:06:58","modified_gmt":"2011-06-08T03:06:58","slug":"contaminacion-en-ecuador","status":"publish","type":"page","link":"https:\/\/blog.espol.edu.ec\/roxepati\/contaminacion-en-ecuador\/","title":{"rendered":"Contaminacion en ecuador.."},"content":{"rendered":"<p style=\"text-align: justify\"><span style=\"font-family: arial,helvetica,verdana;font-size: x-small\"><span style=\"font-family: sans-serif;color: #333333;font-size: x-small\"><span style=\"font-size: xx-small\"><span style=\"font-family: sans-serif;font-size: small\"><span style=\"font-size: x-small\"><img loading=\"lazy\" decoding=\"async\" class=\"alignleft\" src=\"http:\/\/www.mongabay.com\/images\/peru\/aerial-rainforest\/Flight_1022_1543.JPG\" alt=\"\" width=\"274\" height=\"182\" \/><\/span><\/span><\/span><\/span><\/span><\/p>\n<p>La extracci\u00f3n de petr\u00f3leo es responsable de la <a href=\"http:\/\/es.wikipedia.org\/wiki\/Deforestaci%C3%B3n\">deforestaci\u00f3n<\/a>, degradaci\u00f3n y destrucci\u00f3n de las tierras alrededor del mundo entero. El proceso de extracci\u00f3n de per\u00f3leo involucra la liberaci\u00f3n de subproductos t\u00f3xicos de perforaci\u00f3n a los r\u00edos locales, mientras que las tuber\u00edas rotas y las fugas dan como resultado derrames persistentes de petr\u00f3leo. Adem\u00e1s, la construcci\u00f3n de caminos para tener acceso a sitios remotos en donde hay petr\u00f3leo, abre las puertas a los colonizadores y a los urbanizadores para que accedan a tierras salvajes.<\/p>\n<table border=\"0\" cellpadding=\"0\" width=\"2\" align=\"left\">\n<tbody>\n<tr>\n<td><\/td>\n<td width=\"20\"><\/td>\n<\/tr>\n<\/tbody>\n<\/table>\n<p>Algunos de los dep\u00f3sitos m\u00e1s prometedores de <a href=\"http:\/\/es.wikipedia.org\/wiki\/Petr%C3%B3leo\">petr\u00f3leo<\/a> y gas en la tierra, se encuentran inmersos en los bosques lluviosos. A pesar de que estos combustibles f\u00f3siles se pueden extraer de un modo ambientalmente amigable, los gobiernos y las compa\u00f1\u00edas petroleras optan normalmente por lo que les conviene, sin tener consideraci\u00f3n con el medio ambiente o los intereses de la gente local (que es la m\u00e1s afectada por la producci\u00f3n).<\/p>\n<p>Uno de los casos m\u00e1s extremos y mejor conocidos de explotaci\u00f3n del bosque lluvioso ocurri\u00f3 en <a href=\"http:\/\/es.wikipedia.org\/wiki\/Ecuador\" target=\"_blank\">Ecuador<\/a>, en donde el gigante petrolero de <a href=\"http:\/\/es.wikipedia.org\/wiki\/Estados_Unidos\">Estados Unidos<\/a>, <a href=\"http:\/\/es.wikipedia.org\/wiki\/Texaco\">Texaco<\/a> (posteriormente <a href=\"http:\/\/en.wikipedia.org\/wiki\/Chevron_Corporation\">Chevron-Texaco<\/a>), degrad\u00f3 seriamente un ecosistema durante m\u00e1s de una generaci\u00f3n. Las operaciones de la compa\u00f1\u00eda petrolera afectaron las vidas de miles de ind\u00edgenas y de colonizadores.<\/p>\n<p><iframe class='youtube-player youtuber' type='text\/html' width='425' height='355' src='http:\/\/www.youtube.com\/embed\/j3wz47TUrx8?rel=0&amp;fs=1' webkitAllowFullScreen mozallowfullscreen allowFullScreen frameborder='0'><\/iframe><\/p>\n<p><iframe class='youtube-player youtuber' type='text\/html' width='425' height='355' src='http:\/\/www.youtube.com\/embed\/0JnaOEGf9fw?rel=0&amp;fs=1' webkitAllowFullScreen mozallowfullscreen allowFullScreen frameborder='0'><\/iframe><\/p>\n","protected":false},"excerpt":{"rendered":"<p>La extracci\u00f3n de petr\u00f3leo es responsable de la deforestaci\u00f3n, degradaci\u00f3n y destrucci\u00f3n de las tierras alrededor del mundo entero. El proceso de extracci\u00f3n de per\u00f3leo involucra la liberaci\u00f3n de subproductos t\u00f3xicos de perforaci\u00f3n a los r\u00edos locales, mientras que las tuber\u00edas rotas y las fugas dan como resultado derrames persistentes de petr\u00f3leo. Adem\u00e1s, la construcci\u00f3n [&hellip;]<\/p>\n","protected":false},"author":5907,"featured_media":0,"parent":0,"menu_order":0,"comment_status":"open","ping_status":"open","template":"","meta":{"footnotes":""},"class_list":["post-57","page","type-page","status-publish","hentry"],"_links":{"self":[{"href":"https:\/\/blog.espol.edu.ec\/roxepati\/wp-json\/wp\/v2\/pages\/57","targetHints":{"allow":["GET"]}}],"collection":[{"href":"https:\/\/blog.espol.edu.ec\/roxepati\/wp-json\/wp\/v2\/pages"}],"about":[{"href":"https:\/\/blog.espol.edu.ec\/roxepati\/wp-json\/wp\/v2\/types\/page"}],"author":[{"embeddable":true,"href":"https:\/\/blog.espol.edu.ec\/roxepati\/wp-json\/wp\/v2\/users\/5907"}],"replies":[{"embeddable":true,"href":"https:\/\/blog.espol.edu.ec\/roxepati\/wp-json\/wp\/v2\/comments?post=57"}],"version-history":[{"count":6,"href":"https:\/\/blog.espol.edu.ec\/roxepati\/wp-json\/wp\/v2\/pages\/57\/revisions"}],"predecessor-version":[{"id":65,"href":"https:\/\/blog.espol.edu.ec\/roxepati\/wp-json\/wp\/v2\/pages\/57\/revisions\/65"}],"wp:attachment":[{"href":"https:\/\/blog.espol.edu.ec\/roxepati\/wp-json\/wp\/v2\/media?parent=57"}],"curies":[{"name":"wp","href":"https:\/\/api.w.org\/{rel}","templated":true}]}}