{"id":45,"date":"2016-05-23T06:51:36","date_gmt":"2016-05-23T06:51:36","guid":{"rendered":"http:\/\/blog.espol.edu.ec\/rsheredi\/?page_id=45"},"modified":"2016-05-23T06:51:36","modified_gmt":"2016-05-23T06:51:36","slug":"arma-tu-cubo-de-rubik","status":"publish","type":"page","link":"https:\/\/blog.espol.edu.ec\/rsheredi\/arma-tu-cubo-de-rubik\/","title":{"rendered":"Arma tu Cubo de Rubik"},"content":{"rendered":"<p><img loading=\"lazy\" decoding=\"async\" class=\"alignnone size-medium wp-image-46\" src=\"http:\/\/blog.espol.edu.ec\/rsheredi\/files\/2016\/05\/cubo-rubik-300x188.jpg\" alt=\"cubo rubik\" width=\"300\" height=\"188\" srcset=\"https:\/\/blog.espol.edu.ec\/rsheredi\/files\/2016\/05\/cubo-rubik-300x188.jpg 300w, https:\/\/blog.espol.edu.ec\/rsheredi\/files\/2016\/05\/cubo-rubik-768x480.jpg 768w, https:\/\/blog.espol.edu.ec\/rsheredi\/files\/2016\/05\/cubo-rubik-1024x640.jpg 1024w, https:\/\/blog.espol.edu.ec\/rsheredi\/files\/2016\/05\/cubo-rubik.jpg 1920w\" sizes=\"auto, (max-width: 300px) 100vw, 300px\" \/><\/p>\n<p>&nbsp;<\/p>\n<p>Dividimos la soluci\u00f3n en 7 pasos:<\/p>\n<p>&nbsp;<\/p>\n<div class=\"container-full-width casoscolor\">\n<div class=\"casos\">\n<div class=\"derecha33\"><img decoding=\"async\" class=\"alignright\" src=\"http:\/\/www.rubikaz.com\/imagenes\/novatos\/paso1.png\" alt=\"\" \/><\/div>\n<h2 class=\"entry-title\"><a href=\"http:\/\/www.rubikaz.com\/paso1.php\">Paso 1: cruz superior<\/a><\/h2>\n<p>Este es el paso m\u00e1s sencillo, solo tenemos que crear una cruz en la cara superior de nuestro cubo de Rubik, de forma que los colores tambi\u00e9n coincidan en las capas anexas. Observad que el color de cada cara lo va a fijar el centro de esta. Os recomiendo intentarlo por vuestra cuenta, pero en cualquier caso la soluci\u00f3n <a href=\"http:\/\/www.rubikaz.com\/paso1.php\">aqu\u00ed<\/a>.<\/div>\n<\/div>\n<p>&nbsp;<\/p>\n<div class=\"container-full-width casoscolor\">\n<div class=\"casos\">\n<div class=\"derecha33\"><img decoding=\"async\" class=\"alignright\" src=\"http:\/\/www.rubikaz.com\/imagenes\/novatos\/paso2.png\" alt=\"\" \/><\/div>\n<h2 class=\"entry-title\"><a href=\"http:\/\/www.rubikaz.com\/paso2.php\">Paso 2: completar la capa superior<\/a><\/h2>\n<p>Para terminar la primera capa de nuestro cubo de Rubik, basta con colocar los cuatro vertices superiores en su sitio. Paso sencillo, si no os sale pulsad <a href=\"http:\/\/www.rubikaz.com\/paso2.php\">aqu\u00ed<\/a> y podr\u00e9is ver como se hace.<\/div>\n<\/div>\n<p>&nbsp;<\/p>\n<div class=\"container-full-width casoscolor\">\n<div class=\"casos\">\n<div class=\"derecha33\"><img decoding=\"async\" class=\"alignright\" src=\"http:\/\/www.rubikaz.com\/imagenes\/novatos\/paso3.png\" alt=\"\" \/><\/div>\n<h2 class=\"entry-title\"><a href=\"http:\/\/www.rubikaz.com\/paso3.php\">Paso 3: completar la segunda capa<\/a><\/h2>\n<p>Para completar la segunda capa solo tenemos que colocar en su sitio las 4 aristas (piezas con 2 pegatinas) de esta. Este paso es un poco m\u00e1s dif\u00edcil de deducir, pero de nuevo puedes ver la soluci\u00f3n <a href=\"http:\/\/www.rubikaz.com\/paso3.php\">aqu\u00ed<\/a> para ver el m\u00e9todo de resoluci\u00f3n.<\/div>\n<\/div>\n<p>&nbsp;<\/p>\n<div class=\"container-full-width casoscolor\">\n<div class=\"casos\">\n<div class=\"derecha33\"><img decoding=\"async\" class=\"alignright\" src=\"http:\/\/www.rubikaz.com\/imagenes\/novatos\/paso4.png\" alt=\"\" \/><\/div>\n<h2 class=\"entry-title\"><a href=\"http:\/\/www.rubikaz.com\/paso4.php\">Paso 4: cruz en la \u00faltima cara<\/a><\/h2>\n<p>Para atacar mejor la \u00faltima capa, giremos todo el cubo. Ahora lo que debemos hacer es que en la \u00faltima cara quede dibujada una cruz. A diferencia del Paso 1, ahora solo nos centramos en lo que es la cara, d\u00e1ndonos igual las caras anexas. Para ver la soluci\u00f3n pulsa <a href=\"http:\/\/www.rubikaz.com\/paso4.php\">aqu\u00ed<\/a>.<\/div>\n<\/div>\n<p>&nbsp;<\/p>\n<div class=\"container-full-width casoscolor\">\n<div class=\"casos\">\n<div class=\"derecha33\"><img decoding=\"async\" class=\"alignright\" src=\"http:\/\/www.rubikaz.com\/imagenes\/novatos\/paso5.png\" alt=\"\" \/><\/div>\n<h2 class=\"entry-title\"><a href=\"http:\/\/www.rubikaz.com\/paso5.php\">Paso 5: extender la cruz a la \u00faltima capa<\/a><\/h2>\n<p>Ahora s\u00ed que nos vamos a preocupar por las caras anexas. Por ello vamos a hacer que la cruz que formamos en el paso anterior tenga sus colores laterales coincidiendo con las caras anexas. Pulsa <a href=\"http:\/\/www.rubikaz.com\/paso5.php\">aqu\u00ed<\/a> como siempre para acceder a la soluci\u00f3n.<\/div>\n<\/div>\n<p>&nbsp;<\/p>\n<div class=\"container-full-width casoscolor\">\n<div class=\"casos\">\n<div class=\"derecha33\"><img decoding=\"async\" class=\"alignright\" src=\"http:\/\/www.rubikaz.com\/imagenes\/novatos\/paso6.png\" alt=\"\" \/><\/div>\n<h2 class=\"entry-title\"><a href=\"http:\/\/www.rubikaz.com\/paso6.php\">Paso 6: colocar los \u00faltimos v\u00e9rtices (sin orientar)<\/a><\/h2>\n<p>Este paso consiste en colocar los v\u00e9rtices de la \u00faltima capa en su sitio aunque posiblemente queden giradas (ver dibujo). En nuestro dibujo se ve que cada esquina est\u00e1 en su sitio aunque tres de ellas necesitan un giro para que est\u00e9n correctamente situadas. Para saber como llegar hasta esto pulsa <a href=\"http:\/\/www.rubikaz.com\/paso6.php\">aqu\u00ed<\/a>.<\/div>\n<\/div>\n<p>&nbsp;<\/p>\n<div class=\"container-full-width casoscolor\">\n<div class=\"casos\">\n<div class=\"derecha33\"><img decoding=\"async\" class=\"alignright\" src=\"http:\/\/www.rubikaz.com\/imagenes\/novatos\/paso7.png\" alt=\"\" \/><\/div>\n<h2 class=\"entry-title\"><a href=\"http:\/\/www.rubikaz.com\/paso7.php\">Paso 7: terminar el cubo<\/a><\/h2>\n<p>\u00a1Por fin!, \u00a1la \u00faltima etapa!. No cant\u00e9is victoria, solo queda un paso pero este es el realmente complicado. Tenemos que girar las esquinas para completar el cubo de Rubik. Mucho cuidado con este paso y leedse bien las instrucciones. Un fallo os puede fastidiar todo el cubo y entonces tendr\u00edais que empezar de nuevo (vaya gracia \u00bfno?). As\u00ed que cuidado. Una vez que termin\u00e9is el cubo podr\u00e9is gritar \u00a1HURRA! Pincha <a href=\"http:\/\/www.rubikaz.com\/paso7.php\">aqu\u00ed<\/a> para acceder al \u00faltimo paso.<\/div>\n<\/div>\n","protected":false},"excerpt":{"rendered":"<p>&nbsp; Dividimos la soluci\u00f3n en 7 pasos: &nbsp; Paso 1: cruz superior Este es el paso m\u00e1s sencillo, solo tenemos que crear una cruz en la cara superior de nuestro cubo de Rubik, de forma que los colores tambi\u00e9n coincidan en las capas anexas. Observad que el color de cada cara lo va a fijar [&hellip;]<\/p>\n","protected":false},"author":10230,"featured_media":0,"parent":0,"menu_order":0,"comment_status":"closed","ping_status":"closed","template":"","meta":{"footnotes":""},"class_list":["post-45","page","type-page","status-publish","hentry"],"_links":{"self":[{"href":"https:\/\/blog.espol.edu.ec\/rsheredi\/wp-json\/wp\/v2\/pages\/45","targetHints":{"allow":["GET"]}}],"collection":[{"href":"https:\/\/blog.espol.edu.ec\/rsheredi\/wp-json\/wp\/v2\/pages"}],"about":[{"href":"https:\/\/blog.espol.edu.ec\/rsheredi\/wp-json\/wp\/v2\/types\/page"}],"author":[{"embeddable":true,"href":"https:\/\/blog.espol.edu.ec\/rsheredi\/wp-json\/wp\/v2\/users\/10230"}],"replies":[{"embeddable":true,"href":"https:\/\/blog.espol.edu.ec\/rsheredi\/wp-json\/wp\/v2\/comments?post=45"}],"version-history":[{"count":1,"href":"https:\/\/blog.espol.edu.ec\/rsheredi\/wp-json\/wp\/v2\/pages\/45\/revisions"}],"predecessor-version":[{"id":47,"href":"https:\/\/blog.espol.edu.ec\/rsheredi\/wp-json\/wp\/v2\/pages\/45\/revisions\/47"}],"wp:attachment":[{"href":"https:\/\/blog.espol.edu.ec\/rsheredi\/wp-json\/wp\/v2\/media?parent=45"}],"curies":[{"name":"wp","href":"https:\/\/api.w.org\/{rel}","templated":true}]}}