{"id":26,"date":"2013-11-16T00:49:55","date_gmt":"2013-11-16T00:49:55","guid":{"rendered":"http:\/\/blog.espol.edu.ec\/rsoriano\/?page_id=26"},"modified":"2013-11-21T06:14:02","modified_gmt":"2013-11-21T06:14:02","slug":"turismo-en-tu-ciudad","status":"publish","type":"page","link":"https:\/\/blog.espol.edu.ec\/rsoriano\/turismo-en-tu-ciudad\/","title":{"rendered":"TURISMO EN TU CIUDAD"},"content":{"rendered":"<p>La revista Latin Trade, en su art\u00edculo de portada \u00abMejor de Am\u00e9rica Latina\u00bb incluye a la ciudad de Guayaquil como la ciudad m\u00e1s destacada en 5 categor\u00edas: Mejor Hotel para Ejecutivos, Mejor Salida (entretenimiento), Mejor Agencia de Alquiler de Autos, Mejor Agencia de Viajes y Mejor Restaurante para Ejecutivos.<\/p>\n<p>Malec\u00f3n Sim\u00f3n Bol\u00edvar<br \/>\nUno de los lugares m\u00e1s significativos, tur\u00edsticamente hablando, es el Malec\u00f3n Sim\u00f3n Bol\u00edvar, mal llamado Malec\u00f3n 2000 debido al nombre de la Fundaci\u00f3n que ejecut\u00f3 la obra. Esta obra es un proyecto de regeneraci\u00f3n urbana del antiguo malec\u00f3n. Con 2,5 km de extensi\u00f3n ofrece a sus visitantes, adem\u00e1s de seguridad, grandes monumentos de la historia de la ciudad, museos, jardines, fuentes, miradores, centros comerciales, restaurantes, bares, patios de comida, el primer cine IMAX del Ecuador, muelles, desde donde se puede abordar embarcaciones para realizar paseos diurnos y nocturnos por el r\u00edo Guayas. <\/p>\n<p>Malec\u00f3n del Salado<br \/>\nEn el Malec\u00f3n del Salado se puede disfrutar en familia de paseos por el estero en peque\u00f1as embarcaciones y admirar la flora y fauna del estero; adem\u00e1s se encuentran discotecas, restaurantes, bares y parqueos.<\/p>\n<p>Barrio Las Pe\u00f1as<br \/>\nLas Pe\u00f1as es el barrio m\u00e1s antiguo de Guayaquil. En los \u00faltimos a\u00f1os se ha transformado para pasar a ser una de las principales atracciones de la ciudad.<\/p>\n<p>Puerto Santa Ana<br \/>\nEs un megaproyecto arquitect\u00f3nico parecido al Coconut Walk de Miami o al Puerto Madero de Argentina, es un lugar residencial, comercial y potencialmente tur\u00edstico que cuenta con varios edificios de construcci\u00f3n contempor\u00e1nea y departamentos lujosos. Su primera etapa fue inaugurada en el 2007 y se planea completar la obra en el 2008.<\/p>\n<p>Otras atracciones<br \/>\nParque Hist\u00f3rico Guayaquil: ubicado fuera del per\u00edmetro urbano. El lugar tiene un bosque de manglar que puede ser recorrido por los visitantes a trav\u00e9s de un sendero de madera. En el manglar existen 28 especies de animales en cautiverio, entre ellas el venado de cola blanca, el mapache, el pecar\u00ed. Tambi\u00e9n hay tigrillos, osos perezosos, monos y cocodrilos. Esto sumando a los pericos, \u00e1guila arp\u00eda y papagayos. El sitio tambi\u00e9n cuenta con una r\u00e9plica del Guayaquil Antiguo, algunas de las edificaciones son originales y fueron transportadas al parque. En parque se puede descubrir la fauna principal y la historia no solo de la ciudad sino tambi\u00e9n de la antigua provincia.<br \/>\nEl parque El Lago: km 25, v\u00eda a la Costa, que es un lago artificial con m\u00e1s de 2 500 000 m\u00b3 de agua (embalse) y donde se puede practicar deportes acu\u00e1ticos como kayac, remo en bote, pesca de orilla, pesca submarina, buceo, snorkeling, etc. y otros deportes y actividades como ciclismo, camping, picnics y disfrutar de la naturaleza.<br \/>\nPuerto Hondo: sitio tur\u00edstico para disfrutar la flora y fauna (reserva de manglar) y practicar deportes acu\u00e1ticos como nataci\u00f3n, remo en bote, kayac, etc. Tiene una playa y servicio de comida t\u00edpica y tradicional.<br \/>\nIsla Santay: ubicada frente a Guayaquil, es una reserva natural de flora y fauna a la cual se accede en lanchas desde uno de los muelles del malec\u00f3n Sim\u00f3n Bol\u00edvar. Se practica excursi\u00f3n con gu\u00edas locales.<br \/>\nCerro Blanco:: km 16, v\u00eda a la costa. Se puede admirar flora y fauna de bosque seco, se disfruta del turismo de aventura en una reserva ecol\u00f3gica con posibilidad de camping de un d\u00eda a otro.<br \/>\nCerro Santa Ana: est\u00e1 ubicado al noreste de la ciudad, junto al Barrio Las Pe\u00f1as y pocos metros del Malec\u00f3n. Es el lugar donde se origin\u00f3 Guayaquil. Es colorido y visitarlo resulta placentero, ya que hay que subir 456 escalones, hasta llegar a su cima, donde se observa el norte de Guayaquil. El Cerro est\u00e1 lleno de cafeter\u00edas, bares, tiendas de artesan\u00edas y mucha seguridad. <\/p>\n<p><a href=\"http:\/\/blog.espol.edu.ec\/rsoriano\/files\/2013\/11\/pe\u00f1as.jpg\"><img loading=\"lazy\" decoding=\"async\" src=\"http:\/\/blog.espol.edu.ec\/rsoriano\/files\/2013\/11\/pe\u00f1as-300x169.jpg\" alt=\"pe\u00f1as\" width=\"300\" height=\"169\" class=\"alignnone size-medium wp-image-88\" srcset=\"https:\/\/blog.espol.edu.ec\/rsoriano\/files\/2013\/11\/pe\u00f1as-300x169.jpg 300w, https:\/\/blog.espol.edu.ec\/rsoriano\/files\/2013\/11\/pe\u00f1as.jpg 500w\" sizes=\"auto, (max-width: 300px) 100vw, 300px\" \/><\/a><\/p>\n<p><a href=\"http:\/\/blog.espol.edu.ec\/rsoriano\/files\/2013\/11\/centenario.jpg\"><img loading=\"lazy\" decoding=\"async\" src=\"http:\/\/blog.espol.edu.ec\/rsoriano\/files\/2013\/11\/centenario-300x196.jpg\" alt=\"centenario\" width=\"300\" height=\"196\" class=\"alignnone size-medium wp-image-89\" srcset=\"https:\/\/blog.espol.edu.ec\/rsoriano\/files\/2013\/11\/centenario-300x196.jpg 300w, https:\/\/blog.espol.edu.ec\/rsoriano\/files\/2013\/11\/centenario.jpg 800w\" sizes=\"auto, (max-width: 300px) 100vw, 300px\" \/><\/a><\/p>\n<p><a href=\"http:\/\/blog.espol.edu.ec\/rsoriano\/files\/2013\/11\/rotonda.jpg\"><img loading=\"lazy\" decoding=\"async\" src=\"http:\/\/blog.espol.edu.ec\/rsoriano\/files\/2013\/11\/rotonda-300x225.jpg\" alt=\"rotonda\" width=\"300\" height=\"225\" class=\"alignnone size-medium wp-image-90\" srcset=\"https:\/\/blog.espol.edu.ec\/rsoriano\/files\/2013\/11\/rotonda-300x225.jpg 300w, https:\/\/blog.espol.edu.ec\/rsoriano\/files\/2013\/11\/rotonda-1024x768.jpg 1024w, https:\/\/blog.espol.edu.ec\/rsoriano\/files\/2013\/11\/rotonda.jpg 1408w\" sizes=\"auto, (max-width: 300px) 100vw, 300px\" \/><\/a><\/p>\n<p><a href=\"http:\/\/blog.espol.edu.ec\/rsoriano\/files\/2013\/11\/malecon.jpg\"><img loading=\"lazy\" decoding=\"async\" src=\"http:\/\/blog.espol.edu.ec\/rsoriano\/files\/2013\/11\/malecon-300x210.jpg\" alt=\"malecon\" width=\"300\" height=\"210\" class=\"alignnone size-medium wp-image-91\" srcset=\"https:\/\/blog.espol.edu.ec\/rsoriano\/files\/2013\/11\/malecon-300x210.jpg 300w, https:\/\/blog.espol.edu.ec\/rsoriano\/files\/2013\/11\/malecon.jpg 480w\" sizes=\"auto, (max-width: 300px) 100vw, 300px\" \/><\/a><\/p>\n","protected":false},"excerpt":{"rendered":"<p>La revista Latin Trade, en su art\u00edculo de portada \u00abMejor de Am\u00e9rica Latina\u00bb incluye a la ciudad de Guayaquil como la ciudad m\u00e1s destacada en 5 categor\u00edas: Mejor Hotel para Ejecutivos, Mejor Salida (entretenimiento), Mejor Agencia de Alquiler de Autos, Mejor Agencia de Viajes y Mejor Restaurante para Ejecutivos. Malec\u00f3n Sim\u00f3n Bol\u00edvar Uno de los &hellip; <\/p>\n<p><a class=\"more-link btn\" href=\"https:\/\/blog.espol.edu.ec\/rsoriano\/turismo-en-tu-ciudad\/\">Seguir leyendo<\/a><\/p>\n","protected":false},"author":8915,"featured_media":0,"parent":0,"menu_order":0,"comment_status":"open","ping_status":"open","template":"","meta":{"footnotes":""},"class_list":["post-26","page","type-page","status-publish","hentry","nodate","item-wrap"],"_links":{"self":[{"href":"https:\/\/blog.espol.edu.ec\/rsoriano\/wp-json\/wp\/v2\/pages\/26","targetHints":{"allow":["GET"]}}],"collection":[{"href":"https:\/\/blog.espol.edu.ec\/rsoriano\/wp-json\/wp\/v2\/pages"}],"about":[{"href":"https:\/\/blog.espol.edu.ec\/rsoriano\/wp-json\/wp\/v2\/types\/page"}],"author":[{"embeddable":true,"href":"https:\/\/blog.espol.edu.ec\/rsoriano\/wp-json\/wp\/v2\/users\/8915"}],"replies":[{"embeddable":true,"href":"https:\/\/blog.espol.edu.ec\/rsoriano\/wp-json\/wp\/v2\/comments?post=26"}],"version-history":[{"count":5,"href":"https:\/\/blog.espol.edu.ec\/rsoriano\/wp-json\/wp\/v2\/pages\/26\/revisions"}],"predecessor-version":[{"id":94,"href":"https:\/\/blog.espol.edu.ec\/rsoriano\/wp-json\/wp\/v2\/pages\/26\/revisions\/94"}],"wp:attachment":[{"href":"https:\/\/blog.espol.edu.ec\/rsoriano\/wp-json\/wp\/v2\/media?parent=26"}],"curies":[{"name":"wp","href":"https:\/\/api.w.org\/{rel}","templated":true}]}}