{"id":166,"date":"2011-02-20T23:46:10","date_gmt":"2011-02-20T23:46:10","guid":{"rendered":"http:\/\/blog.espol.edu.ec\/rsrodrig\/?page_id=166"},"modified":"2011-02-21T00:46:46","modified_gmt":"2011-02-21T00:46:46","slug":"ovnis","status":"publish","type":"page","link":"https:\/\/blog.espol.edu.ec\/rsrodrig\/ovnis\/","title":{"rendered":"Ovnis"},"content":{"rendered":"<p><font size=\"4\"><strong>Diez casos OVNI que sorprendieron al mundo<\/strong><br \/><\/font><\/p>\n<p><font size=\"3\">Creamos en la existencia de OVNIs (objeto volador no identificado) o no, este fen\u00f3meno y los mitos que lo redean siguen copando la atenci\u00f3n p\u00fablica. En 1947, un piloto estadounidense, Kenneth Arnold, dijo haber visto unos objetos voladores en la monta\u00f1a Rainier, en Washington. <\/p>\n<p>Seg\u00fan \u00e9l, los objetos parec\u00edan sartenes o platos; de ah\u00ed surgi\u00f3 la expresi\u00f3n \u2018platillos volantes\u2019 y varios meses despu\u00e9s de este caso, los OVNIS comenzaron a surgir por todo el mundo.<br \/><\/font><\/p>\n<p><font size=\"4\">1.\tCaso Roswell <br \/> <\/font><\/p>\n<p><font size=\"3\">En julio de 1947, un ovni se estrell\u00f3 en Roswell, en el estado Nuevo M\u00e9xico, Estados Unidos. Como consecuencia, se descubrieron objetos de materiales desconocidos. Muchas personas cre\u00edan que eran restos dejados por seres extraterrestres. A finales de los 70, lass dudas sobre el accidente se incrementaron y algunos apuntaron a que se trataba de un experimento de las fuerzas armadas estadounidenses.<br \/><\/font><\/p>\n<p><font size=\"4\">2.  Caso Cash-Landrum <br \/> <\/font><\/p>\n<p><font size=\"3\">El 29 de diciembre de 1980, Betty Cash, Vickie Landrum y Colby Landrum (nieto de Vickie, de 7 a\u00f1os) volvieron a casa en su coche. Alrededor de las nueve horas de la noche, cuando estaban atravesando un peque\u00f1o bosque, de repente vieron una luz y luego un ovni. Al principio, Vickie (ferviente cristiana) cre\u00eda que era Jes\u00fas. Al bajarse y acercarse al objeto, sinti\u00f3 el calor. Desde entonces, cada 29 de diciembre, les duele la cabeza.<br \/><\/font><\/p>\n<p><font size=\"4\">3.\tCaso del Chupacabra <br \/> <\/font><\/p>\n<p><font size=\"3\">Ocurri\u00f3 en abril de 2000. Algunas personas creyeron que los extraterrestres hab\u00edan venido a la Tierra tras haber visto ovnis. Unos polic\u00edas siguieron una luz y llegaron a un pastizal. All\u00ed no descubrieron nada, s\u00f3lo oyeron gritos y animales muertos cuya sangre ba\u00f1aba la tierra, como si hubieran sido mordidos por alguna criatura. Este accidente se llama como caso del Chupacabra.<br \/><\/font><\/p>\n<p><font size=\"4\">4. Caso de Kecksburg <br \/> <\/font><\/p>\n<p><font size=\"3\">En la noche del 9 de diciembre de 1965, los habitantes del peque\u00f1o poblado Kecksburg, en el estado de Pensilvania, Estados Unidos, vieron una bola de fuego volar en el cielo. Luego el ovni se estrell\u00f3 en un peque\u00f1o bosque cercano. Seg\u00fan los testigos, el objeto desconocido parec\u00eda a un fruto de roble. Las fuerzas estadounidenses bloquearon Kecksburg enseguida y se llevaron el objeto. Esto despert\u00f3 las suposiciones: \u00bfser\u00eda una piedra mete\u00f3rica? \u00bfSer\u00eda un avi\u00f3n que fabricaba Estados Unidos en secreto? \u00bfSer\u00eda una sonda espacial artificial? \u00bfSer\u00eda una nave extraterrestre?<br \/><\/font><\/p>\n<p><font size=\"4\">5. Caso del Bosque Rendlesham <br \/><\/font><\/p>\n<p><font size=\"3\">En 1980 en Inglaterra tambi\u00e9n ocurri\u00f3 un caso de ovni. En la madrugada del 27 de diciembre de 1980, en el Bosque de Rendlesham, cerca de la Base de la Fuerza A\u00e9rea Woodbridge, en el Condado de Suffolk, varios soldados estadounidenses dijeron haber visto un objeto met\u00e1lico extra\u00f1o volar en el bosque. Este caso, considerado el \u201cRoswell de Inglaterra\u201d, todav\u00eda no ha sido explicado.<br \/><\/font><\/p>\n<p><font size=\"4\">6. Caso de Varginha <br \/><\/font><\/p>\n<p><font size=\"3\">Ocurri\u00f3 en Brasil en 1996. Hab\u00edan muchos testigos, incluyendo tres chicas que regresaban a casa de sus oficinas. Dec\u00edan que las fuerzas brasile\u00f1as detuvieron a ocho extraterrestres (un muerto, dos heridos y cinco vivos). Los extraterrestres med\u00edan m\u00e1s o menos entre 4 a 5 pies de alto, emitiendo zumbidos. Ten\u00edan tres bultos en la cabeza, la piel grasa y de color marr\u00f3n y los ojos grandes y rojos. Ol\u00edan al amon\u00edaco.<br \/><\/font><\/p>\n<p><font size=\"4\">7. Caso de B\u00e9lgica<br \/><\/font><\/p>\n<p><font size=\"3\">Se refiere a una serie de casos de ovnis triangulares avistados en B\u00e9lgica entre el 29 de noviembre de 1989 y abril de 1990. Al menos 1.000 personas dijeron haberlos visto. Las fuerzas del pa\u00eds tambi\u00e9n reconocieron el caso.<br \/><\/font><\/p>\n<p><font size=\"4\">8. Caso de Los \u00c1ngeles <br \/><\/font><\/p>\n<p><font size=\"3\">Cinco a\u00f1os antes del caso Roswell, ocurri\u00f3 una batalla a\u00e9rea secreta en Los \u00c1ngeles. En febrero de 1942, un ovni lleg\u00f3 a la ciudad. Al principio se cre\u00eda que era un ataque de Jap\u00f3n contra Estados Unidos. Seis personas resultaron muertas en el accidente, tres a causa del bombardeo y tres a causa de una enfermedad card\u00edaca. Nadie explic\u00f3 el caso, pero Estados Unidos insisti\u00f3 en que se trataba de un caso de paranoia por la guerra.<br \/><\/font><\/p>\n<p><font size=\"4\">9. Caso de Colares <br \/><\/font><\/p>\n<p><font size=\"3\">Desde 1977, mucha gente empez\u00f3 a decir que hab\u00edan visto ovnis. Como el caso de Cash-Landrum, los que avistaron un ovni sufrieron enfermedades. El doctor Wellaide Carvallo cur\u00f3 a 35 enfermos, quines padecieron de fatiga, mareo, dolor de cabeza y anemia a causa de los elementos qu\u00edmicos irradiados.<br \/><\/font><\/p>\n<p><font size=\"4\">10. Caso de F\u00e9nix <br \/><\/font><\/p>\n<p><font size=\"3\">Un hombre dijo haber visto un objeto volador en forma de V atravesar su pueblo; m\u00e1s tarde, miles de personas afirmaron lo mismo: un objeto volador de forma V y con seis l\u00e1mparas al lado. Ocurri\u00f3 el 13 de marzo de 1997. Las fuerzas estadounidenses insistieron en que era un avi\u00f3n A-10, pero los habitantes locales no lo cre\u00edan.(Xinhua)<\/font><\/p>\n<form id=\"vozme_form_22252547b7f003bab2a2b0f307f7a324\" method=\"post\" name=\"vozme_form_22252547b7f003bab2a2b0f307f7a324\" target=\"22252547b7f003bab2a2b0f307f7a324\" action=\"http:\/\/vozme.com\/text2voice.php\"><input name=\"text\" type=\"hidden\" value=\"Ovnis. Diez casos OVNI que sorprendieron al mundo\nCreamos en la existencia de OVNIs (objeto volador no identificado) o no, este fen\u00f3meno y los mitos que lo redean siguen copando la atenci\u00f3n p\u00fablica. En 1947, un piloto estadounidense, Kenneth Arnold, dijo haber visto unos objetos voladores en la monta\u00f1a Rainier, en Washington. \nSeg\u00fan \u00e9l, los objetos parec\u00edan sartenes o platos; de ah\u00ed surgi\u00f3 la expresi\u00f3n \u2018platillos volantes\u2019 y varios meses despu\u00e9s de este caso, los OVNIS comenzaron a surgir por todo el mundo.\n1.\tCaso Roswell  \nEn julio de 1947, un ovni se estrell\u00f3 en Roswell, en el estado Nuevo M\u00e9xico, Estados Unidos. Como consecuencia, se descubrieron objetos de materiales desconocidos. Muchas personas cre\u00edan que eran restos dejados por seres extraterrestres. A finales de los 70, lass dudas sobre el accidente se incrementaron y algunos apuntaron a que se trataba de un experimento de las fuerzas armadas estadounidenses.\n2.  Caso Cash-Landrum  \nEl 29 de diciembre de 1980, Betty Cash, Vickie Landrum y Colby Landrum (nieto de Vickie, de 7 a\u00f1os) volvieron a casa en su coche. Alrededor de las nueve horas de la noche, cuando estaban atravesando un peque\u00f1o bosque, de repente vieron una luz y luego un ovni. Al principio, Vickie (ferviente cristiana) cre\u00eda que era Jes\u00fas. Al bajarse y acercarse al objeto, sinti\u00f3 el calor. Desde entonces, cada 29 de diciembre, les duele la cabeza.\n3.\tCaso del Chupacabra  \nOcurri\u00f3 en abril de 2000. Algunas personas creyeron que los extraterrestres hab\u00edan venido a la Tierra tras haber visto ovnis. Unos polic\u00edas siguieron una luz y llegaron a un pastizal. All\u00ed no descubrieron nada, s\u00f3lo oyeron gritos y animales muertos cuya sangre ba\u00f1aba la tierra, como si hubieran sido mordidos por alguna criatura. Este accidente se llama como caso del Chupacabra.\n4. Caso de Kecksburg  \nEn la noche del 9 de diciembre de 1965, los habitantes del peque\u00f1o poblado Kecksburg, en el estado de Pensilvania, Estados Unidos, vieron una bola de fuego volar en el cielo. Luego el ovni se estrell\u00f3 en un peque\u00f1o bosque cercano. Seg\u00fan los testigos, el objeto desconocido parec\u00eda a un fruto de roble. Las fuerzas estadounidenses bloquearon Kecksburg enseguida y se llevaron el objeto. Esto despert\u00f3 las suposiciones: \u00bfser\u00eda una piedra mete\u00f3rica? \u00bfSer\u00eda un avi\u00f3n que fabricaba Estados Unidos en secreto? \u00bfSer\u00eda una sonda espacial artificial? \u00bfSer\u00eda una nave extraterrestre?\n5. Caso del Bosque Rendlesham \nEn 1980 en Inglaterra tambi\u00e9n ocurri\u00f3 un caso de ovni. En la madrugada del 27 de diciembre de 1980, en el Bosque de Rendlesham, cerca de la Base de la Fuerza A\u00e9rea Woodbridge, en el Condado de Suffolk, varios soldados estadounidenses dijeron haber visto un objeto met\u00e1lico extra\u00f1o volar en el bosque. Este caso, considerado el \u201cRoswell de Inglaterra\u201d, todav\u00eda no ha sido explicado.\n6. Caso de Varginha \nOcurri\u00f3 en Brasil en 1996. Hab\u00edan muchos testigos, incluyendo tres chicas que regresaban a casa de sus oficinas. Dec\u00edan que las fuerzas brasile\u00f1as detuvieron a ocho extraterrestres (un muerto, dos heridos y cinco vivos). Los extraterrestres med\u00edan m\u00e1s o menos entre 4 a 5 pies de alto, emitiendo zumbidos. Ten\u00edan tres bultos en la cabeza, la piel grasa y de color marr\u00f3n y los ojos grandes y rojos. Ol\u00edan al amon\u00edaco.\n7. Caso de B\u00e9lgica\nSe refiere a una serie de casos de ovnis triangulares avistados en B\u00e9lgica entre el 29 de noviembre de 1989 y abril de 1990. Al menos 1.000 personas dijeron haberlos visto. Las fuerzas del pa\u00eds tambi\u00e9n reconocieron el caso.\n8. Caso de Los \u00c1ngeles \nCinco a\u00f1os antes del caso Roswell, ocurri\u00f3 una batalla a\u00e9rea secreta en Los \u00c1ngeles. En febrero de 1942, un ovni lleg\u00f3 a la ciudad. Al principio se cre\u00eda que era un ataque de Jap\u00f3n contra Estados Unidos. Seis personas resultaron muertas en el accidente, tres a causa del bombardeo y tres a causa de una enfermedad card\u00edaca. Nadie explic\u00f3 el caso, pero Estados Unidos insisti\u00f3 en que se trataba de un caso de paranoia por la guerra.\n9. Caso de Colares \nDesde 1977, mucha gente empez\u00f3 a decir que hab\u00edan visto ovnis. Como el caso de Cash-Landrum, los que avistaron un ovni sufrieron enfermedades. El doctor Wellaide Carvallo cur\u00f3 a 35 enfermos, quines padecieron de fatiga, mareo, dolor de cabeza y anemia a causa de los elementos qu\u00edmicos irradiados.\n10. Caso de F\u00e9nix \nUn hombre dijo haber visto un objeto volador en forma de V atravesar su pueblo; m\u00e1s tarde, miles de personas afirmaron lo mismo: un objeto volador de forma V y con seis l\u00e1mparas al lado. Ocurri\u00f3 el 13 de marzo de 1997. Las fuerzas estadounidenses insistieron en que era un avi\u00f3n A-10, pero los habitantes locales no lo cre\u00edan.(Xinhua)\n\" \/><input name=\"lang\" type=\"hidden\" value=\"en\" \/><input name=\"gn\" type=\"hidden\" value=\"ml\" \/><input type=\"hidden\" id=\"interface\" name=\"interface\" value=\"full\" \/>\n\t\t\t<div style=\"margin-left:40%;\">\n\t\t\t\n\t\t\t\t<input style=\"float:left;\" type=\"image\" width=\"40\" height=\"40\" src=\"http:\/\/blog.espol.edu.ec\/rsrodrig\/wp-content\/plugins\/vozme\/img\/megaphone40x40w.gif\" alt=\"Hear this post\" onclick=\"window.open('', '22252547b7f003bab2a2b0f307f7a324', 'width=600,height=370,scrollbars=yes,location=yes,menubar=yes,resizable=yes,status=yes,toolbar=yes');\">\n\t\t\t\t<div style=\"margin-left:48px; text-align:left;\"><a style=\"font-size:12px;\" href=\"javascript:void(0);\" onclick=\"window.open('', '22252547b7f003bab2a2b0f307f7a324', 'width=600,height=370,scrollbars=yes,location=yes,menubar=yes,resizable=yes,status=yes,toolbar=yes'); document.getElementById('vozme_form_22252547b7f003bab2a2b0f307f7a324').submit();\">Hear<br\/>this post<\/a><\/div>\n\t\t\t<\/div><\/form>","protected":false},"excerpt":{"rendered":"<p>Diez casos OVNI que sorprendieron al mundo Creamos en la existencia de OVNIs (objeto volador no identificado) o no, este fen\u00f3meno y los mitos que lo redean siguen copando la atenci\u00f3n p\u00fablica. En 1947, un piloto estadounidense, Kenneth Arnold, dijo haber visto unos objetos voladores en la monta\u00f1a Rainier, en Washington. Seg\u00fan \u00e9l, los objetos [&hellip;]<\/p>\n","protected":false},"author":5381,"featured_media":0,"parent":0,"menu_order":0,"comment_status":"open","ping_status":"open","template":"","meta":{"footnotes":""},"class_list":["post-166","page","type-page","status-publish","hentry"],"_links":{"self":[{"href":"https:\/\/blog.espol.edu.ec\/rsrodrig\/wp-json\/wp\/v2\/pages\/166","targetHints":{"allow":["GET"]}}],"collection":[{"href":"https:\/\/blog.espol.edu.ec\/rsrodrig\/wp-json\/wp\/v2\/pages"}],"about":[{"href":"https:\/\/blog.espol.edu.ec\/rsrodrig\/wp-json\/wp\/v2\/types\/page"}],"author":[{"embeddable":true,"href":"https:\/\/blog.espol.edu.ec\/rsrodrig\/wp-json\/wp\/v2\/users\/5381"}],"replies":[{"embeddable":true,"href":"https:\/\/blog.espol.edu.ec\/rsrodrig\/wp-json\/wp\/v2\/comments?post=166"}],"version-history":[{"count":19,"href":"https:\/\/blog.espol.edu.ec\/rsrodrig\/wp-json\/wp\/v2\/pages\/166\/revisions"}],"predecessor-version":[{"id":187,"href":"https:\/\/blog.espol.edu.ec\/rsrodrig\/wp-json\/wp\/v2\/pages\/166\/revisions\/187"}],"wp:attachment":[{"href":"https:\/\/blog.espol.edu.ec\/rsrodrig\/wp-json\/wp\/v2\/media?parent=166"}],"curies":[{"name":"wp","href":"https:\/\/api.w.org\/{rel}","templated":true}]}}