{"id":2,"date":"2010-10-26T16:17:23","date_gmt":"2010-10-26T16:17:23","guid":{"rendered":""},"modified":"2011-02-21T00:15:17","modified_gmt":"2011-02-21T00:15:17","slug":"about","status":"publish","type":"page","link":"https:\/\/blog.espol.edu.ec\/rsrodrig\/about\/","title":{"rendered":"Acerca de"},"content":{"rendered":"<p><font size=\"3\">Ra\u00fal Rodr\u00edguez Hern\u00e1ndez es estudiante de la carrera de Ingenier\u00eda en Computaci\u00f3n en la especialidad de<br \/>\nSistemas Tecnol\u00f3gicos.<br \/>\nIngres\u00f3 a estudiar Computaci\u00f3n en el a\u00f1o 2002 gracias al apoyo de sus familiares, especialmente del Ab. Luis Delgado R. quien reside en Los Angeles, California.<br \/>\nDesde esa fecha ha venido tomando materias aunque ha habido semestres en los que por motivos de salud no ha podido ingresar a estudiar.<br \/>\nAlgunos a\u00f1os antes del 2002 ingres\u00f3 a estudiar Ingenier\u00eda en Electr\u00f3nica pero debido a un grave accidente no pudo seguir estudiando.<br \/>\nActualmente se dedica a realizar mantenimiento de hardware y software de computadoras.<br \/>\nTambi\u00e9n realiza aplicaciones de escritorio utilizando lenguaje Java con Informix y Oracle y tambi\u00e9n algunos trabajos en Autocad.<br \/>\nLe apasiona la m\u00fasica Cl\u00e1sica especialmente la de Mozart, aunque en general le gusta todo tipo de m\u00fasica.<br \/>\nEncontr\u00f3 muy interesante realizar este blog.<br \/>\nEspera terminar su carrera para fines del a\u00f1o 2011.<\/font><\/p>\n<form id=\"vozme_form_d41d8cd98f00b204e9800998ecf8427e\" method=\"post\" name=\"vozme_form_d41d8cd98f00b204e9800998ecf8427e\" target=\"d41d8cd98f00b204e9800998ecf8427e\" action=\"http:\/\/vozme.com\/text2voice.php\"><input name=\"text\" type=\"hidden\" value=\"Acerca de. Ra\u00fal Rodr\u00edguez Hern\u00e1ndez es estudiante de la carrera de Ingenier\u00eda en Computaci\u00f3n en la especialidad de\nSistemas Tecnol\u00f3gicos.\nIngres\u00f3 a estudiar Computaci\u00f3n en el a\u00f1o 2002 gracias al apoyo de sus familiares, especialmente del Ab. Luis Delgado R. quien reside en Los Angeles, California.\nDesde esa fecha ha venido tomando materias aunque ha habido semestres en los que por motivos de salud no ha podido ingresar a estudiar.\nAlgunos a\u00f1os antes del 2002 ingres\u00f3 a estudiar Ingenier\u00eda en Electr\u00f3nica pero debido a un grave accidente no pudo seguir estudiando.\nActualmente se dedica a realizar mantenimiento de hardware y software de computadoras.\nTambi\u00e9n realiza aplicaciones de escritorio utilizando lenguaje Java con Informix y Oracle y tambi\u00e9n algunos trabajos en Autocad.\nLe apasiona la m\u00fasica Cl\u00e1sica especialmente la de Mozart, aunque en general le gusta todo tipo de m\u00fasica.\nEncontr\u00f3 muy interesante realizar este blog.\nEspera terminar su carrera para fines del a\u00f1o 2011.\n\" \/><input name=\"lang\" type=\"hidden\" value=\"en\" \/><input name=\"gn\" type=\"hidden\" value=\"ml\" \/><input type=\"hidden\" id=\"interface\" name=\"interface\" value=\"full\" \/>\n\t\t\t<div style=\"margin-left:40%;\">\n\t\t\t\n\t\t\t\t<input style=\"float:left;\" type=\"image\" width=\"40\" height=\"40\" src=\"http:\/\/blog.espol.edu.ec\/rsrodrig\/wp-content\/plugins\/vozme\/img\/megaphone40x40w.gif\" alt=\"Hear this post\" onclick=\"window.open('', 'd41d8cd98f00b204e9800998ecf8427e', 'width=600,height=370,scrollbars=yes,location=yes,menubar=yes,resizable=yes,status=yes,toolbar=yes');\">\n\t\t\t\t<div style=\"margin-left:48px; text-align:left;\"><a style=\"font-size:12px;\" href=\"javascript:void(0);\" onclick=\"window.open('', 'd41d8cd98f00b204e9800998ecf8427e', 'width=600,height=370,scrollbars=yes,location=yes,menubar=yes,resizable=yes,status=yes,toolbar=yes'); document.getElementById('vozme_form_d41d8cd98f00b204e9800998ecf8427e').submit();\">Hear<br\/>this post<\/a><\/div>\n\t\t\t<\/div><\/form>","protected":false},"excerpt":{"rendered":"<p>Ra\u00fal Rodr\u00edguez Hern\u00e1ndez es estudiante de la carrera de Ingenier\u00eda en Computaci\u00f3n en la especialidad de Sistemas Tecnol\u00f3gicos. Ingres\u00f3 a estudiar Computaci\u00f3n en el a\u00f1o 2002 gracias al apoyo de sus familiares, especialmente del Ab. Luis Delgado R. quien reside en Los Angeles, California. Desde esa fecha ha venido tomando materias aunque ha habido semestres [&hellip;]<\/p>\n","protected":false},"author":5381,"featured_media":0,"parent":0,"menu_order":0,"comment_status":"open","ping_status":"open","template":"","meta":{"footnotes":""},"class_list":["post-2","page","type-page","status-publish","hentry"],"_links":{"self":[{"href":"https:\/\/blog.espol.edu.ec\/rsrodrig\/wp-json\/wp\/v2\/pages\/2","targetHints":{"allow":["GET"]}}],"collection":[{"href":"https:\/\/blog.espol.edu.ec\/rsrodrig\/wp-json\/wp\/v2\/pages"}],"about":[{"href":"https:\/\/blog.espol.edu.ec\/rsrodrig\/wp-json\/wp\/v2\/types\/page"}],"author":[{"embeddable":true,"href":"https:\/\/blog.espol.edu.ec\/rsrodrig\/wp-json\/wp\/v2\/users\/5381"}],"replies":[{"embeddable":true,"href":"https:\/\/blog.espol.edu.ec\/rsrodrig\/wp-json\/wp\/v2\/comments?post=2"}],"version-history":[{"count":5,"href":"https:\/\/blog.espol.edu.ec\/rsrodrig\/wp-json\/wp\/v2\/pages\/2\/revisions"}],"predecessor-version":[{"id":173,"href":"https:\/\/blog.espol.edu.ec\/rsrodrig\/wp-json\/wp\/v2\/pages\/2\/revisions\/173"}],"wp:attachment":[{"href":"https:\/\/blog.espol.edu.ec\/rsrodrig\/wp-json\/wp\/v2\/media?parent=2"}],"curies":[{"name":"wp","href":"https:\/\/api.w.org\/{rel}","templated":true}]}}