{"id":47,"date":"2014-06-02T02:33:29","date_gmt":"2014-06-02T02:33:29","guid":{"rendered":"http:\/\/blog.espol.edu.ec\/rsvintim\/?page_id=47"},"modified":"2014-06-02T02:49:26","modified_gmt":"2014-06-02T02:49:26","slug":"fundamentos-fisicos","status":"publish","type":"page","link":"https:\/\/blog.espol.edu.ec\/rsvintim\/fundamentos-fisicos\/","title":{"rendered":"Fundamentos F\u00edsicos"},"content":{"rendered":"<p><a href=\"http:\/\/blog.espol.edu.ec\/rsvintim\/files\/2014\/06\/fuerza.jpg\"><img loading=\"lazy\" decoding=\"async\" src=\"http:\/\/blog.espol.edu.ec\/rsvintim\/files\/2014\/06\/fuerza-300x185.jpg\" alt=\"fuerza\" width=\"300\" height=\"185\" class=\"alignnone size-medium wp-image-54\" srcset=\"https:\/\/blog.espol.edu.ec\/rsvintim\/files\/2014\/06\/fuerza-300x185.jpg 300w, https:\/\/blog.espol.edu.ec\/rsvintim\/files\/2014\/06\/fuerza.jpg 385w\" sizes=\"auto, (max-width: 300px) 100vw, 300px\" \/><\/a><a href=\"http:\/\/blog.espol.edu.ec\/rsvintim\/files\/2014\/06\/fundamentos-fisicos.png\"><img loading=\"lazy\" decoding=\"async\" src=\"http:\/\/blog.espol.edu.ec\/rsvintim\/files\/2014\/06\/fundamentos-fisicos.png\" alt=\"fundamentos fisicos\" width=\"220\" height=\"213\" class=\"alignnone size-full wp-image-50\" \/><\/a><a href=\"http:\/\/blog.espol.edu.ec\/rsvintim\/files\/2014\/06\/fundamentos.jpg\"><img loading=\"lazy\" decoding=\"async\" src=\"http:\/\/blog.espol.edu.ec\/rsvintim\/files\/2014\/06\/fundamentos-300x147.jpg\" alt=\"fundamentos\" width=\"300\" height=\"147\" class=\"alignnone size-medium wp-image-52\" srcset=\"https:\/\/blog.espol.edu.ec\/rsvintim\/files\/2014\/06\/fundamentos-300x147.jpg 300w, https:\/\/blog.espol.edu.ec\/rsvintim\/files\/2014\/06\/fundamentos.jpg 640w\" sizes=\"auto, (max-width: 300px) 100vw, 300px\" \/><\/a>Tenemos dos \u00e9mbolos de secci\u00f3n circular de radio r1 a la izquierda y de radio r2 a la derecha. Con el puntero del rat\u00f3n ponemos pesas (peque\u00f1os cuadrados de color rojo) de 250 g sobre cada uno de los \u00e9mbolos. Si ponemos pesas en uno de los \u00e9mbolos este bajar\u00e1 y subir\u00e1 el otro \u00e9mbolo.<br \/>\n\u00c9mbolos a la misma altura<br \/>\nSe aplica una fuerza F1 a un peque\u00f1o \u00e9mbolo de \u00e1rea S1. El resultado es una fuerza F2 mucho m\u00e1s grande en el \u00e9mbolo de \u00e1reaS2. Debido a que la presi\u00f3n es la misma a la misma altura por ambos lados, se verifica que r2=2r1 entonces S2=4S1 luego, n2=4n1<br \/>\nPara mantener a la misma altura los dos \u00e9mbolos, tenemos que poner un n\u00famero de pesas sobre cada \u00e9mbolo de modo que se cumpla la relaci\u00f3n dada en el apartado anterior.<\/p>\n<p>Donde n1 y n2 es el n\u00famero de pesas que se ponen en el \u00e9mbolo izquierdo o derecho respectivamente, r1 y r2 son sus radios respectivos, m es la masa de cada pesa que se ha fijado en 250 g.<br \/>\nEjemplo:<br \/>\nSi r2 es el doble de r1, el \u00e1rea S2 del \u00e9mbolo de la derecha es cuatro veces mayor que el \u00e1rea S1 del \u00e9mbolo de la izquierda. Para que los \u00e9mbolos est\u00e9n a la misma altura, a la derecha tenemos que poner cuatro veces m\u00e1s de pesas que a la izquierda.<\/p>\n","protected":false},"excerpt":{"rendered":"<p>Tenemos dos \u00e9mbolos de secci\u00f3n circular de radio r1 a la izquierda y de radio r2 a la derecha. Con el puntero del rat\u00f3n ponemos pesas (peque\u00f1os cuadrados de color rojo) de 250 g sobre cada uno de los \u00e9mbolos. Si ponemos pesas en uno de los \u00e9mbolos este bajar\u00e1 y subir\u00e1 el otro \u00e9mbolo. [&hellip;]<\/p>\n","protected":false},"author":9111,"featured_media":0,"parent":0,"menu_order":0,"comment_status":"open","ping_status":"open","template":"","meta":{"footnotes":""},"class_list":["post-47","page","type-page","status-publish","hentry"],"_links":{"self":[{"href":"https:\/\/blog.espol.edu.ec\/rsvintim\/wp-json\/wp\/v2\/pages\/47","targetHints":{"allow":["GET"]}}],"collection":[{"href":"https:\/\/blog.espol.edu.ec\/rsvintim\/wp-json\/wp\/v2\/pages"}],"about":[{"href":"https:\/\/blog.espol.edu.ec\/rsvintim\/wp-json\/wp\/v2\/types\/page"}],"author":[{"embeddable":true,"href":"https:\/\/blog.espol.edu.ec\/rsvintim\/wp-json\/wp\/v2\/users\/9111"}],"replies":[{"embeddable":true,"href":"https:\/\/blog.espol.edu.ec\/rsvintim\/wp-json\/wp\/v2\/comments?post=47"}],"version-history":[{"count":4,"href":"https:\/\/blog.espol.edu.ec\/rsvintim\/wp-json\/wp\/v2\/pages\/47\/revisions"}],"predecessor-version":[{"id":55,"href":"https:\/\/blog.espol.edu.ec\/rsvintim\/wp-json\/wp\/v2\/pages\/47\/revisions\/55"}],"wp:attachment":[{"href":"https:\/\/blog.espol.edu.ec\/rsvintim\/wp-json\/wp\/v2\/media?parent=47"}],"curies":[{"name":"wp","href":"https:\/\/api.w.org\/{rel}","templated":true}]}}