{"id":33,"date":"2010-06-14T17:40:17","date_gmt":"2010-06-14T17:40:17","guid":{"rendered":"http:\/\/blog.espol.edu.ec\/rusalesp\/?page_id=33"},"modified":"2012-01-25T18:31:26","modified_gmt":"2012-01-25T18:31:26","slug":"presentasion-del-blog","status":"publish","type":"page","link":"https:\/\/blog.espol.edu.ec\/rusalesp\/presentasion-del-blog\/","title":{"rendered":"El blog"},"content":{"rendered":"<p>Diapositiva..... proyecto de submarinos<\/p>\n<div style=\"width: 425px\"><strong><a title=\"Proyecto\" href=\"http:\/\/www.slideshare.net\/rusbellxz\/proyecto-4498728\">Proyecto<\/a><\/strong><object classid=\"d27cdb6e-ae6d-11cf-96b8-444553540000\" width=\"425\" height=\"355\"><param name=\"src\" value=\"http:\/\/static.slidesharecdn.com\/swf\/ssplayer2.swf?doc=proyecto-100614122407-phpapp02&amp;stripped_title=proyecto-4498728\" \/><param name=\"allowfullscreen\" value=\"true\" \/><embed type=\"application\/x-shockwave-flash\" width=\"425\" height=\"355\" src=\"http:\/\/static.slidesharecdn.com\/swf\/ssplayer2.swf?doc=proyecto-100614122407-phpapp02&amp;stripped_title=proyecto-4498728\" allowfullscreen=\"true\"><\/embed><\/object><\/p>\n<div style=\"padding: 5px 0 12px\">View more <a href=\"http:\/\/www.slideshare.net\/\">presentations<\/a> from <a href=\"http:\/\/www.slideshare.net\/rusbellxz\">rusbell alexander<\/a>.<\/div>\n<\/div>\n<p>Aqu\u00ed podr\u00e1n observar una ilustraci\u00f3n simple de tanques de lastre, aplicado a un submarino.<\/p>\n","protected":false},"excerpt":{"rendered":"<p>Diapositiva..... proyecto de submarinos Proyecto View more presentations from rusbell alexander. Aqu\u00ed podr\u00e1n observar una ilustraci\u00f3n simple de tanques de lastre, aplicado a un submarino.<\/p>\n","protected":false},"author":3868,"featured_media":0,"parent":0,"menu_order":0,"comment_status":"open","ping_status":"open","template":"","meta":{"footnotes":""},"class_list":["post-33","page","type-page","status-publish","hentry"],"_links":{"self":[{"href":"https:\/\/blog.espol.edu.ec\/rusalesp\/wp-json\/wp\/v2\/pages\/33","targetHints":{"allow":["GET"]}}],"collection":[{"href":"https:\/\/blog.espol.edu.ec\/rusalesp\/wp-json\/wp\/v2\/pages"}],"about":[{"href":"https:\/\/blog.espol.edu.ec\/rusalesp\/wp-json\/wp\/v2\/types\/page"}],"author":[{"embeddable":true,"href":"https:\/\/blog.espol.edu.ec\/rusalesp\/wp-json\/wp\/v2\/users\/3868"}],"replies":[{"embeddable":true,"href":"https:\/\/blog.espol.edu.ec\/rusalesp\/wp-json\/wp\/v2\/comments?post=33"}],"version-history":[{"count":10,"href":"https:\/\/blog.espol.edu.ec\/rusalesp\/wp-json\/wp\/v2\/pages\/33\/revisions"}],"predecessor-version":[{"id":45,"href":"https:\/\/blog.espol.edu.ec\/rusalesp\/wp-json\/wp\/v2\/pages\/33\/revisions\/45"}],"wp:attachment":[{"href":"https:\/\/blog.espol.edu.ec\/rusalesp\/wp-json\/wp\/v2\/media?parent=33"}],"curies":[{"name":"wp","href":"https:\/\/api.w.org\/{rel}","templated":true}]}}