{"id":80,"date":"2012-01-26T00:53:41","date_gmt":"2012-01-26T00:53:41","guid":{"rendered":"http:\/\/blog.espol.edu.ec\/rusalesp\/?page_id=80"},"modified":"2012-01-26T01:04:00","modified_gmt":"2012-01-26T01:04:00","slug":"laptos-de-ultima-tecnologia","status":"publish","type":"page","link":"https:\/\/blog.espol.edu.ec\/rusalesp\/laptos-de-ultima-tecnologia\/","title":{"rendered":"LAPTOS DE ULTIMA TECNOLOGIA."},"content":{"rendered":"<p>Lenovo acaba de develar un nuevo modelo de PC todo en uno de alto rendimiento, el IdeaCentre B500, con certificacion para el nuevo sistema operativo <a href=\"http:\/\/www.misnoticiasdetecnologia.com\/tag\/windows-7\" target=\"_blank\">Windows 7<\/a> y ultima tecnologia de <a href=\"http:\/\/www.misnoticiasdetecnologia.com\/tag\/procesadores\" target=\"_blank\">procesadores<\/a> de <a href=\"http:\/\/www.misnoticiasdetecnologia.com\/tag\/intel\" target=\"_blank\">Intel<\/a>.<\/p>\n<p><img loading=\"lazy\" decoding=\"async\" src=\"http:\/\/ultimosavances.com\/wp-content\/uploads\/2009\/10\/c75436db2ce-b500.jpg\" alt=\"c75436db2ce b500 IdeaCentre B500, nueva PC todo en uno de alto rendimiento de Lenovo\" width=\"472\" height=\"472\" \/><\/p>\n<p>La nueva Pc todo en uno Lenovo IdeaCentre B500 combina un nuevo dise\u00f1o con las funciones innovadoras provistas por la familia de procesadores de ultra bajo consumo Intel Core.<\/p>\n<p>El nuevo sistema esta equipado con el sistema operativo Windows 7 de Microsoft e incluye la tecnologia Lenovo Enhanced Experience para Windows 7 dise\u00f1ada por el fabricante en colaboracion con Microsoft para brindar a sus usuarios con encendido y apagado de la PC mas veloces y mejores funciones multimedia.<\/p>\n<p><img loading=\"lazy\" decoding=\"async\" src=\"http:\/\/ultimosavances.com\/wp-content\/uploads\/2009\/10\/a9fd21110d500-01.jpg\" alt=\"a9fd21110d500 01 IdeaCentre B500, nueva PC todo en uno de alto rendimiento de Lenovo\" width=\"480\" height=\"368\" \/><\/p>\n<p>Las especificaciones tecnicas de la nueva PC todo en uno Lenovo IdeaCentre B500 incluyen procesador Intel Core 2 Quad, graficos discretos, hasta 8GB de memoria RAM DDR3 y\u00a0 1TB de capacidad de almacenamiento en disco duro, ideal para jugadores de video <a href=\"http:\/\/www.juegaunjuego.com\/\" target=\"_blank\">juegos<\/a> y usuarios de aplicaciones multimedia.<\/p>\n<p>La pantalla LCD es una pantalla tactil capacitiva de 23 pulgadas y resolucion fullHD, el sonido es provisto por altavoces estereo JBL de alta calidad integrados e incluye un control remoto 4 en 1 que cumple las funciones de controlador para video juegos, telefono VOIP, mouse y control remoto multimedia.<\/p>\n<p>Funciones adicionales unicas de la IdeaCentre B500 incluyen CamSuite, una herramienta que ayuda a los usuarios a permanecer siempre en el centro del foco de la camara web y a\u00f1ade efectos especiales al video en vivo.<\/p>\n<p>&nbsp;<\/p>\n<h2><a title=\"Enlace permanente a Toshiba y la tablet m\u00e1s delgada del Mundo\" href=\"http:\/\/ultimosavances.com\/la-tablet-mas-delgada-del-mundo\/\" rel=\"bookmark\">Toshiba y la tablet m\u00e1s delgada del Mund0<\/a><\/h2>\n<p><img loading=\"lazy\" decoding=\"async\" src=\"http:\/\/ultimosavances.com\/wp-content\/uploads\/2012\/01\/toshiba-at200-excite.jpg\" alt=\"toshiba at200 excite Toshiba y la tablet m\u00e1s delgada del Mundo \" width=\"430\" height=\"213\" \/><\/p>\n<p>Toshiba, \u00a0presentara una de sus m\u00e1s destacadas novedades para la Feria Electr\u00f3nica de Consumo <strong>CES 2012. <\/strong>Se trata de una nueva tablet \u00a0promocionada como <strong>\u201cLa m\u00e1s delgada del mundo\u201d<\/strong>.<br \/>\nEl nuevo tablet <strong>AT200 Excite<\/strong> tendr\u00e1 en un principio como sistema operativo Honeycomb<strong>, <\/strong>se presume que el dispositivo tendr\u00e1 7,7 mm de espesor y que pesar\u00e1 solo 558 gramos. Sin duda este modelo es uno de los <strong><a href=\"http:\/\/zonafull.org\/avances-tecnologicos-2012\/\">avances tecnol\u00f3gicos 2012<\/a><\/strong> m\u00e1s destacados\u00a0 para empezar nuestro a\u00f1o.<\/p>\n<p><strong>M\u00c1S DATOS:<\/strong><\/p>\n<p>La firma japonesa tambi\u00e9n dar\u00e1 a conocer el prototipo de una tableta electr\u00f3nica sumergible con pantalla <strong>OLED <\/strong>y un televisor Quad Full HD de 55 pulgadas con soporte para ver contenidos en 3D sin gafas.<\/p>\n<p>&nbsp;<\/p>\n<p>&nbsp;<\/p>\n<p>&nbsp;<\/p>\n","protected":false},"excerpt":{"rendered":"<p>Lenovo acaba de develar un nuevo modelo de PC todo en uno de alto rendimiento, el IdeaCentre B500, con certificacion para el nuevo sistema operativo Windows 7 y ultima tecnologia de procesadores de Intel. La nueva Pc todo en uno Lenovo IdeaCentre B500 combina un nuevo dise\u00f1o con las funciones innovadoras provistas por la familia [&hellip;]<\/p>\n","protected":false},"author":3868,"featured_media":0,"parent":0,"menu_order":0,"comment_status":"open","ping_status":"open","template":"","meta":{"footnotes":""},"class_list":["post-80","page","type-page","status-publish","hentry"],"_links":{"self":[{"href":"https:\/\/blog.espol.edu.ec\/rusalesp\/wp-json\/wp\/v2\/pages\/80","targetHints":{"allow":["GET"]}}],"collection":[{"href":"https:\/\/blog.espol.edu.ec\/rusalesp\/wp-json\/wp\/v2\/pages"}],"about":[{"href":"https:\/\/blog.espol.edu.ec\/rusalesp\/wp-json\/wp\/v2\/types\/page"}],"author":[{"embeddable":true,"href":"https:\/\/blog.espol.edu.ec\/rusalesp\/wp-json\/wp\/v2\/users\/3868"}],"replies":[{"embeddable":true,"href":"https:\/\/blog.espol.edu.ec\/rusalesp\/wp-json\/wp\/v2\/comments?post=80"}],"version-history":[{"count":7,"href":"https:\/\/blog.espol.edu.ec\/rusalesp\/wp-json\/wp\/v2\/pages\/80\/revisions"}],"predecessor-version":[{"id":86,"href":"https:\/\/blog.espol.edu.ec\/rusalesp\/wp-json\/wp\/v2\/pages\/80\/revisions\/86"}],"wp:attachment":[{"href":"https:\/\/blog.espol.edu.ec\/rusalesp\/wp-json\/wp\/v2\/media?parent=80"}],"curies":[{"name":"wp","href":"https:\/\/api.w.org\/{rel}","templated":true}]}}