{"id":1,"date":"2009-07-06T12:44:12","date_gmt":"2009-07-06T16:44:12","guid":{"rendered":""},"modified":"2009-07-06T12:44:12","modified_gmt":"2009-07-06T16:44:12","slug":"about","status":"publish","type":"page","link":"https:\/\/blog.espol.edu.ec\/rusbelt\/about\/","title":{"rendered":"Informaci\u00f3n"},"content":{"rendered":"<p>Esto es un ejemplo de p\u00e1gina de WordPress, puedes editarla para mostrar informaci\u00f3n acerca de ti o tu sitio; as\u00ed, los lectores sabr\u00e1n a qu\u00e9 atenerse. Puedes crear tantas p\u00e1ginas o subp\u00e1ginas cuantas quieras y organizar su contenido dentro de WordPress.<\/p>\n","protected":false},"excerpt":{"rendered":"<p>Esto es un ejemplo de p\u00e1gina de WordPress, puedes editarla para mostrar informaci\u00f3n acerca de ti o tu sitio; as\u00ed, los lectores sabr\u00e1n a qu\u00e9 atenerse. Puedes crear tantas p\u00e1ginas o subp\u00e1ginas cuantas quieras y organizar su contenido dentro de WordPress.<\/p>\n","protected":false},"author":2823,"featured_media":0,"parent":0,"menu_order":0,"comment_status":"open","ping_status":"open","template":"","meta":{"footnotes":""},"class_list":["post-1","page","type-page","status-publish","hentry"],"_links":{"self":[{"href":"https:\/\/blog.espol.edu.ec\/rusbelt\/wp-json\/wp\/v2\/pages\/1","targetHints":{"allow":["GET"]}}],"collection":[{"href":"https:\/\/blog.espol.edu.ec\/rusbelt\/wp-json\/wp\/v2\/pages"}],"about":[{"href":"https:\/\/blog.espol.edu.ec\/rusbelt\/wp-json\/wp\/v2\/types\/page"}],"author":[{"embeddable":true,"href":"https:\/\/blog.espol.edu.ec\/rusbelt\/wp-json\/wp\/v2\/users\/2823"}],"replies":[{"embeddable":true,"href":"https:\/\/blog.espol.edu.ec\/rusbelt\/wp-json\/wp\/v2\/comments?post=1"}],"version-history":[{"count":0,"href":"https:\/\/blog.espol.edu.ec\/rusbelt\/wp-json\/wp\/v2\/pages\/1\/revisions"}],"wp:attachment":[{"href":"https:\/\/blog.espol.edu.ec\/rusbelt\/wp-json\/wp\/v2\/media?parent=1"}],"curies":[{"name":"wp","href":"https:\/\/api.w.org\/{rel}","templated":true}]}}