{"id":111,"date":"2015-11-22T03:19:46","date_gmt":"2015-11-22T03:19:46","guid":{"rendered":"http:\/\/blog.espol.edu.ec\/rvivanco\/?page_id=111"},"modified":"2015-12-17T04:42:40","modified_gmt":"2015-12-17T04:42:40","slug":"estructuras-de-datos","status":"publish","type":"page","link":"https:\/\/blog.espol.edu.ec\/rvivanco\/estructuras-de-datos\/","title":{"rendered":"ESTRUCTURAS DE DATOS"},"content":{"rendered":"<p>En esta pagina encontraran una variedad de ejercicios de programaci\u00f3n, El lenguaje de programaci\u00f3n que voy a utilizar es Java Espero que les sirva de ayuda<\/p>\n<ul>\n<li><a href=\"http:\/\/blog.espol.edu.ec\/rvivanco\/2015\/11\/22\/suma-resta-y-interseccion-de-conjuntos-y-manejo-de-archivos\/\" target=\"_blank\">Suma, Resta y Intersecci\u00f3n de Conjuntos y manejo de Archivos<\/a><\/li>\n<\/ul>\n<p>&nbsp;<\/p>\n<p style=\"text-align: center\"><span style=\"color: #000000\">PROYECTO<\/span><\/p>\n<ul>\n<li><span style=\"color: #993366\"><a style=\"color: #993366\" href=\"http:\/\/blog.espol.edu.ec\/rvivanco\/2015\/11\/26\/primer-borrador-proyecto\/\" target=\"_blank\">PRIMER BORRADOR<\/a><\/span><\/li>\n<li style=\"text-align: left\"><span style=\"color: #993366\"><a style=\"color: #993366\" href=\"http:\/\/blog.espol.edu.ec\/rvivanco\/2015\/12\/03\/2-borrador-proyecto\/\" target=\"_blank\">SEGU<span style=\"color: #993366\">NDO BORRADOR<\/span><\/a><\/span><\/li>\n<li style=\"text-align: left\"><span style=\"color: #993366\"><a style=\"color: #993366\" href=\"http:\/\/blog.espol.edu.ec\/rvivanco\/2015\/12\/08\/tercer-borrador-proyecto\/\" target=\"_blank\">TERCER BORRADOR<\/a><\/span><\/li>\n<li style=\"text-align: left\"><span style=\"color: #993366\"><a style=\"color: #993366\" href=\"http:\/\/blog.espol.edu.ec\/rvivanco\/2015\/12\/15\/proyecto-terminado\/\">PROYECTO TERMINADO<\/a><\/span><\/li>\n<\/ul>\n","protected":false},"excerpt":{"rendered":"<p>En esta pagina encontraran una variedad de ejercicios de programaci\u00f3n, El lenguaje de programaci\u00f3n que voy a utilizar es Java Espero que les sirva de ayuda Suma, Resta y Intersecci\u00f3n de Conjuntos y manejo de Archivos &nbsp; PROYECTO PRIMER BORRADOR SEGUNDO BORRADOR TERCER BORRADOR PROYECTO TERMINADO<\/p>\n","protected":false},"author":9427,"featured_media":0,"parent":0,"menu_order":0,"comment_status":"closed","ping_status":"closed","template":"","meta":{"footnotes":""},"class_list":["post-111","page","type-page","status-publish","hentry"],"_links":{"self":[{"href":"https:\/\/blog.espol.edu.ec\/rvivanco\/wp-json\/wp\/v2\/pages\/111","targetHints":{"allow":["GET"]}}],"collection":[{"href":"https:\/\/blog.espol.edu.ec\/rvivanco\/wp-json\/wp\/v2\/pages"}],"about":[{"href":"https:\/\/blog.espol.edu.ec\/rvivanco\/wp-json\/wp\/v2\/types\/page"}],"author":[{"embeddable":true,"href":"https:\/\/blog.espol.edu.ec\/rvivanco\/wp-json\/wp\/v2\/users\/9427"}],"replies":[{"embeddable":true,"href":"https:\/\/blog.espol.edu.ec\/rvivanco\/wp-json\/wp\/v2\/comments?post=111"}],"version-history":[{"count":4,"href":"https:\/\/blog.espol.edu.ec\/rvivanco\/wp-json\/wp\/v2\/pages\/111\/revisions"}],"predecessor-version":[{"id":182,"href":"https:\/\/blog.espol.edu.ec\/rvivanco\/wp-json\/wp\/v2\/pages\/111\/revisions\/182"}],"wp:attachment":[{"href":"https:\/\/blog.espol.edu.ec\/rvivanco\/wp-json\/wp\/v2\/media?parent=111"}],"curies":[{"name":"wp","href":"https:\/\/api.w.org\/{rel}","templated":true}]}}